{"id":23,"date":"2021-05-07T15:54:07","date_gmt":"2021-05-07T13:54:07","guid":{"rendered":"https:\/\/sites.ffkarate.fr\/ain\/?page_id=23"},"modified":"2024-03-21T09:01:45","modified_gmt":"2024-03-21T08:01:45","slug":"grades","status":"publish","type":"page","link":"https:\/\/sites.ffkarate.fr\/ain\/grades\/","title":{"rendered":"Grades"},"content":{"rendered":"<div class=\"wpb-content-wrapper\"><p>[vc_row gap=\u00a0\u00bb15&Prime;][vc_column][vc_column_text]<\/p>\n<h2>Inscriptions aux examens de grades<\/h2>\n<h4>Envoi des dossiers<\/h4>\n<p>Le dossier de candidature devra \u00eatre complet et retourn\u00e9 <strong>en courrier simple non recommand\u00e9 au moins 30 jours avant la date de l\u2019examen<\/strong> (cachet poste faisant foi) au Comit\u00e9 D\u00e9partemental de Karat\u00e9 de l&rsquo; AIN .<\/p>\n<p>Adresse :<\/p>\n<p>Le Dossier COMPLET est \u00e0 envoyer <strong>en <u>lettre simple<\/u> \u00e0 <\/strong>:<\/p>\n<p>Alain RICQUIER 46 All\u00e9e des capucines sonod 01300 BELLEY<\/p>\n<h4><\/h4>\n<h4>Contenu du dossier<\/h4>\n<ul>\n<li><a href=\"https:\/\/sites.ffkarate.fr\/ain\/wp-content\/uploads\/sites\/17\/2023\/11\/fiche-d-inscription-CODG-2023-2024.pdf\"><strong>La fiche d\u2019inscription<\/strong><\/a> compl\u00e9t\u00e9e et sign\u00e9e avec la photo du candidat.<\/li>\n<li>Une attestation historique des licences que vous obtenez sur votre page du site f\u00e9d\u00e9ral<\/li>\n<li>Les photocopies des pages suivantes de votre passeport sportif :\n<ul>\n<li>Page d\u2019authentification des grades d\u00e9j\u00e0 obtenus<\/li>\n<li>Le cas \u00e9ch\u00e9ant, page des UV d\u00e9j\u00e0 obtenues avec les notes pour l\u2019examen concern\u00e9<\/li>\n<li>La page des points de bonifications acquis lors des stages d\u2019experts f\u00e9d\u00e9raux<\/li>\n<\/ul>\n<\/li>\n<li><a href=\"https:\/\/sites.ffkarate.fr\/ain\/wp-content\/uploads\/sites\/17\/2022\/11\/autorisation-parentale-2022-23.docx\"><strong>L\u2019autorisation parentale pour les candidats mineurs<\/strong><\/a><\/li>\n<li>Le courrier de la CSDGE en cas de d\u00e9rogation sp\u00e9ciale<\/li>\n<li>Un ch\u00e8que de 50 \u20ac \u00e0 l\u2019ordre du Comit\u00e9 D\u00e9partemental de Karat\u00e9 de l&rsquo;Ain (Non remboursable en cas de non pr\u00e9sentation \u00e0 l\u2019examen).<\/li>\n<\/ul>\n<h4><\/h4>\n<h4>Le jour de l\u2019examen<\/h4>\n<p>Vous devez vous pr\u00e9senter au moins 15 minutes avant l\u2019heure de convocation avec :<\/p>\n<ul>\n<li>Votre karategi<\/li>\n<li>Votre passeport sportif en cours de validit\u00e9<\/li>\n<li>Une pi\u00e8ce d\u2019identit\u00e9<\/li>\n<li>La lettre de convocation qui vous aura \u00e9t\u00e9 adress\u00e9e par la CODG par e-mail .<\/li>\n<li>Vos cibles si vous avez \u00e0 pr\u00e9senter l\u2019UV Kihon.<\/li>\n<li>Une enveloppe format A4 (21\u00d729,7 cm) affranchie minimum \u00e0 250 gr, \u00e0 votre adresse et \u00e0 votre nom en vue du retour de votre passeport, carte et dipl\u00f4me. Elle vous sera demand\u00e9e en cas de r\u00e9ussite \u00e0 l\u2019examen.<\/li>\n<\/ul>\n<p>[\/vc_column_text][vc_column_text]<\/p>\n<h2>Explications compl\u00e9mentaires<\/h2>\n<ul>\n<li>Article 205 \u2013 Conditions d\u2019\u00e2ge pour les passages de Dans et grades \u00e9quivalents<\/li>\n<li>Article 206 \u2013 Temps de pratique entre chaque passage de Dans et Grades \u00e9quivalents<\/li>\n<li>Article 207 \u2013 Fr\u00e9quence des pages de Dans et Grades \u00e9quivalents<\/li>\n<li>Article 209 \u2013 Bonifications en temps de Pratique<\/li>\n<li>Article 216 \u2013 Reconnaissance des Dans et Grades \u00e9quivalents obtenus \u00e0 l\u2019\u00e9tranger<\/li>\n<\/ul>\n<h2>Pr\u00e9sentation<\/h2>\n<p>Les diff\u00e9rents grades de Karat\u00e9 et Disciplines Associ\u00e9es forment un ensemble dans la progression des connaissances en Karat\u00e9 et Disciplines Associ\u00e9es.<\/p>\n<p>L\u2019acquisition des valeurs morales, la progression technique et sportive sont l\u2019aboutissement normal de l\u2019enseignement du professeur et de l\u2019entra\u00eenement. L\u2019\u00e9chelle des grades valide cette progression. Conform\u00e9ment \u00e0 l\u2019article L. 212-5 du code du sport, dans les disciplines relevant des arts martiaux, nul ne peut se pr\u00e9valoir d\u2019un Dan ou d\u2019un grade \u00e9quivalent sanctionnant les qualit\u00e9s sportives et les connaissances techniques, et, le cas \u00e9ch\u00e9ant, les performances en comp\u00e9tition s\u2019il n\u2019a pas \u00e9t\u00e9 d\u00e9livr\u00e9 par la commission sp\u00e9cialis\u00e9e des Dans et grades \u00e9quivalents de la f\u00e9d\u00e9ration d\u00e9l\u00e9gataire.<\/p>\n<p>Les grades appel\u00e9s <em>\u00ab\u00a0Kyu\u00a0\u00bb<\/em>, d\u00e9livr\u00e9s par le professeur, sont repr\u00e9sent\u00e9s par la couleur de la ceinture jusqu\u2019\u00e0 la ceinture marron.<br \/>\nL\u2019\u00e9chelle de couleur est le plus souvent\u00a0: blanc, jaune, orange, vert, bleu et marron.<\/p>\n<p>A partir de la ceinture noire, les grades appel\u00e9s <em>\u00ab\u00a0Dan\u00a0\u00bb<\/em> sont d\u00e9livr\u00e9s par <a href=\"http:\/\/www.ffkarate.fr\/grades\/csdge\/\" target=\"_blank\" rel=\"noopener\">la CSDGE<\/a> et sont reconnus par l\u2019Etat. Le Comit\u00e9 D\u00e9partemental de Karat\u00e9 de l&rsquo;Ain \u00e0 l\u2019habilitation pour d\u00e9livrer les grades de 1er , 2, 3 et 4\u00e8me Dan.<\/p>\n<p>&nbsp;<\/p>\n<h2>Informations aux Jurys et Examens Grades, 1er , 2, 3, 4\u00e9me Dan<\/h2>\n<h4>Lieu : Gymnase \u00ab La Chanal \u00bb &#8211; 411 Grande Rue &#8211; 01700 MIRIBEL<\/h4>\n<ol>\n<li>Les dossiers d&rsquo;inscription disponibles sur ce site sont \u00e0 envoyer par courrier au si\u00e8ge du comit\u00e9 de l&rsquo;AIN\u00a0 .<br \/>\nLes candidats recevront une convocation.<br \/>\nLe d\u00e9but des examens est pr\u00e9vu \u00e0 8h30 pr\u00e9cise au dojo de MIRIBEL, 411 grande rue 01700.\u00a0(l&rsquo;entr\u00e9e est situ\u00e9e \u00e0 l&rsquo;oppos\u00e9, parking\u00a0du tennis).<\/li>\n<li><b>Tous les titulaires du 2<\/b><sup><b>\u00e8me<\/b><\/sup><b> dan au minimum<\/b> peuvent int\u00e9grer les jurys d\u2019examens, ils doivent pr\u00e9alablement prendre contact avec le responsable de cette commission .<br \/>\nUne r\u00e9union d\u2019information \u00e0 l\u2019attention des jurys est pr\u00e9vue le m\u00eame jour\u00a0de 7h30 \u00e0 8h30.<\/li>\n<\/ol>\n<h2>\u00a0<b>Documents<\/b><\/h2>\n<p><em><b>Pi\u00e8ces \u00e0 joindre avec la fiche d&rsquo;inscription aux examens des grades du d\u00e9partement<\/b><\/em><\/p>\n<p>Les photocopies des pages de votre passeport sportif : licences, authentification des grades et Dan (valid\u00e9s par la CSDGE de la FFKDA), UV d\u00e9j\u00e0 obtenues dans le grade pr\u00e9sent\u00e9<\/p>\n<ul>\n<li><strong>Ch\u00e8que de 50 \u20ac<\/strong> \u00e0 l<span lang=\"EN-US\">\u2019<\/span>ordre du<strong> comit\u00e9 de l<\/strong><strong><span lang=\"EN-US\">\u2019<\/span><\/strong><strong>AIN de Karat\u00e9<\/strong><\/li>\n<li>Ce <strong>dossier complet<\/strong> devra \u00eatre retourn\u00e9 <strong>30 jours avant la date de l&rsquo;examen<\/strong> (cachet poste faisant foi) au d\u00e9partement territorialement comp\u00e9tent.<\/li>\n<\/ul>\n<div class=\"documents-list\">\n<ul>\n<li><img decoding=\"async\" src=\"#\" alt=\"\" \/><span class=\"title\">Fiche d&rsquo;inscription aux grades <\/span><span class=\"link\"><a href=\"https:\/\/sites.ffkarate.fr\/ain\/wp-content\/uploads\/sites\/17\/2023\/11\/fiche-d-inscription-CODG-2023-2024.pdf\" target=\"_blank\" rel=\"noopener\">T\u00e9l\u00e9charger le document<\/a><\/span><\/li>\n<li><img decoding=\"async\" src=\"#\" alt=\"\" \/><span class=\"title\">R\u00e9glementation CSDGE &#8211; &#8211; R\u00e8gles g\u00e9n\u00e9rales <\/span><span class=\"link\"><a href=\"https:\/\/www.ffkarate.fr\/wp-content\/uploads\/2023\/10\/REGLEMENTATION-GENERAL-2023-2024_VF3.pdf\" target=\"_blank\" rel=\"noopener\">T\u00e9l\u00e9charger le document<\/a><\/span><\/li>\n<li><img decoding=\"async\" src=\"#\" alt=\"\" \/><span class=\"title\">R\u00e9glementation CSDGE &#8211; -Partie Technique <\/span><span class=\"link\"><a href=\"https:\/\/www.ffkarate.fr\/wp-content\/uploads\/2023\/10\/CSDGE-TECHNIQUE-PARTIE-KARATE-2023-2024_01.pdf\" target=\"_blank\" rel=\"noopener\">T\u00e9l\u00e9charger le document<\/a><\/span><\/li>\n<\/ul>\n<\/div>\n<p>[\/vc_column_text][\/vc_column][\/vc_row]<\/p>\n<\/div>","protected":false},"excerpt":{"rendered":"<p>Le dossier de candidature devra \u00eatre complet et retourn\u00e9 en courrier simple non recommand\u00e9 au moins 30 jours avant la date de l\u2019examen (cachet poste faisant foi) au Comit\u00e9 D\u00e9partemental de Karat\u00e9 De La Gironde.<\/p>\n","protected":false},"author":1,"featured_media":0,"parent":0,"menu_order":0,"comment_status":"closed","ping_status":"closed","template":"","meta":{"footnotes":""},"class_list":["post-23","page","type-page","status-publish","hentry"],"_links":{"self":[{"href":"https:\/\/sites.ffkarate.fr\/ain\/wp-json\/wp\/v2\/pages\/23","targetHints":{"allow":["GET"]}}],"collection":[{"href":"https:\/\/sites.ffkarate.fr\/ain\/wp-json\/wp\/v2\/pages"}],"about":[{"href":"https:\/\/sites.ffkarate.fr\/ain\/wp-json\/wp\/v2\/types\/page"}],"author":[{"embeddable":true,"href":"https:\/\/sites.ffkarate.fr\/ain\/wp-json\/wp\/v2\/users\/1"}],"replies":[{"embeddable":true,"href":"https:\/\/sites.ffkarate.fr\/ain\/wp-json\/wp\/v2\/comments?post=23"}],"version-history":[{"count":11,"href":"https:\/\/sites.ffkarate.fr\/ain\/wp-json\/wp\/v2\/pages\/23\/revisions"}],"predecessor-version":[{"id":3888,"href":"https:\/\/sites.ffkarate.fr\/ain\/wp-json\/wp\/v2\/pages\/23\/revisions\/3888"}],"wp:attachment":[{"href":"https:\/\/sites.ffkarate.fr\/ain\/wp-json\/wp\/v2\/media?parent=23"}],"curies":[{"name":"wp","href":"https:\/\/api.w.org\/{rel}","templated":true}]}}