{"id":27,"date":"2021-10-10T13:10:14","date_gmt":"2021-10-10T11:10:14","guid":{"rendered":"https:\/\/sites.ffkarate.fr\/ain\/?page_id=27"},"modified":"2025-09-16T12:47:35","modified_gmt":"2025-09-16T10:47:35","slug":"formations","status":"publish","type":"page","link":"https:\/\/sites.ffkarate.fr\/ain\/formations\/","title":{"rendered":"Commission Formation"},"content":{"rendered":"<div class=\"wpb-content-wrapper\"><p>[vc_row gap=\u00a0\u00bb15&Prime;][vc_column css_animation=\u00a0\u00bbnone\u00a0\u00bb][ffk_peoplecard image=\u00a0\u00bb2670&Prime; title=\u00a0\u00bbMANNINO Nicolas\u00a0\u00bb subtitle=\u00a0\u00bbResponsable D\u00e9partemental des Formations\u00a0\u00bb description=\u00a0\u00bbe-mail: Formation.nm01@gmail.com\u00a0\u00bb][vc_column_text]<\/p>\n<h4><\/h4>\n<h4 style=\"text-align: center\"><\/h4>\n<h4><strong>CES DATES SONT OFFICIELLES :<\/strong><\/h4>\n<h4>Dates de formation saison 2025\/2026 et plage horaire de formation 13h \u00e0 19h00<\/h4>\n<p>La formation AFA pour le d\u00e9partement de l&rsquo;Ain se d\u00e9roulera\u00a0<strong>le 22 Novembre 2025 <\/strong>au\u00a0 Gymnase \u00ab La Chanal \u00bb Dojo karat\u00e9 \u2013 411 Grande Rue \u2013 01700 MIRIBEL<\/p>\n<p>La formation DAF pour le d\u00e9partement de l&rsquo;Ain se d\u00e9roulera <strong>le <\/strong><strong>22 Novembre\u00a0 ; 13 D\u00e9cembre 2025\u00a0 et 10 Janvier 2026 <\/strong>au\u00a0 Gymnase \u00ab La Chanal \u00bb Dojo karat\u00e9 \u2013 411 Grande Rue \u2013 01700 MIRIBEL<\/p>\n<p>La formation DIF pour le d\u00e9partement de l&rsquo;Ain se d\u00e9roulera <strong>, les <\/strong><strong>22 Novembre\u00a0 ; 13 D\u00e9cembre 2025\u00a0 et 10 ; 31 Janvier 2026<\/strong><strong> le 28 F\u00e9vrier 2026 <\/strong>\u00a0<strong>\u00a0<\/strong>au Gymnase \u00ab La Chanal \u00bb Dojo karat\u00e9 \u2013 411 Grande Rue \u2013 01700 MIRIBEL<\/p>\n<p><strong>L&rsquo;examen final aura lieu le 14 Mars 2026<\/strong> au Gymnase \u00ab La Chanal \u00bb Dojo karat\u00e9 \u2013 411 Grande Rue \u2013 01700 MIRIBEL[\/vc_column_text][vc_column_text]<\/p>\n<h3>L&rsquo;attestation f\u00e9d\u00e9rale d&rsquo;assistant (AFA)<\/h3>\n<p>L\u2019Attestation F\u00e9d\u00e9rale d\u2019Assistant (AFA) permet d\u2019aider et d\u2019assister un enseignant dipl\u00f4m\u00e9 durant les s\u00e9ances de karat\u00e9, wushu et disciplines associ\u00e9es dans un club affili\u00e9 \u00e0 la FFK.<\/p>\n<p><a href=\"https:\/\/www.ffkarate.fr\/espace-licencies\/formations\/attestation-federale-assistant-afa\/\" target=\"_blank\" rel=\"noopener\">L\u2019AFA sur le site f\u00e9d\u00e9ral<\/a>[\/vc_column_text][\/vc_column][\/vc_row][vc_row gap=\u00a0\u00bb15&Prime;][vc_column css_animation=\u00a0\u00bbnone\u00a0\u00bb][vc_column_text]<\/p>\n<h3>Le dipl\u00f4me d&rsquo;assistant f\u00e9d\u00e9ral (DAF)<\/h3>\n<p>Le Dipl\u00f4me d\u2019Assistant F\u00e9d\u00e9ral (DAF) est un dipl\u00f4me accessible avec un temps de formation adapt\u00e9 pour un professeur de karat\u00e9, wushu et disciplines associ\u00e9es dans un club affili\u00e9 \u00e0 la FFK.<br \/>\nIl permet de poursuivre sa formation en direction du DIF.<\/p>\n<p><a href=\"https:\/\/www.ffkarate.fr\/espace-licencies\/formations\/diplome-animateur-federal-daf\/\" target=\"_blank\" rel=\"noopener\">Le DAF sur le site f\u00e9d\u00e9ral<\/a>[\/vc_column_text][\/vc_column][vc_column][vc_column_text]<\/p>\n<h3>Le dipl\u00f4me d&rsquo;instructeur f\u00e9d\u00e9ral (DIF)<\/h3>\n<p>Le DIF permet :<\/p>\n<ul>\n<li>Le DIF est le dipl\u00f4me de r\u00e9f\u00e9rence pour un enseignant de karat\u00e9, wushu et disciplines associ\u00e9es dans un club affili\u00e9 \u00e0 la FFK.<br \/>\nLe DIF est accessible, avec ou sans le DAF.<br \/>\nLe DIF permet l\u2019acquisition de points de bonification de grades.<br \/>\nIl permet \u00e9galement au coach A n\u2019ayant pas les pr\u00e9requis mais n\u00e9anmoins engag\u00e9 dans le processus de formation du DIF et participant au meeting et \u00e0 la formation nationale des coaches d\u2019\u00eatre dispens\u00e9 de la \u00ab participation f\u00e9d\u00e9rale \u00bb lors de la formation du DIF.<\/li>\n<\/ul>\n<p><a href=\"https:\/\/www.ffkarate.fr\/espace-licencies\/formations\/diplome-instructeur-federal-dif\/\" target=\"_blank\" rel=\"noopener\">Le DIF sur le site f\u00e9d\u00e9ral<\/a>[\/vc_column_text][\/vc_column][\/vc_row]<\/p>\n<\/div>","protected":false},"excerpt":{"rendered":"<p>La formation AFA\/DAF pour le d\u00e9partement de la Gironde se d\u00e9roulera les 09 et 10\/01\/2021 au Gymnase \u00e0 VERAC (33).<\/p>\n","protected":false},"author":1,"featured_media":0,"parent":0,"menu_order":0,"comment_status":"closed","ping_status":"closed","template":"","meta":{"footnotes":""},"class_list":["post-27","page","type-page","status-publish","hentry"],"_links":{"self":[{"href":"https:\/\/sites.ffkarate.fr\/ain\/wp-json\/wp\/v2\/pages\/27","targetHints":{"allow":["GET"]}}],"collection":[{"href":"https:\/\/sites.ffkarate.fr\/ain\/wp-json\/wp\/v2\/pages"}],"about":[{"href":"https:\/\/sites.ffkarate.fr\/ain\/wp-json\/wp\/v2\/types\/page"}],"author":[{"embeddable":true,"href":"https:\/\/sites.ffkarate.fr\/ain\/wp-json\/wp\/v2\/users\/1"}],"replies":[{"embeddable":true,"href":"https:\/\/sites.ffkarate.fr\/ain\/wp-json\/wp\/v2\/comments?post=27"}],"version-history":[{"count":18,"href":"https:\/\/sites.ffkarate.fr\/ain\/wp-json\/wp\/v2\/pages\/27\/revisions"}],"predecessor-version":[{"id":4703,"href":"https:\/\/sites.ffkarate.fr\/ain\/wp-json\/wp\/v2\/pages\/27\/revisions\/4703"}],"wp:attachment":[{"href":"https:\/\/sites.ffkarate.fr\/ain\/wp-json\/wp\/v2\/media?parent=27"}],"curies":[{"name":"wp","href":"https:\/\/api.w.org\/{rel}","templated":true}]}}