{"id":3067,"date":"2022-12-09T11:02:07","date_gmt":"2022-12-09T10:02:07","guid":{"rendered":"https:\/\/sites.ffkarate.fr\/ain\/?page_id=3067"},"modified":"2023-12-04T15:16:31","modified_gmt":"2023-12-04T14:16:31","slug":"commission-des-grades-1","status":"publish","type":"page","link":"https:\/\/sites.ffkarate.fr\/ain\/commission-des-grades-1\/","title":{"rendered":"Commission des grades"},"content":{"rendered":"<div class=\"wpb-content-wrapper\"><p>[vc_row content_placement=\u00a0\u00bbmiddle\u00a0\u00bb][vc_column][ffk_peoplecard image=\u00a0\u00bb3162&Prime; title=\u00a0\u00bbChritian BOUILLARD\u00a0\u00bb subtitle=\u00a0\u00bbPr\u00e9sident du Comit\u00e9 D\u00e9partemental\u00a0\u00bb description=\u00a0\u00bbT\u00e9l: 06 71 38 74 45<br \/>\ne-mail: contact.comite.karate.ain@gmail.com\u00a0\u00bb][ffk_peoplecard title=\u00a0\u00bbCUENCA Lucien\u00a0\u00bb subtitle=\u00a0\u00bbDirecteur Technique D\u00e9partemental\u00a0\u00bb description=\u00a0\u00bbT\u00e9l: 06.80.28.85.60<br \/>\ne-mail: dtdcdk01@gmail.com\u00a0\u00bb image=\u00a0\u00bb3666&Prime;][ffk_peoplecard image=\u00a0\u00bb3161&Prime; title=\u00a0\u00bbRICQUIER Alain\u00a0\u00bb subtitle=\u00a0\u00bbResponsable passage de Grades\u00a0\u00bb description=\u00a0\u00bbT\u00e9l: 07 79 78 59 83<br \/>\ne-mail: aricquier01@gmail.com\u00a0\u00bb][\/vc_column][\/vc_row][vc_row][vc_column][vc_column_text]<\/p>\n<h2>Pr\u00e9sentation<\/h2>\n<div>La <strong>Commission d&rsquo;Organisation D\u00e9partementale des Grades (CODG)<\/strong> est compos\u00e9e:<\/div>\n<ul>\n<li>Du responsable d\u00e9partemental des grades. Il doit \u00eatre licenci\u00e9 dans le secteur g\u00e9ographique du d\u00e9partement concern\u00e9, et titulaire du 4\u00e8me Dan minimum;<\/li>\n<li>Du pr\u00e9sident du comit\u00e9 d\u00e9partemental;<\/li>\n<li>Du Directeur Technique D\u00e9partemental<\/li>\n<\/ul>\n<p>La pr\u00e9sence des membres de la <strong>CODG<\/strong> est obligatoire aux examens.<\/p>\n<div>Le responsable d\u00e9partemental des grades est charg\u00e9 :<\/div>\n<ul>\n<li>d\u2019encadrer l\u2019organisation de l\u2019ensemble des examens;<\/li>\n<li>de convoquer la<strong> CODG<\/strong>;<\/li>\n<li>de d\u00e9signer les jurys d\u2019examen;<\/li>\n<li>de r\u00e9partir les membres du jury sur les tables d\u2019examen;<\/li>\n<li>d\u2019assurer pour les juges une information th\u00e9orique \u00e0 la r\u00e9glementation.<\/li>\n<\/ul>\n<p>[\/vc_column_text][\/vc_column][\/vc_row]<\/p>\n<\/div>","protected":false},"excerpt":{"rendered":"<p>[vc_row content_placement=\u00a0\u00bbmiddle\u00a0\u00bb][vc_column][ffk_peoplecard image=\u00a0\u00bb3162&Prime; title=\u00a0\u00bbChritian BOUILLARD\u00a0\u00bb subtitle=\u00a0\u00bbPr\u00e9sident du Comit\u00e9 D\u00e9partemental\u00a0\u00bb description=\u00a0\u00bbT\u00e9l: 06 71 38 74 45 e-mail: contact.comite.karate.ain@gmail.com\u00a0\u00bb][ffk_peoplecard title=\u00a0\u00bbCUENCA Lucien\u00a0\u00bb subtitle=\u00a0\u00bbDirecteur Technique D\u00e9partemental\u00a0\u00bb description=\u00a0\u00bbT\u00e9l: 06.80.28.85.60 e-mail: dtdcdk01@gmail.com\u00a0\u00bb image=\u00a0\u00bb3666&Prime;][ffk_peoplecard image=\u00a0\u00bb3161&Prime; title=\u00a0\u00bbRICQUIER Alain\u00a0\u00bb subtitle=\u00a0\u00bbResponsable passage de Grades\u00a0\u00bb description=\u00a0\u00bbT\u00e9l: 07 79 78 59 83 e-mail: aricquier01@gmail.com\u00a0\u00bb][\/vc_column][\/vc_row][vc_row][vc_column][vc_column_text] Pr\u00e9sentation La Commission d&rsquo;Organisation D\u00e9partementale des Grades (CODG) est compos\u00e9e: Du responsable d\u00e9partemental [&hellip;]<\/p>\n","protected":false},"author":67,"featured_media":0,"parent":0,"menu_order":0,"comment_status":"closed","ping_status":"closed","template":"","meta":{"footnotes":""},"class_list":["post-3067","page","type-page","status-publish","hentry"],"_links":{"self":[{"href":"https:\/\/sites.ffkarate.fr\/ain\/wp-json\/wp\/v2\/pages\/3067","targetHints":{"allow":["GET"]}}],"collection":[{"href":"https:\/\/sites.ffkarate.fr\/ain\/wp-json\/wp\/v2\/pages"}],"about":[{"href":"https:\/\/sites.ffkarate.fr\/ain\/wp-json\/wp\/v2\/types\/page"}],"author":[{"embeddable":true,"href":"https:\/\/sites.ffkarate.fr\/ain\/wp-json\/wp\/v2\/users\/67"}],"replies":[{"embeddable":true,"href":"https:\/\/sites.ffkarate.fr\/ain\/wp-json\/wp\/v2\/comments?post=3067"}],"version-history":[{"count":10,"href":"https:\/\/sites.ffkarate.fr\/ain\/wp-json\/wp\/v2\/pages\/3067\/revisions"}],"predecessor-version":[{"id":3727,"href":"https:\/\/sites.ffkarate.fr\/ain\/wp-json\/wp\/v2\/pages\/3067\/revisions\/3727"}],"wp:attachment":[{"href":"https:\/\/sites.ffkarate.fr\/ain\/wp-json\/wp\/v2\/media?parent=3067"}],"curies":[{"name":"wp","href":"https:\/\/api.w.org\/{rel}","templated":true}]}}