{"id":4715,"date":"2025-09-25T16:01:33","date_gmt":"2025-09-25T14:01:33","guid":{"rendered":"https:\/\/sites.ffkarate.fr\/ain\/?page_id=4715"},"modified":"2026-03-23T14:33:46","modified_gmt":"2026-03-23T13:33:46","slug":"documents-saison-2025-26-emis-par-le-president-ou-le-directeur-technique-departemental","status":"publish","type":"page","link":"https:\/\/sites.ffkarate.fr\/ain\/documents-saison-2025-26-emis-par-le-president-ou-le-directeur-technique-departemental\/","title":{"rendered":"Documents Saison 2025-26 \u00e9mis par le Pr\u00e9sident ou le Directeur Technique D\u00e9partemental"},"content":{"rendered":"<div class=\"wpb-content-wrapper\"><p>[vc_row][vc_column][vc_column_text]<a title=\"F\u00e9licitations-CLUBS-Arbent-et-montceaux\" href=\"https:\/\/sites.ffkarate.fr\/ain\/wp-content\/uploads\/sites\/17\/2026\/03\/Felicitation-CLUBS-Arbent-et-montceauxV1.pdf\" target=\"_blank\" rel=\"noopener\">F\u00e9licitations-CLUBS-Arbent-et-montceaux<\/a><\/p>\n<p><a title=\"Cliquez Ici pour acc\u00e9der \u00e0 info-OPEN-0426-a-montceaux\" href=\"https:\/\/sites.ffkarate.fr\/ain\/wp-content\/uploads\/sites\/17\/2026\/03\/info-OPEN-0426-a-montceaux.pdf\" target=\"_blank\" rel=\"noopener\">Cliquez Ici pour acc\u00e9der \u00e0 info-OPEN-0426-a-montceaux<\/a><\/p>\n<p><a title=\"Cliquez Ici pour acc\u00e9der au CR-Reunion-comite-Sept-Decemb-2025\" href=\"https:\/\/sites.ffkarate.fr\/ain\/wp-content\/uploads\/sites\/17\/2026\/03\/CR-Reunion-comite-Sept-Decemb-2025.pdf\" target=\"_blank\" rel=\"noopener\">Cliquez Ici pour acc\u00e9der au CR-Reunion-comite-Sept-Decemb-2025<\/a><\/p>\n<p><a title=\"Cliquez Ici pour acc\u00e9der au compl\u00e9ment d' info sur la comp\u00e9tition Kata du 14-12-2025\" href=\"https:\/\/sites.ffkarate.fr\/ain\/wp-content\/uploads\/sites\/17\/2025\/12\/compl-d-info-MCJS-PB-151225.pdf\" target=\"_blank\" rel=\"noopener\">Cliquez Ici pour acc\u00e9der au compl\u00e9ment d&rsquo; info sur la comp\u00e9tition Kata du 14-12-2025<\/a><\/p>\n<p><a title=\"Cliquez Ici pour t\u00e9l\u00e9charger le document sur les cat\u00e9gories de poids saison 2025-26\" href=\"https:\/\/sites.ffkarate.fr\/ain\/wp-content\/uploads\/sites\/17\/2025\/10\/categorie_age_poids_2025-2026.pdf\" target=\"_blank\" rel=\"noopener\">Cliquez Ici pour t\u00e9l\u00e9charger le document sur les cat\u00e9gories de poids saison 2025-26<\/a><\/p>\n<p><a title=\"Cliquez Ici pour t\u00e9l\u00e9charger les Infos sur le coaching\" href=\"https:\/\/sites.ffkarate.fr\/ain\/wp-content\/uploads\/sites\/17\/2025\/10\/Info-Coaching-2025_26.pdf\" target=\"_blank\" rel=\"noopener\">Cliquez Ici pour t\u00e9l\u00e9charger les Infos sur le coaching<\/a><\/p>\n<p><a title=\"Cliquez Ici pour t\u00e9l\u00e9charger le formulaire de dde de carte de coach\" href=\"https:\/\/sites.ffkarate.fr\/ain\/wp-content\/uploads\/sites\/17\/2025\/10\/Formulaire-dde-de-carte-de-caoch-25-26.pdf\" target=\"_blank\" rel=\"noopener\">Cliquez Ici pour t\u00e9l\u00e9charger le formulaire de dde de carte de coach<\/a>[\/vc_column_text][\/vc_column][\/vc_row]<\/p>\n<\/div>","protected":false},"excerpt":{"rendered":"<p>[vc_row][vc_column][vc_column_text]F\u00e9licitations-CLUBS-Arbent-et-montceaux Cliquez Ici pour acc\u00e9der \u00e0 info-OPEN-0426-a-montceaux Cliquez Ici pour acc\u00e9der au CR-Reunion-comite-Sept-Decemb-2025 Cliquez Ici pour acc\u00e9der au compl\u00e9ment d&rsquo; info sur la comp\u00e9tition Kata du 14-12-2025 Cliquez Ici pour t\u00e9l\u00e9charger le document sur les cat\u00e9gories de poids saison 2025-26 Cliquez Ici pour t\u00e9l\u00e9charger les Infos sur le coaching Cliquez Ici pour t\u00e9l\u00e9charger le formulaire [&hellip;]<\/p>\n","protected":false},"author":67,"featured_media":0,"parent":0,"menu_order":0,"comment_status":"closed","ping_status":"closed","template":"","meta":{"footnotes":""},"class_list":["post-4715","page","type-page","status-publish","hentry"],"_links":{"self":[{"href":"https:\/\/sites.ffkarate.fr\/ain\/wp-json\/wp\/v2\/pages\/4715","targetHints":{"allow":["GET"]}}],"collection":[{"href":"https:\/\/sites.ffkarate.fr\/ain\/wp-json\/wp\/v2\/pages"}],"about":[{"href":"https:\/\/sites.ffkarate.fr\/ain\/wp-json\/wp\/v2\/types\/page"}],"author":[{"embeddable":true,"href":"https:\/\/sites.ffkarate.fr\/ain\/wp-json\/wp\/v2\/users\/67"}],"replies":[{"embeddable":true,"href":"https:\/\/sites.ffkarate.fr\/ain\/wp-json\/wp\/v2\/comments?post=4715"}],"version-history":[{"count":7,"href":"https:\/\/sites.ffkarate.fr\/ain\/wp-json\/wp\/v2\/pages\/4715\/revisions"}],"predecessor-version":[{"id":5099,"href":"https:\/\/sites.ffkarate.fr\/ain\/wp-json\/wp\/v2\/pages\/4715\/revisions\/5099"}],"wp:attachment":[{"href":"https:\/\/sites.ffkarate.fr\/ain\/wp-json\/wp\/v2\/media?parent=4715"}],"curies":[{"name":"wp","href":"https:\/\/api.w.org\/{rel}","templated":true}]}}