{"id":50,"date":"2015-01-08T11:31:53","date_gmt":"2015-01-08T11:31:53","guid":{"rendered":"https:\/\/sites.ffkarate.fr\/testclone\/?page_id=50"},"modified":"2025-11-18T11:54:55","modified_gmt":"2025-11-18T10:54:55","slug":"comite","status":"publish","type":"page","link":"https:\/\/sites.ffkarate.fr\/ain\/presentation\/comite\/","title":{"rendered":"Documents des AG"},"content":{"rendered":"<div class=\"wpb-content-wrapper\"><p>[vc_row][vc_column][vc_column_text]Bienvenue sur le site officiel du Comit\u00e9 d\u00e9partemental !<\/p>\n<p>Vous trouverez sur ce site toute l&rsquo;actualit\u00e9 du karat\u00e9 et de ses disciplines associ\u00e9es :<br \/>\nle calendrier des diff\u00e9rentes comp\u00e9titions, passage de grade 1er Dan et 2\u00e8me Dan, stages et autres manifestations, mais aussi toutes les informations\u00a0et documents n\u00e9cessaires aux dirigeants de club ainsi qu&rsquo;aux licenci\u00e9s.<\/p>\n<p>Excellente reprise pour cette saison \u00e0 vous.<\/p>\n<p>Bonne visite.<\/p>\n<p><em>Le Pr\u00e9sident du Comit\u00e9 d\u00e9partemental<\/em><\/p>\n<hr \/>\n<h2>Assembl\u00e9es g\u00e9n\u00e9rales<\/h2>\n<div class=\"documents-list\">\n<ul>\n<li><a title=\"AGO-du-Comite-de-l-AIN-Saison-2024-25\" href=\"https:\/\/sites.ffkarate.fr\/ain\/wp-content\/uploads\/sites\/17\/2025\/11\/AGO-du-Comite-de-l-AIN-Saison-2024-25.pdf\" target=\"_blank\" rel=\"noopener\">AGO-du-Comite-de-l-AIN-Saison-2024-25<\/a><\/li>\n<li><a title=\"PV Assembl\u00e9e g\u00e9n\u00e9rale \u00e9lective 2024-28\" href=\"https:\/\/sites.ffkarate.fr\/ain\/wp-content\/uploads\/sites\/17\/2025\/06\/PV-AG-elective-2024.pdf\" target=\"_blank\" rel=\"noopener\">PV Assembl\u00e9e g\u00e9n\u00e9rale \u00e9lective 2024-28<\/a><\/li>\n<li><a title=\"Statuts du comit\u00e9 d\u00e9partemental de l'Ain\" href=\"https:\/\/sites.ffkarate.fr\/ain\/wp-content\/uploads\/sites\/17\/2025\/09\/Statuts-Departementaux-Modifie-AIN-09-2021-2-V1.pdf\" target=\"_blank\" rel=\"noopener\">Statuts du comit\u00e9 d\u00e9partemental de l&rsquo;Ain<\/a><\/li>\n<li><a title=\"Document AGO et Elective Saison 2023-24 Partie 1\" href=\"https:\/\/sites.ffkarate.fr\/ain\/wp-content\/uploads\/sites\/17\/2024\/10\/AGO-et-Elect-Saison-2023-24-N\u00b01.pdf\" target=\"_blank\" rel=\"noopener\">Document AGO et Elective Saison 2023-24 Partie 1<\/a><\/li>\n<li><a title=\"Document AGO et Elective Saison 2023-24 Partie 2\" href=\"https:\/\/sites.ffkarate.fr\/ain\/wp-content\/uploads\/sites\/17\/2024\/10\/AGO-et-Elect-Saison-2023-24-N\u00b02.pdf\" target=\"_blank\" rel=\"noopener\">Document AGO et Elective Saison 2023-24 Partie 2<\/a><\/li>\n<li><a title=\"Document AGO et Elective Saison 2023-24 Partie 3\" href=\"https:\/\/sites.ffkarate.fr\/ain\/wp-content\/uploads\/sites\/17\/2024\/10\/AGO-et-Elect-Saison-2023-24-N\u00b03.pdf\" target=\"_blank\" rel=\"noopener\">Document AGO et Elective Saison 2023-24 Partie 3<\/a><\/li>\n<li><a href=\"https:\/\/sites.ffkarate.fr\/ain\/wp-content\/uploads\/sites\/17\/2020\/07\/proces-verbal-AG-elective-2020.pdf\" target=\"_blank\" rel=\"noopener\">P-V Assembl\u00e9e G\u00e9n\u00e9rale \u00c9lective 2020-2024<\/a><\/li>\n<li><a title=\"Proces-verbal-AG-elective-2020\" href=\"https:\/\/sites.ffkarate.fr\/ain\/wp-content\/uploads\/sites\/17\/2023\/10\/Proces-verbal-AG-elective-2020.pdf\" target=\"_blank\" rel=\"noopener\">Proces-verbal-AG-elective-2020<\/a><\/li>\n<li><a title=\"P-V Assembl\u00e9e G\u00e9n\u00e9rale \u00c9lective 2020\" href=\"https:\/\/sites.ffkarate.fr\/ain\/wp-content\/uploads\/sites\/17\/2020\/07\/proces-verbal-AG-elective-2020.pdf\" target=\"_blank\" rel=\"noopener\">P-V Assembl\u00e9e G\u00e9n\u00e9rale \u00c9lective 2020<\/a><\/li>\n<li><a title=\"P-V-Assemblee-Generale-Ordinnaire-2021-2022\" href=\"https:\/\/sites.ffkarate.fr\/ain\/wp-content\/uploads\/sites\/17\/2023\/10\/P-V-Assemblee-Generale-Ordinnaire-2021-2022-.pdf\" target=\"_blank\" rel=\"noopener\">P-V-Assemblee-Generale-Ordinnaire-2021-2022<\/a><\/li>\n<li><a title=\"P-V-Assemblee-Generale-Ordinnaire-2020-2021\" href=\"https:\/\/sites.ffkarate.fr\/ain\/wp-content\/uploads\/sites\/17\/2023\/10\/P-V-Assemblee-Generale-Ordinnaire-2020-2021-.pdf\" target=\"_blank\" rel=\"noopener\">P-V-Assemblee-Generale-Ordinnaire-2020-2021<\/a><\/li>\n<li><a title=\"P-V-Assemblee-Generale-Ordinnaire-2019-2020\" href=\"https:\/\/sites.ffkarate.fr\/ain\/wp-content\/uploads\/sites\/17\/2023\/10\/P-V-Assemblee-Generale-Ordinnaire-2019-2020.pdf\" target=\"_blank\" rel=\"noopener\">P-V-Assemblee-Generale-Ordinnaire-2019-2020<\/a><\/li>\n<li><a href=\"https:\/\/sites.ffkarate.fr\/ain\/wp-content\/uploads\/sites\/17\/2020\/02\/P-V-assemblee-generale-ordinaire-2018-2019.pdf\" target=\"_blank\" rel=\"noopener\">P-V Assembl\u00e9e G\u00e9n\u00e9rale Ordinaire 2018-2019<\/a><\/li>\n<li><a href=\"https:\/\/sites.ffkarate.fr\/ain\/wp-content\/uploads\/sites\/17\/2018\/12\/P-V-assemblee-generale-ordinaire-07-12-2018.pdf\" target=\"_blank\" rel=\"noopener\">P-V Assembl\u00e9e G\u00e9n\u00e9rale Ordinaire 2017-2018<\/a><\/li>\n<li><a href=\"https:\/\/sites.ffkarate.fr\/ain\/wp-content\/uploads\/sites\/29\/2018\/03\/P-V-Assembl\u00e9e-G\u00e9n\u00e9rale-Ordinaire-2016-2017.pdf\" target=\"_blank\" rel=\"noopener\">P-V Assembl\u00e9e G\u00e9n\u00e9rale Ordinaire 2016-2017<\/a><\/li>\n<li><img decoding=\"async\" src=\"#\" alt=\"\" \/><a href=\"https:\/\/sites.ffkarate.fr\/ain\/wp-content\/uploads\/sites\/17\/2015\/01\/Proces-verbal-A-G-elective-2016.pdf\">Proces verbal AG elective 2016<\/a><\/li>\n<li><img decoding=\"async\" src=\"#\" alt=\"\" \/><a href=\"https:\/\/sites.ffkarate.fr\/ain\/wp-content\/uploads\/sites\/17\/2015\/01\/P-V-A-G-S-Ordinaire-Extraordinaire-2015-2016.pdf\">PV AG ordinaire extraordinaire 2015-2016<\/a><\/li>\n<\/ul>\n<\/div>\n<hr \/>\n<h2>Comptes rendus<\/h2>\n<ul>\n<li><a title=\"Compte Rendu Comite-20-10-2021\" href=\"https:\/\/sites.ffkarate.fr\/ain\/wp-content\/uploads\/sites\/17\/2021\/10\/CR-Comite-20-10-2021.pdf\" target=\"_blank\" rel=\"noopener\">Compte Rendu Comite-20-10-2021<\/a><\/li>\n<li><a href=\"https:\/\/sites.ffkarate.fr\/ain\/wp-content\/uploads\/sites\/17\/2020\/05\/CR-comite-29-04-2020.pdf\" target=\"_blank\" rel=\"noopener\">Compte rendu du comit\u00e9 en Visio conf\u00e9rence le 29-04-2020<\/a><\/li>\n<li><a href=\"https:\/\/sites.ffkarate.fr\/ain\/wp-content\/uploads\/sites\/17\/2020\/02\/CR-reunion-comite-22-janvier-2020.pdf\" target=\"_blank\" rel=\"noopener\">Compte rendu du comit\u00e9 \u00a0Monceaux le 22 janvier 2020<\/a><\/li>\n<li><a href=\"https:\/\/sites.ffkarate.fr\/ain\/wp-content\/uploads\/sites\/17\/2019\/11\/championnats-et-coupes-kumite-du-01-12-2019.pdf\" target=\"_blank\" rel=\"noopener\">Championnats et coupes kumite du 01-12-2019<\/a><\/li>\n<li><a class=\"\" href=\"https:\/\/sites.ffkarate.fr\/ain\/wp-content\/uploads\/sites\/17\/2019\/10\/compte-rendu-comite-16-10-2019.pdf\" target=\"_blank\" rel=\"noopener\">Compte rendu du comit\u00e9 \u00e0 Vonnas le 16 octobre 2019<\/a><\/li>\n<\/ul>\n<hr \/>\n<h2>Nos coordonn\u00e9es<\/h2>\n<p><strong>Comit\u00e9 d\u00e9partemental FFKDA de l&rsquo;Ain<\/strong><\/p>\n<p>411 Grande rue<br \/>\nGymnase La Chanal<br \/>\n01700 MIRIBEL<\/p>\n<p>Renseignement administratif :<br \/>\n<strong>Patrice COLLINETTE<\/strong><b><br \/>\n<\/b>Tel : 06\u00a0 71\u00a0 3\u00a074 45<br \/>\nE-mail :\u00a0<a href=\"mailto:contact@comite-karate-ain.fr\" target=\"_blank\" rel=\"noopener\">contact@comite-karate-ain.fr<\/a><\/p>\n<p>Renseignement administratif :<br \/>\n<strong>Christian BOUILLARD<\/strong><br \/>\nTel. 06 14 59 54 32<br \/>\nE-mail : christianbouillard@hotmail.com<\/p>\n<p>Renseignement technique :<br \/>\n<strong>Lucien CUENCA<br \/>\n<\/strong>T\u00e9l: 06 80 28 85 60<br \/>\nE-mail : dtdcdk01@gmail.com<\/p>\n<p>&nbsp;<\/p>\n<p>&nbsp;<\/p>\n<hr \/>\n<h2>\u00a0DOCUMENTS<\/h2>\n<div class=\"documents-list\">\n<ul>\n<li><img decoding=\"async\" src=\"#\" alt=\"\" \/><span class=\"title\">R\u00e9glement int\u00e9rieur<\/span><span class=\"link\"><a href=\"https:\/\/sites.ffkarate.fr\/ain\/wp-content\/uploads\/sites\/17\/2015\/01\/reglement-interieur-2016-comite-departemental-AIN-.pdf\" target=\"_blank\" rel=\"noopener\">T\u00e9l\u00e9charger le document<\/a><\/span><\/li>\n<li><img decoding=\"async\" src=\"#\" alt=\"\" \/><span class=\"title\">Statuts<\/span><span class=\"link\"><a href=\"https:\/\/sites.ffkarate.fr\/ain\/wp-content\/uploads\/sites\/17\/2015\/01\/Statuts-Departementaux-AIN-11-2016.pdf\" target=\"_blank\" rel=\"noopener\">T\u00e9l\u00e9charger le document<\/a><\/span><\/li>\n<\/ul>\n<\/div>\n<p>[\/vc_column_text][\/vc_column][\/vc_row]<\/p>\n<\/div>","protected":false},"excerpt":{"rendered":"<p>[vc_row][vc_column][vc_column_text]Bienvenue sur le site officiel du Comit\u00e9 d\u00e9partemental ! Vous trouverez sur ce site toute l&rsquo;actualit\u00e9 du karat\u00e9 et de ses disciplines associ\u00e9es : le calendrier des diff\u00e9rentes comp\u00e9titions, passage de grade 1er Dan et 2\u00e8me Dan, stages et autres manifestations, mais aussi toutes les informations\u00a0et documents n\u00e9cessaires aux dirigeants de club ainsi qu&rsquo;aux licenci\u00e9s. [&hellip;]<\/p>\n","protected":false},"author":20,"featured_media":0,"parent":4,"menu_order":0,"comment_status":"closed","ping_status":"closed","template":"","meta":{"footnotes":""},"class_list":["post-50","page","type-page","status-publish","hentry"],"_links":{"self":[{"href":"https:\/\/sites.ffkarate.fr\/ain\/wp-json\/wp\/v2\/pages\/50","targetHints":{"allow":["GET"]}}],"collection":[{"href":"https:\/\/sites.ffkarate.fr\/ain\/wp-json\/wp\/v2\/pages"}],"about":[{"href":"https:\/\/sites.ffkarate.fr\/ain\/wp-json\/wp\/v2\/types\/page"}],"author":[{"embeddable":true,"href":"https:\/\/sites.ffkarate.fr\/ain\/wp-json\/wp\/v2\/users\/20"}],"replies":[{"embeddable":true,"href":"https:\/\/sites.ffkarate.fr\/ain\/wp-json\/wp\/v2\/comments?post=50"}],"version-history":[{"count":17,"href":"https:\/\/sites.ffkarate.fr\/ain\/wp-json\/wp\/v2\/pages\/50\/revisions"}],"predecessor-version":[{"id":4820,"href":"https:\/\/sites.ffkarate.fr\/ain\/wp-json\/wp\/v2\/pages\/50\/revisions\/4820"}],"up":[{"embeddable":true,"href":"https:\/\/sites.ffkarate.fr\/ain\/wp-json\/wp\/v2\/pages\/4"}],"wp:attachment":[{"href":"https:\/\/sites.ffkarate.fr\/ain\/wp-json\/wp\/v2\/media?parent=50"}],"curies":[{"name":"wp","href":"https:\/\/api.w.org\/{rel}","templated":true}]}}