{"id":23,"date":"2021-05-07T15:54:07","date_gmt":"2021-05-07T13:54:07","guid":{"rendered":"https:\/\/sites.ffkarate.fr\/ardennes\/?page_id=23"},"modified":"2025-12-02T22:04:07","modified_gmt":"2025-12-02T21:04:07","slug":"grades","status":"publish","type":"page","link":"https:\/\/sites.ffkarate.fr\/ardennes\/grades\/","title":{"rendered":"Grades"},"content":{"rendered":"<div class=\"wpb-content-wrapper\"><p>[vc_row][vc_column][vc_column_text]<strong>Les diff\u00e9rents grades de Karat\u00e9 et Disciplines Associ\u00e9es forment un ensemble dans la progression des connaissances en Karat\u00e9 et Disciplines Associ\u00e9es.<\/strong><\/p>\n<p>L\u2019acquisition des valeurs morales, la progression technique et sportive sont l\u2019aboutissement normal de l\u2019enseignement du professeur et de l\u2019entra\u00eenement. L\u2019\u00e9chelle des grades valide cette progression. Conform\u00e9ment \u00e0 l\u2019article L. 212-5 du code du sport, dans les disciplines relevant des arts martiaux, nul ne peut se pr\u00e9valoir d\u2019un Dan ou d\u2019un grade \u00e9quivalent sanctionnant les qualit\u00e9s sportives et les connaissances techniques, et, le cas \u00e9ch\u00e9ant, les performances en comp\u00e9tition s\u2019il n\u2019a pas \u00e9t\u00e9 d\u00e9livr\u00e9 par la commission sp\u00e9cialis\u00e9e des Dans et grades \u00e9quivalents de la f\u00e9d\u00e9ration d\u00e9l\u00e9gataire.<\/p>\n<p>Les grades appel\u00e9s\u00a0<em>\u00ab\u00a0Kyu\u00a0\u00bb<\/em>, d\u00e9livr\u00e9s par le professeur, sont repr\u00e9sent\u00e9s par la couleur de la ceinture jusqu\u2019\u00e0 la ceinture marron.<br \/>\nL\u2019\u00e9chelle de couleur est le plus souvent\u00a0: blanc, jaune, orange, vert, bleu et marron.<\/p>\n<p>A partir de la ceinture noire, les grades appel\u00e9s\u00a0<em>\u00ab\u00a0Dan\u00a0\u00bb<\/em>\u00a0sont d\u00e9livr\u00e9s par\u00a0<a href=\"http:\/\/www.ffkarate.fr\/grades\/csdge\/\" target=\"_blank\" rel=\"noopener\">la CSDGE<\/a>\u00a0et sont reconnus par l\u2019Etat.<\/p>\n<hr \/>\n<p>[\/vc_column_text][\/vc_column][\/vc_row][vc_row][vc_column][\/vc_column][\/vc_row][vc_row][vc_column][\/vc_column][\/vc_row][vc_row][vc_column][vc_column_text]<\/p>\n<h2 class=\"h2 post_title\">Examen de grade de 1er DAN\/DUAN\/DANG en club\u00a0<strong>sous conditions<\/strong><\/h2>\n<p>La Commission Sp\u00e9cialis\u00e9e des Dans et Grades \u00c9quivalents (CSDGE) vous pr\u00e9sente le document constituant l\u2019ajout officiel du passage de grade de 1er DAN\/DUAN\/DANG en club.<\/p>\n<p>Retrouvez le dans le lien ci-contre\u00a0 :\u00a0<a href=\"https:\/\/www.ffkarate.fr\/wp-content\/uploads\/2021\/09\/Resume_reglementation_1e_DAN-DUAN-DANG.pdf\" target=\"_blank\" rel=\"noopener\">R\u00e9glementation<\/a>.<\/p>\n<hr \/>\n<p>[\/vc_column_text][\/vc_column][\/vc_row][vc_row gap=\u00a0\u00bb15&Prime;][vc_column][vc_column_text]<\/p>\n<h2>Inscriptions aux examens de grades<\/h2>\n<h4>Envoi des dossiers<\/h4>\n<p>Le dossier de candidature complet doit \u00eatre retourn\u00e9<strong> par mail ou courrier au moins 30 jours avant la date de l\u2019examen<\/strong> (cachet poste ou date du mail faisant foi) au Comit\u00e9 D\u00e9partemental.<\/p>\n<p>Comit\u00e9 D\u00e9partemental de karat\u00e9 et D.A des Ardennes<br \/>\n<span style=\"color: #0000ff\"><em>Coordonn\u00e9es \u00e0 venir<\/em><\/span><\/p>\n<p>ou<\/p>\n<p><a href=\"mailto:cd.ardennes.karate@gmail.com\">cd.ardennes.karate@gmail.com<\/a><\/p>\n<h4><\/h4>\n<h4>Contenu du dossier<\/h4>\n<ul>\n<li>La fiche d\u2019inscription compl\u00e9t\u00e9e et sign\u00e9e avec la photo du candidat.<\/li>\n<li>Une attestation historique des licences que vous obtenez sur votre page du site f\u00e9d\u00e9ral<\/li>\n<li>Les photocopies des pages suivantes de votre passeport sportif :\n<ul>\n<li>Page d\u2019identit\u00e9<\/li>\n<li>Page d\u2019authentification des grades d\u00e9j\u00e0 obtenus<\/li>\n<li>Le cas \u00e9ch\u00e9ant, page des UV d\u00e9j\u00e0 obtenues avec les notes pour l\u2019examen concern\u00e9<\/li>\n<li>Le cas \u00e9ch\u00e9ant la page des points de bonifications acquis lors des stages d\u2019experts f\u00e9d\u00e9raux<\/li>\n<\/ul>\n<\/li>\n<li>L\u2019autorisation parentale pour les candidats mineurs<\/li>\n<li>Le courrier de la CSDGE en cas de d\u00e9rogation sp\u00e9ciale<\/li>\n<li>Une enveloppe timbr\u00e9e pour l&rsquo;envoi de votre convocation<\/li>\n<li>Un ch\u00e8que de 50 \u20ac \u00e0 l\u2019ordre du Comit\u00e9 D\u00e9partemental de Karat\u00e9 et disciplines associ\u00e9es des Ardennes\u00a0 ou un virement bancaire ( FR76 1562 9088 5400 0212 0140 137 Code bic : CMCIFR2A<\/li>\n<\/ul>\n<h4><\/h4>\n<h4>Le jour de l\u2019examen<\/h4>\n<p>Vous devez vous pr\u00e9senter avec :<\/p>\n<ul>\n<li>Votre karategi<\/li>\n<li>Votre passeport sportif<\/li>\n<li>Une pi\u00e8ce d\u2019identit\u00e9<\/li>\n<li>La\u00a0 convocation qui vous aura \u00e9t\u00e9 adress\u00e9e par le CODG au moyen de votre enveloppe timbr\u00e9e<\/li>\n<li>Vos cibles si vous avez \u00e0 pr\u00e9senter l\u2019UV Kihon.<\/li>\n<li>Une enveloppe format A4 (21\u00d729,7 cm) affranchie minimum \u00e0 250 gr, \u00e0 votre adresse et \u00e0 votre nom en vue du retour de votre passeport, carte et dipl\u00f4me. Elle vous sera demand\u00e9 en cas de r\u00e9ussite \u00e0 l\u2019examen.<\/li>\n<\/ul>\n<p>[\/vc_column_text][vc_column_text]<\/p>\n<h2>Explications compl\u00e9mentaires<\/h2>\n<p>Toutes demandes de d\u00e9rogation devront \u00eatre justifi\u00e9es et pr\u00e9sent\u00e9es directement \u00e0 la F\u00e9d\u00e9ration dans les temps imparties par la r\u00e8glementation : concernant les articles 205, 206, 207, 209 et 2016.<\/p>\n<ul>\n<li>Article 205 \u2013 Conditions d\u2019\u00e2ge pour les passages de Dans et grades \u00e9quivalents<\/li>\n<li>Article 206 \u2013 Temps de pratique entre chaque passage de Dans et Grades \u00e9quivalents<\/li>\n<li>Article 207 \u2013 Fr\u00e9quence des pages de Dans et Grades \u00e9quivalents<\/li>\n<li>Article 209 \u2013 Bonifications en temps de Pratique<\/li>\n<li>Article 216 \u2013 Reconnaissance des Dans et Grades \u00e9quivalents obtenus \u00e0 l\u2019\u00e9tranger<\/li>\n<\/ul>\n<p>Retrouver sur la <span style=\"color: #0000ff\"><a style=\"color: #0000ff\" href=\"https:\/\/www.ffkarate.fr\/espace-licencies\/grades\/\" target=\"_blank\" rel=\"noopener\">page grade du site f\u00e9d\u00e9ral<\/a><\/span> les informations compl\u00e9mentaires: r\u00e8glements CSDGE, demande de bonification en temps de pratique, demande de reconnaissance de grade obtenu \u00e0 l&rsquo;\u00e9tranger, passage de grade adapt\u00e9, demande de grade exceptionnel, etc..<\/p>\n<div id=\"page-documents\" class=\"content-area\"><\/div>\n<p>[\/vc_column_text][\/vc_column][\/vc_row][vc_row][vc_column][\/vc_column][\/vc_row][vc_row][vc_column][vc_column_text]<\/p>\n<div class=\"mceTemp\"><\/div>\n<p>[\/vc_column_text][\/vc_column][\/vc_row]<\/p>\n<\/div>","protected":false},"excerpt":{"rendered":"<p>Les diff\u00e9rents grades de Karat\u00e9 et Disciplines Associ\u00e9es forment un ensemble dans la progression des connaissances en Karat\u00e9 et Disciplines Associ\u00e9es.<\/p>\n","protected":false},"author":1,"featured_media":874,"parent":0,"menu_order":0,"comment_status":"closed","ping_status":"closed","template":"","meta":{"footnotes":""},"class_list":["post-23","page","type-page","status-publish","hentry"],"_links":{"self":[{"href":"https:\/\/sites.ffkarate.fr\/ardennes\/wp-json\/wp\/v2\/pages\/23","targetHints":{"allow":["GET"]}}],"collection":[{"href":"https:\/\/sites.ffkarate.fr\/ardennes\/wp-json\/wp\/v2\/pages"}],"about":[{"href":"https:\/\/sites.ffkarate.fr\/ardennes\/wp-json\/wp\/v2\/types\/page"}],"author":[{"embeddable":true,"href":"https:\/\/sites.ffkarate.fr\/ardennes\/wp-json\/wp\/v2\/users\/1"}],"replies":[{"embeddable":true,"href":"https:\/\/sites.ffkarate.fr\/ardennes\/wp-json\/wp\/v2\/comments?post=23"}],"version-history":[{"count":11,"href":"https:\/\/sites.ffkarate.fr\/ardennes\/wp-json\/wp\/v2\/pages\/23\/revisions"}],"predecessor-version":[{"id":2839,"href":"https:\/\/sites.ffkarate.fr\/ardennes\/wp-json\/wp\/v2\/pages\/23\/revisions\/2839"}],"wp:featuredmedia":[{"embeddable":true,"href":"https:\/\/sites.ffkarate.fr\/ardennes\/wp-json\/wp\/v2\/media\/874"}],"wp:attachment":[{"href":"https:\/\/sites.ffkarate.fr\/ardennes\/wp-json\/wp\/v2\/media?parent=23"}],"curies":[{"name":"wp","href":"https:\/\/api.w.org\/{rel}","templated":true}]}}