{"id":4,"date":"2021-05-07T15:35:17","date_gmt":"2021-05-07T13:35:17","guid":{"rendered":"https:\/\/sites.ffkarate.fr\/ardennes\/?page_id=4"},"modified":"2025-10-10T19:31:40","modified_gmt":"2025-10-10T17:31:40","slug":"presentation","status":"publish","type":"page","link":"https:\/\/sites.ffkarate.fr\/ardennes\/presentation\/","title":{"rendered":"Pr\u00e9sentation"},"content":{"rendered":"<div class=\"wpb-content-wrapper\"><p>[vc_row full_width=\u00a0\u00bbstretch_row_content\u00a0\u00bb bg_grey=\u00a0\u00bb1&Prime;][vc_column width=\u00a0\u00bb1\/4&Prime;][ffk_peoplecard image=\u00a0\u00bb2649&Prime; title=\u00a0\u00bbOlivier MARTIN\u00a0\u00bb subtitle=\u00a0\u00bbPr\u00e9sident\u00a0\u00bb description=\u00a0\u00bbcd.ardennes.karate@gmail.com\u00a0\u00bb][\/vc_column][vc_column width=\u00a0\u00bb3\/4&Prime;][vc_column_text]<\/p>\n<blockquote><p><em>\u00ab\u00a0Bienvenue sur le site officiel du Comit\u00e9 d\u00e9partemental !<\/em><\/p>\n<p><em>Vous trouverez sur ce site toute l\u2019actualit\u00e9 du karat\u00e9 et de ses disciplines associ\u00e9es :<\/em><br \/>\n<em>le calendrier des diff\u00e9rentes comp\u00e9titions, les passages de grade, stages et autres manifestations, mais aussi toutes les informations et documents n\u00e9cessaires aux dirigeants de club ainsi qu\u2019aux licenci\u00e9s.<\/em><\/p>\n<p><em>Bonne visite.\u00a0\u00bb <\/em><\/p>\n<p><strong>Le Pr\u00e9sident du Comit\u00e9 d\u00e9partemental<\/strong><\/p><\/blockquote>\n<p>[\/vc_column_text][\/vc_column][\/vc_row][vc_row][vc_column][\/vc_column][\/vc_row][vc_row][vc_column][ffk_peoplecard image=\u00a0\u00bb2649&Prime; title=\u00a0\u00bbOlivier MARTIN\u00a0\u00bb subtitle=\u00a0\u00bbPr\u00e9sident\u00a0\u00bb][\/vc_column][\/vc_row][vc_row][vc_column width=\u00a0\u00bb1\/4&Prime;][\/vc_column][vc_column width=\u00a0\u00bb1\/4&Prime;][ffk_peoplecard title=\u00a0\u00bbAlexandra GRAJEZYK-HEUSSNER\u00a0\u00bb subtitle=\u00a0\u00bbSecr\u00e9taire g\u00e9n\u00e9rale\u00a0\u00bb image=\u00a0\u00bb2694&Prime;][\/vc_column][vc_column width=\u00a0\u00bb1\/4&Prime;][ffk_peoplecard image=\u00a0\u00bb2680&Prime; title=\u00a0\u00bbSerge FLAMANT\u00a0\u00bb subtitle=\u00a0\u00bbTr\u00e9sorier\u00a0\u00bb][\/vc_column][vc_column width=\u00a0\u00bb1\/4&Prime;][\/vc_column][\/vc_row][vc_row][vc_column][vc_empty_space height=\u00a0\u00bb40&Prime;][ffk_peoplecard image=\u00a0\u00bb2682&Prime; title=\u00a0\u00bbDominique CAILLE\u00a0\u00bb subtitle=\u00a0\u00bbTr\u00e9sori\u00e8re adjointe\u00a0\u00bb][vc_row_inner content_placement=\u00a0\u00bbmiddle\u00a0\u00bb][vc_column_inner width=\u00a0\u00bb1\/4&Prime;][ffk_peoplecard title=\u00a0\u00bbGregory BEZRUKI\u00a0\u00bb subtitle=\u00a0\u00bbMembre\u00a0\u00bb][\/vc_column_inner][vc_column_inner width=\u00a0\u00bb1\/4&Prime;][ffk_peoplecard title=\u00a0\u00bbHocine DEHAS\u00a0\u00bb subtitle=\u00a0\u00bbMembre\u00a0\u00bb image=\u00a0\u00bb1660&Prime;][\/vc_column_inner][vc_column_inner width=\u00a0\u00bb1\/4&Prime;][ffk_peoplecard image=\u00a0\u00bb1591&Prime; title=\u00a0\u00bbChristophe ESTEBAN\u00a0\u00bb subtitle=\u00a0\u00bbMembre\u00a0\u00bb][\/vc_column_inner][\/vc_row_inner][vc_row_inner content_placement=\u00a0\u00bbmiddle\u00a0\u00bb][vc_column_inner width=\u00a0\u00bb1\/4&Prime;][ffk_peoplecard title=\u00a0\u00bbDavid GRAJEZYK\u00a0\u00bb subtitle=\u00a0\u00bbMembre\u00a0\u00bb image=\u00a0\u00bb2695&Prime;][\/vc_column_inner][vc_column_inner width=\u00a0\u00bb1\/4&Prime;][ffk_peoplecard image=\u00a0\u00bb2684&Prime; title=\u00a0\u00bbOlivier HUSSON\u00a0\u00bb subtitle=\u00a0\u00bbMembre\u00a0\u00bb][\/vc_column_inner][vc_column_inner width=\u00a0\u00bb1\/4&Prime;][ffk_peoplecard title=\u00a0\u00bbThierry METAIS\u00a0\u00bb subtitle=\u00a0\u00bbMembre\u00a0\u00bb image=\u00a0\u00bb2692&Prime;][\/vc_column_inner][\/vc_row_inner][\/vc_column][\/vc_row][vc_row][vc_column width=\u00a0\u00bb1\/4&Prime;][\/vc_column][vc_column width=\u00a0\u00bb1\/4&Prime;][\/vc_column][vc_column width=\u00a0\u00bb1\/4&Prime;][\/vc_column][vc_column width=\u00a0\u00bb1\/4&Prime;][\/vc_column][\/vc_row][vc_row][vc_column][vc_column_text]<strong>Association soutenue par :<\/strong><\/p>\n<p><span style=\"color: #0000ff\"><strong>le Conseil D\u00e9partemental des Ardennes<\/strong><\/span><\/p>\n<p><a href=\"https:\/\/sites.ffkarate.fr\/ardennes\/wp-content\/uploads\/sites\/23\/2017\/11\/Conseil-Departemental-08.jpg\"><img decoding=\"async\" class=\"alignnone size-full wp-image-211\" src=\"https:\/\/sites.ffkarate.fr\/ardennes\/wp-content\/uploads\/sites\/23\/2017\/11\/Conseil-Departemental-08.jpg\" alt=\"Conseil D\u00e9partemental 08\" width=\"200\" height=\"125\" \/><\/a><\/p>\n<p>&nbsp;<\/p>\n<p><span style=\"color: #0000ff\"><strong>La R\u00e9gion Grand Est<\/strong><\/span><\/p>\n<p><a href=\"https:\/\/sites.ffkarate.fr\/ardennes\/wp-content\/uploads\/sites\/23\/2015\/01\/logo-GRAND-EST.jpg\"><img decoding=\"async\" class=\"alignnone size-medium wp-image-216\" src=\"https:\/\/sites.ffkarate.fr\/ardennes\/wp-content\/uploads\/sites\/23\/2015\/01\/logo-GRAND-EST-300x116.jpg\" alt=\"logo GRAND EST\" width=\"300\" height=\"116\" \/><\/a><\/p>\n<p>&nbsp;<\/p>\n<p><span style=\"color: #0000ff\"><strong>Le Minist\u00e8re des sports \/ ANS<\/strong><\/span><\/p>\n<p><a href=\"https:\/\/sites.ffkarate.fr\/ardennes\/wp-content\/uploads\/sites\/23\/2015\/01\/kartcom_website_ksp_min_sports_cmjn-1.jpg\"><img decoding=\"async\" class=\"alignnone size-medium wp-image-1638\" src=\"https:\/\/sites.ffkarate.fr\/ardennes\/wp-content\/uploads\/sites\/23\/2015\/01\/kartcom_website_ksp_min_sports_cmjn-1-300x276.jpg\" alt=\"kartcom_website_ksp_min_sports_cmjn-1\" width=\"300\" height=\"276\" \/>\u00a0 <img decoding=\"async\" class=\"alignnone wp-image-1655\" src=\"https:\/\/sites.ffkarate.fr\/ardennes\/wp-content\/uploads\/sites\/23\/2021\/04\/ans_entete-1-768x378-1.jpg\" alt=\"\" width=\"504\" height=\"248\" \/><\/a>[\/vc_column_text][\/vc_column][vc_column][\/vc_column][\/vc_row][vc_row][vc_column][vc_column_text]<strong>Etat du Comit\u00e9 D\u00e9partemental de Karat\u00e9 et disciplines associ\u00e9es au 31-08-24 :<\/strong><\/p>\n<p>&#8211; 18 clubs<\/p>\n<p>&#8211; 1244 licenci\u00e9s dont 60% d\u2019hommes et 40% femmes.<\/p>\n<p>&#8211; Les s\u00e9niors repr\u00e9sentent la cat\u00e9gorie d\u2019\u00e2ge la plus importante avec 42% des licenci\u00e9s.<\/p>\n<p>&#8211; Le karat\u00e9 Do et le karat\u00e9 Full contact\/Contact et le karat\u00e9 Mix sont les styles les plus pratiqu\u00e9s dans les Ardennes.<\/p>\n<p>&#8211; 143 licenci\u00e9s sont titulaires de la ceinture noire.<\/p>\n<p><span style=\"text-decoration: underline\"><strong>Documents administratifs :<\/strong><\/span><\/p>\n<p><a href=\"https:\/\/sites.ffkarate.fr\/ardennes\/wp-content\/uploads\/sites\/23\/2024\/10\/0Rapport-dactivites-2023-24.pdf\">Rapport d&rsquo;activit\u00e9s 2023-2024<\/a><\/p>\n<p>&nbsp;<\/p>\n<p><a href=\"https:\/\/sites.ffkarate.fr\/ardennes\/wp-content\/uploads\/sites\/23\/2017\/11\/Statuts-du-CDK08-09-11-16-signes.pdf\" target=\"_blank\" rel=\"noopener\">Statuts adopt\u00e9s le 09-11-2016<\/a><\/p>\n<p><a href=\"https:\/\/sites.ffkarate.fr\/ardennes\/wp-content\/uploads\/sites\/23\/2017\/12\/RI-Ardennes.pdf\" target=\"_blank\" rel=\"noopener\">R\u00e8glement Int\u00e9rieur<\/a>[\/vc_column_text][\/vc_column][\/vc_row]<\/p>\n<\/div>","protected":false},"excerpt":{"rendered":"<p>[vc_row full_width=\u00a0\u00bbstretch_row_content\u00a0\u00bb bg_grey=\u00a0\u00bb1&Prime;][vc_column width=\u00a0\u00bb1\/4&Prime;][ffk_peoplecard image=\u00a0\u00bb2649&Prime; title=\u00a0\u00bbOlivier MARTIN\u00a0\u00bb subtitle=\u00a0\u00bbPr\u00e9sident\u00a0\u00bb description=\u00a0\u00bbcd.ardennes.karate@gmail.com\u00a0\u00bb][\/vc_column][vc_column width=\u00a0\u00bb3\/4&Prime;][vc_column_text] \u00ab\u00a0Bienvenue sur le site officiel du Comit\u00e9 d\u00e9partemental ! Vous trouverez sur ce site toute l\u2019actualit\u00e9 du karat\u00e9 et de ses disciplines associ\u00e9es : le calendrier des diff\u00e9rentes comp\u00e9titions, les passages de grade, stages et autres manifestations, mais aussi toutes les informations et documents n\u00e9cessaires [&hellip;]<\/p>\n","protected":false},"author":1,"featured_media":0,"parent":0,"menu_order":0,"comment_status":"closed","ping_status":"closed","template":"page-fullwidth.php","meta":{"footnotes":""},"class_list":["post-4","page","type-page","status-publish","hentry"],"_links":{"self":[{"href":"https:\/\/sites.ffkarate.fr\/ardennes\/wp-json\/wp\/v2\/pages\/4","targetHints":{"allow":["GET"]}}],"collection":[{"href":"https:\/\/sites.ffkarate.fr\/ardennes\/wp-json\/wp\/v2\/pages"}],"about":[{"href":"https:\/\/sites.ffkarate.fr\/ardennes\/wp-json\/wp\/v2\/types\/page"}],"author":[{"embeddable":true,"href":"https:\/\/sites.ffkarate.fr\/ardennes\/wp-json\/wp\/v2\/users\/1"}],"replies":[{"embeddable":true,"href":"https:\/\/sites.ffkarate.fr\/ardennes\/wp-json\/wp\/v2\/comments?post=4"}],"version-history":[{"count":11,"href":"https:\/\/sites.ffkarate.fr\/ardennes\/wp-json\/wp\/v2\/pages\/4\/revisions"}],"predecessor-version":[{"id":2804,"href":"https:\/\/sites.ffkarate.fr\/ardennes\/wp-json\/wp\/v2\/pages\/4\/revisions\/2804"}],"wp:attachment":[{"href":"https:\/\/sites.ffkarate.fr\/ardennes\/wp-json\/wp\/v2\/media?parent=4"}],"curies":[{"name":"wp","href":"https:\/\/api.w.org\/{rel}","templated":true}]}}