{"id":431,"date":"2017-11-22T17:16:18","date_gmt":"2017-11-22T16:16:18","guid":{"rendered":"https:\/\/sites.ffkarate.fr\/ardennes\/?page_id=431"},"modified":"2023-04-26T18:05:24","modified_gmt":"2023-04-26T16:05:24","slug":"presse","status":"publish","type":"page","link":"https:\/\/sites.ffkarate.fr\/ardennes\/presse\/","title":{"rendered":"Presse"},"content":{"rendered":"<div class=\"wpb-content-wrapper\"><p>[vc_row][vc_column][vc_column_text]<\/p>\n<h2>Gala Full contact le 10\/12\/2022 \u00e0 Vireux Wallerand<\/h2>\n<p><img decoding=\"async\" class=\"alignnone size-medium wp-image-2397\" src=\"https:\/\/sites.ffkarate.fr\/ardennes\/wp-content\/uploads\/sites\/23\/2023\/04\/FB_IMG_1681721338898-e1682524782575-255x300.jpg\" alt=\"\" width=\"255\" height=\"300\" srcset=\"https:\/\/sites.ffkarate.fr\/ardennes\/wp-content\/uploads\/sites\/23\/2023\/04\/FB_IMG_1681721338898-e1682524782575-255x300.jpg 255w, https:\/\/sites.ffkarate.fr\/ardennes\/wp-content\/uploads\/sites\/23\/2023\/04\/FB_IMG_1681721338898-e1682524782575-869x1024.jpg 869w, https:\/\/sites.ffkarate.fr\/ardennes\/wp-content\/uploads\/sites\/23\/2023\/04\/FB_IMG_1681721338898-e1682524782575-768x905.jpg 768w, https:\/\/sites.ffkarate.fr\/ardennes\/wp-content\/uploads\/sites\/23\/2023\/04\/FB_IMG_1681721338898-e1682524782575.jpg 947w\" sizes=\"(max-width: 255px) 100vw, 255px\" \/><img decoding=\"async\" class=\"alignnone size-medium wp-image-2399\" src=\"https:\/\/sites.ffkarate.fr\/ardennes\/wp-content\/uploads\/sites\/23\/2023\/04\/FB_IMG_1681721278254-e1682524982415-300x227.jpg\" alt=\"\" width=\"300\" height=\"227\" \/><\/p>\n<hr \/>\n<p><strong>Championnat de France de Karat\u00e9 Semi-Contact \u00e0 Charleville-M\u00e9zi\u00e8res les 16 et 17 Mars 2019<\/strong><\/p>\n<p><a href=\"http:\/\/www.ffkarate.fr\/wp-content\/uploads\/2019\/03\/Ch_Fr_Karate-Semi-Contact_2018.pdf\" target=\"_blank\" rel=\"noopener\">R\u00e9sultats<\/a><\/p>\n<p><img decoding=\"async\" class=\"alignnone size-medium wp-image-1065\" src=\"https:\/\/sites.ffkarate.fr\/ardennes\/wp-content\/uploads\/sites\/23\/2019\/02\/Presse-regionale-19-3-19-183x300.jpg\" alt=\"Presse r\u00e9gionale 19-3-19\" width=\"183\" height=\"300\" \/><\/p>\n<p><a href=\"https:\/\/sites.ffkarate.fr\/ardennes\/wp-content\/uploads\/sites\/23\/2019\/02\/Presse-regionale-19-3-19.jpg\" target=\"_blank\" rel=\"noopener\">presse r\u00e9gionale du 19 mars 2019<\/a><\/p>\n<p><span style=\"font-family: Arial;font-size: small\">Reportage sur FR3 : <a href=\"https:\/\/france3-regions.francetvinfo.fr\/grand-est\/emissions\/jt-1920-champagne-ardenne\" target=\"_blank\" rel=\"noopener\">https:\/\/france3-regions.francetvinfo.fr\/grand-est\/emissions\/jt-1920-champagne-ardenne<\/a><\/span><\/p>\n<p>Dimanche 17\u00a0mars, \u00e0 9&rsquo;47.<\/p>\n<p><a href=\"https:\/\/sites.ffkarate.fr\/ardennes\/wp-content\/uploads\/sites\/23\/2017\/11\/France-3.png\"><img decoding=\"async\" class=\"alignnone size-medium wp-image-1068\" src=\"https:\/\/sites.ffkarate.fr\/ardennes\/wp-content\/uploads\/sites\/23\/2017\/11\/France-3-300x234.png\" alt=\"France 3\" width=\"300\" height=\"234\" \/><\/a><\/p>\n<p>&nbsp;<\/p>\n<hr \/>\n<p>&nbsp;<\/p>\n<p><strong>Championnat de France de Karat\u00e9 Semi-Contact \u00e0 Charleville-M\u00e9zi\u00e8res les 17 et 18 Mars 2018<\/strong><\/p>\n<p>le 21 mars 2018, site f\u00e9d\u00e9ral :<\/p>\n<p><a href=\"https:\/\/sites.ffkarate.fr\/ardennes\/wp-content\/uploads\/sites\/116\/2018\/03\/Presse-21-03-18-apr\u00e8s-ChampFce.jpg\"><img decoding=\"async\" class=\"alignnone size-medium wp-image-662\" src=\"https:\/\/sites.ffkarate.fr\/ardennes\/wp-content\/uploads\/sites\/116\/2018\/03\/Presse-21-03-18-apr\u00e8s-ChampFce-212x300.jpg\" alt=\"Presse 21-03-18 apr\u00e8s ChampFce\" width=\"212\" height=\"300\" \/>lien f\u00e9d\u00e9ral<\/a><\/p>\n<p><a href=\"https:\/\/sites.ffkarate.fr\/ardennes\/wp-content\/uploads\/sites\/116\/2018\/03\/La-Semaine-des-Ardennes-16-mars-2018.jpg\" target=\"_blank\" rel=\"noopener\">La semaine des Ardennes &#8211; 16 mars 2018<\/a><\/p>\n<p><a href=\"https:\/\/sites.ffkarate.fr\/ardennes\/wp-content\/uploads\/sites\/116\/2018\/03\/La-Semaine-des-Ardennes-16-mars-2018.jpg\"><img decoding=\"async\" class=\"alignnone size-medium wp-image-633\" src=\"https:\/\/sites.ffkarate.fr\/ardennes\/wp-content\/uploads\/sites\/116\/2018\/03\/La-Semaine-des-Ardennes-16-mars-2018-300x123.jpg\" alt=\"La Semaine des Ardennes - 16 mars 2018\" width=\"300\" height=\"123\" \/><\/a><\/p>\n<p>&nbsp;<\/p>\n<p>le 13 mars 2018, site f\u00e9d\u00e9ral :<\/p>\n<p><a href=\"https:\/\/sites.ffkarate.fr\/ardennes\/wp-content\/uploads\/sites\/116\/2017\/11\/FFK-Sit\u00e9-f\u00e9d\u00e9ral-13-mars-2018.jpg\"><img decoding=\"async\" class=\"alignnone size-medium wp-image-664\" src=\"https:\/\/sites.ffkarate.fr\/ardennes\/wp-content\/uploads\/sites\/116\/2017\/11\/FFK-Sit\u00e9-f\u00e9d\u00e9ral-13-mars-2018-212x300.jpg\" alt=\"FFK Sit\u00e9 f\u00e9d\u00e9ral- 13 mars 2018\" width=\"212\" height=\"300\" \/><\/a><\/p>\n<p>[\/vc_column_text][\/vc_column][\/vc_row]<\/p>\n<\/div>","protected":false},"excerpt":{"rendered":"<p>[vc_row][vc_column][vc_column_text] Gala Full contact le 10\/12\/2022 \u00e0 Vireux Wallerand Championnat de France de Karat\u00e9 Semi-Contact \u00e0 Charleville-M\u00e9zi\u00e8res les 16 et 17 Mars 2019 R\u00e9sultats presse r\u00e9gionale du 19 mars 2019 Reportage sur FR3 : https:\/\/france3-regions.francetvinfo.fr\/grand-est\/emissions\/jt-1920-champagne-ardenne Dimanche 17\u00a0mars, \u00e0 9&rsquo;47. &nbsp; &nbsp; Championnat de France de Karat\u00e9 Semi-Contact \u00e0 Charleville-M\u00e9zi\u00e8res les 17 et 18 Mars 2018 [&hellip;]<\/p>\n","protected":false},"author":73,"featured_media":0,"parent":0,"menu_order":0,"comment_status":"closed","ping_status":"closed","template":"","meta":{"footnotes":""},"class_list":["post-431","page","type-page","status-publish","hentry"],"_links":{"self":[{"href":"https:\/\/sites.ffkarate.fr\/ardennes\/wp-json\/wp\/v2\/pages\/431","targetHints":{"allow":["GET"]}}],"collection":[{"href":"https:\/\/sites.ffkarate.fr\/ardennes\/wp-json\/wp\/v2\/pages"}],"about":[{"href":"https:\/\/sites.ffkarate.fr\/ardennes\/wp-json\/wp\/v2\/types\/page"}],"author":[{"embeddable":true,"href":"https:\/\/sites.ffkarate.fr\/ardennes\/wp-json\/wp\/v2\/users\/73"}],"replies":[{"embeddable":true,"href":"https:\/\/sites.ffkarate.fr\/ardennes\/wp-json\/wp\/v2\/comments?post=431"}],"version-history":[{"count":1,"href":"https:\/\/sites.ffkarate.fr\/ardennes\/wp-json\/wp\/v2\/pages\/431\/revisions"}],"predecessor-version":[{"id":2401,"href":"https:\/\/sites.ffkarate.fr\/ardennes\/wp-json\/wp\/v2\/pages\/431\/revisions\/2401"}],"wp:attachment":[{"href":"https:\/\/sites.ffkarate.fr\/ardennes\/wp-json\/wp\/v2\/media?parent=431"}],"curies":[{"name":"wp","href":"https:\/\/api.w.org\/{rel}","templated":true}]}}