{"id":63,"date":"2021-05-10T10:46:04","date_gmt":"2021-05-10T08:46:04","guid":{"rendered":"https:\/\/sites.ffkarate.fr\/ardennes\/?page_id=63"},"modified":"2021-05-29T20:08:23","modified_gmt":"2021-05-29T18:08:23","slug":"disciplines","status":"publish","type":"page","link":"https:\/\/sites.ffkarate.fr\/ardennes\/disciplines\/","title":{"rendered":"Disciplines"},"content":{"rendered":"<div class=\"wpb-content-wrapper\"><p>[vc_row][vc_column][vc_empty_space height=\u00a0\u00bb40px\u00a0\u00bb][\/vc_column][\/vc_row][vc_row][vc_column width=\u00a0\u00bb1\/4&Prime;][vc_single_image image=\u00a0\u00bb65&Prime; img_size=\u00a0\u00bbmedium\u00a0\u00bb alignment=\u00a0\u00bbcenter\u00a0\u00bb onclick=\u00a0\u00bbcustom_link\u00a0\u00bb link=\u00a0\u00bbhttps:\/\/sites.ffkarate.fr\/ardennes\/disciplines\/karate\/\u00a0\u00bb][\/vc_column][vc_column width=\u00a0\u00bb1\/4&Prime;][vc_single_image image=\u00a0\u00bb67&Prime; img_size=\u00a0\u00bbmedium\u00a0\u00bb alignment=\u00a0\u00bbcenter\u00a0\u00bb onclick=\u00a0\u00bbcustom_link\u00a0\u00bb link=\u00a0\u00bbhttps:\/\/sites.ffkarate.fr\/ardennes\/disciplines\/arts-martiaux-vietnamiens\/\u00a0\u00bb][\/vc_column][vc_column width=\u00a0\u00bb1\/4&Prime;][vc_single_image image=\u00a0\u00bb68&Prime; img_size=\u00a0\u00bbmedium\u00a0\u00bb alignment=\u00a0\u00bbcenter\u00a0\u00bb onclick=\u00a0\u00bbcustom_link\u00a0\u00bb link=\u00a0\u00bbhttps:\/\/sites.ffkarate.fr\/ardennes\/disciplines\/krav-maga\/\u00a0\u00bb][\/vc_column][vc_column width=\u00a0\u00bb1\/4&Prime;][vc_single_image image=\u00a0\u00bb69&Prime; img_size=\u00a0\u00bbmedium\u00a0\u00bb alignment=\u00a0\u00bbcenter\u00a0\u00bb onclick=\u00a0\u00bbcustom_link\u00a0\u00bb link=\u00a0\u00bbhttps:\/\/sites.ffkarate.fr\/ardennes\/disciplines\/yoseikan-budo\/\u00a0\u00bb][\/vc_column][\/vc_row][vc_row][vc_column width=\u00a0\u00bb1\/4&Prime;][vc_single_image image=\u00a0\u00bb70&Prime; img_size=\u00a0\u00bbmedium\u00a0\u00bb alignment=\u00a0\u00bbcenter\u00a0\u00bb onclick=\u00a0\u00bbcustom_link\u00a0\u00bb link=\u00a0\u00bbhttps:\/\/sites.ffkarate.fr\/ardennes\/disciplines\/wushu-arts-martiaux-chinois\/\u00a0\u00bb][\/vc_column][vc_column width=\u00a0\u00bb1\/4&Prime;][vc_single_image image=\u00a0\u00bb71&Prime; img_size=\u00a0\u00bbmedium\u00a0\u00bb alignment=\u00a0\u00bbcenter\u00a0\u00bb onclick=\u00a0\u00bbcustom_link\u00a0\u00bb link=\u00a0\u00bbhttps:\/\/sites.ffkarate.fr\/ardennes\/disciplines\/arts-martiaux-du-sud-est-asiatique\/\u00a0\u00bb][\/vc_column][vc_column width=\u00a0\u00bb1\/4&Prime;][vc_single_image image=\u00a0\u00bb72&Prime; img_size=\u00a0\u00bbmedium\u00a0\u00bb alignment=\u00a0\u00bbcenter\u00a0\u00bb onclick=\u00a0\u00bbcustom_link\u00a0\u00bb link=\u00a0\u00bbhttps:\/\/sites.ffkarate.fr\/ardennes\/disciplines\/karate-full-contact-karate-contact\/\u00a0\u00bb css=\u00a0\u00bb.vc_custom_1617727544980{padding-bottom: -30px !important;}\u00a0\u00bb][vc_column_text css=\u00a0\u00bb.vc_custom_1617727576014{margin-top: -50px !important;}\u00a0\u00bb]<\/p>\n<h5 style=\"text-align: center\">Karat\u00e9 Full Contact<\/h5>\n<p>[\/vc_column_text][\/vc_column][vc_column width=\u00a0\u00bb1\/4&Prime;][vc_single_image image=\u00a0\u00bb73&Prime; img_size=\u00a0\u00bbmedium\u00a0\u00bb alignment=\u00a0\u00bbcenter\u00a0\u00bb onclick=\u00a0\u00bbcustom_link\u00a0\u00bb link=\u00a0\u00bbhttps:\/\/sites.ffkarate.fr\/ardennes\/disciplines\/karate-mix\/\u00a0\u00bb][vc_column_text css=\u00a0\u00bb.vc_custom_1617727589958{margin-top: -50px !important;}\u00a0\u00bb]<\/p>\n<h5 style=\"text-align: center\">Karat\u00e9 Mix<\/h5>\n<p>[\/vc_column_text][\/vc_column][\/vc_row][vc_row][vc_column][vc_empty_space height=\u00a0\u00bb80px\u00a0\u00bb][\/vc_column][\/vc_row][vc_row][vc_column][vc_column_text]<strong>Le Karat\u00e9 est un\u00a0art martial japonais qui tient son origine de l\u2019\u00eele d\u2019Okinawa.<\/strong>\u00a0Il\u00a0consiste en l\u2019utilisation de techniques \u00e0 la fois offensives et d\u00e9fensives\u00a0faisant\u00a0appel \u00e0 toutes les parties du corps : mains, pieds, etc.<\/p>\n<div class=\"mise-en-avant\">Signification des mots : kara = vide ; te = main ; do = la voie, soit : \u00ab la voie de la main vide \u00bb.<\/div>\n<p>Les comp\u00e9titions de karat\u00e9 se font sous deux formes :<\/p>\n<ul>\n<li><strong>Combat :<\/strong>\u00a0En japonais, on le nomme \u00ab\u00a0<em>Kumite<\/em>\u00a0\u00bb. Le combat de comp\u00e9tition oppose deux athl\u00e8tes durant un temps donn\u00e9 sur un tatami. Chaque athl\u00e8te est \u00e9quip\u00e9 de protections et d\u2019une ceinture de couleur (rouge ou bleue) afin de bien les diff\u00e9rencier. (<em>Voir la vid\u00e9o\u00a0<a href=\"http:\/\/www.dailymotion.com\/video\/xowwf2_qu-est-ce-que-le-karate-combat_sport\" target=\"_blank\" rel=\"noopener\">\u00ab\u00a0Qu\u2019est ce que le Karat\u00e9 Combat ?\u00a0\u00bb<\/a><\/em>)<\/li>\n<li><strong>Kata :<\/strong>\u00a0Il s\u2019agit d\u2019un enchainement de mouvements qui suit un diagramme bien d\u00e9fini. Son origine forme un corps de techniques qui est immuable et qui traverse le temps de mani\u00e8re inchang\u00e9e. L\u2019athl\u00e8te effectue un encha\u00eenement de mouvements contre plusieurs adversaires qui est not\u00e9 selon des crit\u00e8res pr\u00e9cis (pr\u00e9cision, vitesse, etc.). Il existe deux types de comp\u00e9titions en kata : individuel et par \u00e9quipe (3 athl\u00e8tes repr\u00e9sentent une m\u00eame \u00e9quipe et effectuent le kata simultan\u00e9ment). (<em>Voir la vid\u00e9o\u00a0<a href=\"http:\/\/www.dailymotion.com\/video\/xookur_qu-est-ce-que-le-karate-kata_sport\" target=\"_blank\" rel=\"noopener\">\u00ab\u00a0Qu\u2019est ce que le Karat\u00e9 Kata ?\u00a0\u00bb<\/a><\/em>)<\/li>\n<\/ul>\n<p>&nbsp;<\/p>\n<p><strong>Le Karat\u00e9 est un sport accessible \u00e0 tous.<\/strong>\u00a0L\u2019ensemble des cours propos\u00e9s par les enseignants dipl\u00f4m\u00e9s de la FFKDA peuvent \u00eatre suivis en toute s\u00e9curit\u00e9 par n\u2019importe quel pratiquant, du d\u00e9butant au pratiquant chevronn\u00e9.<\/p>\n<p>Afin de s\u2019adapter aux sp\u00e9cificit\u00e9s et aux motivations de chacun la f\u00e9d\u00e9ration a mis en place des dispositifs sp\u00e9cifiques, \u00e0 disposition des clubs qui le souhaitent, pour les soutenir dans\u00a0<strong>le d\u00e9veloppement de tous les types de pratique<\/strong>.<\/p>\n<p>&nbsp;<\/p>\n<p>Par d\u00e9crets minist\u00e9riels, les disciplines sportives suivantes (aussi appel\u00e9es \u00ab\u00a0Disciplines Associ\u00e9es\u00a0\u00bb) ont \u00e9t\u00e9 attribu\u00e9es \u00e0 la FFKDA :<\/p>\n<ul>\n<li><strong>Krav Maga<\/strong><\/li>\n<li><strong>Arts Martiaux Vietnamiens<\/strong>\u00a0(Traditionnels, Vovinam Viet Vo Dao)<\/li>\n<li><strong>Arts Martiaux Chinois<\/strong>\u00a0(Kung-Fu Wushu, Sanda, Tai Chi, Ci Qong)<\/li>\n<li><strong>Yoseikan Budo<\/strong><\/li>\n<li>et d\u2019autres disciplines telles que les\u00a0<strong>Arts Martiaux du Sud-Est Asiatique,\u00a0<\/strong><strong>le Kali Eskrima,\u00a0<\/strong><strong>le Penchak Silat.<\/strong><\/li>\n<\/ul>\n<p>Mais aussi les styles de Karat\u00e9 tels que :<\/p>\n<ul>\n<li><strong>Kempo,<\/strong><\/li>\n<li><strong>Karat\u00e9 d\u00e9fense,<\/strong><\/li>\n<li><strong>Ta\u00ef-jitsu,<\/strong><\/li>\n<li><strong>Kobudo,<\/strong><\/li>\n<li><strong>Nunchaku,\u2026<\/strong><\/li>\n<\/ul>\n<p>Et bien entendu\u00a0d\u2019autres disciplines sportives historiquement pratiqu\u00e9es au sein de la FFKDA telles que :<\/p>\n<ul>\n<li><strong>Karat\u00e9 Full et Light Contact<\/strong><\/li>\n<li><strong>Body Karat\u00e9<\/strong><\/li>\n<\/ul>\n<p>[\/vc_column_text][\/vc_column][\/vc_row]<\/p>\n<\/div>","protected":false},"excerpt":{"rendered":"<p>[vc_row][vc_column][vc_empty_space height=\u00a0\u00bb40px\u00a0\u00bb][\/vc_column][\/vc_row][vc_row][vc_column width=\u00a0\u00bb1\/4&Prime;][vc_single_image image=\u00a0\u00bb65&Prime; img_size=\u00a0\u00bbmedium\u00a0\u00bb alignment=\u00a0\u00bbcenter\u00a0\u00bb onclick=\u00a0\u00bbcustom_link\u00a0\u00bb link=\u00a0\u00bbhttps:\/\/sites.ffkarate.fr\/ardennes\/disciplines\/karate\/\u00a0\u00bb][\/vc_column][vc_column width=\u00a0\u00bb1\/4&Prime;][vc_single_image image=\u00a0\u00bb67&Prime; img_size=\u00a0\u00bbmedium\u00a0\u00bb alignment=\u00a0\u00bbcenter\u00a0\u00bb onclick=\u00a0\u00bbcustom_link\u00a0\u00bb link=\u00a0\u00bbhttps:\/\/sites.ffkarate.fr\/ardennes\/disciplines\/arts-martiaux-vietnamiens\/\u00a0\u00bb][\/vc_column][vc_column width=\u00a0\u00bb1\/4&Prime;][vc_single_image image=\u00a0\u00bb68&Prime; img_size=\u00a0\u00bbmedium\u00a0\u00bb alignment=\u00a0\u00bbcenter\u00a0\u00bb onclick=\u00a0\u00bbcustom_link\u00a0\u00bb link=\u00a0\u00bbhttps:\/\/sites.ffkarate.fr\/ardennes\/disciplines\/krav-maga\/\u00a0\u00bb][\/vc_column][vc_column width=\u00a0\u00bb1\/4&Prime;][vc_single_image image=\u00a0\u00bb69&Prime; img_size=\u00a0\u00bbmedium\u00a0\u00bb alignment=\u00a0\u00bbcenter\u00a0\u00bb onclick=\u00a0\u00bbcustom_link\u00a0\u00bb link=\u00a0\u00bbhttps:\/\/sites.ffkarate.fr\/ardennes\/disciplines\/yoseikan-budo\/\u00a0\u00bb][\/vc_column][\/vc_row][vc_row][vc_column width=\u00a0\u00bb1\/4&Prime;][vc_single_image image=\u00a0\u00bb70&Prime; img_size=\u00a0\u00bbmedium\u00a0\u00bb alignment=\u00a0\u00bbcenter\u00a0\u00bb onclick=\u00a0\u00bbcustom_link\u00a0\u00bb link=\u00a0\u00bbhttps:\/\/sites.ffkarate.fr\/ardennes\/disciplines\/wushu-arts-martiaux-chinois\/\u00a0\u00bb][\/vc_column][vc_column width=\u00a0\u00bb1\/4&Prime;][vc_single_image image=\u00a0\u00bb71&Prime; img_size=\u00a0\u00bbmedium\u00a0\u00bb alignment=\u00a0\u00bbcenter\u00a0\u00bb onclick=\u00a0\u00bbcustom_link\u00a0\u00bb link=\u00a0\u00bbhttps:\/\/sites.ffkarate.fr\/ardennes\/disciplines\/arts-martiaux-du-sud-est-asiatique\/\u00a0\u00bb][\/vc_column][vc_column width=\u00a0\u00bb1\/4&Prime;][vc_single_image image=\u00a0\u00bb72&Prime; img_size=\u00a0\u00bbmedium\u00a0\u00bb alignment=\u00a0\u00bbcenter\u00a0\u00bb onclick=\u00a0\u00bbcustom_link\u00a0\u00bb link=\u00a0\u00bbhttps:\/\/sites.ffkarate.fr\/ardennes\/disciplines\/karate-full-contact-karate-contact\/\u00a0\u00bb css=\u00a0\u00bb.vc_custom_1617727544980{padding-bottom: -30px !important;}\u00a0\u00bb][vc_column_text css=\u00a0\u00bb.vc_custom_1617727576014{margin-top: -50px !important;}\u00a0\u00bb] Karat\u00e9 Full Contact [\/vc_column_text][\/vc_column][vc_column width=\u00a0\u00bb1\/4&Prime;][vc_single_image [&hellip;]<\/p>\n","protected":false},"author":1,"featured_media":0,"parent":0,"menu_order":0,"comment_status":"closed","ping_status":"closed","template":"page-fullwidth.php","meta":{"footnotes":""},"class_list":["post-63","page","type-page","status-publish","hentry"],"_links":{"self":[{"href":"https:\/\/sites.ffkarate.fr\/ardennes\/wp-json\/wp\/v2\/pages\/63","targetHints":{"allow":["GET"]}}],"collection":[{"href":"https:\/\/sites.ffkarate.fr\/ardennes\/wp-json\/wp\/v2\/pages"}],"about":[{"href":"https:\/\/sites.ffkarate.fr\/ardennes\/wp-json\/wp\/v2\/types\/page"}],"author":[{"embeddable":true,"href":"https:\/\/sites.ffkarate.fr\/ardennes\/wp-json\/wp\/v2\/users\/1"}],"replies":[{"embeddable":true,"href":"https:\/\/sites.ffkarate.fr\/ardennes\/wp-json\/wp\/v2\/comments?post=63"}],"version-history":[{"count":1,"href":"https:\/\/sites.ffkarate.fr\/ardennes\/wp-json\/wp\/v2\/pages\/63\/revisions"}],"predecessor-version":[{"id":1733,"href":"https:\/\/sites.ffkarate.fr\/ardennes\/wp-json\/wp\/v2\/pages\/63\/revisions\/1733"}],"wp:attachment":[{"href":"https:\/\/sites.ffkarate.fr\/ardennes\/wp-json\/wp\/v2\/media?parent=63"}],"curies":[{"name":"wp","href":"https:\/\/api.w.org\/{rel}","templated":true}]}}