{"id":645,"date":"2018-03-28T22:21:02","date_gmt":"2018-03-28T20:21:02","guid":{"rendered":"https:\/\/sites.ffkarate.fr\/ardennes\/?page_id=645"},"modified":"2022-09-07T21:47:07","modified_gmt":"2022-09-07T19:47:07","slug":"arbitrage","status":"publish","type":"page","link":"https:\/\/sites.ffkarate.fr\/ardennes\/arbitrage\/","title":{"rendered":"Arbitrage"},"content":{"rendered":"<div class=\"wpb-content-wrapper\"><p>[vc_row][vc_column][vc_column_text]<span style=\"color: #0000ff\">Stage r\u00e9gional ouvert \u00e0 tous : arbitres, juges, coachs, athl\u00e8tes et entraineurs, le 03 septembre 2022 \u00e0 Bazeilles.<\/span><br \/>\nStage anim\u00e9 par J\u00e9r\u00e9my SUTERA SARDO, arbitre mondial<\/p>\n<p>13 personnes pr\u00e9sentes sur la dur\u00e9e du stage (2h30) :<br \/>\n\u2022 1 Arbitres Nationaux<br \/>\n\u2022 8 Arbitres R\u00e9gionaux<br \/>\n\u2022 4 Arbitres D\u00e9partementaux<\/p>\n<p>La formation a \u00e9t\u00e9 ax\u00e9e sur la r\u00e9glementation kumit\u00e9\/ kata et mise en situation avec projection vid\u00e9o.<br \/>\nL\u2019organisation d\u2019un quizz a beaucoup plus.<br \/>\nLa saison prochaine le stage sera officialis\u00e9 courant juin 2023 pour que les arbitres prennent leurs dispositions.<\/p>\n<p><img decoding=\"async\" class=\"alignnone size-medium wp-image-2233\" src=\"https:\/\/sites.ffkarate.fr\/ardennes\/wp-content\/uploads\/sites\/23\/2022\/08\/STAGE-REGIONAL-DARBITRAGE-03-09-22-212x300.jpg\" alt=\"\" width=\"212\" height=\"300\" srcset=\"https:\/\/sites.ffkarate.fr\/ardennes\/wp-content\/uploads\/sites\/23\/2022\/08\/STAGE-REGIONAL-DARBITRAGE-03-09-22-212x300.jpg 212w, https:\/\/sites.ffkarate.fr\/ardennes\/wp-content\/uploads\/sites\/23\/2022\/08\/STAGE-REGIONAL-DARBITRAGE-03-09-22-724x1024.jpg 724w, https:\/\/sites.ffkarate.fr\/ardennes\/wp-content\/uploads\/sites\/23\/2022\/08\/STAGE-REGIONAL-DARBITRAGE-03-09-22-768x1086.jpg 768w, https:\/\/sites.ffkarate.fr\/ardennes\/wp-content\/uploads\/sites\/23\/2022\/08\/STAGE-REGIONAL-DARBITRAGE-03-09-22-1086x1536.jpg 1086w, https:\/\/sites.ffkarate.fr\/ardennes\/wp-content\/uploads\/sites\/23\/2022\/08\/STAGE-REGIONAL-DARBITRAGE-03-09-22-1448x2048.jpg 1448w, https:\/\/sites.ffkarate.fr\/ardennes\/wp-content\/uploads\/sites\/23\/2022\/08\/STAGE-REGIONAL-DARBITRAGE-03-09-22-scaled.jpg 1810w\" sizes=\"(max-width: 212px) 100vw, 212px\" \/><\/p>\n<hr \/>\n<p><a href=\"https:\/\/sites.ffkarate.fr\/ardennes\/wp-content\/uploads\/sites\/23\/2021\/11\/Stage-arbitrage-20-11-2021.pdf\">Stage d\u00e9partemental d&rsquo;arbitrage<\/a> le 20\/11\/2021 \u00e0 Bazeilles<\/p>\n<p>14 personnes pr\u00e9sentes sur la dur\u00e9e du stage (2h30)\u00a0:<\/p>\n<ul>\n<li>3 Arbitres Nationaux<\/li>\n<li>1 Arbitre R\u00e9gional<\/li>\n<li>7 Arbitres D\u00e9partementaux<\/li>\n<li>3 Stagiaires, jeunes arbitres<\/li>\n<\/ul>\n<p>La formation a \u00e9t\u00e9 ax\u00e9e sur la r\u00e9glementation combat traditionnel et karat\u00e9 contact.<\/p>\n<p>Un QCM combat et un QCM sur le karat\u00e9 contact a \u00e9t\u00e9 propos\u00e9, ceux-ci seront revus au prochain stage pour la correction.<\/p>\n<p>La tenue de tableaux de comp\u00e9tition ainsi que les tirages aux sorts et rep\u00eachages ont \u00e9t\u00e9 effectu\u00e9s.<\/p>\n<p><img decoding=\"async\" class=\"alignnone size-medium wp-image-2039\" src=\"https:\/\/sites.ffkarate.fr\/ardennes\/wp-content\/uploads\/sites\/23\/2021\/11\/stage-arbitrage-20-11-2021-300x225.png\" alt=\"\" width=\"300\" height=\"225\" srcset=\"https:\/\/sites.ffkarate.fr\/ardennes\/wp-content\/uploads\/sites\/23\/2021\/11\/stage-arbitrage-20-11-2021-300x225.png 300w, https:\/\/sites.ffkarate.fr\/ardennes\/wp-content\/uploads\/sites\/23\/2021\/11\/stage-arbitrage-20-11-2021-1024x768.png 1024w, https:\/\/sites.ffkarate.fr\/ardennes\/wp-content\/uploads\/sites\/23\/2021\/11\/stage-arbitrage-20-11-2021-768x576.png 768w, https:\/\/sites.ffkarate.fr\/ardennes\/wp-content\/uploads\/sites\/23\/2021\/11\/stage-arbitrage-20-11-2021-400x300.png 400w, https:\/\/sites.ffkarate.fr\/ardennes\/wp-content\/uploads\/sites\/23\/2021\/11\/stage-arbitrage-20-11-2021.png 1280w\" sizes=\"(max-width: 300px) 100vw, 300px\" \/>\u00a0 \u00a0 <img decoding=\"async\" class=\"alignnone size-medium wp-image-1943\" src=\"https:\/\/sites.ffkarate.fr\/ardennes\/wp-content\/uploads\/sites\/23\/2021\/11\/Diapositive1-212x300.jpg\" alt=\"\" width=\"212\" height=\"300\" \/>[\/vc_column_text][\/vc_column][\/vc_row][vc_row][vc_column][\/vc_column][\/vc_row]<\/p>\n<\/div>","protected":false},"excerpt":{"rendered":"<p>[vc_row][vc_column][vc_column_text]Stage r\u00e9gional ouvert \u00e0 tous : arbitres, juges, coachs, athl\u00e8tes et entraineurs, le 03 septembre 2022 \u00e0 Bazeilles. Stage anim\u00e9 par J\u00e9r\u00e9my SUTERA SARDO, arbitre mondial 13 personnes pr\u00e9sentes sur la dur\u00e9e du stage (2h30) : \u2022 1 Arbitres Nationaux \u2022 8 Arbitres R\u00e9gionaux \u2022 4 Arbitres D\u00e9partementaux La formation a \u00e9t\u00e9 ax\u00e9e sur la [&hellip;]<\/p>\n","protected":false},"author":73,"featured_media":0,"parent":0,"menu_order":0,"comment_status":"closed","ping_status":"closed","template":"","meta":{"footnotes":""},"class_list":["post-645","page","type-page","status-publish","hentry"],"_links":{"self":[{"href":"https:\/\/sites.ffkarate.fr\/ardennes\/wp-json\/wp\/v2\/pages\/645","targetHints":{"allow":["GET"]}}],"collection":[{"href":"https:\/\/sites.ffkarate.fr\/ardennes\/wp-json\/wp\/v2\/pages"}],"about":[{"href":"https:\/\/sites.ffkarate.fr\/ardennes\/wp-json\/wp\/v2\/types\/page"}],"author":[{"embeddable":true,"href":"https:\/\/sites.ffkarate.fr\/ardennes\/wp-json\/wp\/v2\/users\/73"}],"replies":[{"embeddable":true,"href":"https:\/\/sites.ffkarate.fr\/ardennes\/wp-json\/wp\/v2\/comments?post=645"}],"version-history":[{"count":5,"href":"https:\/\/sites.ffkarate.fr\/ardennes\/wp-json\/wp\/v2\/pages\/645\/revisions"}],"predecessor-version":[{"id":2244,"href":"https:\/\/sites.ffkarate.fr\/ardennes\/wp-json\/wp\/v2\/pages\/645\/revisions\/2244"}],"wp:attachment":[{"href":"https:\/\/sites.ffkarate.fr\/ardennes\/wp-json\/wp\/v2\/media?parent=645"}],"curies":[{"name":"wp","href":"https:\/\/api.w.org\/{rel}","templated":true}]}}