{"id":844,"date":"2018-11-07T16:59:05","date_gmt":"2018-11-07T15:59:05","guid":{"rendered":"https:\/\/sites.ffkarate.fr\/ardennes\/?page_id=844"},"modified":"2025-10-10T19:21:08","modified_gmt":"2025-10-10T17:21:08","slug":"resultats-sportifs-nationaux","status":"publish","type":"page","link":"https:\/\/sites.ffkarate.fr\/ardennes\/resultats-sportifs-nationaux\/","title":{"rendered":"R\u00e9sultats sportifs nationaux"},"content":{"rendered":"<div class=\"wpb-content-wrapper\"><p>[vc_row][vc_column][vc_column_text]<\/p>\n<h2>R\u00e9sultats sportifs nationaux :<\/h2>\n<p>&nbsp;<\/p>\n<p>&nbsp;<\/p>\n<p><a href=\"https:\/\/sites.ffkarate.fr\/ardennes\/wp-content\/uploads\/sites\/23\/2025\/10\/Resultats-Sportifs-nationaux-saison-2024-2025.pdf\">Liste r\u00e9capitulative des r\u00e9sultats sportifs nationaux des licenci\u00e9s ardennais, saison 2024-2025<\/a><\/p>\n<p><a href=\"https:\/\/sites.ffkarate.fr\/ardennes\/wp-content\/uploads\/sites\/23\/2024\/10\/Resultats-Sportifs-nationaux-saison-2023-2024.pdf\">Liste r\u00e9capitulative des r\u00e9sultats sportifs nationaux des licenci\u00e9s ardennais, saison 2023-2024<\/a><\/p>\n<p><a href=\"https:\/\/sites.ffkarate.fr\/ardennes\/wp-content\/uploads\/sites\/23\/2023\/08\/Resultats-Sportifs-nationaux-saison-2022-2023.pdf\">Liste r\u00e9capitulative des r\u00e9sultats sportifs nationaux des licenci\u00e9s ardennais, saison 2022-2023<\/a><\/p>\n<p><a href=\"https:\/\/sites.ffkarate.fr\/ardennes\/wp-content\/uploads\/sites\/23\/2022\/07\/Resultats-Sportifs-nationaux-saison-2021-2022.pdf\"><span style=\"color: #0000ff\">Liste r\u00e9capitulative des r\u00e9sultats sportifs nationaux des licenci\u00e9s ardennais, saison 2021-2022<\/span><\/a><\/p>\n<p><a href=\"https:\/\/sites.ffkarate.fr\/ardennes\/wp-content\/uploads\/sites\/23\/2021\/11\/Resultats-Sportifs-nationaux-saison-2019-20.pdf\"><span style=\"color: #0000ff\">Liste r\u00e9capitulative des r\u00e9sultats sportifs nationaux des licenci\u00e9s ardennais, saison 2019-2020<\/span><\/a><\/p>\n<p><span style=\"color: #0000ff\"><a style=\"color: #0000ff\" href=\"https:\/\/sites.ffkarate.fr\/ardennes\/wp-content\/uploads\/sites\/23\/2019\/07\/Resultats-Sportifs-nationaux-saison-2018-2019.pdf\" target=\"_blank\" rel=\"noopener\">Liste r\u00e9capitulative des r\u00e9sultats sportifs nationaux des licenci\u00e9s ardennais, saison 2018-2019<\/a><\/span><\/p>\n<p><a style=\"color: #0000ff\" href=\"https:\/\/sites.ffkarate.fr\/ardennes\/wp-content\/uploads\/sites\/23\/2019\/11\/Resultats-Sportifs-nationaux-saison-2017-2018.pdf\" target=\"_blank\" rel=\"noopener\">Liste r\u00e9capitulative des r\u00e9sultats sportifs nationaux des licenci\u00e9s ardennais, saison 2017-2018<\/a><\/p>\n<p>&nbsp;<\/p>\n<hr \/>\n<p>[\/vc_column_text][\/vc_column][\/vc_row]<\/p>\n<\/div>","protected":false},"excerpt":{"rendered":"<p>[vc_row][vc_column][vc_column_text] R\u00e9sultats sportifs nationaux : &nbsp; &nbsp; Liste r\u00e9capitulative des r\u00e9sultats sportifs nationaux des licenci\u00e9s ardennais, saison 2024-2025 Liste r\u00e9capitulative des r\u00e9sultats sportifs nationaux des licenci\u00e9s ardennais, saison 2023-2024 Liste r\u00e9capitulative des r\u00e9sultats sportifs nationaux des licenci\u00e9s ardennais, saison 2022-2023 Liste r\u00e9capitulative des r\u00e9sultats sportifs nationaux des licenci\u00e9s ardennais, saison 2021-2022 Liste r\u00e9capitulative des r\u00e9sultats [&hellip;]<\/p>\n","protected":false},"author":73,"featured_media":0,"parent":0,"menu_order":0,"comment_status":"closed","ping_status":"closed","template":"","meta":{"footnotes":""},"class_list":["post-844","page","type-page","status-publish","hentry"],"_links":{"self":[{"href":"https:\/\/sites.ffkarate.fr\/ardennes\/wp-json\/wp\/v2\/pages\/844","targetHints":{"allow":["GET"]}}],"collection":[{"href":"https:\/\/sites.ffkarate.fr\/ardennes\/wp-json\/wp\/v2\/pages"}],"about":[{"href":"https:\/\/sites.ffkarate.fr\/ardennes\/wp-json\/wp\/v2\/types\/page"}],"author":[{"embeddable":true,"href":"https:\/\/sites.ffkarate.fr\/ardennes\/wp-json\/wp\/v2\/users\/73"}],"replies":[{"embeddable":true,"href":"https:\/\/sites.ffkarate.fr\/ardennes\/wp-json\/wp\/v2\/comments?post=844"}],"version-history":[{"count":11,"href":"https:\/\/sites.ffkarate.fr\/ardennes\/wp-json\/wp\/v2\/pages\/844\/revisions"}],"predecessor-version":[{"id":2797,"href":"https:\/\/sites.ffkarate.fr\/ardennes\/wp-json\/wp\/v2\/pages\/844\/revisions\/2797"}],"wp:attachment":[{"href":"https:\/\/sites.ffkarate.fr\/ardennes\/wp-json\/wp\/v2\/media?parent=844"}],"curies":[{"name":"wp","href":"https:\/\/api.w.org\/{rel}","templated":true}]}}