{"id":1740,"date":"2024-12-27T21:56:44","date_gmt":"2024-12-27T20:56:44","guid":{"rendered":"https:\/\/sites.ffkarate.fr\/ariege\/?page_id=1740"},"modified":"2025-12-21T10:17:12","modified_gmt":"2025-12-21T09:17:12","slug":"documents-utiles","status":"publish","type":"page","link":"https:\/\/sites.ffkarate.fr\/ariege\/documents-utiles\/","title":{"rendered":"Documents utiles"},"content":{"rendered":"<div class=\"wpb-content-wrapper\"><p>[vc_row][vc_column][vc_gallery images=\u00a0\u00bb1748&Prime;][\/vc_column][\/vc_row][vc_row][vc_column][vc_column_text]<\/p>\n<h4><u>R\u00e8glements f\u00e9d\u00e9raux<\/u><u> \u2013 Saison 2025-2026 :<\/u><\/h4>\n<ul>\n<li>\n<h5><a href=\"https:\/\/www.ffkarate.fr\/wp-content\/uploads\/2025\/09\/Reglement-Kumite-VF-JSS08072025_pdf.pdf\" target=\"_blank\" rel=\"noopener\">Arbitrage Kumit\u00e9<\/a><\/h5>\n<\/li>\n<li><a href=\"https:\/\/www.ffkarate.fr\/wp-content\/uploads\/2025\/09\/Reglement-KATA-VFJSS-2025-2026_V2.pdf\" target=\"_blank\" rel=\"noopener\">Arbitrage Kata<\/a><\/li>\n<li>\n<h5><a href=\"https:\/\/sites.ffkarate.fr\/doubs\/wp-content\/uploads\/sites\/41\/2024\/09\/Reglement-competitions-2024-2025-version-au-25.08_couv.pdf\">Comp\u00e9tition<\/a><\/h5>\n<\/li>\n<li>\n<h5><a href=\"http:\/\/chrome-extension:\/\/efaidnbmnnnibpcajpcglclefindmkaj\/https:\/\/www.ffkarate.fr\/wp-content\/uploads\/2025\/09\/Reglement-coaching-2025-2026-VF.pdf\">Coaching<\/a><\/h5>\n<\/li>\n<\/ul>\n<h5><\/h5>\n<p>[\/vc_column_text][\/vc_column][\/vc_row][vc_row][vc_column][vc_column_text]<\/p>\n<h4><u>Pratique du karat\u00e9 \u2013 Saison 2025-2026:<\/u><\/h4>\n<ul>\n<li>\n<h5><a href=\"https:\/\/www.ffkarate.fr\/wp-content\/uploads\/2025\/08\/Autorisation_Parentale_2025-2026.pdf\" target=\"_blank\" rel=\"noopener\">Autorisation parentale<\/a><\/h5>\n<\/li>\n<li>\n<h5><a href=\"https:\/\/sites.ffkarate.fr\/doubs\/wp-content\/uploads\/sites\/41\/2024\/09\/NOTE-DINFORMATION-CERTIFICAT-MEDICAL-SAISON-2024-2025.pdf\" target=\"_blank\" rel=\"noopener\">Circulaire certificat m\u00e9dical<\/a><\/h5>\n<\/li>\n<\/ul>\n<p>[\/vc_column_text][\/vc_column][\/vc_row][vc_row][vc_column][vc_column_text]<\/p>\n<h4><u>Comp\u00e9titions \u2013 Saison 2025-2026 :<\/u><\/h4>\n<ul>\n<li>\n<h5><a href=\"http:\/\/chrome-extension:\/\/efaidnbmnnnibpcajpcglclefindmkaj\/https:\/\/www.ffkarate.fr\/wp-content\/uploads\/2025\/09\/REGLEMENT-COMPETITION-KARATE-V3.pdf\" target=\"_blank\" rel=\"noopener\">R\u00e9glementation<\/a><\/h5>\n<\/li>\n<li>\n<h5><a href=\"http:\/\/chrome-extension:\/\/efaidnbmnnnibpcajpcglclefindmkaj\/https:\/\/www.ffkarate.fr\/wp-content\/uploads\/2025\/08\/categorie_age_poids_2025-2026.pdf\" target=\"_blank\" rel=\"noopener\">Cat\u00e9gorie \u00e2ges\/poids<\/a><\/h5>\n<\/li>\n<\/ul>\n<p>[\/vc_column_text][\/vc_column][\/vc_row][vc_row][vc_column][vc_column_text]<\/p>\n<h4><u>Passage des grades :<\/u><\/h4>\n<ul>\n<li>\n<h5><a href=\"https:\/\/www.sikada.fr\/SiKada\/Fichiers\/Evenements\/0002\/FORINS_0002_00002201_00070232_RI.pdf\" target=\"_blank\" rel=\"noopener\">Fiche Inscription Examens Grades 1er, 2\u00e8me, 3\u00e8me et 4\u00e8me Dan<\/a><\/h5>\n<\/li>\n<li>\n<h5><a href=\"https:\/\/sites.ffkarate.fr\/doubs\/wp-content\/uploads\/sites\/41\/2024\/09\/REGLEMENTATION-GENERAL-2024-2025.pdf\" target=\"_blank\" rel=\"noopener\">R\u00e8glementation g\u00e9n\u00e9rale des grades<\/a><\/h5>\n<\/li>\n<li>\n<h5><a href=\"https:\/\/sites.ffkarate.fr\/doubs\/wp-content\/uploads\/sites\/41\/2024\/09\/Resume-de-la-reglementation-concernant-le-1er-DAN-en-club-2024-2025.pdf\" target=\"_blank\" rel=\"noopener\">R\u00e9sum\u00e9 r\u00e8glementation 1er DAN\/DUAN\/DANG en club<\/a><\/h5>\n<\/li>\n<li>\n<h5><a href=\"https:\/\/www.ffkarate.fr\/wp-content\/uploads\/2021\/09\/Bordereau-dadmission-1er-DAN-DUAN-DANG_modifiable.pdf\" target=\"_blank\" rel=\"noopener\">Bordereau d\u2019admission 1er DAN\/DUAN\/DANG en club<\/a><\/h5>\n<\/li>\n<li>\n<h5><a href=\"https:\/\/sites.ffkarate.fr\/ariege\/wp-content\/uploads\/sites\/24\/2024\/12\/Candidature-jury-de-grades.jpg\">Fiche candidature jury de Grades D\u00e9partemental<\/a><\/h5>\n<\/li>\n<\/ul>\n<h5><\/h5>\n<p>[\/vc_column_text][\/vc_column][\/vc_row][vc_row][vc_column][vc_column_text]<\/p>\n<h4><u>Formations :<\/u><\/h4>\n<ul>\n<li style=\"list-style-type: none\">\n<ul>\n<li style=\"list-style-type: none\">\n<ul>\n<li style=\"list-style-type: none\">\n<ul>\n<li>\n<h5><a href=\"https:\/\/sites.ffkarate.fr\/doubs\/wp-content\/uploads\/sites\/41\/2024\/11\/Guide-des-formations-2024-2025.pdf\" target=\"_blank\" rel=\"noopener\">Guide des formations 2024-2025<\/a><\/h5>\n<\/li>\n<li>\n<h5><a href=\"https:\/\/sites.ffkarate.fr\/doubs\/wp-content\/uploads\/sites\/41\/2024\/03\/REGLEMENT_FORMATIONS_FFK_2023_2024_04.pdf\" target=\"_blank\" rel=\"noopener\">R\u00e8glements formations 2023-2024<\/a><\/h5>\n<\/li>\n<li>\n<h5><a href=\"https:\/\/sites.ffkarate.fr\/ariege\/wp-content\/uploads\/sites\/24\/2025\/01\/Fiche-Inscription-AFA-v1-CDAKDA.pdf\">Dossier de candidature AFA<\/a><\/h5>\n<\/li>\n<\/ul>\n<\/li>\n<\/ul>\n<\/li>\n<\/ul>\n<\/li>\n<\/ul>\n<h4><\/h4>\n<p>&nbsp;<\/p>\n<h6>Image source : https:\/\/rhconseilpme.blogs.com\/.a\/6a00d834529bc369e2014e8ac587f0970d-800wi<\/h6>\n<p>[\/vc_column_text][\/vc_column][\/vc_row]<\/p>\n<\/div>","protected":false},"excerpt":{"rendered":"<p>[vc_row][vc_column][vc_gallery images=\u00a0\u00bb1748&Prime;][\/vc_column][\/vc_row][vc_row][vc_column][vc_column_text] R\u00e8glements f\u00e9d\u00e9raux \u2013 Saison 2025-2026 : Arbitrage Kumit\u00e9 Arbitrage Kata Comp\u00e9tition Coaching [\/vc_column_text][\/vc_column][\/vc_row][vc_row][vc_column][vc_column_text] Pratique du karat\u00e9 \u2013 Saison 2025-2026: Autorisation parentale Circulaire certificat m\u00e9dical [\/vc_column_text][\/vc_column][\/vc_row][vc_row][vc_column][vc_column_text] Comp\u00e9titions \u2013 Saison 2025-2026 : R\u00e9glementation Cat\u00e9gorie \u00e2ges\/poids [\/vc_column_text][\/vc_column][\/vc_row][vc_row][vc_column][vc_column_text] Passage des grades : Fiche Inscription Examens Grades 1er, 2\u00e8me, 3\u00e8me et 4\u00e8me Dan R\u00e8glementation g\u00e9n\u00e9rale des grades R\u00e9sum\u00e9 [&hellip;]<\/p>\n","protected":false},"author":238,"featured_media":1748,"parent":0,"menu_order":0,"comment_status":"closed","ping_status":"closed","template":"","meta":{"footnotes":""},"class_list":["post-1740","page","type-page","status-publish","hentry"],"_links":{"self":[{"href":"https:\/\/sites.ffkarate.fr\/ariege\/wp-json\/wp\/v2\/pages\/1740","targetHints":{"allow":["GET"]}}],"collection":[{"href":"https:\/\/sites.ffkarate.fr\/ariege\/wp-json\/wp\/v2\/pages"}],"about":[{"href":"https:\/\/sites.ffkarate.fr\/ariege\/wp-json\/wp\/v2\/types\/page"}],"author":[{"embeddable":true,"href":"https:\/\/sites.ffkarate.fr\/ariege\/wp-json\/wp\/v2\/users\/238"}],"replies":[{"embeddable":true,"href":"https:\/\/sites.ffkarate.fr\/ariege\/wp-json\/wp\/v2\/comments?post=1740"}],"version-history":[{"count":14,"href":"https:\/\/sites.ffkarate.fr\/ariege\/wp-json\/wp\/v2\/pages\/1740\/revisions"}],"predecessor-version":[{"id":3311,"href":"https:\/\/sites.ffkarate.fr\/ariege\/wp-json\/wp\/v2\/pages\/1740\/revisions\/3311"}],"wp:featuredmedia":[{"embeddable":true,"href":"https:\/\/sites.ffkarate.fr\/ariege\/wp-json\/wp\/v2\/media\/1748"}],"wp:attachment":[{"href":"https:\/\/sites.ffkarate.fr\/ariege\/wp-json\/wp\/v2\/media?parent=1740"}],"curies":[{"name":"wp","href":"https:\/\/api.w.org\/{rel}","templated":true}]}}