{"id":628,"date":"2015-01-08T11:32:45","date_gmt":"2015-01-08T11:32:45","guid":{"rendered":"https:\/\/sites.ffkarate.fr\/testclone\/?page_id=55"},"modified":"2025-01-22T07:38:58","modified_gmt":"2025-01-22T06:38:58","slug":"commissions-techniques","status":"publish","type":"page","link":"https:\/\/sites.ffkarate.fr\/ariege\/commissions-techniques\/","title":{"rendered":"Equipe Technique Depart."},"content":{"rendered":"<div class=\"wpb-content-wrapper\"><p>[vc_row][vc_column width=\u00a0\u00bb1\/4&Prime;][ffk_peoplecard image=\u00a0\u00bb603&Prime; title=\u00a0\u00bbMichel JAEGL\u00c9\u00a0\u00bb subtitle=\u00a0\u00bbDIRECTEUR TECHNIQUE D\u00e9partemental\u00a0\u00bb description=\u00a0\u00bb06 23 64 12 44 \/ m.jaegle@hotmail.fr\u00a0\u00bb][\/vc_column][vc_column width=\u00a0\u00bb1\/4&Prime;][ffk_peoplecard image=\u00a0\u00bb1445&Prime; title=\u00a0\u00bbPascal AGOSTA\u00a0\u00bb subtitle=\u00a0\u00bbResponsable des Grades\u00a0\u00bb][\/vc_column][vc_column width=\u00a0\u00bb1\/4&Prime;][ffk_peoplecard image=\u00a0\u00bb1372&Prime; title=\u00a0\u00bbSebastien METGE\u00a0\u00bb subtitle=\u00a0\u00bbResponsable des Formations\u00a0\u00bb][\/vc_column][vc_column width=\u00a0\u00bb1\/4&Prime;][ffk_peoplecard image=\u00a0\u00bb130&Prime; title=\u00a0\u00bbEn attente de nomination\u00a0\u00bb subtitle=\u00a0\u00bbResponsable de l&rsquo;Arbitrage\u00a0\u00bb][\/vc_column][\/vc_row][vc_row][vc_column][vc_empty_space][\/vc_column][\/vc_row][vc_row][vc_column][vc_column_text]<span style=\"font-size: medium\">L&rsquo;\u00e9quipe Technique D\u00e9partemental est compos\u00e9e :<br \/>\n<\/span><\/p>\n<p>&nbsp;<\/p>\n<ul>\n<li>du Directeur Technique D\u00e9partemental<\/li>\n<li>du Responsable D\u00e9partemental de <a href=\"https:\/\/sites.ffkarate.fr\/ariege\/formations\/\">la Formation<\/a><\/li>\n<li>du Responsable D\u00e9partemental de <a href=\"https:\/\/sites.ffkarate.fr\/ariege\/arbitrage\/\">l&rsquo;Arbitrage<\/a>.<\/li>\n<li>du Responsable D\u00e9partemental <a href=\"https:\/\/sites.ffkarate.fr\/ariege\/grades\/\">des Grades<\/a>.<\/li>\n<\/ul>\n<p>[\/vc_column_text][\/vc_column][\/vc_row]<\/p>\n<\/div>","protected":false},"excerpt":{"rendered":"<p>[vc_row][vc_column width=\u00a0\u00bb1\/4&Prime;][ffk_peoplecard image=\u00a0\u00bb603&Prime; title=\u00a0\u00bbMichel JAEGL\u00c9\u00a0\u00bb subtitle=\u00a0\u00bbDIRECTEUR TECHNIQUE D\u00e9partemental\u00a0\u00bb description=\u00a0\u00bb06 23 64 12 44 \/ m.jaegle@hotmail.fr\u00a0\u00bb][\/vc_column][vc_column width=\u00a0\u00bb1\/4&Prime;][ffk_peoplecard image=\u00a0\u00bb1445&Prime; title=\u00a0\u00bbPascal AGOSTA\u00a0\u00bb subtitle=\u00a0\u00bbResponsable des Grades\u00a0\u00bb][\/vc_column][vc_column width=\u00a0\u00bb1\/4&Prime;][ffk_peoplecard image=\u00a0\u00bb1372&Prime; title=\u00a0\u00bbSebastien METGE\u00a0\u00bb subtitle=\u00a0\u00bbResponsable des Formations\u00a0\u00bb][\/vc_column][vc_column width=\u00a0\u00bb1\/4&Prime;][ffk_peoplecard image=\u00a0\u00bb130&Prime; title=\u00a0\u00bbEn attente de nomination\u00a0\u00bb subtitle=\u00a0\u00bbResponsable de l&rsquo;Arbitrage\u00a0\u00bb][\/vc_column][\/vc_row][vc_row][vc_column][vc_empty_space][\/vc_column][\/vc_row][vc_row][vc_column][vc_column_text]L&rsquo;\u00e9quipe Technique D\u00e9partemental est compos\u00e9e : &nbsp; du Directeur Technique D\u00e9partemental du Responsable D\u00e9partemental de la Formation du [&hellip;]<\/p>\n","protected":false},"author":20,"featured_media":0,"parent":0,"menu_order":0,"comment_status":"closed","ping_status":"closed","template":"","meta":{"footnotes":""},"class_list":["post-628","page","type-page","status-publish","hentry"],"_links":{"self":[{"href":"https:\/\/sites.ffkarate.fr\/ariege\/wp-json\/wp\/v2\/pages\/628","targetHints":{"allow":["GET"]}}],"collection":[{"href":"https:\/\/sites.ffkarate.fr\/ariege\/wp-json\/wp\/v2\/pages"}],"about":[{"href":"https:\/\/sites.ffkarate.fr\/ariege\/wp-json\/wp\/v2\/types\/page"}],"author":[{"embeddable":true,"href":"https:\/\/sites.ffkarate.fr\/ariege\/wp-json\/wp\/v2\/users\/20"}],"replies":[{"embeddable":true,"href":"https:\/\/sites.ffkarate.fr\/ariege\/wp-json\/wp\/v2\/comments?post=628"}],"version-history":[{"count":6,"href":"https:\/\/sites.ffkarate.fr\/ariege\/wp-json\/wp\/v2\/pages\/628\/revisions"}],"predecessor-version":[{"id":1889,"href":"https:\/\/sites.ffkarate.fr\/ariege\/wp-json\/wp\/v2\/pages\/628\/revisions\/1889"}],"wp:attachment":[{"href":"https:\/\/sites.ffkarate.fr\/ariege\/wp-json\/wp\/v2\/media?parent=628"}],"curies":[{"name":"wp","href":"https:\/\/api.w.org\/{rel}","templated":true}]}}