{"id":706,"date":"2021-09-08T09:06:20","date_gmt":"2021-09-08T07:06:20","guid":{"rendered":"https:\/\/sites.ffkarate.fr\/ariege\/?page_id=706"},"modified":"2021-09-08T09:10:28","modified_gmt":"2021-09-08T07:10:28","slug":"certificat-medical-les-reponses-a-vos-questions","status":"publish","type":"page","link":"https:\/\/sites.ffkarate.fr\/ariege\/certificat-medical-les-reponses-a-vos-questions\/","title":{"rendered":"Certificat m\u00e9dical : les r\u00e9ponses \u00e0 vos questions"},"content":{"rendered":"<div class=\"wpb-content-wrapper\"><p>[vc_row][vc_column][vc_column_text]La F\u00e9d\u00e9ration Fran\u00e7aise de Karat\u00e9 et Disciplines Associ\u00e9es a mis \u00e0 jour s<span id=\"page3R_mcid8\" class=\"markedContent\"><span dir=\"ltr\" role=\"presentation\">a politique f\u00e9d\u00e9rale pour <\/span><span dir=\"ltr\" role=\"presentation\">les saisons \u00e0 venir<\/span> <span dir=\"ltr\" role=\"presentation\">en mati\u00e8re de certificat m\u00e9dical pour la <\/span><\/span><span id=\"page3R_mcid8\" class=\"markedContent\"><\/span><span id=\"page3R_mcid8\" class=\"markedContent\"><span dir=\"ltr\" role=\"presentation\">nouvelle inscription en club et la prise de licence. <\/span> <\/span><span id=\"page3R_mcid9\" class=\"markedContent\"> <\/span><span id=\"page3R_mcid10\" class=\"markedContent\"><span dir=\"ltr\" role=\"presentation\">La r\u00e9glementation <\/span> <span dir=\"ltr\" role=\"presentation\">en vigueur sur les certif<\/span><span dir=\"ltr\" role=\"presentation\">icats m\u00e9dicaux a connu <\/span> <span dir=\"ltr\" role=\"presentation\">des modifications importantes ces <\/span><span dir=\"ltr\" role=\"presentation\">derni\u00e8res <\/span><span dir=\"ltr\" role=\"presentation\">ann\u00e9es, <\/span><span dir=\"ltr\" role=\"presentation\">avec <\/span><span dir=\"ltr\" role=\"presentation\">pour <\/span><span dir=\"ltr\" role=\"presentation\">finalit\u00e9 <\/span><span dir=\"ltr\" role=\"presentation\">principale <\/span><span dir=\"ltr\" role=\"presentation\">la <\/span><span dir=\"ltr\" role=\"presentation\">facilitation <\/span><span dir=\"ltr\" role=\"presentation\">de <\/span><span dir=\"ltr\" role=\"presentation\">la <\/span><span dir=\"ltr\" role=\"presentation\">prise <\/span><span dir=\"ltr\" role=\"presentation\">de <\/span><span dir=\"ltr\" role=\"presentation\">licence <\/span><span dir=\"ltr\" role=\"presentation\">et <\/span><span dir=\"ltr\" role=\"presentation\">des <\/span><span dir=\"ltr\" role=\"presentation\">renouvellements, <\/span><span dir=\"ltr\" role=\"presentation\">pour les pratiquants majeurs comme mineurs. <\/span> <\/span><span id=\"page3R_mcid11\" class=\"markedContent\"> <\/span><\/p>\n<p><span id=\"page3R_mcid12\" class=\"markedContent\"><span dir=\"ltr\" role=\"presentation\">A compter de cette saison 2021-2022, la FFK <\/span><span dir=\"ltr\" role=\"presentation\">proc\u00e8de donc \u00e0 une \u00e9volution majeure de sa r\u00e9glementation en <\/span><span dir=\"ltr\" role=\"presentation\">vigueur en mati\u00e8re de certificat m\u00e9dical dont les d\u00e9tails sont d\u00e9voil\u00e9s ci-dessous :<\/span><\/span><\/p>\n<p><strong><a href=\"https:\/\/www.ffkarate.fr\/wp-content\/uploads\/2021\/09\/CIRCULAIRE-007-1-sur-3-Certificat-medical-et-questionnaire-de-sante_2021.pdf\" target=\"_blank\" rel=\"noopener\">Circulaire du 27 juillet 2021 concernant la nouvelle r\u00e9glementation<\/a><\/strong><\/p>\n<p>&nbsp;<\/p>\n<p>&nbsp;<\/p>\n<h2>Foire aux questions<\/h2>\n<p><img decoding=\"async\" class=\"aligncenter wp-image-70662 size-large\" src=\"https:\/\/www.ffkarate.fr\/wp-content\/uploads\/2021\/09\/illu_pixel_certificat_medical-1024x576.jpg\" alt=\"\" width=\"640\" height=\"360\" \/><\/p>\n<p><strong>D\u00e9couvrez notre F.A.Q d\u00e9di\u00e9e \u00e0 la nouvelle politique f\u00e9d\u00e9rale concernant le certificat m\u00e9dical.<\/strong>[\/vc_column_text][\/vc_column][\/vc_row][vc_row][vc_column][ffk_button link=\u00a0\u00bburl:http%3A%2F%2Fwww.ffkarate.fr%2Fespace-licencies%2Fcertificat-medical%2F|title:Acc%C3%A9der%20%C3%A0%20la%20F.A.Q|target:_blank\u00a0\u00bb][\/vc_column][\/vc_row]<\/p>\n<\/div>","protected":false},"excerpt":{"rendered":"<p>[vc_row][vc_column][vc_column_text]La F\u00e9d\u00e9ration Fran\u00e7aise de Karat\u00e9 et Disciplines Associ\u00e9es a mis \u00e0 jour sa politique f\u00e9d\u00e9rale pour les saisons \u00e0 venir en mati\u00e8re de certificat m\u00e9dical pour la nouvelle inscription en club et la prise de licence. La r\u00e9glementation en vigueur sur les certificats m\u00e9dicaux a connu des modifications importantes ces derni\u00e8res ann\u00e9es, avec pour finalit\u00e9 [&hellip;]<\/p>\n","protected":false},"author":34,"featured_media":0,"parent":0,"menu_order":0,"comment_status":"closed","ping_status":"closed","template":"","meta":{"footnotes":""},"class_list":["post-706","page","type-page","status-publish","hentry"],"_links":{"self":[{"href":"https:\/\/sites.ffkarate.fr\/ariege\/wp-json\/wp\/v2\/pages\/706","targetHints":{"allow":["GET"]}}],"collection":[{"href":"https:\/\/sites.ffkarate.fr\/ariege\/wp-json\/wp\/v2\/pages"}],"about":[{"href":"https:\/\/sites.ffkarate.fr\/ariege\/wp-json\/wp\/v2\/types\/page"}],"author":[{"embeddable":true,"href":"https:\/\/sites.ffkarate.fr\/ariege\/wp-json\/wp\/v2\/users\/34"}],"replies":[{"embeddable":true,"href":"https:\/\/sites.ffkarate.fr\/ariege\/wp-json\/wp\/v2\/comments?post=706"}],"version-history":[{"count":4,"href":"https:\/\/sites.ffkarate.fr\/ariege\/wp-json\/wp\/v2\/pages\/706\/revisions"}],"predecessor-version":[{"id":710,"href":"https:\/\/sites.ffkarate.fr\/ariege\/wp-json\/wp\/v2\/pages\/706\/revisions\/710"}],"wp:attachment":[{"href":"https:\/\/sites.ffkarate.fr\/ariege\/wp-json\/wp\/v2\/media?parent=706"}],"curies":[{"name":"wp","href":"https:\/\/api.w.org\/{rel}","templated":true}]}}