{"id":3086,"date":"2021-05-25T20:18:45","date_gmt":"2021-05-25T18:18:45","guid":{"rendered":"https:\/\/sites.ffkarate.fr\/aube\/?page_id=3086"},"modified":"2021-05-25T20:24:16","modified_gmt":"2021-05-25T18:24:16","slug":"wushu","status":"publish","type":"page","link":"https:\/\/sites.ffkarate.fr\/aube\/disciplines\/wushu\/","title":{"rendered":"Wushu"},"content":{"rendered":"<div class=\"wpb-content-wrapper\"><p>[vc_row][vc_column][vc_video link=\u00a0\u00bbhttps:\/\/youtu.be\/THc6OB6DCR0&Prime;][\/vc_column][\/vc_row][vc_row][vc_column width=\u00a0\u00bb1\/4&Prime;][vc_single_image image=\u00a0\u00bb70&Prime; img_size=\u00a0\u00bbfull\u00a0\u00bb][\/vc_column][vc_column width=\u00a0\u00bb3\/4&Prime;][vc_column_text]<\/p>\n<h3>Le wushu d\u00e9signe collectivement tous les arts martiaux chinois sans distinction particuli\u00e8re de style ou de forme.<\/h3>\n<p>Cette d\u00e9finition figurant dans les statuts de la f\u00e9d\u00e9ration europ\u00e9enne de wushu (EWUF) signifie que les arts martiaux chinois rassemblent une grande vari\u00e9t\u00e9 de pratiques au sein d\u2019une identit\u00e9 historique et culturelle. Les formes d\u2019expression comp\u00e9titive et traditionnelle font partie du wushu :<\/p>\n<ul>\n<li>les <strong>formes de combat<\/strong> comme le sanda (boxe pied-poing et lutte) ou le shua\u00ef-Jiao (lutte chinoise),<\/li>\n<li>les <strong>styles \u00ab externes \u00bb<\/strong> (shaolin, hung-gar, tang-lang, wing-tsun, etc.),<\/li>\n<li>les <strong>styles \u00ab internes \u00bb<\/strong> (taiji-quan, bagua-zhang, xing-yi-quan, etc.),<\/li>\n<li>le <strong>qi-gong<\/strong> (m\u00e9thodes de sant\u00e9 ou de bien-\u00eatre).<\/li>\n<\/ul>\n<p>Elle conna\u00eet aujourd\u2019hui sur la sc\u00e8ne internationale un vif engouement aupr\u00e8s du grand public dans sa version civile.<\/p>\n<p>Au sein du d\u00e9partement, un seul club propose cette discipline :<\/p>\n<div style=\"text-align: center\">\u00a0&#8211; ASS KUNG FU SHAOLIN VU BA<\/div>\n<p>[\/vc_column_text][\/vc_column][\/vc_row][vc_row][vc_column][vc_empty_space][\/vc_column][\/vc_row]<\/p>\n<\/div>","protected":false},"excerpt":{"rendered":"<p>Le Krav Maga est une discipline de combat simple, directe, efficace, et accessible \u00e0 toutes les cat\u00e9gories de population.<\/p>\n","protected":false},"author":35,"featured_media":70,"parent":63,"menu_order":0,"comment_status":"closed","ping_status":"closed","template":"","meta":{"footnotes":""},"class_list":["post-3086","page","type-page","status-publish","hentry"],"_links":{"self":[{"href":"https:\/\/sites.ffkarate.fr\/aube\/wp-json\/wp\/v2\/pages\/3086","targetHints":{"allow":["GET"]}}],"collection":[{"href":"https:\/\/sites.ffkarate.fr\/aube\/wp-json\/wp\/v2\/pages"}],"about":[{"href":"https:\/\/sites.ffkarate.fr\/aube\/wp-json\/wp\/v2\/types\/page"}],"author":[{"embeddable":true,"href":"https:\/\/sites.ffkarate.fr\/aube\/wp-json\/wp\/v2\/users\/35"}],"replies":[{"embeddable":true,"href":"https:\/\/sites.ffkarate.fr\/aube\/wp-json\/wp\/v2\/comments?post=3086"}],"version-history":[{"count":4,"href":"https:\/\/sites.ffkarate.fr\/aube\/wp-json\/wp\/v2\/pages\/3086\/revisions"}],"predecessor-version":[{"id":3091,"href":"https:\/\/sites.ffkarate.fr\/aube\/wp-json\/wp\/v2\/pages\/3086\/revisions\/3091"}],"up":[{"embeddable":true,"href":"https:\/\/sites.ffkarate.fr\/aube\/wp-json\/wp\/v2\/pages\/63"}],"wp:featuredmedia":[{"embeddable":true,"href":"https:\/\/sites.ffkarate.fr\/aube\/wp-json\/wp\/v2\/media\/70"}],"wp:attachment":[{"href":"https:\/\/sites.ffkarate.fr\/aube\/wp-json\/wp\/v2\/media?parent=3086"}],"curies":[{"name":"wp","href":"https:\/\/api.w.org\/{rel}","templated":true}]}}