{"id":249,"date":"2015-08-27T12:57:29","date_gmt":"2015-08-27T10:57:29","guid":{"rendered":"https:\/\/sites.ffkarate.fr\/liguerhonealpes\/?page_id=249"},"modified":"2026-02-04T11:22:36","modified_gmt":"2026-02-04T10:22:36","slug":"stages-officiels","status":"publish","type":"page","link":"https:\/\/sites.ffkarate.fr\/auvergnerhonealpes\/stages-officiels\/","title":{"rendered":"Stages Officiels"},"content":{"rendered":"<div class=\"wpb-content-wrapper\"><p>[vc_row][vc_column width=\u00a0\u00bb1\/2&Prime;][vc_column_text]<strong>STAGE KARAT\u00c9 dirig\u00e9 par OSHIRO ZENEI 9\u00e8me Dan<\/strong><\/p>\n<p>organis\u00e9 par le CDK Haute Loire<\/p>\n<p>lieu : 455 impasse du Complexe Sportif 43200 Yssingeaux<\/p>\n<p><strong>Date : samedi 14 Mars\u00a0 2026<\/strong><\/p>\n<p>de 9h00 \u00e0 12h00<\/p>\n<p>1 point de bonification<\/p>\n<p>Tarif : 20\u20ac<\/p>\n<p>Info : 06 35 59 87 57[\/vc_column_text][\/vc_column][vc_column width=\u00a0\u00bb1\/2&Prime;][vc_single_image image=\u00a0\u00bb11137&Prime;][\/vc_column][\/vc_row][vc_row][vc_column width=\u00a0\u00bb1\/2&Prime;][vc_column_text]<strong>STAGE NATIONAL SANDA dirig\u00e9 par Julo Naud 7\u00e8me Dan expert F\u00e9d\u00e9ral et St\u00e9phane Attelli<\/strong><\/p>\n<p>Date : 06 avril 2025<\/p>\n<p>Lieu\u00a0 : Dojo Andrezieux Bouth\u00e9on 42 Saint Etienne[\/vc_column_text][\/vc_column][vc_column width=\u00a0\u00bb1\/2&Prime;][vc_single_image image=\u00a0\u00bb10782&Prime;][\/vc_column][\/vc_row][vc_row][vc_column width=\u00a0\u00bb1\/2&Prime;][vc_column_text]<strong>Stage initiation GOJU RYU anim\u00e9 par\u00a0 OSHIRO ZENEI\u00a0 9<sup>\u00e8me<\/sup>\u00a0dan, expert f\u00e9d\u00e9ral<\/strong><\/p>\n<p>organis\u00e9 par le CDK ALLIER<\/p>\n<p><strong>samedi 12 avril 2025<\/strong> de 14h30 \u00e0 17h30 et <strong>dimanche 13 avril 2025<\/strong> de 10h00 \u00e0 14h00<\/p>\n<p>Lieu : Gymnase COSEC DOMERAT rue du 8 mai 1945 03410 DOMERAT<\/p>\n<p>tarif : 1 jour 10 \u20ac \/ 2 jours 15\u20ac<\/p>\n<p>la participation au stage permet l&rsquo;acquisition d&rsquo;un point de bonification<\/p>\n<p>renseignements : 06 78 65 57 46<\/p>\n<p>[\/vc_column_text][\/vc_column][vc_column width=\u00a0\u00bb1\/2&Prime;][vc_single_image image=\u00a0\u00bb10725&Prime;][\/vc_column][\/vc_row][vc_row][vc_column width=\u00a0\u00bb1\/2&Prime;][vc_column_text]<\/p>\n<p class=\"h2 post_title\"><strong>Stage Krav-maga anim\u00e9 par Mohamed MOUSSAOUI\u00a0 7\u00e8me Dan, Expert F\u00e9d\u00e9ral , double champion du monde\u00a0<\/strong><\/p>\n<p>organis\u00e9 par le CDK Haute Loire<\/p>\n<p><strong>samedi 12 avril 2025<\/strong> de 9h30 \u00e0 12h15<\/p>\n<p>Lieu : dojo d\u00e9partemental 43200 YSSINGEAUX<\/p>\n<p>tarif : 15\u20ac<\/p>\n<p>la participation au stage permet l&rsquo;acquisition d&rsquo;un point de bonification<\/p>\n<p>renseignements : 06 35 59 87 57[\/vc_column_text][\/vc_column][vc_column width=\u00a0\u00bb1\/2&Prime;][vc_single_image image=\u00a0\u00bb10717&Prime;][\/vc_column][\/vc_row][vc_row][vc_column width=\u00a0\u00bb1\/2&Prime;][vc_column_text]<strong>Stage initiation au Krav maga anim\u00e9 par\u00a0 Karim MOUJNIBA\u00a0 4<sup>\u00e8me<\/sup> dan<\/strong><\/p>\n<p>organis\u00e9 par le CDK ALLIER<\/p>\n<p><strong>samedi 29 mars 2025<\/strong> de 14h00\u00e0 16h00<\/p>\n<p>lieu : salle des Arts Martiaux\u00a0 22 rue de la Moutte<\/p>\n<p>03500 St Pour\u00e7ain sur Sioule<\/p>\n<p>stage gratuit<\/p>\n<p>renseignements : 06 78 65 57 46[\/vc_column_text][\/vc_column][vc_column width=\u00a0\u00bb1\/2&Prime;][vc_single_image image=\u00a0\u00bb10721&Prime;][\/vc_column][\/vc_row][vc_row][vc_column width=\u00a0\u00bb1\/2&Prime;][vc_column_text]<strong>Stage d Arts Martiaux dirig\u00e9 par Tristan FLEURY 6\u00e8me Dan , expert r\u00e9gional\u00a0<\/strong><\/p>\n<p>organis\u00e9 par le CDK PUY DE D\u00d4ME<\/p>\n<p><strong>dimanche 23 mars 2025 <\/strong>de 9h45 \u00e0 16h15<\/p>\n<p>lieu: ARTENIUM\u00a0 4, parc de l&rsquo;Arti\u00e8re\u00a0 63122 CEYRAT<\/p>\n<p>tarif : 1 cours 17 \u20ac \/ 2 cours 30\u20ac<\/p>\n<p>renseignements : 06 66 67 41 80\u00a0 tristan.fleury@free.fr<\/p>\n<p>[\/vc_column_text][\/vc_column][vc_column width=\u00a0\u00bb1\/2&Prime;][vc_single_image image=\u00a0\u00bb10728&Prime;][\/vc_column][\/vc_row][vc_row][vc_column width=\u00a0\u00bb1\/2&Prime;][vc_column_text]<strong>Stage Initiation au tai Chi chuan avec Blandine Gu\u00e9rin 3<sup>\u00e8me<\/sup>\u00a0dan<\/strong><\/p>\n<p>organis\u00e9 par le CDK ALLIER<\/p>\n<p><strong>samedi 15 mars 2025<\/strong> de 14h00 \u00e0 16h00<\/p>\n<p>lieu : salle des Arts Martiaux\u00a0 22 rue de la Moutte 03500<\/p>\n<p>St Pour\u00e7ain sur Sioule<\/p>\n<p>renseignements : 06 78 65 57 46[\/vc_column_text][\/vc_column][vc_column width=\u00a0\u00bb1\/2&Prime;][vc_single_image image=\u00a0\u00bb10719&Prime;][\/vc_column][\/vc_row][vc_row][vc_column width=\u00a0\u00bb1\/2&Prime;][vc_column_text]<strong>STAGE PREPA GRADES <\/strong>organis\u00e9 par le CDK Allier<\/p>\n<p>(stage relation grades sur les \u00e9preuves du kihon et du kumit\u00e9 )<\/p>\n<p><b data-olk-copy-source=\"MessageBody\">Samedi 1<sup>er<\/sup>\u00a0mars<\/b> <strong>2025<\/strong> de 14 :00 \u00e0 17 :00<\/p>\n<p>\u00e0 Maison des Arts Martiaux 22, rue de la Moutte 03500 Saint Pour\u00e7ain<\/p>\n<p><strong>Stage gratuit ouvert \u00e0 tous<\/strong> (pratiquants , candidats , jurys , enseignants )[\/vc_column_text][\/vc_column][vc_column width=\u00a0\u00bb1\/2&Prime;][vc_single_image image=\u00a0\u00bb10612&Prime;][\/vc_column][\/vc_row][vc_row][vc_column width=\u00a0\u00bb1\/2&Prime;][vc_column_text]<strong>Stage Karat\u00e9 dirig\u00e9 par Medhi Filali Champion du Monde<\/strong><\/p>\n<p>Cours destin\u00e9\u00a0 aux comp\u00e9titeurs \u00e0 partir de la cat\u00e9gorie Cadet<\/p>\n<p>Date :<strong>15 avril 2024<\/strong> de 19 h00 \u00e0 21h00<\/p>\n<p>Lieu: Maison du Judo 12, rue St-Th\u00e9odore 69003 Lyon<\/p>\n<p>participation : 10\u20ac[\/vc_column_text][\/vc_column][vc_column width=\u00a0\u00bb1\/2&Prime;][vc_single_image image=\u00a0\u00bb9907&Prime;][\/vc_column][\/vc_row][vc_row][vc_column width=\u00a0\u00bb1\/2&Prime;][vc_column_text]<strong>Mes vacances au dojo<\/strong> en pr\u00e9sence de Medhi Filali champion d Europe et champion du Monde<\/p>\n<p>Stage gratuit ouvert aux enfants licenci\u00e9s FFK<\/p>\n<p>Cat\u00e9gories Poussins \u00e0 Juniors<\/p>\n<p>Inscription \u00e0 la demie journ\u00e9e<\/p>\n<p><strong>lundi 15 avril<\/strong> 9h \u00e0 12h<\/p>\n<p><strong>lundi 15 avril<\/strong> 13h30 \u00e0 16h30<\/p>\n<p><strong>mardi 16 avril<\/strong> 9h \u00e0 12h<\/p>\n<p>Possibilit\u00e9 sur la journ\u00e9e enti\u00e8re le lundi mais inscription n\u00e9cessaire matin et apr\u00e8s-midi<\/p>\n<p>Pr\u00e9voir repas tir\u00e9 du sac pour la journ\u00e9e enti\u00e8re du lundi<\/p>\n<p>Lieu : Maison du Judo Lyon 3\u00e8me<\/p>\n<p>Inscription obligatoire en Ligne (Places limit\u00e9es )<\/p>\n<p>contact : 06.23.12.34.47<\/p>\n<p><a href=\"https:\/\/my.weezevent.com\/mes-vacances-au-dojo-avril-2024\" target=\"_blank\" rel=\"noopener\">Lien d&rsquo;inscription : Mes vacances au dojo \u00ab\u00a0avril 2024\u00a0\u00bb<\/a>[\/vc_column_text][\/vc_column][vc_column width=\u00a0\u00bb1\/2&Prime;][vc_single_image image=\u00a0\u00bb9901&Prime;][\/vc_column][\/vc_row][vc_row][vc_column width=\u00a0\u00bb1\/2&Prime;][vc_column_text]<strong>Stages\u00a0 organis\u00e9s par le CDK Haute Loire et dirig\u00e9 par Lionel Froidure\u00a0<\/strong><\/p>\n<p><strong>\u00a0samedi 6 avril 2024<\/strong> :<strong>Pr\u00e9paration aux grades<\/strong><\/p>\n<p>9h00 \u00e0 12h00\u00a0 1er au 2\u00e8me dan<\/p>\n<p>14h30 \u00e0 17h30 3 au 4\u00e8me dan<\/p>\n<p>tarif : 15 \u20ac<\/p>\n<p><strong>\u00a0dimanche 7 avril 2024<\/strong> :<strong> Karat\u00e9 Jutsu \/ Bunkai\u00a0<\/strong><\/p>\n<p>10h00 \u00e0 13h00 \u00e0 partir de 12\/14 ans<\/p>\n<p>tarif : 25\u20ac<\/p>\n<p>____________<\/p>\n<p>Tarif week end 25\u20ac<\/p>\n<p>LIEU\u00a0 : Dojo D\u00e9partemental d Yssingeaux<\/p>\n<p>inscription obligatoire :<a href=\"https:\/\/docs.google.com\/forms\/d\/e\/1FAIpQLScNhymfY69Z98MDO_CMuCMdVt-pPypEG8QhyM0RH6eGGmWkDg\/viewform\" target=\"_blank\" rel=\"noopener\">Formulaire d&rsquo;inscriptions stages Lionel FROIDURE (google.com)<\/a><\/p>\n<p>Informations : 06\/35\/59\/87\/57<\/p>\n<p>.[\/vc_column_text][\/vc_column][vc_column width=\u00a0\u00bb1\/2&Prime;][vc_single_image image=\u00a0\u00bb9923&Prime;][\/vc_column][\/vc_row][vc_row][vc_column width=\u00a0\u00bb1\/2&Prime;][vc_column_text]<\/p>\n<div>Stage Wado\u00a0 dirig\u00e9 par Michel Muller 8\u00e8me Dan Expert F\u00e9d\u00e9ral<\/div>\n<div>Date : 10 F\u00e9vrier 2024<\/div>\n<div>Horaire : 10h-12h et 14h30-17h<\/div>\n<div>Lieu : Gymnase Municipal &#8211; Rue de la Concorde &#8211; 73490 LA RAVOIRE<\/div>\n<div>Tarif : 10\u20ac<\/div>\n<div>1 point de bonification<\/div>\n<div>Ouvert \u00e0 tous styles et niveaux<\/div>\n<div><a title=\"LIEN INSCRIPTION ICI\" href=\"https:\/\/www.askabox.fr\/repondre.php?s=463218&amp;r=SPdFDJyrHttc\" target=\"_blank\" rel=\"noopener\">LIEN INSCRIPTION ICI<\/a><\/div>\n<p>[\/vc_column_text][\/vc_column][vc_column width=\u00a0\u00bb1\/2&Prime;][vc_single_image image=\u00a0\u00bb9673&Prime;][\/vc_column][\/vc_row][vc_row][vc_column width=\u00a0\u00bb1\/2&Prime;][vc_column_text]<strong>Stage Karat\u00e9 D\u00e9fense et Jutsu Karat\u00e9 Wado Ryu<\/strong><\/p>\n<p>dirig\u00e9 par <strong>Andr\u00e9 Jacquin 7\u00e8me Dan Expert R\u00e9gional et Antoine Garieri 7\u00e8me Dan Expert R\u00e9gional<\/strong><\/p>\n<p>Date :<strong> Samedi 3 f\u00e9vrier 2024<\/strong><\/p>\n<p>Lieu: Gymnase Municipal de Cognin<\/p>\n<p>68, rue de l&rsquo;Epine 73160 Cognin<\/p>\n<p>stage gratuit et r\u00e9serv\u00e9 aux licenci\u00e9s FFKDA[\/vc_column_text][\/vc_column][vc_column width=\u00a0\u00bb1\/2&Prime;][vc_single_image image=\u00a0\u00bb9657&Prime;][\/vc_column][\/vc_row][vc_row][vc_column width=\u00a0\u00bb1\/2&Prime;][vc_column_text]<strong>Stage des experts f\u00e9d\u00e9raux Krav Maga<\/strong><\/p>\n<p>dirig\u00e9 par Alain Formaggio 7\u00e8me dan et Mohamed Moussaoui\u00a0 6\u00e8me dan<\/p>\n<p>date 13 mai 2023<\/p>\n<p>lieu : Maison du judo &#8211; 12, rue St-Th\u00e9odore 69003 Lyon[\/vc_column_text][\/vc_column][vc_column width=\u00a0\u00bb1\/2&Prime;][vc_single_image image=\u00a0\u00bb9342&Prime;][\/vc_column][\/vc_row][vc_row][vc_column width=\u00a0\u00bb1\/2&Prime;][vc_column_text]<strong>Samedi 1er Avril 2023<\/strong><\/p>\n<p><strong>Stage \u00e0 vocation sportive dirig\u00e9 par Thierry MASCI,\u00a0 8\u00e8me Dan , double champion du monde\u00a0<\/strong><\/p>\n<p>organis\u00e9 par le comit\u00e9\u00a0 D\u00e9partemental de la Savoie<\/p>\n<p>ouvert \u00e0 tous licenci\u00e9s FFKDA , tous styles tous niveaux<\/p>\n<p>Gymnase Municipal\u00a0 &#8211; rue de la Concorde 73390 L a Ravoire<\/p>\n<p>de 14h00 \u00e0 17h30<\/p>\n<p>Programme :<\/p>\n<p>14h00 &#8211; 15h30<\/p>\n<p>stage \u00e0 vocation sportive ( \u00e0 partir de minimes )<\/p>\n<p>15h45 &#8211; 17h15<\/p>\n<p>Stage ouvert \u00e0 tous ( passage du karat\u00e9 sportif au karat\u00e9 d\u00e9fense )<\/p>\n<p>17h30 -18h00 : \u00e9change avec l&rsquo;expert<\/p>\n<p>18h00 : pot de l&rsquo;amiti\u00e9<\/p>\n<p>1 point de bonification pour les Grades<\/p>\n<p>Prix : 15 \u20ac<\/p>\n<p>contact : 06.88.35.71.70[\/vc_column_text][\/vc_column][vc_column width=\u00a0\u00bb1\/2&Prime;][vc_single_image image=\u00a0\u00bb9269&Prime;][\/vc_column][\/vc_row][vc_row][vc_column width=\u00a0\u00bb1\/2&Prime;][vc_column_text]<\/p>\n<div><strong>samedi 18 et 19 f\u00e9vrier 2023<\/strong><\/div>\n<div><\/div>\n<div><span style=\"color: #333333\">La Commission Nationale de Tai-DO FFK organise un stage National avec Fr\u00e9d\u00e9ric L\u00c9CUYER, r\u00e9f\u00e9rent National et responsable de la Commission, les\u00a0<b>samedi 18 et dimanche 19 f\u00e9vrier 2023<\/b>\u00a0\u00e0 Art\u00e9nium \u00e0 CEYRAT.\u00a0<\/span><\/div>\n<div><span style=\"color: #333333\">Ce stage est ouvert \u00e0 tous les licenci\u00e9s FFK de tous \u00e2ges et grades et \u00e0 tous les enseignants CN FFK (affiche en pi\u00e8ce jointe).<\/span><\/div>\n<div><span style=\"color: #333333\">\u00a0<\/span><\/div>\n<div><span style=\"color: black\"><span style=\"color: red\"><b>Renseignements au 06 08 55 01 53\u00a0 et inscriptions par mail<\/b><\/span><span style=\"color: #333333\">\u00a0<\/span><span style=\"color: #333333\">:\u00a0<\/span><a href=\"mailto:tai.do@orange.fr\" target=\"_blank\" rel=\"noopener\"><span style=\"color: #0000ee\">tai.do@orange.fr<\/span><\/a><span style=\"color: #333333\">\u00a0\u00a0<\/span><span style=\"color: #333333\"><br \/>\n<\/span><\/span><\/div>\n<p>[\/vc_column_text][vc_column_text]<strong>samedi 13 mai 2023<\/strong><\/p>\n<p><strong>Stage des experts f\u00e9d\u00e9raux Krav Maga<\/strong><\/p>\n<div><span style=\"font-family: Symbol\">\u00b7<\/span><span style=\"font-family: Symbol\">\u00a0\u00a0\u00a0\u00a0\u00a0\u00a0\u00a0\u00a0<\/span>Lieu\u00a0: Lyon (69) \u2013 Maison du Judo<\/div>\n<div><span style=\"font-family: Symbol\">\u00b7<\/span><span style=\"font-family: Symbol\">\u00a0\u00a0\u00a0\u00a0\u00a0\u00a0\u00a0\u00a0<\/span>Horaires\u00a0: 10h-12h30 et 14h-16h30<\/div>\n<div><span style=\"font-family: Symbol\">\u00b7<\/span><span style=\"font-family: Symbol\">\u00a0\u00a0\u00a0\u00a0\u00a0\u00a0\u00a0\u00a0<\/span>Intervenants\u00a0: Claude POUGET (7<sup>\u00e8me<\/sup>\u00a0Dan) et Jos\u00e9 LARIO (6<sup>\u00e8me<\/sup>\u00a0Dan)<\/div>\n<div><span style=\"font-family: Symbol\">\u00b7<\/span><span style=\"font-family: Symbol\">\u00a0\u00a0\u00a0\u00a0\u00a0\u00a0\u00a0\u00a0<\/span>Tarif\u00a0: gratuit, r\u00e9serv\u00e9 aux licenci\u00e9s FFK<\/div>\n<p><span style=\"color: #1f497d;font-family: Calibri,sans-serif;font-size: small\">informations compl\u00e8tes et inscription sur :\u00a0 <\/span><a href=\"https:\/\/www.ffkarate.fr\/calendrier\/stage-experts-federaux-krav-maga-9\/\" target=\"_blank\" rel=\"noopener\"><span style=\"font-family: Calibri,sans-serif;font-size: small\">https:\/\/www.ffkarate.fr\/calendrier\/stage-experts-federaux-krav-maga-9\/<\/span><\/a>[\/vc_column_text][\/vc_column][vc_column width=\u00a0\u00bb1\/2&Prime;][vc_single_image image=\u00a0\u00bb9218&Prime;][\/vc_column][\/vc_row][vc_row][vc_column width=\u00a0\u00bb1\/2&Prime;][vc_column_text]<strong>dimanche 15\u00a0 janvier 2023<\/strong><\/p>\n<p><strong>Stage Body Karat\u00e9\u00a0 (ouvert \u00e0 partir de 12 ans)<\/strong><\/p>\n<ul>\n<li>Lieu: Dojo SAKURA 541 rte du Treve 42320 Cellieu<\/li>\n<li>Horaire : 9h30 \u00e0 11h30<\/li>\n<li>Intervenante : Laurie Soubeyrand<\/li>\n<\/ul>\n<p>contact : Laurie Soubeyrand<\/p>\n<p>tel : 06\/74\/87\/24\/77[\/vc_column_text][\/vc_column][vc_column width=\u00a0\u00bb1\/6&Prime;][vc_single_image image=\u00a0\u00bb9075&Prime;][\/vc_column][\/vc_row]<\/p>\n<\/div>","protected":false},"excerpt":{"rendered":"<p>[vc_row][vc_column width=\u00a0\u00bb1\/2&Prime;][vc_column_text]STAGE KARAT\u00c9 dirig\u00e9 par OSHIRO ZENEI 9\u00e8me Dan organis\u00e9 par le CDK Haute Loire lieu : 455 impasse du Complexe Sportif 43200 Yssingeaux Date : samedi 14 Mars\u00a0 2026 de 9h00 \u00e0 12h00 1 point de bonification Tarif : 20\u20ac Info : 06 35 59 87 57[\/vc_column_text][\/vc_column][vc_column width=\u00a0\u00bb1\/2&Prime;][vc_single_image image=\u00a0\u00bb11137&Prime;][\/vc_column][\/vc_row][vc_row][vc_column width=\u00a0\u00bb1\/2&Prime;][vc_column_text]STAGE NATIONAL SANDA dirig\u00e9 par [&hellip;]<\/p>\n","protected":false},"author":20,"featured_media":0,"parent":0,"menu_order":0,"comment_status":"closed","ping_status":"closed","template":"","meta":{"footnotes":""},"class_list":["post-249","page","type-page","status-publish","hentry"],"_links":{"self":[{"href":"https:\/\/sites.ffkarate.fr\/auvergnerhonealpes\/wp-json\/wp\/v2\/pages\/249","targetHints":{"allow":["GET"]}}],"collection":[{"href":"https:\/\/sites.ffkarate.fr\/auvergnerhonealpes\/wp-json\/wp\/v2\/pages"}],"about":[{"href":"https:\/\/sites.ffkarate.fr\/auvergnerhonealpes\/wp-json\/wp\/v2\/types\/page"}],"author":[{"embeddable":true,"href":"https:\/\/sites.ffkarate.fr\/auvergnerhonealpes\/wp-json\/wp\/v2\/users\/20"}],"replies":[{"embeddable":true,"href":"https:\/\/sites.ffkarate.fr\/auvergnerhonealpes\/wp-json\/wp\/v2\/comments?post=249"}],"version-history":[{"count":12,"href":"https:\/\/sites.ffkarate.fr\/auvergnerhonealpes\/wp-json\/wp\/v2\/pages\/249\/revisions"}],"predecessor-version":[{"id":11140,"href":"https:\/\/sites.ffkarate.fr\/auvergnerhonealpes\/wp-json\/wp\/v2\/pages\/249\/revisions\/11140"}],"wp:attachment":[{"href":"https:\/\/sites.ffkarate.fr\/auvergnerhonealpes\/wp-json\/wp\/v2\/media?parent=249"}],"curies":[{"name":"wp","href":"https:\/\/api.w.org\/{rel}","templated":true}]}}