{"id":2929,"date":"2016-02-09T16:54:04","date_gmt":"2016-02-09T15:54:04","guid":{"rendered":"https:\/\/sites.ffkarate.fr\/liguerhonealpes\/?page_id=2929"},"modified":"2016-02-09T16:54:04","modified_gmt":"2016-02-09T15:54:04","slug":"karate-iko-kyokushin-2015-2016","status":"publish","type":"page","link":"https:\/\/sites.ffkarate.fr\/auvergnerhonealpes\/karate-iko-kyokushin-2015-2016\/","title":{"rendered":"Karat\u00e9 IKO Kyokushin"},"content":{"rendered":"<div class=\"wpb-content-wrapper\"><p>[vc_row][vc_column][vc_column_text]<\/p>\n<h2 style=\"text-align: left\"><b><b>Open de France IKO karat\u00e9 kyokushin<\/b><\/b><\/h2>\n<p style=\"text-align: left\"><b>Date :<\/b>\u00a0Samedi 26 mars 2016<a href=\"https:\/\/sites.ffkarate.fr\/liguerhonealpes\/wp-content\/uploads\/sites\/107\/2016\/03\/open-de-france-karate-kyokushin-26-03-2016.jpg\"><img decoding=\"async\" class=\" size-medium wp-image-3172 alignright\" src=\"https:\/\/sites.ffkarate.fr\/liguerhonealpes\/wp-content\/uploads\/sites\/107\/2016\/03\/open-de-france-karate-kyokushin-26-03-2016-212x300.jpg\" alt=\"open-de-france-karate-kyokushin-26-03-2016\" width=\"212\" height=\"300\" \/><\/a><\/p>\n<p style=\"text-align: left\"><b>Lieu :\u00a0<\/b>Maison du judo &#8211; 12 rue Saint-Th\u00e9odore &#8211; 69003 Lyon<\/p>\n<p style=\"text-align: left\"><b>Horaires :\u00a0<\/b><span class=\"s1\">Le d\u00e9but de la comp\u00e9tition aura lieu \u00e0 9h30<\/span><\/p>\n<p class=\"p1\"><span class=\"s1\"><b>Programme :\u00a0<\/b><\/span><\/p>\n<ul>\n<li class=\"p1\"><span class=\"s2\">09h30 Katas hommes\/femmes.<\/span><\/li>\n<li class=\"p1\">10h30 Jeunes comp\u00e9titeurs.<\/li>\n<li class=\"p1\">12h30 Pause.<\/li>\n<li class=\"p1\">13h00 C\u00e9r\u00e9monie d\u2019ouverture avec tous les comp\u00e9titeurs (plus de 250 participants) et le discours officiel de Shihan Gorai (Directeur technique mondial IKO).<\/li>\n<li class=\"p1\">13h45 D\u00e9but de la comp\u00e9tition Hommes\/femmes.<\/li>\n<li class=\"p1\">16h00 Pause 20 mn.<\/li>\n<li class=\"p1\">16h30 reprise de la comp\u00e9tition.<\/li>\n<li class=\"p1\">18h30 Fin.<\/li>\n<\/ul>\n<p style=\"text-align: left\"><b>Renseignements :<\/b><\/p>\n<p>Tel.\u00a0<span class=\"s1\">06 78 22 09 68<\/span><span class=\"s1\"><br \/>\n<\/span>Site :\u00a0<span class=\"s1\"><a href=\"http:\/\/www.club-lyon-kyokushin.com\" target=\"_blank\" rel=\"noopener\">www.club-lyon-kyokushin.com<\/a>\u00a0&#8211; <a href=\"http:\/\/www.france-kyokushin.fr\" target=\"_blank\" rel=\"noopener\">www.france-kyokushin.fr<\/a><\/span><a href=\"http:\/\/www.ski-france.com\" target=\"_blank\" rel=\"noopener\"><br \/>\n<\/a>E-Mail :\u00a0<span class=\"s1\"><a href=\"mailto:nicolas.bergel@gmail.com\" target=\"_blank\" rel=\"noopener\">nicolas.bergel@gmail.com<\/a>\u00a0 \u00a0<\/span>[\/vc_column_text][\/vc_column][\/vc_row]<\/p>\n<\/div>","protected":false},"excerpt":{"rendered":"<p>[vc_row][vc_column][vc_column_text] Open de France IKO karat\u00e9 kyokushin Date :\u00a0Samedi 26 mars 2016 Lieu :\u00a0Maison du judo &#8211; 12 rue Saint-Th\u00e9odore &#8211; 69003 Lyon Horaires :\u00a0Le d\u00e9but de la comp\u00e9tition aura lieu \u00e0 9h30 Programme :\u00a0 09h30 Katas hommes\/femmes. 10h30 Jeunes comp\u00e9titeurs. 12h30 Pause. 13h00 C\u00e9r\u00e9monie d\u2019ouverture avec tous les comp\u00e9titeurs (plus de 250 participants) et [&hellip;]<\/p>\n","protected":false},"author":20,"featured_media":0,"parent":0,"menu_order":0,"comment_status":"closed","ping_status":"closed","template":"","meta":{"footnotes":""},"class_list":["post-2929","page","type-page","status-publish","hentry"],"_links":{"self":[{"href":"https:\/\/sites.ffkarate.fr\/auvergnerhonealpes\/wp-json\/wp\/v2\/pages\/2929","targetHints":{"allow":["GET"]}}],"collection":[{"href":"https:\/\/sites.ffkarate.fr\/auvergnerhonealpes\/wp-json\/wp\/v2\/pages"}],"about":[{"href":"https:\/\/sites.ffkarate.fr\/auvergnerhonealpes\/wp-json\/wp\/v2\/types\/page"}],"author":[{"embeddable":true,"href":"https:\/\/sites.ffkarate.fr\/auvergnerhonealpes\/wp-json\/wp\/v2\/users\/20"}],"replies":[{"embeddable":true,"href":"https:\/\/sites.ffkarate.fr\/auvergnerhonealpes\/wp-json\/wp\/v2\/comments?post=2929"}],"version-history":[{"count":0,"href":"https:\/\/sites.ffkarate.fr\/auvergnerhonealpes\/wp-json\/wp\/v2\/pages\/2929\/revisions"}],"wp:attachment":[{"href":"https:\/\/sites.ffkarate.fr\/auvergnerhonealpes\/wp-json\/wp\/v2\/media?parent=2929"}],"curies":[{"name":"wp","href":"https:\/\/api.w.org\/{rel}","templated":true}]}}