{"id":5393,"date":"2017-09-04T16:51:03","date_gmt":"2017-09-04T14:51:03","guid":{"rendered":"https:\/\/sites.ffkarate.fr\/liguerhonealpes\/?page_id=5393"},"modified":"2024-11-08T10:58:56","modified_gmt":"2024-11-08T09:58:56","slug":"ecole-regionale-de-formation","status":"publish","type":"page","link":"https:\/\/sites.ffkarate.fr\/auvergnerhonealpes\/ecole-regionale-de-formation\/","title":{"rendered":"formations"},"content":{"rendered":"<div class=\"wpb-content-wrapper\"><p>[vc_row][vc_column][vc_column_text]<\/p>\n<h2><strong>samedi 12 et dimanche\u00a0 13 avril 2025<\/strong><\/h2>\n<h2 class=\"h2 post_title\">FORMATION CBK (CERTIFICAT BODY KARAT\u00c9)<\/h2>\n<p>Responsable de la formation : en attente de confirmation de nomination<\/p>\n<h2>Objectif<\/h2>\n<p>La ligue R\u00e9gionale propose une certification qui permet \u00e0 tout licenci\u00e9, titulaire ou non du 1er Dan, Duan ou Dang, d\u2019animer cette activit\u00e9, au sein d\u2019un club affili\u00e9 \u00e0 la FFK et en conformit\u00e9 avec les statuts f\u00e9d\u00e9raux.<br \/>\nL\u2019enseignant titulaire du CBK agit en pleine autonomie pour enseigner uniquement le BK et pour une dur\u00e9e illimit\u00e9e au sein d\u2019un club affili\u00e9 \u00e0 la FFK.<br \/>\nL\u2019obtention du DEBK, ne permet pas l\u2019ouverture d\u2019un club affili\u00e9 \u00e0 la FFK.<\/p>\n<h2>Conditions d\u2019acc\u00e8s \u00e0 la formation<\/h2>\n<p>Pour s\u2019inscrire \u00e0 la formation, le candidat(e) doit :<\/p>\n<ul>\n<li>Avoir 3 ann\u00e9es de licence ;<\/li>\n<li>Avoir au moins 18 ans ;<\/li>\n<li>\u00catre titulaire d\u2019un dipl\u00f4me de secourisme.<\/li>\n<\/ul>\n<p>Aucun pr\u00e9-requis en terme de grade.<\/p>\n<h2>Organisation\u00a0de la formation<\/h2>\n<p>Ce dipl\u00f4me s\u2019obtient suite \u00e0 une formation organis\u00e9e par la ligue r\u00e9gionale<\/p>\n<ul>\n<li>Dur\u00e9e : 32 heures<\/li>\n<li>Tarif : 200 euros<\/li>\n<\/ul>\n<h2>\u00c9valuation et validation<\/h2>\n<p>Afin d\u2019obtenir le CBK, le candidat doit suivre int\u00e9gralement la formation. Le d\u00e9partement formation de la FFK \u00e9tablit les dipl\u00f4mes apr\u00e8s validation du Pr\u00e9sident et du DTN.<\/p>\n<p>&nbsp;<\/p>\n<p>Fiche d&rsquo;inscription CBK\u00a0 \u00a0( en cours de MAJ )<\/p>\n<p><a href=\"https:\/\/sites.ffkarate.fr\/auvergnerhonealpes\/wp-content\/uploads\/sites\/107\/2023\/12\/Formation-CBK-_2023-2024.pdf\" target=\"_blank\" rel=\"noopener\">Informations Formation CBK <\/a>[\/vc_column_text][vc_column_text]<\/p>\n<h2>parution du nouveau titre \u00e0 finalit\u00e9 professionnelle de la FFKDA intitul\u00e9 : \u00ab moniteur professionnel de Karat\u00e9, Wushu et disciplines associ\u00e9es \u00bb<\/h2>\n<p style=\"font-weight: 400\"><strong>Objectif<\/strong><\/p>\n<p style=\"font-weight: 400\">Le Moniteur Professionnel Karat\u00e9, Wushu et disciplines associ\u00e9es est capable de mettre en \u0153uvre en autonomie et en s\u00e9curit\u00e9 les comp\u00e9tences suivantes :<\/p>\n<ul>\n<li style=\"font-weight: 400\">Concevoir et mettre en \u0153uvre un projet sportif et p\u00e9dagogique dans les structures affili\u00e9es \u00e0 la FFKDA ;<\/li>\n<li style=\"font-weight: 400\">Concevoir et mettre en \u0153uvre un projet d\u2019animation dans les structures affili\u00e9es \u00e0 la FFKDA ;<\/li>\n<li style=\"font-weight: 400\">Aider \u00e0 d\u00e9velopper les structures dans la pluralit\u00e9 des disciplines ;<\/li>\n<li style=\"font-weight: 400\">Pr\u00e9parer et accompagner des pratiquants jusqu\u2019en comp\u00e9tition de niveau r\u00e9gional.<\/li>\n<\/ul>\n<p style=\"font-weight: 400\"><strong>\u00a0<\/strong><\/p>\n<p style=\"font-weight: 400\"><strong>Les points forts de la formation<\/strong><\/p>\n<p style=\"font-weight: 400\">Une formation adapt\u00e9e aux titulaires d\u2019un DIF FFKDA (Dipl\u00f4me d\u2019Instructeur F\u00e9d\u00e9ral)<br \/>\nDes formateurs exp\u00e9riment\u00e9s et issus du milieu f\u00e9d\u00e9ral<br \/>\nUn format sur une semaine en pr\u00e9sentiel<\/p>\n<p style=\"font-weight: 400\"><strong>Organisation de la formation<\/strong><br \/>\nLa formation s\u2019articule 4 temps :<\/p>\n<ul>\n<li style=\"font-weight: 400\">Une pr\u00e9formation de 42h (travaux en amont \u00e0 partir de fiches th\u00e9matiques) ;<\/li>\n<li style=\"font-weight: 400\">Un pr\u00e9sentiel en centre de formation de 68h ;<\/li>\n<li style=\"font-weight: 400\">Un pr\u00e9sentiel lors des participations f\u00e9d\u00e9rales de 15h ;<\/li>\n<li style=\"font-weight: 400\">Un stage en club de 70 heures.<\/li>\n<\/ul>\n<p style=\"font-weight: 400\"><strong><em>\u00a0<\/em><\/strong><\/p>\n<p style=\"font-weight: 400\"><strong><em>Dur\u00e9e totale :<\/em><\/strong>\u00a0195h<\/p>\n<p style=\"font-weight: 400\">La possession du DIF permet un all\u00e8gement de 85 heures:<\/p>\n<ul>\n<li style=\"font-weight: 400\">Une pr\u00e9formation de 30h (travaux en amont \u00e0 partir de fiches th\u00e9matiques impos\u00e9es par le Responsable D\u00e9partemental de Formation) ;<\/li>\n<li style=\"font-weight: 400\">Un pr\u00e9sentiel en centre de formation de 40h ;<\/li>\n<li style=\"font-weight: 400\">Un stage en club de 40h.<\/li>\n<\/ul>\n<p style=\"font-weight: 400\"><strong><em>Soit une dur\u00e9e :<\/em><\/strong>\u00a0 110h (pour les stagiaires en possession du DIF)<br \/>\n<strong><em>Co\u00fbt :<\/em><\/strong><em>\u00a0<\/em>850 \u20ac (pour les stagiaires en possession du DIF)<\/p>\n<p style=\"font-weight: 400\"><strong>\u00a0<\/strong><\/p>\n<p style=\"font-weight: 400\"><strong>Conditions d\u2019acc\u00e8s \u00e0 la formation<\/strong><\/p>\n<ul>\n<li style=\"font-weight: 400\">Pour s\u2019inscrire \u00e0 la formation, le candidat doit :<\/li>\n<li style=\"font-weight: 400\">Etre \u00e2g\u00e9 de 18 ans minimum ;<\/li>\n<li style=\"font-weight: 400\">Etre ceinture noire 2er\u00a0Dan, Duan ou Dang minimum d\u00e9livr\u00e9e par la CSDGE FFKDA ;<\/li>\n<li style=\"font-weight: 400\">Poss\u00e9der la licence FFK pour la saison sportive en cours ;<\/li>\n<li style=\"font-weight: 400\">Poss\u00e9der un dipl\u00f4me de secourisme ou \u00e9quivalent.<\/li>\n<\/ul>\n<p>&nbsp;<\/p>\n<p>&nbsp;<\/p>\n<h2><em><strong>Calendrier des formations :<\/strong><\/em><\/h2>\n<div>\n<div class=\"gmail-liste-event-flex gmail-active gmail-affichage-futur\">\n<div class=\"gmail-detail-liste-event\">\n<div class=\"gmail-left\"><a href=\"https:\/\/www.ffkarate.fr\/calendrier\/tfp-karate-wushu-et-disciplines-associees-zone-nord-1\/\" target=\"_blank\" rel=\"noopener\">TFP Karat\u00e9, Wushu et Disciplines Associ\u00e9es \u2013 zone nord 1<\/a><\/div>\n<div class=\"gmail-right\">Du Lun. 19 au Sam. 24 F\u00e9vrier 2024<br \/>\nCDFAS &#8211; Eaubonne (95)<\/div>\n<\/div>\n<div class=\"gmail-detail-liste-event\">\n<div class=\"gmail-left\"><a href=\"https:\/\/www.ffkarate.fr\/calendrier\/tfp-karate-wushu-et-disciplines-associees-zone-sud-1\/\" target=\"_blank\" rel=\"noopener\">TFP Karat\u00e9, Wushu et Disciplines Associ\u00e9es \u2013 zone sud 1<\/a><\/div>\n<div class=\"gmail-right\">Du Lun. 01 au Sam. 06 Avril 2024<br \/>\nCentre National d&rsquo;Entra\u00eenement FFK &#8211; Castelnau-le-Lez (34)<\/div>\n<\/div>\n<div class=\"gmail-detail-liste-event\">\n<div class=\"gmail-left\"><a href=\"https:\/\/www.ffkarate.fr\/calendrier\/tfp-karate-wushu-et-disciplines-associees-zone-nord-2\/\" target=\"_blank\" rel=\"noopener\">TFP Karat\u00e9, Wushu et Disciplines Associ\u00e9es \u2013 zone nord 2<\/a><\/div>\n<div class=\"gmail-right\">Du Lun. 08 au Sam. 13 Avril 2024<br \/>\nCDFAS &#8211; Eaubonne (95)<\/div>\n<\/div>\n<div class=\"gmail-detail-liste-event\">\n<div class=\"gmail-left\"><a href=\"https:\/\/www.ffkarate.fr\/calendrier\/tfp-karate-wushu-et-disciplines-associees-zone-sud-2\/\" target=\"_blank\" rel=\"noopener\">TFP Karat\u00e9, Wushu et Disciplines Associ\u00e9es \u2013 zone sud 2<\/a><\/div>\n<div class=\"gmail-right\">Du Lun. 24 au Sam. 29 Juin 2024<br \/>\nCentre National d&rsquo;Entra\u00eenement FFK &#8211; Castelnau-le-Lez (34)<\/div>\n<\/div>\n<\/div>\n<\/div>\n<p>&nbsp;<\/p>\n<p>&nbsp;<\/p>\n<p>&nbsp;<\/p>\n<hr \/>\n<p>[\/vc_column_text][\/vc_column][\/vc_row][vc_row][vc_column][\/vc_column][\/vc_row]<\/p>\n<\/div>","protected":false},"excerpt":{"rendered":"<p>[vc_row][vc_column][vc_column_text] samedi 12 et dimanche\u00a0 13 avril 2025 FORMATION CBK (CERTIFICAT BODY KARAT\u00c9) Responsable de la formation : en attente de confirmation de nomination Objectif La ligue R\u00e9gionale propose une certification qui permet \u00e0 tout licenci\u00e9, titulaire ou non du 1er Dan, Duan ou Dang, d\u2019animer cette activit\u00e9, au sein d\u2019un club affili\u00e9 \u00e0 la [&hellip;]<\/p>\n","protected":false},"author":20,"featured_media":0,"parent":0,"menu_order":0,"comment_status":"closed","ping_status":"closed","template":"","meta":{"footnotes":""},"class_list":["post-5393","page","type-page","status-publish","hentry"],"_links":{"self":[{"href":"https:\/\/sites.ffkarate.fr\/auvergnerhonealpes\/wp-json\/wp\/v2\/pages\/5393","targetHints":{"allow":["GET"]}}],"collection":[{"href":"https:\/\/sites.ffkarate.fr\/auvergnerhonealpes\/wp-json\/wp\/v2\/pages"}],"about":[{"href":"https:\/\/sites.ffkarate.fr\/auvergnerhonealpes\/wp-json\/wp\/v2\/types\/page"}],"author":[{"embeddable":true,"href":"https:\/\/sites.ffkarate.fr\/auvergnerhonealpes\/wp-json\/wp\/v2\/users\/20"}],"replies":[{"embeddable":true,"href":"https:\/\/sites.ffkarate.fr\/auvergnerhonealpes\/wp-json\/wp\/v2\/comments?post=5393"}],"version-history":[{"count":10,"href":"https:\/\/sites.ffkarate.fr\/auvergnerhonealpes\/wp-json\/wp\/v2\/pages\/5393\/revisions"}],"predecessor-version":[{"id":10347,"href":"https:\/\/sites.ffkarate.fr\/auvergnerhonealpes\/wp-json\/wp\/v2\/pages\/5393\/revisions\/10347"}],"wp:attachment":[{"href":"https:\/\/sites.ffkarate.fr\/auvergnerhonealpes\/wp-json\/wp\/v2\/media?parent=5393"}],"curies":[{"name":"wp","href":"https:\/\/api.w.org\/{rel}","templated":true}]}}