{"id":7793,"date":"2014-12-31T10:49:17","date_gmt":"2014-12-31T10:49:17","guid":{"rendered":"https:\/\/sites.ffkarate.fr\/testclone\/?page_id=23"},"modified":"2014-12-31T10:49:17","modified_gmt":"2014-12-31T10:49:17","slug":"contacts","status":"publish","type":"page","link":"https:\/\/sites.ffkarate.fr\/auvergnerhonealpes\/contacts\/","title":{"rendered":"Contacts"},"content":{"rendered":"<div class=\"wpb-content-wrapper\"><p>[vc_row][vc_column][vc_column_text]<\/p>\n<h2 style=\"text-align: left\">Ligue RH\u00d4NE-ALPES de karat\u00e9 et Disciplines Associ\u00e9es<\/h2>\n<p>Maison du Judo<\/p>\n<p>12 rue Saint Th\u00e9odore<\/p>\n<p>69003 LYON<\/p>\n<p>&nbsp;<br \/>\nE-mail : <a href=\"mailto:secretariat.rhonealpes@ffkarate.fr\">secretariat.rhonealpes@ffkarate.fr<\/a><\/p>\n<p><!-- N'oubliez pas de remplacer les liens vers le Facebook et\/ou Twitter de votre ligue --><br \/>\n<a href=\"https:\/\/www.facebook.com\/karaterhonealpes\" target=\"_blank\" rel=\"noopener\"><img decoding=\"async\" class=\"alignnone wp-image-98 size-full\" src=\"\/wp-content\/uploads\/sites\/3\/2015\/01\/facebook_logo.png\" alt=\"facebook_logo\" width=\"32\" height=\"32\" \/><\/a>\u00a0<a href=\"https:\/\/twitter.com\/ffkarate\" target=\"_blank\" rel=\"noopener\"><img decoding=\"async\" class=\"alignnone wp-image-99 size-full\" src=\"\/wp-content\/uploads\/sites\/3\/2015\/01\/twitter_logo.png\" alt=\"twitter_logo\" width=\"32\" height=\"32\" \/><\/a><a href=\"#\"><img decoding=\"async\" class=\"logo-ligue alignnone wp-image-100 size-full\" src=\"\/wp-content\/uploads\/sites\/107\/2015\/06\/logo-marquage-CMJN-DA-150x150.jpg\" alt=\"logo-ligue\" width=\"55\" height=\"51\" \/><\/a>[\/vc_column_text][\/vc_column][\/vc_row]<\/p>\n<\/div>","protected":false},"excerpt":{"rendered":"<p>[vc_row][vc_column][vc_column_text] Ligue RH\u00d4NE-ALPES de karat\u00e9 et Disciplines Associ\u00e9es Maison du Judo 12 rue Saint Th\u00e9odore 69003 LYON &nbsp; E-mail : secretariat.rhonealpes@ffkarate.fr \u00a0[\/vc_column_text][\/vc_column][\/vc_row]<\/p>\n","protected":false},"author":20,"featured_media":0,"parent":0,"menu_order":0,"comment_status":"closed","ping_status":"open","template":"","meta":{"footnotes":""},"class_list":["post-7793","page","type-page","status-publish","hentry"],"_links":{"self":[{"href":"https:\/\/sites.ffkarate.fr\/auvergnerhonealpes\/wp-json\/wp\/v2\/pages\/7793","targetHints":{"allow":["GET"]}}],"collection":[{"href":"https:\/\/sites.ffkarate.fr\/auvergnerhonealpes\/wp-json\/wp\/v2\/pages"}],"about":[{"href":"https:\/\/sites.ffkarate.fr\/auvergnerhonealpes\/wp-json\/wp\/v2\/types\/page"}],"author":[{"embeddable":true,"href":"https:\/\/sites.ffkarate.fr\/auvergnerhonealpes\/wp-json\/wp\/v2\/users\/20"}],"replies":[{"embeddable":true,"href":"https:\/\/sites.ffkarate.fr\/auvergnerhonealpes\/wp-json\/wp\/v2\/comments?post=7793"}],"version-history":[{"count":0,"href":"https:\/\/sites.ffkarate.fr\/auvergnerhonealpes\/wp-json\/wp\/v2\/pages\/7793\/revisions"}],"wp:attachment":[{"href":"https:\/\/sites.ffkarate.fr\/auvergnerhonealpes\/wp-json\/wp\/v2\/media?parent=7793"}],"curies":[{"name":"wp","href":"https:\/\/api.w.org\/{rel}","templated":true}]}}