{"id":1062,"date":"2016-11-22T09:42:22","date_gmt":"2016-11-22T08:42:22","guid":{"rendered":"https:\/\/sites.ffkarate.fr\/aveyron\/?page_id=1062"},"modified":"2016-11-22T09:42:22","modified_gmt":"2016-11-22T08:42:22","slug":"reglement-competitions-2016-2017","status":"publish","type":"page","link":"https:\/\/sites.ffkarate.fr\/aveyron\/reglement-competitions-2016-2017\/","title":{"rendered":"R\u00e8glement Comp\u00e9titions"},"content":{"rendered":"<div class=\"wpb-content-wrapper\"><p>[vc_row][vc_column][vc_column_text]Ci-joint quelques liens concernant la r\u00e9glementation des Comp\u00e9titions 2020-2021:<\/p>\n<p>&nbsp;<\/p>\n<ul>\n<li><strong>KARAT\u00c9 &#8211; R\u00c9GLEMENTATION DES COMP\u00c9TITIONS &#8211; SAISON 2020\/2021:<\/strong><\/li>\n<\/ul>\n<p><a href=\"https:\/\/www.ffkarate.fr\/wp-content\/uploads\/2020\/08\/Reglement-competitions-2020-2021-Version-definitive-le-20.07.20.pdf\" target=\"_blank\" rel=\"noopener\">https:\/\/www.ffkarate.fr\/wp-content\/uploads\/2019\/08\/R%C3%A9glement-comp%C3%A9titions-2019-2020.pdf<\/a><\/p>\n<ul>\n<li><strong>R\u00c8GLEMENT ARBITRAGE KARAT\u00c9 &#8211; SAISON 2020-2021<\/strong><\/li>\n<\/ul>\n<p><a href=\"https:\/\/www.ffkarate.fr\/wp-content\/uploads\/2020\/08\/Reglement-darbitrage-2020-2021-Version-definitive-le-15-06-20.pdf\" target=\"_blank\" rel=\"noopener\">https:\/\/www.ffkarate.fr\/wp-content\/uploads\/2019\/08\/R%C3%A9glement-darbitrage-2019-2020.pdf<\/a><\/p>\n<ul>\n<li><strong>R\u00c8GLEMENT\u00a0 YOSEIKAN BUDO &#8211; SAISON 2020-2021<\/strong><\/li>\n<\/ul>\n<p><a href=\"https:\/\/www.ffkarate.fr\/wp-content\/uploads\/2020\/09\/Reglement-des-competitions-2020-2021_Yosikan-Budo.pdf\" target=\"_blank\" rel=\"noopener\">https:\/\/www.ffkarate.fr\/wp-content\/uploads\/2019\/12\/R%C3%A8glement-yoseikan-2019-2020-def.pdf<\/a><\/p>\n<ul>\n<li><strong><span class=\"title\">NIHON TA\u00cf JITSU &#8211; R\u00c8GLEMENT\u00a0COUPE DE FRANCE\u00a0&#8211; SAISON 2020-2021<\/span><\/strong><\/li>\n<\/ul>\n<p><a href=\"https:\/\/www.nihon-tai-jitsu.fr\/commission-competitions\/coupe-de-france\/cf-reglement-arbitrage.html\" target=\"_blank\" rel=\"noopener\">https:\/\/www.nihon-tai-jitsu.fr\/commission-competitions\/coupe-de-france\/cf-reglement-arbitrage.html<\/a><\/p>\n<ul>\n<li><strong>R\u00c8GLEMENT_COMP\u00c9TITIONS_KARATE MIX 2020-2021<\/strong><\/li>\n<\/ul>\n<p><a href=\"https:\/\/www.ffkarate.fr\/wp-content\/uploads\/2020\/09\/Reglementation-k-MIX-V2-20-08-2020.pdf\" target=\"_blank\" rel=\"noopener\">https:\/\/www.ffkarate.fr\/wp-content\/uploads\/2019\/11\/r%C3%A9glementation-k-MIX-2019-2020.pdf<\/a><\/p>\n<ul>\n<li><strong><span class=\"title\">R\u00c8GLEMENT CHAMPIONNAT DE FRANCE COMBAT KRAV-MAGA 2020-2021<\/span><\/strong><\/li>\n<\/ul>\n<p><a href=\"https:\/\/www.ffkarate.fr\/wp-content\/uploads\/2020\/10\/Reglement-des-competitions-Krav-Maga-2020-2021.pdf\" target=\"_blank\" rel=\"noopener\">https:\/\/www.ffkarate.fr\/wp-content\/uploads\/2019\/07\/R%C3%A8glement-championnat-de-France-Combat-Krav-Maga-2019-2020.pdf<\/a><\/p>\n<p>&nbsp;<\/p>\n<p>Retrouvez toutes les infos sur le site de la F\u00e9d\u00e9ration Fran\u00e7aise de Karat\u00e9 et Disciplines Associ\u00e9es: <a href=\"https:\/\/www.ffkarate.fr\/\" target=\"_blank\" rel=\"noopener\">https:\/\/www.ffkarate.fr\/<\/a><\/p>\n<p><span class=\"title\">\u00a0<\/span><\/p>\n<p><span style=\"color: #ff0000\"><strong><span style=\"text-decoration: underline\">Dans le cadre des comp\u00e9titions nationales,\u00a0nous tenons \u00e0 vous rappeler le r\u00e8glement du dispositif de coaching.<\/span><\/strong><\/span><\/p>\n<p>Ainsi vous trouverez en pi\u00e8ce jointe\u00a0:<\/p>\n<ul>\n<li><a href=\"https:\/\/www.ffkarate.fr\/wp-content\/uploads\/2020\/10\/Reglementation-du-coaching-national-et-territorial-2020-2021-1.pdf\" target=\"_blank\" rel=\"noopener\">la r\u00e9glementation au niveau national et territorial\u00a02020-2021<\/a><\/li>\n<li><a href=\"https:\/\/www.ffkarate.fr\/wp-content\/uploads\/2020\/10\/Note-dinformations-aux-coaches-site-Bulletin-n%C2%B02-2020-2021.pdf\" target=\"_blank\" rel=\"noopener\">la note d\u2019information aux coaches\u00a02020-2021<\/a><\/li>\n<\/ul>\n<p>Ces documents mais aussi les formulaires d\u2019inscription pour les 3 cat\u00e9gories de coaches sont disponibles sur le site f\u00e9d\u00e9ral via le lien suivant\u00a0:\u00a0<a href=\"http:\/\/eye.sbc31.net\/c?p=xBAFCzs90JvQlkx70LfrZxvuMtCv0JjEEO_2WdC86tCsRtDV0ITQtjTQjDBR0M8J2VVodHRwOi8vd3d3LmZma2FyYXRlLmZyL3JlZ2xlbWVudGF0aW9uLWNvbXBldGl0aW9ucy1kYXJiaXRyYWdlLWRpc3Bvc2l0aWYtZGUtY29hY2hpbmcvuDViMTRmZmQ3Yjg1YjUzNjA2NmQ5MWNlMMQQ0Nso0LvQilzQn0o60IrQidDIS0Zh-dCsrWV5ZS5zYmMzMS5uZXTEFC_QkBfQvC7gZdCf0Mk1flzQqtDF0I8k50joTA\" target=\"_blank\" rel=\"noopener noreferrer\">http:\/\/www.ffkarate.fr\/reglementation-competitions-darbitrage-dispositif-de-coaching\/<\/a><\/p>\n<p>Nous vous remercions de bien vouloir diffuser l\u2019ensemble de ces informations aux comp\u00e9titeurs, aux professeurs de vos clubs.<\/p>\n<p><span class=\"title\">\u00a0<\/span>[\/vc_column_text][\/vc_column][\/vc_row]<\/p>\n<\/div>","protected":false},"excerpt":{"rendered":"<p>[vc_row][vc_column][vc_column_text]Ci-joint quelques liens concernant la r\u00e9glementation des Comp\u00e9titions 2020-2021: &nbsp; KARAT\u00c9 &#8211; R\u00c9GLEMENTATION DES COMP\u00c9TITIONS &#8211; SAISON 2020\/2021: https:\/\/www.ffkarate.fr\/wp-content\/uploads\/2019\/08\/R%C3%A9glement-comp%C3%A9titions-2019-2020.pdf R\u00c8GLEMENT ARBITRAGE KARAT\u00c9 &#8211; SAISON 2020-2021 https:\/\/www.ffkarate.fr\/wp-content\/uploads\/2019\/08\/R%C3%A9glement-darbitrage-2019-2020.pdf R\u00c8GLEMENT\u00a0 YOSEIKAN BUDO &#8211; SAISON 2020-2021 https:\/\/www.ffkarate.fr\/wp-content\/uploads\/2019\/12\/R%C3%A8glement-yoseikan-2019-2020-def.pdf NIHON TA\u00cf JITSU &#8211; R\u00c8GLEMENT\u00a0COUPE DE FRANCE\u00a0&#8211; SAISON 2020-2021 https:\/\/www.nihon-tai-jitsu.fr\/commission-competitions\/coupe-de-france\/cf-reglement-arbitrage.html R\u00c8GLEMENT_COMP\u00c9TITIONS_KARATE MIX 2020-2021 https:\/\/www.ffkarate.fr\/wp-content\/uploads\/2019\/11\/r%C3%A9glementation-k-MIX-2019-2020.pdf R\u00c8GLEMENT CHAMPIONNAT DE FRANCE COMBAT KRAV-MAGA 2020-2021 https:\/\/www.ffkarate.fr\/wp-content\/uploads\/2019\/07\/R%C3%A8glement-championnat-de-France-Combat-Krav-Maga-2019-2020.pdf [&hellip;]<\/p>\n","protected":false},"author":38,"featured_media":0,"parent":0,"menu_order":0,"comment_status":"closed","ping_status":"closed","template":"","meta":{"footnotes":""},"class_list":["post-1062","page","type-page","status-publish","hentry"],"_links":{"self":[{"href":"https:\/\/sites.ffkarate.fr\/aveyron\/wp-json\/wp\/v2\/pages\/1062","targetHints":{"allow":["GET"]}}],"collection":[{"href":"https:\/\/sites.ffkarate.fr\/aveyron\/wp-json\/wp\/v2\/pages"}],"about":[{"href":"https:\/\/sites.ffkarate.fr\/aveyron\/wp-json\/wp\/v2\/types\/page"}],"author":[{"embeddable":true,"href":"https:\/\/sites.ffkarate.fr\/aveyron\/wp-json\/wp\/v2\/users\/38"}],"replies":[{"embeddable":true,"href":"https:\/\/sites.ffkarate.fr\/aveyron\/wp-json\/wp\/v2\/comments?post=1062"}],"version-history":[{"count":0,"href":"https:\/\/sites.ffkarate.fr\/aveyron\/wp-json\/wp\/v2\/pages\/1062\/revisions"}],"wp:attachment":[{"href":"https:\/\/sites.ffkarate.fr\/aveyron\/wp-json\/wp\/v2\/media?parent=1062"}],"curies":[{"name":"wp","href":"https:\/\/api.w.org\/{rel}","templated":true}]}}