{"id":1221,"date":"2016-11-24T22:29:09","date_gmt":"2016-11-24T21:29:09","guid":{"rendered":"https:\/\/sites.ffkarate.fr\/aveyron\/?page_id=1221"},"modified":"2016-11-24T22:29:09","modified_gmt":"2016-11-24T21:29:09","slug":"revue-de-presse","status":"publish","type":"page","link":"https:\/\/sites.ffkarate.fr\/aveyron\/revue-de-presse\/","title":{"rendered":"Revue de presse"},"content":{"rendered":"<div class=\"wpb-content-wrapper\"><p>[vc_row][vc_column][vc_column_text]<\/p>\n<p style=\"text-align: center\">Karat\u00e9: le club d&rsquo;Olemps a repris ses cours en ext\u00e9rieur.<\/p>\n<p style=\"text-align: center\">Ci-joint le lien vers\u00a0l&rsquo;article de presse, cliquez\u00a0<a href=\"https:\/\/sites.ffkarate.fr\/aveyron\/wp-content\/uploads\/sites\/27\/2020\/08\/Karate-le-club-dOlemps-a-repris-ses-cours-en-exterieur.doc\">ICI<\/a><\/p>\n<p style=\"text-align: center\">&#8212;&#8212;&#8212;&#8212;&#8212;&#8212;&#8212;&#8212;&#8212;&#8212;&#8212;&#8212;&#8212;&#8212;&#8212;&#8212;&#8212;&#8212;&#8212;&#8212;&#8212;&#8212;&#8212;&#8212;&#8212;&#8212;&#8212;&#8212;&#8212;&#8212;&#8212;&#8212;&#8212;&#8212;&#8212;<\/p>\n<p style=\"text-align: center\">\n<p style=\"text-align: center\">Stage D\u00e9partemental Directeur Technique anim\u00e9 par Franck Gracia 4\u00e8me dan + Stage technique dirig\u00e9 par Serge Serfati 8\u00e8me dan.<\/p>\n<p style=\"text-align: center\">Ci-joint le lien vers\u00a0l&rsquo;article de presse, cliquez\u00a0<a href=\"https:\/\/sites.ffkarate.fr\/aveyron\/wp-content\/uploads\/sites\/65\/2018\/04\/PRESSE-stage-Serge-Serfati.jpg\">ICI<\/a><\/p>\n<p style=\"text-align: center\">&#8212;&#8212;&#8212;&#8212;&#8212;&#8212;&#8212;&#8212;&#8212;&#8212;&#8212;&#8212;&#8212;&#8212;&#8212;&#8212;&#8212;&#8212;&#8212;&#8212;&#8212;&#8212;&#8212;&#8212;&#8212;&#8212;&#8212;&#8212;&#8212;&#8212;&#8212;&#8212;&#8212;&#8212;&#8212;<\/p>\n<p style=\"text-align: center\">Stage D\u00e9partemental Directeur Technique \u00e0 la salle de La Doline \u00e0 S\u00e9bazac le 28\/01\/2017.<\/p>\n<p style=\"text-align: center\">Stage organis\u00e9 par le comit\u00e9 d\u00e9partemental de Karat\u00e9, pour tous les licenci\u00e9s toutes cat\u00e9gories d\u2019\u00e2ge et de grade. Il y avait au total: 47 participants venus de 9 clubs: Baraqueville(3), Creissels(4), Flavin(1), Olemps(8), Onet(9), S\u00e9bazac(12), S\u00e9verac(3), Rodez(3), VdR Shorin(4)<\/p>\n<p style=\"text-align: center\">Ci-joint le lien vers\u00a0l&rsquo;article de presse, cliquez <a href=\"https:\/\/sites.ffkarate.fr\/aveyron\/wp-content\/uploads\/sites\/65\/2017\/03\/STAGE-POUR-TOUS.jpg\">ICI<\/a><\/p>\n<p style=\"text-align: center\">&#8212;&#8212;&#8212;&#8212;&#8212;&#8212;&#8212;&#8212;&#8212;&#8212;&#8212;&#8212;&#8212;&#8212;&#8212;&#8212;&#8212;&#8212;&#8212;&#8212;&#8212;&#8212;&#8212;&#8212;&#8212;&#8212;&#8212;&#8212;&#8212;&#8212;&#8212;&#8212;&#8212;&#8212;&#8212;<\/p>\n<p style=\"text-align: center\">Coupe de France Wado-ryu \u00e0 Deauville le 11 f\u00e9vrier 2017, participation des clubs de Bozouls et Rodez.<\/p>\n<p style=\"text-align: center\">Ci-joint le lien vers\u00a0l&rsquo;article de presse, cliquez <a href=\"https:\/\/sites.ffkarate.fr\/aveyron\/wp-content\/uploads\/sites\/65\/2017\/02\/Coupe-de-France-Wado-ryu-\u00e0-Deauville-le-11-f\u00e9vrier-2017.pdf\">ICI<\/a><\/p>\n<p style=\"text-align: center\">&#8212;&#8212;&#8212;&#8212;&#8212;&#8212;&#8212;&#8212;&#8212;&#8212;&#8212;&#8212;&#8212;&#8212;&#8212;&#8212;&#8212;&#8212;&#8212;&#8212;&#8212;&#8212;&#8212;&#8212;&#8212;&#8212;&#8212;&#8212;&#8212;&#8212;&#8212;&#8212;&#8212;&#8212;&#8212;<\/p>\n<p>[\/vc_column_text][\/vc_column][\/vc_row]<\/p>\n<\/div>","protected":false},"excerpt":{"rendered":"<p>[vc_row][vc_column][vc_column_text] Karat\u00e9: le club d&rsquo;Olemps a repris ses cours en ext\u00e9rieur. Ci-joint le lien vers\u00a0l&rsquo;article de presse, cliquez\u00a0ICI &#8212;&#8212;&#8212;&#8212;&#8212;&#8212;&#8212;&#8212;&#8212;&#8212;&#8212;&#8212;&#8212;&#8212;&#8212;&#8212;&#8212;&#8212;&#8212;&#8212;&#8212;&#8212;&#8212;&#8212;&#8212;&#8212;&#8212;&#8212;&#8212;&#8212;&#8212;&#8212;&#8212;&#8212;&#8212; Stage D\u00e9partemental Directeur Technique anim\u00e9 par Franck Gracia 4\u00e8me dan + Stage technique dirig\u00e9 par Serge Serfati 8\u00e8me dan. Ci-joint le lien vers\u00a0l&rsquo;article de presse, cliquez\u00a0ICI &#8212;&#8212;&#8212;&#8212;&#8212;&#8212;&#8212;&#8212;&#8212;&#8212;&#8212;&#8212;&#8212;&#8212;&#8212;&#8212;&#8212;&#8212;&#8212;&#8212;&#8212;&#8212;&#8212;&#8212;&#8212;&#8212;&#8212;&#8212;&#8212;&#8212;&#8212;&#8212;&#8212;&#8212;&#8212; Stage D\u00e9partemental Directeur Technique \u00e0 la salle de La [&hellip;]<\/p>\n","protected":false},"author":38,"featured_media":0,"parent":0,"menu_order":0,"comment_status":"closed","ping_status":"closed","template":"","meta":{"footnotes":""},"class_list":["post-1221","page","type-page","status-publish","hentry"],"_links":{"self":[{"href":"https:\/\/sites.ffkarate.fr\/aveyron\/wp-json\/wp\/v2\/pages\/1221","targetHints":{"allow":["GET"]}}],"collection":[{"href":"https:\/\/sites.ffkarate.fr\/aveyron\/wp-json\/wp\/v2\/pages"}],"about":[{"href":"https:\/\/sites.ffkarate.fr\/aveyron\/wp-json\/wp\/v2\/types\/page"}],"author":[{"embeddable":true,"href":"https:\/\/sites.ffkarate.fr\/aveyron\/wp-json\/wp\/v2\/users\/38"}],"replies":[{"embeddable":true,"href":"https:\/\/sites.ffkarate.fr\/aveyron\/wp-json\/wp\/v2\/comments?post=1221"}],"version-history":[{"count":0,"href":"https:\/\/sites.ffkarate.fr\/aveyron\/wp-json\/wp\/v2\/pages\/1221\/revisions"}],"wp:attachment":[{"href":"https:\/\/sites.ffkarate.fr\/aveyron\/wp-json\/wp\/v2\/media?parent=1221"}],"curies":[{"name":"wp","href":"https:\/\/api.w.org\/{rel}","templated":true}]}}