{"id":2423,"date":"2017-11-29T22:31:46","date_gmt":"2017-11-29T21:31:46","guid":{"rendered":"https:\/\/sites.ffkarate.fr\/aveyron\/?page_id=2423"},"modified":"2021-07-04T11:55:44","modified_gmt":"2021-07-04T09:55:44","slug":"club-wushu-de-saint-affrique-taijiquan","status":"publish","type":"page","link":"https:\/\/sites.ffkarate.fr\/aveyron\/club-wushu-de-saint-affrique-taijiquan\/","title":{"rendered":"Info club Saint Affrique: Association Xin Ho (Qi Gong et Arts Martiaux Internes)"},"content":{"rendered":"<div class=\"wpb-content-wrapper\"><p>[vc_row][vc_column][vc_column_text]<span style=\"color: #000000\"><img decoding=\"async\" class=\"alignnone size-medium wp-image-4723\" src=\"https:\/\/sites.ffkarate.fr\/aveyron\/wp-content\/uploads\/sites\/27\/2021\/06\/logo-wushu-Xin-Ho-300x50.jpg\" alt=\"\" width=\"300\" height=\"50\" srcset=\"https:\/\/sites.ffkarate.fr\/aveyron\/wp-content\/uploads\/sites\/27\/2021\/06\/logo-wushu-Xin-Ho-300x50.jpg 300w, https:\/\/sites.ffkarate.fr\/aveyron\/wp-content\/uploads\/sites\/27\/2021\/06\/logo-wushu-Xin-Ho-1024x171.jpg 1024w, https:\/\/sites.ffkarate.fr\/aveyron\/wp-content\/uploads\/sites\/27\/2021\/06\/logo-wushu-Xin-Ho-768x128.jpg 768w, https:\/\/sites.ffkarate.fr\/aveyron\/wp-content\/uploads\/sites\/27\/2021\/06\/logo-wushu-Xin-Ho.jpg 1285w\" sizes=\"(max-width: 300px) 100vw, 300px\" \/><\/span><\/p>\n<p><span style=\"color: #000000\">Nom du club:\u00a0Association Xin Ho: Qi Gong &amp; Arts Martiaux Internes (TaiJiQuan, XingYiQuan, BaGuaZhang et Syst\u00e9ma)<\/span><\/p>\n<p><span style=\"color: #000000\">Nom du ou de la pr\u00e9sidente:\u00a0\u00a0Benjamin Bergnes<\/span><\/p>\n<p><span style=\"color: #000000\">Le t\u00e9l\u00e9phone pour prendre contact: 05 65 97 54 94<\/span><\/p>\n<p><span style=\"color: #000000\">Adresse du club: Dojo du Gymnase des 12 \u00e9toiles &#8211; Dojo SEM SACA 12400 St-Affrique<\/span><\/p>\n<p><span style=\"color: #000000\">Adresse du site internet: <a style=\"color: #000000;text-decoration: underline\" href=\"http:\/\/xinhoasso.blogspot.com\/\" target=\"_blank\" rel=\"noopener noreferrer\">xinhoasso.blogspot.com<\/a><\/span><\/p>\n<p><span style=\"color: #000000\">Adresse mail: associationxinho@gmail.com<\/span><\/p>\n<h2><span style=\"color: #000000\">Tai Ji Quan \u00a0&amp; Arts Martiaux Internes Chinois :<\/span><\/h2>\n<div><span style=\"color: #0000ff\">Les cours en\u00a0bleu\u00a0sont assur\u00e9s par\u00a0Philippe Hasl\u00e9<\/span>, <span style=\"color: #000000\">ceux en noir par J\u00e9r\u00f4me Cayrac<\/span>.<\/div>\n<ul>\n<li><span style=\"color: #0000ff\">Lundi de 20h30 \u00e0 22h00 :\u00a0Cours pour Avanc\u00e9s<\/span><\/li>\n<li><span style=\"color: #0000ff\">Lundi de 22h00 \u00e0 22h45 :\u00a0Cours pratique martiale et armes (1 semaine sur deux)<\/span><\/li>\n<li><span style=\"color: #000000\">Mardi de 20h00 \u00e0 21h30 : Cours pour D\u00e9butants<\/span><\/li>\n<li><span style=\"color: #0000ff\">Jeudi de 12h15 \u00e0 13h30 :\u00a0Cours pour D\u00e9butants et Atelier \u00ab\u00a0pratique libre pour Avanc\u00e9s\u00a0\u00bb<\/span><\/li>\n<li><span style=\"color: #0000ff\">Samedi de 10h15 \u00e0 12h15 :\u00a0Atelier ponctuel \u00e0 th\u00e8me<\/span><\/li>\n<\/ul>\n<h3 class=\"post-title entry-title\"><span style=\"color: #000000\">Tai Ji Quan<\/span><\/h3>\n<div class=\"post-header\"><span style=\"color: #000000\">\u00a0Appartenant \u00e0 la grande famille du\u00a0<b>Wushu<\/b>\u00a0(arts martiaux chinois), le Tai Ji Quan, prononc\u00e9 taichi chuan, est un\u00a0<b>art martial interne<\/b>\u00a0: on y recherche le d\u00e9veloppement de la force vitale \u00e0 partir de la souplesse et du rel\u00e2chement, de l&rsquo;\u00e9coute et d&rsquo;une vision globale du corps en mouvement.<\/span><\/div>\n<div id=\"post-body-3911807350291993419\" class=\"post-body entry-content\">\n<div><span style=\"color: #000000\">\u00a0<\/span><\/div>\n<div><span style=\"color: #000000\">Les s\u00e9ances se composent de pratiques de\u00a0<b>Qi Gong<\/b>, de\u00a0<b>Taolu<\/b>\u00a0(encha\u00eenements, \u00e9quivalent du Kata japonais, s&rsquo;apparentant \u00e0 une danse martiale) et de\u00a0<b>Tui Shou<\/b>\u00a0(travail avec partenaire permettant un travail de coh\u00e9sion et de compr\u00e9hension de cet art).<\/span><\/div>\n<div><span style=\"color: #000000\">\u00a0<\/span><\/div>\n<div><span style=\"color: #000000\">Dans l&rsquo;\u00e9tude martiale, on retrouve la pr\u00e9paration du corps, la pratique d&rsquo;encha\u00eenements en solo ou avec partenaire et ses applications dans le syst\u00e8me de d\u00e9fense des boxes internes, l&rsquo;\u00e9tude de la pouss\u00e9e des mains\u00a0Tui Shou.<\/span><\/div>\n<div><span style=\"color: #000000\">\u00a0<\/span><\/div>\n<div><span style=\"color: #000000\">Le Tai Ji Quan c&rsquo;est aussi la pratique des armes (\u00e9p\u00e9e, \u00e9ventail, b\u00e2ton, lance\u2026) en solo et avec partenaire.<\/span><\/div>\n<div><span style=\"color: #000000\">\u00a0<\/span><\/div>\n<div><span style=\"color: #000000\">En tant qu&rsquo;art martial complet, il apporte une meilleure vitalit\u00e9 et d\u00e9veloppe qualit\u00e9s mentales et morales.<\/span><\/div>\n<h4><span style=\"color: #000000\">Pour aller plus loin&#8230;:<\/span>\u00a0<strong><span style=\"color: #000000\"><a style=\"color: #000000\" href=\"https:\/\/xinhoasso.blogspot.fr\/p\/les-disciplines.html\" target=\"_blank\" rel=\"noopener\">https:\/\/xinhoasso.blogspot.fr\/p\/les-disciplines.html<\/a><\/span><\/strong><\/h4>\n<\/div>\n<p>[\/vc_column_text][\/vc_column][\/vc_row]<\/p>\n<\/div>","protected":false},"excerpt":{"rendered":"<p>[vc_row][vc_column][vc_column_text] Nom du club:\u00a0Association Xin Ho: Qi Gong &amp; Arts Martiaux Internes (TaiJiQuan, XingYiQuan, BaGuaZhang et Syst\u00e9ma) Nom du ou de la pr\u00e9sidente:\u00a0\u00a0Benjamin Bergnes Le t\u00e9l\u00e9phone pour prendre contact: 05 65 97 54 94 Adresse du club: Dojo du Gymnase des 12 \u00e9toiles &#8211; Dojo SEM SACA 12400 St-Affrique Adresse du site internet: xinhoasso.blogspot.com Adresse [&hellip;]<\/p>\n","protected":false},"author":38,"featured_media":0,"parent":0,"menu_order":0,"comment_status":"closed","ping_status":"closed","template":"","meta":{"footnotes":""},"class_list":["post-2423","page","type-page","status-publish","hentry"],"_links":{"self":[{"href":"https:\/\/sites.ffkarate.fr\/aveyron\/wp-json\/wp\/v2\/pages\/2423","targetHints":{"allow":["GET"]}}],"collection":[{"href":"https:\/\/sites.ffkarate.fr\/aveyron\/wp-json\/wp\/v2\/pages"}],"about":[{"href":"https:\/\/sites.ffkarate.fr\/aveyron\/wp-json\/wp\/v2\/types\/page"}],"author":[{"embeddable":true,"href":"https:\/\/sites.ffkarate.fr\/aveyron\/wp-json\/wp\/v2\/users\/38"}],"replies":[{"embeddable":true,"href":"https:\/\/sites.ffkarate.fr\/aveyron\/wp-json\/wp\/v2\/comments?post=2423"}],"version-history":[{"count":4,"href":"https:\/\/sites.ffkarate.fr\/aveyron\/wp-json\/wp\/v2\/pages\/2423\/revisions"}],"predecessor-version":[{"id":4810,"href":"https:\/\/sites.ffkarate.fr\/aveyron\/wp-json\/wp\/v2\/pages\/2423\/revisions\/4810"}],"wp:attachment":[{"href":"https:\/\/sites.ffkarate.fr\/aveyron\/wp-json\/wp\/v2\/media?parent=2423"}],"curies":[{"name":"wp","href":"https:\/\/api.w.org\/{rel}","templated":true}]}}