{"id":372,"date":"2016-02-07T18:37:41","date_gmt":"2016-02-07T17:37:41","guid":{"rendered":"https:\/\/sites.ffkarate.fr\/aveyron\/?page_id=372"},"modified":"2021-06-27T21:44:11","modified_gmt":"2021-06-27T19:44:11","slug":"styles-karate","status":"publish","type":"page","link":"https:\/\/sites.ffkarate.fr\/aveyron\/styles-karate\/","title":{"rendered":"Karat\u00e9 et Disciplines Associ\u00e9es"},"content":{"rendered":"<div class=\"wpb-content-wrapper\"><p>[vc_row][vc_column][vc_column_text]<\/p>\n<p style=\"text-align: center\"><span style=\"color: #000000\">Plusieurs styles de karat\u00e9 et disciplines associ\u00e9es sont enseign\u00e9s dans les clubs aveyronnais:<\/span><\/p>\n<p style=\"text-align: center\"><span style=\"color: #000000\"><strong>BODY KARATE:<\/strong><\/span><\/p>\n<p style=\"text-align: center\"><span style=\"color: #000000\"><a style=\"color: #000000\" href=\"https:\/\/sites.ffkarate.fr\/aveyron\/infos-club-bozouls-a-o-b-karate\/\">Bozouls (A.O.B Karat\u00e9)<\/a><\/span><\/p>\n<p style=\"text-align: center\"><span style=\"color: #000000\"><a style=\"color: #000000\" href=\"https:\/\/sites.ffkarate.fr\/aveyron\/infos-club-flavin-karate-club-flavin\/\">Flavin (Karat\u00e9 Club Flavin)<\/a><\/span><\/p>\n<p style=\"text-align: center\"><span style=\"color: #000000\"><a style=\"color: #000000\" href=\"https:\/\/sites.ffkarate.fr\/aveyron\/infos-club-rodez-sakura-kc-rodez\/\">Rodez (Sakura KC Rodez)<\/a><\/span><\/p>\n<p>&nbsp;<\/p>\n<p style=\"text-align: center\"><span style=\"color: #000000\"><strong>KARATE CONTACT:<\/strong><\/span><\/p>\n<p style=\"text-align: center\"><span style=\"color: #000000\"><a style=\"color: #000000\" href=\"https:\/\/sites.ffkarate.fr\/aveyron\/infos-club-olemps-shotokai-kc-olemps\/\">Olemps (Karat\u00e9 Shotoka\u00ef\u00a0Olemps\u00a0(KSO)<\/a><\/span><\/p>\n<p style=\"text-align: center\"><span style=\"color: #000000\"><a style=\"color: #000000\" href=\"https:\/\/sites.ffkarate.fr\/aveyron\/infos-club-rieupeyroux-shotokan-kc-rieupeyroux\/\">Rieupeyroux (Association Shotokan Budo Rieupeyroux)<\/a><\/span><\/p>\n<p style=\"text-align: center\"><span style=\"color: #000000\"><a style=\"color: #000000\" href=\"https:\/\/sites.ffkarate.fr\/aveyron\/infos-club-sebazac-shotokai-kc-sebazac\/\">S\u00e9bazac (Shotoka\u00ef KC S\u00e9bazac)<\/a><\/span><\/p>\n<p style=\"text-align: center\"><span style=\"color: #000000\"><a style=\"color: #000000\" href=\"https:\/\/sites.ffkarate.fr\/aveyron\/infos-club-villefranche-de-rouergue-contact-katare-fight-villefranche-de-rouergue\/\">Villefranche-de-Rouergue (Contact Katar\u00e9 Fight Villefranche-de-Rouergue)<\/a><\/span><\/p>\n<p>&nbsp;<\/p>\n<p style=\"text-align: center\"><span style=\"color: #000000\"><strong>KARATE MIX:<\/strong><\/span><\/p>\n<p style=\"text-align: center\"><span style=\"color: #000000\"><a style=\"color: #000000\" href=\"https:\/\/sites.ffkarate.fr\/aveyron\/infos-club-villefranche-de-rouergue-contact-katare-fight-villefranche-de-rouergue\/\">Villefranche-de-Rouergue (Contact Katar\u00e9 Fight Villefranche-de-Rouergue)<\/a><\/span><\/p>\n<p>&nbsp;<\/p>\n<p style=\"text-align: center\"><span style=\"color: #000000\"><strong>KRAV MAGA:<\/strong><\/span><\/p>\n<p style=\"text-align: center\"><span style=\"color: #000000\"><a style=\"color: #000000\" href=\"https:\/\/sites.ffkarate.fr\/aveyron\/infos-club-villefranche-de-rouergue-contact-katare-fight-villefranche-de-rouergue\/\">Villefranche-de-Rouergue (Contact Katar\u00e9 Fight Villefranche-de-Rouergue)<\/a><\/span><\/p>\n<p>&nbsp;<\/p>\n<p style=\"text-align: center\"><span style=\"color: #000000\"><strong>KOBUDO (non DA):<\/strong><\/span><\/p>\n<p style=\"text-align: center\"><span style=\"color: #000000\"><a style=\"color: #000000\" href=\"https:\/\/sites.ffkarate.fr\/aveyron\/infos-club-villefranche-de-rouergue-shorin-kc-villefranche-de-rouergue\/\">Villefranche-de-Rouergue (Shorin Ryu Karat\u00e9 Aveyron)<\/a><\/span><\/p>\n<p>&nbsp;<\/p>\n<p style=\"text-align: center\"><span style=\"color: #000000\"><strong>NIHON TAI JITSU:<\/strong><\/span><\/p>\n<p style=\"text-align: center\"><span style=\"color: #000000\"><a style=\"color: #000000\" href=\"https:\/\/sites.ffkarate.fr\/aveyron\/infos-club-creissels-s-l-c-nihon-tai-jitsu\/\">Creissels (S.L.C de Creissels \u2013 Nihon Ta\u00ef-Jitsu)<\/a><\/span><\/p>\n<p style=\"text-align: center\"><span style=\"color: #000000\"><a style=\"color: #000000\" href=\"https:\/\/sites.ffkarate.fr\/aveyron\/infos-club-severac-le-chateau-centre-culturel-nihon-tai-jitsu-severac-le-chateau\/\">S\u00e9verac-le-Ch\u00e2teau (Centre Culturel Nihon Ta\u00ef-Jitsu S\u00e9verac-le-Ch\u00e2teau)<\/a><\/span><\/p>\n<p>&nbsp;<\/p>\n<p style=\"text-align: center\"><span style=\"color: #000000\"><strong>SHORIN RYU:<\/strong><\/span><\/p>\n<p style=\"text-align: center\"><span style=\"color: #000000\"><a style=\"color: #000000\" href=\"https:\/\/sites.ffkarate.fr\/aveyron\/infos-club-villefranche-de-rouergue-shorin-kc-villefranche-de-rouergue\/\">Villefranche-de-Rouergue (Shorin KC Villefranche-de-Rouergue)<\/a><\/span><\/p>\n<p>&nbsp;<\/p>\n<p style=\"text-align: center\"><span style=\"color: #000000\"><strong>SHOTOKA\u00cf:<\/strong><\/span><\/p>\n<p style=\"text-align: center\"><span style=\"color: #000000\"><a style=\"color: #000000\" href=\"https:\/\/sites.ffkarate.fr\/aveyron\/infos-club-olemps-shotokai-kc-olemps\/\">Olemps (Karate Shotoka\u00ef Olemps)<\/a><\/span><\/p>\n<p style=\"text-align: center\"><span style=\"color: #000000\"><a style=\"color: #000000\" href=\"https:\/\/sites.ffkarate.fr\/aveyron\/infos-club-sebazac-shotokai-kc-sebazac\/\">S\u00e9bazac (Shotoka\u00ef KC S\u00e9bazac)<\/a><\/span><\/p>\n<p>&nbsp;<\/p>\n<p style=\"text-align: center\"><span style=\"color: #000000\"><strong>SHOTOKAN:<\/strong><\/span><\/p>\n<p style=\"text-align: center\"><span style=\"color: #000000\"><a style=\"color: #000000\" href=\"https:\/\/sites.ffkarate.fr\/aveyron\/baraqueville\/\">Baraqueville (Shizendo Karat\u00e9 Do)<\/a><\/span><\/p>\n<p style=\"text-align: center\"><span style=\"color: #000000\"><a style=\"color: #000000\" href=\"https:\/\/sites.ffkarate.fr\/aveyron\/infos-club-flavin-karate-club-flavin\/\">Flavin (Karat\u00e9 Club Flavin)<\/a><\/span><\/p>\n<p style=\"text-align: center\"><span style=\"color: #000000\"><a style=\"color: #000000\" href=\"https:\/\/sites.ffkarate.fr\/aveyron\/infos-club-onet-le-chateau-fudokan-kc-onet-le-chateau\/\">Onet-le-Ch\u00e2teau (Fudokan KC Onet-le-Ch\u00e2teau)<\/a><\/span><\/p>\n<p style=\"text-align: center\"><span style=\"color: #000000\"><a style=\"color: #000000\" href=\"https:\/\/sites.ffkarate.fr\/aveyron\/infos-club-rieupeyroux-shotokan-kc-rieupeyroux\/\">Rieupeyroux (Association Shotokan Budo Rieupeyroux)<\/a><\/span><\/p>\n<p style=\"text-align: center\"><span style=\"color: #000000\"><a style=\"color: #000000\" href=\"https:\/\/sites.ffkarate.fr\/aveyron\/infos-club-saint-affrique-karate-club-saint-affrique\/\">Saint Affrique (Karat\u00e9 Club Saint Affrique)<\/a><\/span><\/p>\n<p style=\"text-align: center\"><span style=\"color: #000000\"><a style=\"color: #000000\" href=\"https:\/\/sites.ffkarate.fr\/aveyron\/millau-k-c-s-millau\/\">Millau (KCS Millau)<\/a><\/span><\/p>\n<p>&nbsp;<\/p>\n<p style=\"text-align: center\"><span style=\"color: #000000\"><strong>TAI-JITSU:<\/strong><\/span><\/p>\n<p style=\"text-align: center\"><span style=\"color: #000000\"><a style=\"color: #000000\" href=\"https:\/\/web.archive.org\/web\/20201031154552\/https:\/\/sites.ffkarate.fr\/aveyron\/infos-club-rodez-sakura-kc-rodez\/\">Rodez (Sakura KC Rodez)<\/a><\/span><\/p>\n<p>&nbsp;<\/p>\n<p style=\"text-align: center\"><span style=\"color: #000000\"><strong>TRAINING DEFENSE:<\/strong><\/span><\/p>\n<p style=\"text-align: center\"><span style=\"color: #000000\"><a style=\"color: #000000\" href=\"https:\/\/web.archive.org\/web\/20201026015718\/https:\/\/sites.ffkarate.fr\/aveyron\/infos-club-onet-le-chateau-fudokan-kc-onet-le-chateau\/\">Onet-le-Ch\u00e2teau (Fudokan KC Onet-le-Ch\u00e2teau)<\/a><\/span><\/p>\n<p>&nbsp;<\/p>\n<p style=\"text-align: center\"><span style=\"color: #000000\"><strong>WADO RYU:<\/strong><\/span><\/p>\n<p style=\"text-align: center\"><span style=\"color: #000000\"><a style=\"color: #000000\" href=\"https:\/\/sites.ffkarate.fr\/aveyron\/infos-club-bozouls-a-o-b-karate\/\">Bozouls (A.O.B Karat\u00e9)<\/a><\/span><\/p>\n<p style=\"text-align: center\"><span style=\"color: #000000\"><a style=\"color: #000000\" href=\"https:\/\/sites.ffkarate.fr\/aveyron\/infos-club-la-primaube-concept-kc-la-primaube\/\">La Primaube (Concept KC La Primaube)<\/a><\/span><\/p>\n<p style=\"text-align: center\"><span style=\"color: #000000\"><a style=\"color: #000000\" href=\"https:\/\/sites.ffkarate.fr\/aveyron\/infos-club-rodez-sakura-kc-rodez\/\">Rodez (Sakura KC Rodez)<\/a><\/span><\/p>\n<p style=\"text-align: center\"><span style=\"color: #000000\"><a style=\"color: #000000\" href=\"https:\/\/sites.ffkarate.fr\/aveyron\/infos-club-la-cavalerie-karate-club-la-cavalerie\/\">La Cavalerie (Karat\u00e9 Club pour tous)<\/a><\/span><\/p>\n<p>&nbsp;<\/p>\n<p style=\"text-align: center\"><span style=\"color: #000000\"><strong>WUSHU:<\/strong><\/span><\/p>\n<p style=\"text-align: center\"><span style=\"color: #000000\"><a style=\"color: #000000\" href=\"https:\/\/web.archive.org\/web\/20200928234820\/https:\/\/sites.ffkarate.fr\/aveyron\/club-wushu-de-saint-affrique-taijiquan\/\">St-Affrique (Association Xin Ho : Qi Gong &amp; Arts Martiaux Internes<\/a>)<\/span><\/p>\n<p>&nbsp;<\/p>\n<p style=\"text-align: center\"><span style=\"color: #000000\"><strong>YOSEIKAN BUDO:<\/strong><\/span><\/p>\n<p style=\"text-align: center\"><span style=\"color: #000000\"><a style=\"color: #000000\" href=\"https:\/\/web.archive.org\/web\/20201031161407\/https:\/\/sites.ffkarate.fr\/aveyron\/infos-club-yoseikan-budo-bassin-houiller\/\">Decazeville\u00a0(YOSEIKAN BUDO BASSIN HOUILLER)<\/a><\/span><\/p>\n<p>[\/vc_column_text][\/vc_column][\/vc_row]<\/p>\n<\/div>","protected":false},"excerpt":{"rendered":"<p>[vc_row][vc_column][vc_column_text] Plusieurs styles de karat\u00e9 et disciplines associ\u00e9es sont enseign\u00e9s dans les clubs aveyronnais: BODY KARATE: Bozouls (A.O.B Karat\u00e9) Flavin (Karat\u00e9 Club Flavin) Rodez (Sakura KC Rodez) &nbsp; KARATE CONTACT: Olemps (Karat\u00e9 Shotoka\u00ef\u00a0Olemps\u00a0(KSO) Rieupeyroux (Association Shotokan Budo Rieupeyroux) S\u00e9bazac (Shotoka\u00ef KC S\u00e9bazac) Villefranche-de-Rouergue (Contact Katar\u00e9 Fight Villefranche-de-Rouergue) &nbsp; KARATE MIX: Villefranche-de-Rouergue (Contact Katar\u00e9 Fight Villefranche-de-Rouergue) [&hellip;]<\/p>\n","protected":false},"author":38,"featured_media":0,"parent":0,"menu_order":0,"comment_status":"closed","ping_status":"closed","template":"","meta":{"footnotes":""},"class_list":["post-372","page","type-page","status-publish","hentry"],"_links":{"self":[{"href":"https:\/\/sites.ffkarate.fr\/aveyron\/wp-json\/wp\/v2\/pages\/372","targetHints":{"allow":["GET"]}}],"collection":[{"href":"https:\/\/sites.ffkarate.fr\/aveyron\/wp-json\/wp\/v2\/pages"}],"about":[{"href":"https:\/\/sites.ffkarate.fr\/aveyron\/wp-json\/wp\/v2\/types\/page"}],"author":[{"embeddable":true,"href":"https:\/\/sites.ffkarate.fr\/aveyron\/wp-json\/wp\/v2\/users\/38"}],"replies":[{"embeddable":true,"href":"https:\/\/sites.ffkarate.fr\/aveyron\/wp-json\/wp\/v2\/comments?post=372"}],"version-history":[{"count":8,"href":"https:\/\/sites.ffkarate.fr\/aveyron\/wp-json\/wp\/v2\/pages\/372\/revisions"}],"predecessor-version":[{"id":4761,"href":"https:\/\/sites.ffkarate.fr\/aveyron\/wp-json\/wp\/v2\/pages\/372\/revisions\/4761"}],"wp:attachment":[{"href":"https:\/\/sites.ffkarate.fr\/aveyron\/wp-json\/wp\/v2\/media?parent=372"}],"curies":[{"name":"wp","href":"https:\/\/api.w.org\/{rel}","templated":true}]}}