{"id":410,"date":"2016-01-20T22:23:00","date_gmt":"2016-01-20T21:23:00","guid":{"rendered":"https:\/\/sites.ffkarate.fr\/aveyron\/?page_id=410"},"modified":"2024-09-01T18:42:35","modified_gmt":"2024-09-01T16:42:35","slug":"infos-club-la-primaube-concept-kc-la-primaube","status":"publish","type":"page","link":"https:\/\/sites.ffkarate.fr\/aveyron\/infos-club-la-primaube-concept-kc-la-primaube\/","title":{"rendered":"Infos club La Primaube: KARATE  CONCEPT La Primaube"},"content":{"rendered":"<div class=\"wpb-content-wrapper\"><p>[vc_row][vc_column][vc_column_text]<img decoding=\"async\" class=\"alignnone wp-image-4718\" src=\"https:\/\/sites.ffkarate.fr\/aveyron\/wp-content\/uploads\/sites\/27\/2021\/06\/logo-karate-concept.png\" alt=\"\" width=\"161\" height=\"159\" \/><\/p>\n<p>Nom du club: KARATE \u00a0CONCEPT La Primaube<\/p>\n<p>Nom du ou de la pr\u00e9sidente: Kolimaga Jean-Pierre<\/p>\n<p>Le t\u00e9l\u00e9phone pour prendre contact: 06 73 59 28 85<\/p>\n<p>Adresse du club: Centre social de La Primaube \u00a012450 LUC LA PRIMAUBE<\/p>\n<p>Page facebook: <a href=\"https:\/\/www.facebook.com\/karateconcept12\" target=\"_blank\" rel=\"noopener\">Karat\u00e9 Concept<\/a><\/p>\n<p>Adresse mail: karateconcept12450@gmail.com<\/p>\n<p>Professeur: Kolimaga Jean-Pierre<\/p>\n<p>Brevet d&rsquo;\u00e9tat 2\u00e8me degr\u00e9 et 6\u00e8me dan FF<\/p>\n<p>T\u00e9l\u00e9phone: 06 73 59 28 85<\/p>\n<p>&nbsp;<\/p>\n<p><strong>Type de karat\u00e9 enseign\u00e9:<\/strong><\/p>\n<p>Karat\u00e9 wado ryu pour enfants, ados, adultes, baby karat\u00e9, self d\u00e9fense f\u00e9minine et technique \u00e9nerg\u00e9tique.<\/p>\n<p><strong>Horaires des cours:<\/strong><\/p>\n<p>baby karat\u00e9: lundi de 17h30 \u00e0 18h15<\/p>\n<p>enfants: lundi 18h15 \u00e0 19h00 et mercredi 18h \u00e0 19h00<\/p>\n<p>Ados\/Adultes: lundi, mercredi de 19h00 \u00e0 20h15<\/p>\n<p>Self d\u00e9fense f\u00e9minine et technique \u00e9nerg\u00e9tique: lundi 19h00 \u00e0 20h15<\/p>\n<p>&nbsp;<\/p>\n<pre class=\"spField\"><\/pre>\n<p>[\/vc_column_text][\/vc_column][\/vc_row]<\/p>\n<\/div>","protected":false},"excerpt":{"rendered":"<p>[vc_row][vc_column][vc_column_text] Nom du club: KARATE \u00a0CONCEPT La Primaube Nom du ou de la pr\u00e9sidente: Kolimaga Jean-Pierre Le t\u00e9l\u00e9phone pour prendre contact: 06 73 59 28 85 Adresse du club: Centre social de La Primaube \u00a012450 LUC LA PRIMAUBE Page facebook: Karat\u00e9 Concept Adresse mail: karateconcept12450@gmail.com Professeur: Kolimaga Jean-Pierre Brevet d&rsquo;\u00e9tat 2\u00e8me degr\u00e9 et 6\u00e8me dan [&hellip;]<\/p>\n","protected":false},"author":38,"featured_media":0,"parent":0,"menu_order":0,"comment_status":"closed","ping_status":"closed","template":"","meta":{"footnotes":""},"class_list":["post-410","page","type-page","status-publish","hentry"],"_links":{"self":[{"href":"https:\/\/sites.ffkarate.fr\/aveyron\/wp-json\/wp\/v2\/pages\/410","targetHints":{"allow":["GET"]}}],"collection":[{"href":"https:\/\/sites.ffkarate.fr\/aveyron\/wp-json\/wp\/v2\/pages"}],"about":[{"href":"https:\/\/sites.ffkarate.fr\/aveyron\/wp-json\/wp\/v2\/types\/page"}],"author":[{"embeddable":true,"href":"https:\/\/sites.ffkarate.fr\/aveyron\/wp-json\/wp\/v2\/users\/38"}],"replies":[{"embeddable":true,"href":"https:\/\/sites.ffkarate.fr\/aveyron\/wp-json\/wp\/v2\/comments?post=410"}],"version-history":[{"count":6,"href":"https:\/\/sites.ffkarate.fr\/aveyron\/wp-json\/wp\/v2\/pages\/410\/revisions"}],"predecessor-version":[{"id":7332,"href":"https:\/\/sites.ffkarate.fr\/aveyron\/wp-json\/wp\/v2\/pages\/410\/revisions\/7332"}],"wp:attachment":[{"href":"https:\/\/sites.ffkarate.fr\/aveyron\/wp-json\/wp\/v2\/media?parent=410"}],"curies":[{"name":"wp","href":"https:\/\/api.w.org\/{rel}","templated":true}]}}