{"id":416,"date":"2016-01-20T22:24:59","date_gmt":"2016-01-20T21:24:59","guid":{"rendered":"https:\/\/sites.ffkarate.fr\/aveyron\/?page_id=416"},"modified":"2021-09-22T20:58:15","modified_gmt":"2021-09-22T18:58:15","slug":"infos-club-onet-le-chateau-fudokan-kc-onet-le-chateau","status":"publish","type":"page","link":"https:\/\/sites.ffkarate.fr\/aveyron\/infos-club-onet-le-chateau-fudokan-kc-onet-le-chateau\/","title":{"rendered":"Infos club Onet-le-Ch\u00e2teau: Fudokan KC Onet-le-Ch\u00e2teau"},"content":{"rendered":"<div class=\"wpb-content-wrapper\"><p>[vc_row][vc_column][vc_column_text]<img decoding=\"async\" class=\"alignnone wp-image-4716\" src=\"https:\/\/sites.ffkarate.fr\/aveyron\/wp-content\/uploads\/sites\/27\/2021\/06\/logo-fudokan-onet.png\" alt=\"\" width=\"161\" height=\"166\" \/><\/p>\n<p>Nom du club: Fudokan KC Onet-le-Ch\u00e2teau<\/p>\n<p>Nom du ou de la pr\u00e9sidente: BORIES Brigitte<\/p>\n<p>Le t\u00e9l\u00e9phone pour prendre contact: 06 32 82 31 33<\/p>\n<p>Adresse du club: <span class=\"street-address\">Centre Sportif de l&rsquo;Athyrium, 34 boulevard des capucines<\/span><br \/>\n<span class=\"postal-code\">12850<\/span> <span class=\"locality\">ONET LE CHATEAU<\/span><\/p>\n<p>Adresse du site internet:<a href=\"http:\/\/www.fudokan-karate-onet-le-chateau.com\" target=\"_blank\" rel=\"noopener\"> www.fudokan-karate-onet-le-chateau.com<\/a><\/p>\n<p>Pagefacebook: <a href=\"https:\/\/www.facebook.com\/Karate-Onet-Fudokan-12-175891676081187\" target=\"_blank\" rel=\"noopener\">Karat\u00e9 Onet Fudokan 12<\/a><\/p>\n<p>Adresse mail: fudokan.onet@gmail.com<\/p>\n<p>&nbsp;<\/p>\n<p><u><b>LES TYPES D\u2019APPROCHES\u00a0 DU KARATE<\/b><\/u><\/p>\n<p>KARATE DO<\/p>\n<p>KARATE JUTSU<\/p>\n<p>ECOLE KARATE<\/p>\n<p>AUTO DEFENSE<\/p>\n<p>FORME PHYSIQUE FRACTIONNE[\/vc_column_text][\/vc_column][\/vc_row]<\/p>\n<\/div>","protected":false},"excerpt":{"rendered":"<p>[vc_row][vc_column][vc_column_text] Nom du club: Fudokan KC Onet-le-Ch\u00e2teau Nom du ou de la pr\u00e9sidente: BORIES Brigitte Le t\u00e9l\u00e9phone pour prendre contact: 06 32 82 31 33 Adresse du club: Centre Sportif de l&rsquo;Athyrium, 34 boulevard des capucines 12850 ONET LE CHATEAU Adresse du site internet: www.fudokan-karate-onet-le-chateau.com Pagefacebook: Karat\u00e9 Onet Fudokan 12 Adresse mail: fudokan.onet@gmail.com &nbsp; LES [&hellip;]<\/p>\n","protected":false},"author":38,"featured_media":0,"parent":0,"menu_order":0,"comment_status":"closed","ping_status":"closed","template":"","meta":{"footnotes":""},"class_list":["post-416","page","type-page","status-publish","hentry"],"_links":{"self":[{"href":"https:\/\/sites.ffkarate.fr\/aveyron\/wp-json\/wp\/v2\/pages\/416","targetHints":{"allow":["GET"]}}],"collection":[{"href":"https:\/\/sites.ffkarate.fr\/aveyron\/wp-json\/wp\/v2\/pages"}],"about":[{"href":"https:\/\/sites.ffkarate.fr\/aveyron\/wp-json\/wp\/v2\/types\/page"}],"author":[{"embeddable":true,"href":"https:\/\/sites.ffkarate.fr\/aveyron\/wp-json\/wp\/v2\/users\/38"}],"replies":[{"embeddable":true,"href":"https:\/\/sites.ffkarate.fr\/aveyron\/wp-json\/wp\/v2\/comments?post=416"}],"version-history":[{"count":6,"href":"https:\/\/sites.ffkarate.fr\/aveyron\/wp-json\/wp\/v2\/pages\/416\/revisions"}],"predecessor-version":[{"id":4880,"href":"https:\/\/sites.ffkarate.fr\/aveyron\/wp-json\/wp\/v2\/pages\/416\/revisions\/4880"}],"wp:attachment":[{"href":"https:\/\/sites.ffkarate.fr\/aveyron\/wp-json\/wp\/v2\/media?parent=416"}],"curies":[{"name":"wp","href":"https:\/\/api.w.org\/{rel}","templated":true}]}}