{"id":418,"date":"2016-01-20T22:25:32","date_gmt":"2016-01-20T21:25:32","guid":{"rendered":"https:\/\/sites.ffkarate.fr\/aveyron\/?page_id=418"},"modified":"2024-03-11T18:06:17","modified_gmt":"2024-03-11T17:06:17","slug":"infos-club-rieupeyroux-shotokan-kc-rieupeyroux","status":"publish","type":"page","link":"https:\/\/sites.ffkarate.fr\/aveyron\/infos-club-rieupeyroux-shotokan-kc-rieupeyroux\/","title":{"rendered":"Infos club Rieupeyroux: Association Shotokan  Budo Rieupeyroux"},"content":{"rendered":"<div class=\"wpb-content-wrapper\"><p>[vc_row][vc_column][vc_column_text]<img decoding=\"async\" class=\"alignnone wp-image-4720\" src=\"https:\/\/sites.ffkarate.fr\/aveyron\/wp-content\/uploads\/sites\/27\/2021\/06\/logo-rieupeyroux-300x300.jpg\" alt=\"\" width=\"160\" height=\"160\" srcset=\"https:\/\/sites.ffkarate.fr\/aveyron\/wp-content\/uploads\/sites\/27\/2021\/06\/logo-rieupeyroux-300x300.jpg 300w, https:\/\/sites.ffkarate.fr\/aveyron\/wp-content\/uploads\/sites\/27\/2021\/06\/logo-rieupeyroux-1020x1024.jpg 1020w, https:\/\/sites.ffkarate.fr\/aveyron\/wp-content\/uploads\/sites\/27\/2021\/06\/logo-rieupeyroux-176x176.jpg 176w, https:\/\/sites.ffkarate.fr\/aveyron\/wp-content\/uploads\/sites\/27\/2021\/06\/logo-rieupeyroux-768x771.jpg 768w, https:\/\/sites.ffkarate.fr\/aveyron\/wp-content\/uploads\/sites\/27\/2021\/06\/logo-rieupeyroux-150x150.jpg 150w, https:\/\/sites.ffkarate.fr\/aveyron\/wp-content\/uploads\/sites\/27\/2021\/06\/logo-rieupeyroux-1531x1536.jpg 1531w, https:\/\/sites.ffkarate.fr\/aveyron\/wp-content\/uploads\/sites\/27\/2021\/06\/logo-rieupeyroux.jpg 2000w\" sizes=\"(max-width: 160px) 100vw, 160px\" \/><\/p>\n<p>Nom du club: Association Shotokan Budo Rieupeyroux.<\/p>\n<p>Nom du ou de la pr\u00e9sidente: Cipriano Julien<\/p>\n<p>T\u00e9l\u00e9phone pour prendre contact: 06 83 24 07 66<\/p>\n<p>Adresse du club:\u00a0Dojo rue du 19 mars 1962 &#8211; 12240 Rieupeyroux (pas de bo\u00eete aux lettres)<\/p>\n<p>Adresse pour toute correspondance: Lieu dit PELENGRAS 12440 Lescure &#8211; Jaoul<\/p>\n<p>Adresse\u00a0du site internet:\u00a0<a href=\"http:\/\/rieupeyrouxkaratecontact.blogspot.fr\/\" target=\"_blank\" rel=\"noopener\">http:\/\/rieupeyrouxkaratecontact.blogspot.fr\/<\/a><\/p>\n<p>Page facebook: <a href=\"https:\/\/www.facebook.com\/karatecontactrieupey\" target=\"_blank\" rel=\"noopener\">Karat\u00e9 Contact Rieupeyroux<\/a><\/p>\n<p>Adresse mail:\u00a0gerardlacomme@hotmail.fr<\/p>\n<p>Styles pratiqu\u00e9s: \u00a0Karat\u00e9 Contact, Karat\u00e9 Full Contact, Karat\u00e9 D\u00e9fense.[\/vc_column_text][\/vc_column][\/vc_row]<\/p>\n<\/div>","protected":false},"excerpt":{"rendered":"<p>[vc_row][vc_column][vc_column_text] Nom du club: Association Shotokan Budo Rieupeyroux. Nom du ou de la pr\u00e9sidente: Cipriano Julien T\u00e9l\u00e9phone pour prendre contact: 06 83 24 07 66 Adresse du club:\u00a0Dojo rue du 19 mars 1962 &#8211; 12240 Rieupeyroux (pas de bo\u00eete aux lettres) Adresse pour toute correspondance: Lieu dit PELENGRAS 12440 Lescure &#8211; Jaoul Adresse\u00a0du site internet:\u00a0http:\/\/rieupeyrouxkaratecontact.blogspot.fr\/ [&hellip;]<\/p>\n","protected":false},"author":38,"featured_media":0,"parent":0,"menu_order":0,"comment_status":"closed","ping_status":"closed","template":"","meta":{"footnotes":""},"class_list":["post-418","page","type-page","status-publish","hentry"],"_links":{"self":[{"href":"https:\/\/sites.ffkarate.fr\/aveyron\/wp-json\/wp\/v2\/pages\/418","targetHints":{"allow":["GET"]}}],"collection":[{"href":"https:\/\/sites.ffkarate.fr\/aveyron\/wp-json\/wp\/v2\/pages"}],"about":[{"href":"https:\/\/sites.ffkarate.fr\/aveyron\/wp-json\/wp\/v2\/types\/page"}],"author":[{"embeddable":true,"href":"https:\/\/sites.ffkarate.fr\/aveyron\/wp-json\/wp\/v2\/users\/38"}],"replies":[{"embeddable":true,"href":"https:\/\/sites.ffkarate.fr\/aveyron\/wp-json\/wp\/v2\/comments?post=418"}],"version-history":[{"count":5,"href":"https:\/\/sites.ffkarate.fr\/aveyron\/wp-json\/wp\/v2\/pages\/418\/revisions"}],"predecessor-version":[{"id":6953,"href":"https:\/\/sites.ffkarate.fr\/aveyron\/wp-json\/wp\/v2\/pages\/418\/revisions\/6953"}],"wp:attachment":[{"href":"https:\/\/sites.ffkarate.fr\/aveyron\/wp-json\/wp\/v2\/media?parent=418"}],"curies":[{"name":"wp","href":"https:\/\/api.w.org\/{rel}","templated":true}]}}