{"id":420,"date":"2016-01-20T22:26:07","date_gmt":"2016-01-20T21:26:07","guid":{"rendered":"https:\/\/sites.ffkarate.fr\/aveyron\/?page_id=420"},"modified":"2021-06-27T19:24:49","modified_gmt":"2021-06-27T17:24:49","slug":"infos-club-rodez-sakura-kc-rodez","status":"publish","type":"page","link":"https:\/\/sites.ffkarate.fr\/aveyron\/infos-club-rodez-sakura-kc-rodez\/","title":{"rendered":"Infos club Rodez: Sakura KC Rodez"},"content":{"rendered":"<div class=\"wpb-content-wrapper\"><p>[vc_row][vc_column][vc_column_text]<\/p>\n<div>\n<p><img decoding=\"async\" class=\"alignnone wp-image-4721\" src=\"https:\/\/sites.ffkarate.fr\/aveyron\/wp-content\/uploads\/sites\/27\/2021\/06\/logo-sakura-300x300.jpg\" alt=\"\" width=\"161\" height=\"161\" srcset=\"https:\/\/sites.ffkarate.fr\/aveyron\/wp-content\/uploads\/sites\/27\/2021\/06\/logo-sakura-300x300.jpg 300w, https:\/\/sites.ffkarate.fr\/aveyron\/wp-content\/uploads\/sites\/27\/2021\/06\/logo-sakura-1024x1024.jpg 1024w, https:\/\/sites.ffkarate.fr\/aveyron\/wp-content\/uploads\/sites\/27\/2021\/06\/logo-sakura-176x176.jpg 176w, https:\/\/sites.ffkarate.fr\/aveyron\/wp-content\/uploads\/sites\/27\/2021\/06\/logo-sakura-768x768.jpg 768w, https:\/\/sites.ffkarate.fr\/aveyron\/wp-content\/uploads\/sites\/27\/2021\/06\/logo-sakura-150x150.jpg 150w, https:\/\/sites.ffkarate.fr\/aveyron\/wp-content\/uploads\/sites\/27\/2021\/06\/logo-sakura.jpg 1228w\" sizes=\"(max-width: 161px) 100vw, 161px\" \/><\/p>\n<p>Nom du club: SAKURA KARATE CLUB RODEZ<\/p>\n<p>Nom du ou de la pr\u00e9sidente: Depuille Florian<\/p>\n<p>Le t\u00e9l\u00e9phone pour prendre contact: 05 65 73 12 12<\/p>\n<p>Adresse du club: Amphith\u00e9atre niveau &#8211; 3 boulevard du 122e RI &#8211; 12000 RODEZ<\/p>\n<p>Adresse du site internet: <a href=\"http:\/\/www.sakura-rodez.com\" target=\"_blank\" rel=\"noopener\">www.sakura-rodez.com<\/a><\/p>\n<p>Page facebook: <a href=\"https:\/\/www.facebook.com\/Sakura-KC-Rodez-440454446060977\" target=\"_blank\" rel=\"noopener\">Sakura KC Rodez<\/a><\/p>\n<p>Adresse mail: sakura.rodez@free.fr<\/p>\n<p>&nbsp;<\/p>\n<\/div>\n<div>\n<p class=\"x_MsoNormal\"><b>Karat\u00e9 style wado-ryu : la voie de la paix et de l&rsquo;harmonie<\/b><\/p>\n<p class=\"x_MsoNormal\">D&rsquo;origine japonaise, le karat\u00e9 est un art de combat qui signifie \u00ab\u00a0art des mains vides\u00a0\u00bb car il se pratique \u00e0 mains nues. Longtemps consid\u00e9r\u00e9 comme un sport \u00ab\u00a0dur\u00a0\u00bb, il s&rsquo;est progressivement ouvert aux femmes en tant que moyen de self-d\u00e9fense.<br \/>\nAu-del\u00e0 de la simple activit\u00e9 sportive, le karat\u00e9 s&rsquo;appuie sur un code moral qui pr\u00f4ne le sens de l&rsquo;honneur, la fid\u00e9lit\u00e9, la sinc\u00e9rit\u00e9, le courage, le respect, la modestie&#8230;et le contr\u00f4le de soi. Le style wado-ryu repose sur la technique de l&rsquo;esquive puis de la contre attaque \u00e0 l&rsquo;oppos\u00e9 du seul usage de la force et de l&rsquo;attaque.<\/p>\n<p class=\"x_MsoNormal\">Au sein du club, les activit\u00e9s propos\u00e9es sont le karat\u00e9 avec une \u00e9cole de karat\u00e9 pour les enfants, combat, tai jitsu, self d\u00e9fense, body karat\u00e9, karat\u00e9 loisirs.<\/p>\n<\/div>\n<p>[\/vc_column_text][\/vc_column][\/vc_row]<\/p>\n<\/div>","protected":false},"excerpt":{"rendered":"<p>[vc_row][vc_column][vc_column_text] Nom du club: SAKURA KARATE CLUB RODEZ Nom du ou de la pr\u00e9sidente: Depuille Florian Le t\u00e9l\u00e9phone pour prendre contact: 05 65 73 12 12 Adresse du club: Amphith\u00e9atre niveau &#8211; 3 boulevard du 122e RI &#8211; 12000 RODEZ Adresse du site internet: www.sakura-rodez.com Page facebook: Sakura KC Rodez Adresse mail: sakura.rodez@free.fr &nbsp; Karat\u00e9 [&hellip;]<\/p>\n","protected":false},"author":38,"featured_media":0,"parent":0,"menu_order":0,"comment_status":"closed","ping_status":"closed","template":"","meta":{"footnotes":""},"class_list":["post-420","page","type-page","status-publish","hentry"],"_links":{"self":[{"href":"https:\/\/sites.ffkarate.fr\/aveyron\/wp-json\/wp\/v2\/pages\/420","targetHints":{"allow":["GET"]}}],"collection":[{"href":"https:\/\/sites.ffkarate.fr\/aveyron\/wp-json\/wp\/v2\/pages"}],"about":[{"href":"https:\/\/sites.ffkarate.fr\/aveyron\/wp-json\/wp\/v2\/types\/page"}],"author":[{"embeddable":true,"href":"https:\/\/sites.ffkarate.fr\/aveyron\/wp-json\/wp\/v2\/users\/38"}],"replies":[{"embeddable":true,"href":"https:\/\/sites.ffkarate.fr\/aveyron\/wp-json\/wp\/v2\/comments?post=420"}],"version-history":[{"count":2,"href":"https:\/\/sites.ffkarate.fr\/aveyron\/wp-json\/wp\/v2\/pages\/420\/revisions"}],"predecessor-version":[{"id":4748,"href":"https:\/\/sites.ffkarate.fr\/aveyron\/wp-json\/wp\/v2\/pages\/420\/revisions\/4748"}],"wp:attachment":[{"href":"https:\/\/sites.ffkarate.fr\/aveyron\/wp-json\/wp\/v2\/media?parent=420"}],"curies":[{"name":"wp","href":"https:\/\/api.w.org\/{rel}","templated":true}]}}