{"id":714,"date":"2016-11-02T20:00:44","date_gmt":"2016-11-02T19:00:44","guid":{"rendered":"https:\/\/sites.ffkarate.fr\/aveyron\/?page_id=714"},"modified":"2025-03-10T11:44:46","modified_gmt":"2025-03-10T10:44:46","slug":"entrainements-departementaux","status":"publish","type":"page","link":"https:\/\/sites.ffkarate.fr\/aveyron\/entrainements-departementaux\/","title":{"rendered":"Animations d\u00e9partementales"},"content":{"rendered":"<div class=\"wpb-content-wrapper\"><p>[vc_row][vc_column][vc_column_text]<\/p>\n<p style=\"text-align: center\"><span style=\"text-decoration: underline;color: #ff0000\"><strong>Animateur technique D\u00e9partemental<\/strong><\/span><\/p>\n<p style=\"text-align: center\"><em>Richard Gaspar<\/em><\/p>\n<p style=\"text-align: center\"><span style=\"text-decoration: underline\"><span style=\"color: #ff0000;text-decoration: underline\"><strong><img decoding=\"async\" class=\"alignnone wp-image-7638\" src=\"https:\/\/sites.ffkarate.fr\/aveyron\/wp-content\/uploads\/sites\/27\/2025\/03\/1.jpg\" alt=\"\" width=\"118\" height=\"175\" \/><\/strong><\/span><\/span><\/p>\n<p style=\"text-align: center\"><span style=\"text-decoration: underline\"><span style=\"color: #ff0000;text-decoration: underline\"><strong>Animateur Karat\u00e9 Contact D\u00e9partemental<\/strong><\/span><\/span><\/p>\n<p style=\"text-align: center\">G\u00e9rard Lacomme<\/p>\n<p style=\"text-align: center\"><span style=\"text-decoration: underline\"><span style=\"color: #ff0000;text-decoration: underline\"><strong><img decoding=\"async\" class=\"alignnone wp-image-4949 \" src=\"https:\/\/sites.ffkarate.fr\/aveyron\/wp-content\/uploads\/sites\/27\/2021\/10\/Lacomme-1.jpg\" alt=\"\" width=\"163\" height=\"161\" \/><\/strong><\/span><\/span><\/p>\n<p style=\"text-align: center\"><span style=\"text-decoration: underline\"><span style=\"color: #ff0000;text-decoration: underline\"><strong>Animation Logistique<\/strong><\/span><\/span><\/p>\n<p style=\"text-align: center\">Roland Magna<\/p>\n<p style=\"text-align: center\"><img decoding=\"async\" class=\"alignnone wp-image-1678\" src=\"https:\/\/sites.ffkarate.fr\/aveyron\/wp-content\/uploads\/sites\/27\/2017\/02\/Roland.jpg\" alt=\"\" width=\"178\" height=\"178\" srcset=\"https:\/\/sites.ffkarate.fr\/aveyron\/wp-content\/uploads\/sites\/27\/2017\/02\/Roland.jpg 227w, https:\/\/sites.ffkarate.fr\/aveyron\/wp-content\/uploads\/sites\/27\/2017\/02\/Roland-176x176.jpg 176w\" sizes=\"(max-width: 178px) 100vw, 178px\" \/><\/p>\n<p>[\/vc_column_text][\/vc_column][\/vc_row]<\/p>\n<\/div>","protected":false},"excerpt":{"rendered":"<p>[vc_row][vc_column][vc_column_text] Animateur technique D\u00e9partemental Richard Gaspar Animateur Karat\u00e9 Contact D\u00e9partemental G\u00e9rard Lacomme Animation Logistique Roland Magna [\/vc_column_text][\/vc_column][\/vc_row]<\/p>\n","protected":false},"author":38,"featured_media":0,"parent":0,"menu_order":0,"comment_status":"closed","ping_status":"closed","template":"","meta":{"footnotes":""},"class_list":["post-714","page","type-page","status-publish","hentry"],"_links":{"self":[{"href":"https:\/\/sites.ffkarate.fr\/aveyron\/wp-json\/wp\/v2\/pages\/714","targetHints":{"allow":["GET"]}}],"collection":[{"href":"https:\/\/sites.ffkarate.fr\/aveyron\/wp-json\/wp\/v2\/pages"}],"about":[{"href":"https:\/\/sites.ffkarate.fr\/aveyron\/wp-json\/wp\/v2\/types\/page"}],"author":[{"embeddable":true,"href":"https:\/\/sites.ffkarate.fr\/aveyron\/wp-json\/wp\/v2\/users\/38"}],"replies":[{"embeddable":true,"href":"https:\/\/sites.ffkarate.fr\/aveyron\/wp-json\/wp\/v2\/comments?post=714"}],"version-history":[{"count":6,"href":"https:\/\/sites.ffkarate.fr\/aveyron\/wp-json\/wp\/v2\/pages\/714\/revisions"}],"predecessor-version":[{"id":7639,"href":"https:\/\/sites.ffkarate.fr\/aveyron\/wp-json\/wp\/v2\/pages\/714\/revisions\/7639"}],"wp:attachment":[{"href":"https:\/\/sites.ffkarate.fr\/aveyron\/wp-json\/wp\/v2\/media?parent=714"}],"curies":[{"name":"wp","href":"https:\/\/api.w.org\/{rel}","templated":true}]}}