{"id":1418,"date":"2015-01-08T11:33:29","date_gmt":"2015-01-08T11:33:29","guid":{"rendered":"https:\/\/sites.ffkarate.fr\/testclone\/?page_id=59"},"modified":"2015-01-08T11:33:29","modified_gmt":"2015-01-08T11:33:29","slug":"stages-2","status":"publish","type":"page","link":"https:\/\/sites.ffkarate.fr\/basrhin\/stages-2\/","title":{"rendered":"Stages"},"content":{"rendered":"<div class=\"wpb-content-wrapper\"><p>[vc_row][vc_column][vc_column_text]Vous organisez un stage, n&rsquo;h\u00e9sitez pas \u00e0 nous transmettre les informations utiles pour les pratiquants. Votre annonce paraitra sur le site du CKD 67. (R\u00e9serv\u00e9 aux clubs affili\u00e9s \u00e0 la FFK) sur la page <a href=\"https:\/\/sites.ffkarate.fr\/basrhin\/stages\/stages-clubs\/\">suivante<\/a>.<\/p>\n<h2>contact<\/h2>\n<p>E-mail\u00a0:\u00a0<a href=\"mailto:#\">cdkarate67@gmail.com<\/a>[\/vc_column_text][\/vc_column][\/vc_row]<\/p>\n<\/div>","protected":false},"excerpt":{"rendered":"<p>[vc_row][vc_column][vc_column_text]Vous organisez un stage, n&rsquo;h\u00e9sitez pas \u00e0 nous transmettre les informations utiles pour les pratiquants. Votre annonce paraitra sur le site du CKD 67. (R\u00e9serv\u00e9 aux clubs affili\u00e9s \u00e0 la FFK) sur la page suivante. contact E-mail\u00a0:\u00a0cdkarate67@gmail.com[\/vc_column_text][\/vc_column][\/vc_row]<\/p>\n","protected":false},"author":20,"featured_media":0,"parent":0,"menu_order":0,"comment_status":"closed","ping_status":"open","template":"","meta":{"footnotes":""},"class_list":["post-1418","page","type-page","status-publish","hentry"],"_links":{"self":[{"href":"https:\/\/sites.ffkarate.fr\/basrhin\/wp-json\/wp\/v2\/pages\/1418","targetHints":{"allow":["GET"]}}],"collection":[{"href":"https:\/\/sites.ffkarate.fr\/basrhin\/wp-json\/wp\/v2\/pages"}],"about":[{"href":"https:\/\/sites.ffkarate.fr\/basrhin\/wp-json\/wp\/v2\/types\/page"}],"author":[{"embeddable":true,"href":"https:\/\/sites.ffkarate.fr\/basrhin\/wp-json\/wp\/v2\/users\/20"}],"replies":[{"embeddable":true,"href":"https:\/\/sites.ffkarate.fr\/basrhin\/wp-json\/wp\/v2\/comments?post=1418"}],"version-history":[{"count":0,"href":"https:\/\/sites.ffkarate.fr\/basrhin\/wp-json\/wp\/v2\/pages\/1418\/revisions"}],"wp:attachment":[{"href":"https:\/\/sites.ffkarate.fr\/basrhin\/wp-json\/wp\/v2\/media?parent=1418"}],"curies":[{"name":"wp","href":"https:\/\/api.w.org\/{rel}","templated":true}]}}