{"id":4,"date":"2021-05-07T15:35:17","date_gmt":"2021-05-07T13:35:17","guid":{"rendered":"https:\/\/sites.ffkarate.fr\/basrhin\/?page_id=4"},"modified":"2024-08-30T12:33:42","modified_gmt":"2024-08-30T10:33:42","slug":"le-comite-directeur","status":"publish","type":"page","link":"https:\/\/sites.ffkarate.fr\/basrhin\/le-comite-directeur\/","title":{"rendered":"Le Comit\u00e9 Directeur"},"content":{"rendered":"<div class=\"wpb-content-wrapper\"><p>[vc_row full_width=\u00a0\u00bbstretch_row_content\u00a0\u00bb bg_grey=\u00a0\u00bb1&Prime;][vc_column width=\u00a0\u00bb1\/4&Prime;][ffk_peoplecard image=\u00a0\u00bb978&Prime; title=\u00a0\u00bbJ\u00e9r\u00e9my Goetz\u00a0\u00bb subtitle=\u00a0\u00bbPr\u00e9sident\u00a0\u00bb description=\u00a0\u00bbT\u00e9l : 0685793747<br \/>\nEmail : cdkarate67@gmail.com\u00a0\u00bb][\/vc_column][vc_column width=\u00a0\u00bb3\/4&Prime;][vc_column_text]<\/p>\n<blockquote><p><em>\u00ab\u00a0Bienvenue sur le site officiel du Comit\u00e9 d\u00e9partemental !<\/em><\/p>\n<p><em>Vous trouverez sur ce site toute l\u2019actualit\u00e9 du karat\u00e9 et de ses disciplines associ\u00e9es :<\/em><br \/>\n<em>le calendrier des diff\u00e9rentes comp\u00e9titions, les passages de grade, stages et autres manifestations, mais aussi toutes les informations et documents n\u00e9cessaires aux dirigeants de club ainsi qu\u2019aux licenci\u00e9s.<\/em><\/p>\n<p><em>Bonne visite.\u00a0\u00bb <\/em><\/p>\n<p><strong>Le Pr\u00e9sident du Comit\u00e9 d\u00e9partemental<\/strong><\/p><\/blockquote>\n<p>[\/vc_column_text][\/vc_column][\/vc_row][vc_row][vc_column][vc_empty_space height=\u00a0\u00bb40&Prime;][vc_row_inner][vc_column_inner][vc_column_text]<\/p>\n<h3 class=\"entry-title\" style=\"text-align: center\"><strong><span style=\"color: #1423a0\">COMIT\u00c9 DIRECTEUR<\/span><\/strong><\/h3>\n<h6 style=\"text-align: center\">OLYMPIADE 2024\/2028<\/h6>\n<p>[\/vc_column_text][\/vc_column_inner][\/vc_row_inner][vc_row_inner equal_height=\u00a0\u00bbyes\u00a0\u00bb css=\u00a0\u00bb.vc_custom_1617006214271{border-bottom-width: 10px !important;}\u00a0\u00bb][vc_column_inner width=\u00a0\u00bb1\/4&Prime;][\/vc_column_inner][vc_column_inner width=\u00a0\u00bb1\/4&Prime;][ffk_peoplecard image=\u00a0\u00bb254&Prime; title=\u00a0\u00bbJ\u00e9r\u00e9my Goetz\u00a0\u00bb subtitle=\u00a0\u00bbPr\u00e9sident\u00a0\u00bb description=\u00a0\u00bbMail: cdkarate67@gmail.com<br \/>\nT\u00e9l:0685793747&Prime;][\/vc_column_inner][vc_column_inner width=\u00a0\u00bb1\/4&Prime;][ffk_peoplecard title=\u00a0\u00bbCaroline Goetz\u00a0\u00bb subtitle=\u00a0\u00bbSecr\u00e9taire\u00a0\u00bb image=\u00a0\u00bb250&Prime;][\/vc_column_inner][vc_column_inner width=\u00a0\u00bb1\/4&Prime;][\/vc_column_inner][\/vc_row_inner][vc_row_inner][vc_column_inner width=\u00a0\u00bb1\/4&Prime;][\/vc_column_inner][vc_column_inner width=\u00a0\u00bb1\/4&Prime;][ffk_peoplecard title=\u00a0\u00bbJo\u00ebl Cabannes\u00a0\u00bb subtitle=\u00a0\u00bbVice-Pr\u00e9sident\u00a0\u00bb image=\u00a0\u00bb1813&Prime;][\/vc_column_inner][vc_column_inner width=\u00a0\u00bb1\/4&Prime;][ffk_peoplecard title=\u00a0\u00bbPatrice Schoepff\u00a0\u00bb subtitle=\u00a0\u00bbTr\u00e9sorier G\u00e9n\u00e9ral\u00a0\u00bb image=\u00a0\u00bb253&Prime;][\/vc_column_inner][vc_column_inner width=\u00a0\u00bb1\/4&Prime;][\/vc_column_inner][\/vc_row_inner][vc_empty_space height=\u00a0\u00bb40&Prime;][\/vc_column][\/vc_row][vc_row][vc_column][vc_empty_space height=\u00a0\u00bb40&Prime;][vc_row_inner][vc_column_inner][vc_column_text]<\/p>\n<h3 class=\"entry-title\" style=\"text-align: center\"><strong><span style=\"color: #1423a0\">MEMBRES DU COMIT\u00c9 DIRECTEUR<\/span><\/strong><\/h3>\n<p>[\/vc_column_text][\/vc_column_inner][\/vc_row_inner][vc_row_inner][vc_column_inner width=\u00a0\u00bb1\/4&Prime;][ffk_peoplecard image=\u00a0\u00bb256&Prime; title=\u00a0\u00bbJacquy Knoll\u00a0\u00bb][ffk_peoplecard title=\u00a0\u00bbJulie Oudot\u00a0\u00bb][\/vc_column_inner][vc_column_inner width=\u00a0\u00bb1\/4&Prime;][ffk_peoplecard title=\u00a0\u00bbCindy Cuvelier\u00a0\u00bb][ffk_peoplecard image=\u00a0\u00bb1349&Prime; title=\u00a0\u00bbLaurence Belrhiti\u00a0\u00bb][\/vc_column_inner][vc_column_inner width=\u00a0\u00bb1\/4&Prime;][ffk_peoplecard title=\u00a0\u00bbTony Bangratz\u00a0\u00bb][ffk_peoplecard title=\u00a0\u00bbFranco Taglieri\u00a0\u00bb image=\u00a0\u00bb258&Prime;][\/vc_column_inner][vc_column_inner width=\u00a0\u00bb1\/4&Prime;][ffk_peoplecard title=\u00a0\u00bbChristian Kapps\u00a0\u00bb][ffk_peoplecard title=\u00a0\u00bbNicolas Potel\u00a0\u00bb][\/vc_column_inner][\/vc_row_inner][\/vc_column][\/vc_row][vc_row][vc_column][vc_column_text]<em><strong>Les repr\u00e9sentants des clubs :<\/strong><\/em>[\/vc_column_text][\/vc_column][\/vc_row][vc_row][vc_column][ffk_peoplecard title=\u00a0\u00bbJ\u00e9r\u00e9my Goetz &#8211; Patrice Schoepff (suppl\u00e9ant)\u00a0\u00bb subtitle=\u00a0\u00bbRepr\u00e9sentant 1 des clubs\u00a0\u00bb][ffk_peoplecard title=\u00a0\u00bbJacquy Knoll &#8211; Franco Taglieri (suppl\u00e9ant)\u00a0\u00bb subtitle=\u00a0\u00bbRepr\u00e9sentant 2 des clubs\u00a0\u00bb][ffk_peoplecard title=\u00a0\u00bbCaroline Goetz &#8211; Laurence Belrhiti (suppl\u00e9ante)\u00a0\u00bb subtitle=\u00a0\u00bbRepr\u00e9sentante 3 des clubs\u00a0\u00bb][ffk_peoplecard title=\u00a0\u00bbChristian Kapps &#8211; Tony Bangratz (suppl\u00e9ant)\u00a0\u00bb subtitle=\u00a0\u00bbRepr\u00e9sentant 4 des clubs\u00a0\u00bb][\/vc_column][\/vc_row]<\/p>\n<\/div>","protected":false},"excerpt":{"rendered":"<p>[vc_row full_width=\u00a0\u00bbstretch_row_content\u00a0\u00bb bg_grey=\u00a0\u00bb1&Prime;][vc_column width=\u00a0\u00bb1\/4&Prime;][ffk_peoplecard image=\u00a0\u00bb978&Prime; title=\u00a0\u00bbJ\u00e9r\u00e9my Goetz\u00a0\u00bb subtitle=\u00a0\u00bbPr\u00e9sident\u00a0\u00bb description=\u00a0\u00bbT\u00e9l : 0685793747 Email : cdkarate67@gmail.com\u00a0\u00bb][\/vc_column][vc_column width=\u00a0\u00bb3\/4&Prime;][vc_column_text] \u00ab\u00a0Bienvenue sur le site officiel du Comit\u00e9 d\u00e9partemental ! Vous trouverez sur ce site toute l\u2019actualit\u00e9 du karat\u00e9 et de ses disciplines associ\u00e9es : le calendrier des diff\u00e9rentes comp\u00e9titions, les passages de grade, stages et autres manifestations, mais aussi toutes [&hellip;]<\/p>\n","protected":false},"author":1,"featured_media":0,"parent":0,"menu_order":0,"comment_status":"closed","ping_status":"closed","template":"page-fullwidth.php","meta":{"footnotes":""},"class_list":["post-4","page","type-page","status-publish","hentry"],"_links":{"self":[{"href":"https:\/\/sites.ffkarate.fr\/basrhin\/wp-json\/wp\/v2\/pages\/4","targetHints":{"allow":["GET"]}}],"collection":[{"href":"https:\/\/sites.ffkarate.fr\/basrhin\/wp-json\/wp\/v2\/pages"}],"about":[{"href":"https:\/\/sites.ffkarate.fr\/basrhin\/wp-json\/wp\/v2\/types\/page"}],"author":[{"embeddable":true,"href":"https:\/\/sites.ffkarate.fr\/basrhin\/wp-json\/wp\/v2\/users\/1"}],"replies":[{"embeddable":true,"href":"https:\/\/sites.ffkarate.fr\/basrhin\/wp-json\/wp\/v2\/comments?post=4"}],"version-history":[{"count":10,"href":"https:\/\/sites.ffkarate.fr\/basrhin\/wp-json\/wp\/v2\/pages\/4\/revisions"}],"predecessor-version":[{"id":1815,"href":"https:\/\/sites.ffkarate.fr\/basrhin\/wp-json\/wp\/v2\/pages\/4\/revisions\/1815"}],"wp:attachment":[{"href":"https:\/\/sites.ffkarate.fr\/basrhin\/wp-json\/wp\/v2\/media?parent=4"}],"curies":[{"name":"wp","href":"https:\/\/api.w.org\/{rel}","templated":true}]}}