{"id":1076,"date":"2018-01-08T13:39:40","date_gmt":"2018-01-08T12:39:40","guid":{"rendered":"https:\/\/sites.ffkarate.fr\/bouchesdurhone\/?page_id=1076"},"modified":"2018-01-08T13:39:40","modified_gmt":"2018-01-08T12:39:40","slug":"resultats-coupe-poussinveterans-kumite-7-janvier-2018","status":"publish","type":"page","link":"https:\/\/sites.ffkarate.fr\/bouchesdurhone\/competitions-2\/resultats\/resultats-coupe-poussinveterans-kumite-7-janvier-2018\/","title":{"rendered":"R\u00e9sultats &#8211; Coupe poussin\/v\u00e9t\u00e9rans kumit\u00e9 &#8211; 7 janvier 2018"},"content":{"rendered":"<div class=\"wpb-content-wrapper\"><p>[vc_row][vc_column][vc_column_text]<strong>Poussin -20kg Masculin Kumit\u00e9<br \/>\n<\/strong>1<sup>er<\/sup> &#8211; Michel Eliott<br \/>\n2<sup>e<\/sup> &#8211; Poupot Matt<br \/>\n3<sup>e<\/sup> &#8211; Danjou Leo<\/p>\n<p><strong>Poussin -25kg Masculin Kumit\u00e9<br \/>\n<\/strong>1<sup>er<\/sup> &#8211; Codaccioni Romain<br \/>\n2<sup>e<\/sup> &#8211; Hamouch Youcef<br \/>\n3<sup>e<\/sup> &#8211; Litschgi Adam<br \/>\n3<sup>e<\/sup> &#8211; Hida Nahel<br \/>\n5<sup>e<\/sup> &#8211; Seror Noam<br \/>\n5<sup>e<\/sup> &#8211; Contreras Antonio<br \/>\n7<sup>e<\/sup> &#8211; Piccardo Milo<br \/>\n7<sup>e<\/sup> &#8211; Fromion Rayane<\/p>\n<p><strong>Poussin -30kg Masculin Kumit\u00e9<br \/>\n<\/strong>1<sup>er<\/sup> &#8211; Assaad Mehdi<br \/>\n2<sup>e<\/sup> &#8211; Hajji Anis<br \/>\n3<sup>e<\/sup> &#8211; Bouhazoua Fahd<br \/>\n3<sup>e<\/sup> &#8211; Youssouf Idris<br \/>\n5<sup>e<\/sup> &#8211; Marin Jules<br \/>\n5<sup>e<\/sup> &#8211; Tamburini Amaury<br \/>\n7<sup>e<\/sup> &#8211; Rocca Eytan<br \/>\n7<sup>e<\/sup> &#8211; Chaabihi Mathys<\/p>\n<p><strong>Poussin -35kg Masculin Kumit\u00e9<br \/>\n<\/strong>1<sup>er<\/sup> &#8211; Bianchi Sandro<br \/>\n2<sup>e<\/sup> &#8211; Telhaoui Mohamed<br \/>\n3<sup>e<\/sup> &#8211; Quentin Maxime<br \/>\n3<sup>e<\/sup> &#8211; Sadouki Yanis<\/p>\n<p><strong>Poussin -40kg Masculin Kumit\u00e9<br \/>\n<\/strong>1<sup>er<\/sup> &#8211; Carrano Giuliano<\/p>\n<p><strong>Poussin +45kg Masculin Kumit\u00e9<br \/>\n<\/strong>1<sup>er<\/sup> &#8211; Satta Ryan<\/p>\n<p><strong>V\u00e9t\u00e9rans 1 -75kg Masculin Kumit\u00e9<br \/>\n<\/strong>1<sup>er<\/sup> &#8211; Vidal Eric<br \/>\n2<sup>e<\/sup> &#8211; Sejjai Driss<br \/>\n3<sup>e<\/sup> &#8211; Chakrane Mustapha<br \/>\n3<sup>e<\/sup> &#8211; Fitzpatrick Mark<\/p>\n<p><strong>V\u00e9t\u00e9rans 1 +84kg Masculin Kumit\u00e9<br \/>\n<\/strong>1<sup>er<\/sup> &#8211; Labidi Mohamed<\/p>\n<p><strong>V\u00e9t\u00e9rans 2 -84kg Masculin Kumit\u00e9<br \/>\n<\/strong>1<sup>er<\/sup> &#8211; Casasus Gilles<\/p>\n<p><strong>V\u00e9t\u00e9rans 2 +84kg Masculin Kumit\u00e9<br \/>\n<\/strong>1<sup>er<\/sup> &#8211; Charpentier Fabrice<br \/>\n2<sup>e<\/sup> &#8211; Ounes Abdelkrim<\/p>\n<p><strong>V\u00e9t\u00e9rans 3 +84kg Masculin Kumit\u00e9<br \/>\n<\/strong>1<sup>er<\/sup> &#8211; Barandoni Roger<\/p>\n<p><strong>Poussin -20kg F\u00e9minin Kumit\u00e9<br \/>\n<\/strong>1<sup>re<\/sup> &#8211; Ioannitis Angelina<\/p>\n<p><strong>Poussin -30kg F\u00e9minin Kumit\u00e9<br \/>\n<\/strong>1<sup>re<\/sup> &#8211; Mezgui Ritage<br \/>\n2<sup>e<\/sup> &#8211; Bouguedah Joumana<br \/>\n3<sup>e<\/sup> &#8211; Elbachir Amel[\/vc_column_text][\/vc_column][\/vc_row]<\/p>\n<\/div>","protected":false},"excerpt":{"rendered":"<p>[vc_row][vc_column][vc_column_text]Poussin -20kg Masculin Kumit\u00e9 1er &#8211; Michel Eliott 2e &#8211; Poupot Matt 3e &#8211; Danjou Leo Poussin -25kg Masculin Kumit\u00e9 1er &#8211; Codaccioni Romain 2e &#8211; Hamouch Youcef 3e &#8211; Litschgi Adam 3e &#8211; Hida Nahel 5e &#8211; Seror Noam 5e &#8211; Contreras Antonio 7e &#8211; Piccardo Milo 7e &#8211; Fromion Rayane Poussin -30kg Masculin [&hellip;]<\/p>\n","protected":false},"author":40,"featured_media":0,"parent":329,"menu_order":0,"comment_status":"closed","ping_status":"closed","template":"","meta":{"footnotes":""},"class_list":["post-1076","page","type-page","status-publish","hentry"],"_links":{"self":[{"href":"https:\/\/sites.ffkarate.fr\/bouchesdurhone\/wp-json\/wp\/v2\/pages\/1076","targetHints":{"allow":["GET"]}}],"collection":[{"href":"https:\/\/sites.ffkarate.fr\/bouchesdurhone\/wp-json\/wp\/v2\/pages"}],"about":[{"href":"https:\/\/sites.ffkarate.fr\/bouchesdurhone\/wp-json\/wp\/v2\/types\/page"}],"author":[{"embeddable":true,"href":"https:\/\/sites.ffkarate.fr\/bouchesdurhone\/wp-json\/wp\/v2\/users\/40"}],"replies":[{"embeddable":true,"href":"https:\/\/sites.ffkarate.fr\/bouchesdurhone\/wp-json\/wp\/v2\/comments?post=1076"}],"version-history":[{"count":0,"href":"https:\/\/sites.ffkarate.fr\/bouchesdurhone\/wp-json\/wp\/v2\/pages\/1076\/revisions"}],"up":[{"embeddable":true,"href":"https:\/\/sites.ffkarate.fr\/bouchesdurhone\/wp-json\/wp\/v2\/pages\/329"}],"wp:attachment":[{"href":"https:\/\/sites.ffkarate.fr\/bouchesdurhone\/wp-json\/wp\/v2\/media?parent=1076"}],"curies":[{"name":"wp","href":"https:\/\/api.w.org\/{rel}","templated":true}]}}