{"id":1078,"date":"2018-01-08T13:44:48","date_gmt":"2018-01-08T12:44:48","guid":{"rendered":"https:\/\/sites.ffkarate.fr\/bouchesdurhone\/?page_id=1078"},"modified":"2018-01-08T13:44:48","modified_gmt":"2018-01-08T12:44:48","slug":"resultats-coupe-kata-poussinspupillesbenjaminsveterans-7-janvier-2018","status":"publish","type":"page","link":"https:\/\/sites.ffkarate.fr\/bouchesdurhone\/competitions-2\/resultats\/resultats-coupe-kata-poussinspupillesbenjaminsveterans-7-janvier-2018\/","title":{"rendered":"R\u00e9sultats &#8211; Coupe Kata Poussins\/Pupilles\/Benjamins\/V\u00e9t\u00e9rans &#8211; 7 janvier 2018"},"content":{"rendered":"<div class=\"wpb-content-wrapper\"><p>[vc_row][vc_column][vc_column_text]<strong>Poussin Masculin Kata<br \/>\n<\/strong>1<sup>er<\/sup> &#8211; Assaad Mehdi<br \/>\n2<sup>e<\/sup> &#8211; Bouhazoua Fahd<br \/>\n3<sup>e<\/sup> &#8211; Hajji Anis<br \/>\n3<sup>e<\/sup> &#8211; Giliberto Nicolas<br \/>\n5<sup>e<\/sup> &#8211; Bianchi Sandro<br \/>\n5<sup>e<\/sup> &#8211; Fromion Rayane<br \/>\n7<sup>e<\/sup> &#8211; Danjou Leo<br \/>\n7<sup>e<\/sup> &#8211; Aragones Malone<\/p>\n<p><strong>Pupille Masculin Kata<br \/>\n<\/strong>1<sup>er<\/sup> &#8211; Correia Minh<br \/>\n2<sup>e<\/sup> &#8211; Barrois Leandre<br \/>\n3<sup>e<\/sup> &#8211; Mollicone Lois<br \/>\n3<sup>e<\/sup> &#8211; Mebarki Khalil<br \/>\n5<sup>e<\/sup> &#8211; Bessai Rayan<br \/>\n5<sup>e<\/sup> &#8211; Benmoussa Abdallah<br \/>\n7<sup>e<\/sup> &#8211; Lecluse Plassant Matys<br \/>\n7<sup>e<\/sup> &#8211; Desbrus Max<\/p>\n<p><strong>Benjamin Masculin Kata<br \/>\n<\/strong>1<sup>er<\/sup> &#8211; Naalouf Driss<br \/>\n2<sup>e<\/sup> &#8211; Adelmann Salva Lorkan<br \/>\n3<sup>e<\/sup> &#8211; Mollicone Yann<br \/>\n3<sup>e<\/sup> &#8211; Jaine Clement<br \/>\n5<sup>e<\/sup> &#8211; Bedel Gaspard<br \/>\n5<sup>e<\/sup> &#8211; Biolchini Matheo<br \/>\n7<sup>e<\/sup> &#8211; Abibsi Sabri<br \/>\n7<sup>e<\/sup> &#8211; Toullec Thibault<\/p>\n<p><strong>V\u00e9t\u00e9rans 1 Masculin Kata<br \/>\n<\/strong>1<sup>er<\/sup> &#8211; Vidal Eric<br \/>\n2<sup>e<\/sup> &#8211; Sejjai Driss<br \/>\n3<sup>e<\/sup> &#8211; Fitzpatrick Mark<\/p>\n<p><strong>V\u00e9t\u00e9rans 2 Masculin Kata<br \/>\n<\/strong>1<sup>er<\/sup> &#8211; Julien Ludovic<\/p>\n<p><strong>V\u00e9t\u00e9rans 3 Masculin Kata<br \/>\n<\/strong>1<sup>er<\/sup> &#8211; Barandoni Roger<\/p>\n<p><strong>Poussin F\u00e9minin Kata<br \/>\n<\/strong>1<sup>re<\/sup> &#8211; Mebarki Safiyya<br \/>\n2<sup>e<\/sup> &#8211; Delmares Aurore<br \/>\n3<sup>e<\/sup> &#8211; Barberoux Lily<br \/>\n3<sup>e<\/sup> &#8211; Garcia Kelly<br \/>\n5<sup>e<\/sup> &#8211; Viola Eloise<br \/>\n5<sup>e<\/sup> &#8211; Ruel Laura<br \/>\n7<sup>e<\/sup> &#8211; Chaouch Soukaina<\/p>\n<p><strong>Pupille F\u00e9minin Kata<br \/>\n<\/strong>1<sup>re<\/sup> &#8211; Messaoudi Chaineze<br \/>\n2<sup>e<\/sup> &#8211; Choukri Maissa<br \/>\n3<sup>e<\/sup> &#8211; Mebroukine Rose<br \/>\n3<sup>e<\/sup> &#8211; Idris Imene<\/p>\n<p><strong>Benjamin F\u00e9minin Kata<br \/>\n<\/strong>1<sup>re<\/sup> &#8211; Pitzini Kyliana<br \/>\n2<sup>e<\/sup> &#8211; Petelot Emma<br \/>\n3<sup>e<\/sup> &#8211; Azouani Lisa<br \/>\n3<sup>e<\/sup> &#8211; Gaudino&#8211;bain Nais<br \/>\n5<sup>e<\/sup> &#8211; Cattaneo Alice<br \/>\n5<sup>e<\/sup> &#8211; Birem Amina<br \/>\n7<sup>e<\/sup> &#8211; Vasseur Maelys<br \/>\n7<sup>e<\/sup> &#8211; Vidal Melissende<\/p>\n<p><strong>V\u00e9t\u00e9rans 1 F\u00e9minin Kata<br \/>\n<\/strong>1<sup>re<\/sup> &#8211; Pham Christine[\/vc_column_text][\/vc_column][\/vc_row]<\/p>\n<\/div>","protected":false},"excerpt":{"rendered":"<p>[vc_row][vc_column][vc_column_text]Poussin Masculin Kata 1er &#8211; Assaad Mehdi 2e &#8211; Bouhazoua Fahd 3e &#8211; Hajji Anis 3e &#8211; Giliberto Nicolas 5e &#8211; Bianchi Sandro 5e &#8211; Fromion Rayane 7e &#8211; Danjou Leo 7e &#8211; Aragones Malone Pupille Masculin Kata 1er &#8211; Correia Minh 2e &#8211; Barrois Leandre 3e &#8211; Mollicone Lois 3e &#8211; Mebarki Khalil 5e [&hellip;]<\/p>\n","protected":false},"author":40,"featured_media":0,"parent":329,"menu_order":0,"comment_status":"closed","ping_status":"closed","template":"","meta":{"footnotes":""},"class_list":["post-1078","page","type-page","status-publish","hentry"],"_links":{"self":[{"href":"https:\/\/sites.ffkarate.fr\/bouchesdurhone\/wp-json\/wp\/v2\/pages\/1078","targetHints":{"allow":["GET"]}}],"collection":[{"href":"https:\/\/sites.ffkarate.fr\/bouchesdurhone\/wp-json\/wp\/v2\/pages"}],"about":[{"href":"https:\/\/sites.ffkarate.fr\/bouchesdurhone\/wp-json\/wp\/v2\/types\/page"}],"author":[{"embeddable":true,"href":"https:\/\/sites.ffkarate.fr\/bouchesdurhone\/wp-json\/wp\/v2\/users\/40"}],"replies":[{"embeddable":true,"href":"https:\/\/sites.ffkarate.fr\/bouchesdurhone\/wp-json\/wp\/v2\/comments?post=1078"}],"version-history":[{"count":0,"href":"https:\/\/sites.ffkarate.fr\/bouchesdurhone\/wp-json\/wp\/v2\/pages\/1078\/revisions"}],"up":[{"embeddable":true,"href":"https:\/\/sites.ffkarate.fr\/bouchesdurhone\/wp-json\/wp\/v2\/pages\/329"}],"wp:attachment":[{"href":"https:\/\/sites.ffkarate.fr\/bouchesdurhone\/wp-json\/wp\/v2\/media?parent=1078"}],"curies":[{"name":"wp","href":"https:\/\/api.w.org\/{rel}","templated":true}]}}