{"id":1521,"date":"2015-01-08T11:33:20","date_gmt":"2015-01-08T11:33:20","guid":{"rendered":"https:\/\/sites.ffkarate.fr\/testclone\/?page_id=58"},"modified":"2015-01-08T11:33:20","modified_gmt":"2015-01-08T11:33:20","slug":"competitions-2","status":"publish","type":"page","link":"https:\/\/sites.ffkarate.fr\/bouchesdurhone\/competitions-2\/","title":{"rendered":"Comp\u00e9titions"},"content":{"rendered":"<div class=\"wpb-content-wrapper\"><p>[vc_row][vc_column][vc_column_text]La F\u00e9d\u00e9ration Fran\u00e7aise de Karat\u00e9 organise de nombreuses comp\u00e9titions destin\u00e9es \u00e0 tous les publics et aux diff\u00e9rentes disciplines, tout au long de la saison.<br \/>\n<a href=\"http:\/\/www.ffkcompetition.fr\/\" target=\"_blank\" rel=\"noopener\"><img decoding=\"async\" class=\"alignleft size-full wp-image-2170\" src=\"http:\/\/www.ffkarate.fr\/wp-content\/uploads\/2014\/09\/bouton-inscription-competition.jpg\" alt=\"Inscription en ligne\" width=\"230\" height=\"40\" \/><\/a><\/p>\n<p>&nbsp;<\/p>\n<p>&nbsp;<\/p>\n<p>Retrouvez sur cette page l\u2019ensemble des informations relatives aux comp\u00e9titions organis\u00e9es par la FFK :<\/p>\n<ul>\n<li><strong>Calendrier<\/strong> : l\u2019ensemble des \u00e9v\u00e9nements majeurs organis\u00e9s par la F\u00e9d\u00e9ration (<em>comp\u00e9titions nationales, stages et examens f\u00e9d\u00e9raux<\/em>) au cours de la saison, ainsi que les comp\u00e9titions internationales. Vous pouvez ainsi consulter les dates, le programme, les r\u00e9sultats et les galeries photos directement.<br \/>\n<em>Attention : ce calendrier n\u2019est pas d\u00e9finitif et des mises \u00e0 jour sont effectu\u00e9es fr\u00e9quemment.<\/em><\/li>\n<li><strong>S\u2019inscrire<\/strong> : Permet aux clubs affili\u00e9s de la FFK d\u2019inscrire leurs comp\u00e9titeurs sur la plateforme en ligne.<\/li>\n<li><strong>Billetterie<\/strong> : Sur les \u00e9v\u00e9nements majeurs de la saison (coupes et championnats de France de Karat\u00e9, Open de Paris Karat\u00e9), les spectateurs peuvent commander leur billet en ligne.<\/li>\n<\/ul>\n<p>[\/vc_column_text][\/vc_column][\/vc_row]<\/p>\n<\/div>","protected":false},"excerpt":{"rendered":"<p>[vc_row][vc_column][vc_column_text]La F\u00e9d\u00e9ration Fran\u00e7aise de Karat\u00e9 organise de nombreuses comp\u00e9titions destin\u00e9es \u00e0 tous les publics et aux diff\u00e9rentes disciplines, tout au long de la saison. &nbsp; &nbsp; Retrouvez sur cette page l\u2019ensemble des informations relatives aux comp\u00e9titions organis\u00e9es par la FFK : Calendrier : l\u2019ensemble des \u00e9v\u00e9nements majeurs organis\u00e9s par la F\u00e9d\u00e9ration (comp\u00e9titions nationales, stages et [&hellip;]<\/p>\n","protected":false},"author":20,"featured_media":0,"parent":0,"menu_order":0,"comment_status":"closed","ping_status":"open","template":"","meta":{"footnotes":""},"class_list":["post-1521","page","type-page","status-publish","hentry"],"_links":{"self":[{"href":"https:\/\/sites.ffkarate.fr\/bouchesdurhone\/wp-json\/wp\/v2\/pages\/1521","targetHints":{"allow":["GET"]}}],"collection":[{"href":"https:\/\/sites.ffkarate.fr\/bouchesdurhone\/wp-json\/wp\/v2\/pages"}],"about":[{"href":"https:\/\/sites.ffkarate.fr\/bouchesdurhone\/wp-json\/wp\/v2\/types\/page"}],"author":[{"embeddable":true,"href":"https:\/\/sites.ffkarate.fr\/bouchesdurhone\/wp-json\/wp\/v2\/users\/20"}],"replies":[{"embeddable":true,"href":"https:\/\/sites.ffkarate.fr\/bouchesdurhone\/wp-json\/wp\/v2\/comments?post=1521"}],"version-history":[{"count":0,"href":"https:\/\/sites.ffkarate.fr\/bouchesdurhone\/wp-json\/wp\/v2\/pages\/1521\/revisions"}],"wp:attachment":[{"href":"https:\/\/sites.ffkarate.fr\/bouchesdurhone\/wp-json\/wp\/v2\/media?parent=1521"}],"curies":[{"name":"wp","href":"https:\/\/api.w.org\/{rel}","templated":true}]}}