{"id":1361,"date":"2018-10-24T15:29:28","date_gmt":"2018-10-24T13:29:28","guid":{"rendered":"https:\/\/sites.ffkarate.fr\/bourgognefranchecomte\/?page_id=1361"},"modified":"2018-10-24T15:29:28","modified_gmt":"2018-10-24T13:29:28","slug":"stage-regional-karate-mix-loic-marty","status":"publish","type":"page","link":"https:\/\/sites.ffkarate.fr\/bourgognefranchecomte\/stage-regional-karate-mix-loic-marty\/","title":{"rendered":"STAGE REGIONAL KARATE MIX LO\u00cfC MARTY"},"content":{"rendered":"<div class=\"wpb-content-wrapper\"><p>[vc_row][vc_column][vc_column_text]Une trentaine de participants, dont de nombreux Francs-Comtois qui avaient fait le d\u00e9placement jusqu&rsquo;au Dojo Alain le Hetet, ont particip\u00e9 ce samedi 20 octobre au stage Karat\u00e9 Mix anim\u00e9 par Lo\u00efc Marty, 4\u00e8me Dan.<\/p>\n<p>Trois heures d&rsquo;entra\u00eenement intense dans une ambiance tr\u00e8s chaleureuse.<\/p>\n<p>Une belle r\u00e9ussite pour l&rsquo;ouverture de la saison 2018-2019 !<\/p>\n<p><a href=\"https:\/\/sites.ffkarate.fr\/bourgognefranchecomte\/wp-content\/uploads\/sites\/114\/2018\/10\/IMG_1817.jpg\"><img decoding=\"async\" class=\"alignnone size-medium wp-image-1367\" src=\"https:\/\/sites.ffkarate.fr\/bourgognefranchecomte\/wp-content\/uploads\/sites\/114\/2018\/10\/IMG_1817-300x225.jpg\" alt=\"IMG_1817\" width=\"300\" height=\"225\" \/><\/a> <a href=\"https:\/\/sites.ffkarate.fr\/bourgognefranchecomte\/wp-content\/uploads\/sites\/114\/2018\/10\/IMG_1831.jpg\"><img decoding=\"async\" class=\"alignnone size-medium wp-image-1368\" src=\"https:\/\/sites.ffkarate.fr\/bourgognefranchecomte\/wp-content\/uploads\/sites\/114\/2018\/10\/IMG_1831-300x225.jpg\" alt=\"IMG_1831\" width=\"300\" height=\"225\" \/><\/a> <a href=\"https:\/\/sites.ffkarate.fr\/bourgognefranchecomte\/wp-content\/uploads\/sites\/114\/2018\/10\/IMG_1861.jpg\"><img decoding=\"async\" class=\"alignnone size-medium wp-image-1369\" src=\"https:\/\/sites.ffkarate.fr\/bourgognefranchecomte\/wp-content\/uploads\/sites\/114\/2018\/10\/IMG_1861-300x225.jpg\" alt=\"IMG_1861\" width=\"300\" height=\"225\" \/><\/a> <a href=\"https:\/\/sites.ffkarate.fr\/bourgognefranchecomte\/wp-content\/uploads\/sites\/114\/2018\/10\/IMG_1863.jpg\"><img decoding=\"async\" class=\"alignnone size-medium wp-image-1370\" src=\"https:\/\/sites.ffkarate.fr\/bourgognefranchecomte\/wp-content\/uploads\/sites\/114\/2018\/10\/IMG_1863-300x225.jpg\" alt=\"IMG_1863\" width=\"300\" height=\"225\" \/><\/a> <a href=\"https:\/\/sites.ffkarate.fr\/bourgognefranchecomte\/wp-content\/uploads\/sites\/114\/2018\/10\/IMG_1867.jpg\"><img decoding=\"async\" class=\"alignnone size-medium wp-image-1371\" src=\"https:\/\/sites.ffkarate.fr\/bourgognefranchecomte\/wp-content\/uploads\/sites\/114\/2018\/10\/IMG_1867-300x225.jpg\" alt=\"IMG_1867\" width=\"300\" height=\"225\" \/><\/a> <a href=\"https:\/\/sites.ffkarate.fr\/bourgognefranchecomte\/wp-content\/uploads\/sites\/114\/2018\/10\/IMG_1877.jpg\"><img decoding=\"async\" class=\"alignnone size-medium wp-image-1372\" src=\"https:\/\/sites.ffkarate.fr\/bourgognefranchecomte\/wp-content\/uploads\/sites\/114\/2018\/10\/IMG_1877-300x225.jpg\" alt=\"IMG_1877\" width=\"300\" height=\"225\" \/><\/a> <a href=\"https:\/\/sites.ffkarate.fr\/bourgognefranchecomte\/wp-content\/uploads\/sites\/114\/2018\/10\/IMG_1878.jpg\"><img decoding=\"async\" class=\"alignnone size-medium wp-image-1373\" src=\"https:\/\/sites.ffkarate.fr\/bourgognefranchecomte\/wp-content\/uploads\/sites\/114\/2018\/10\/IMG_1878-300x225.jpg\" alt=\"IMG_1878\" width=\"300\" height=\"225\" \/><\/a> <a href=\"https:\/\/sites.ffkarate.fr\/bourgognefranchecomte\/wp-content\/uploads\/sites\/114\/2018\/10\/IMG_1887.jpg\"><img decoding=\"async\" class=\"alignnone size-medium wp-image-1374\" src=\"https:\/\/sites.ffkarate.fr\/bourgognefranchecomte\/wp-content\/uploads\/sites\/114\/2018\/10\/IMG_1887-300x225.jpg\" alt=\"IMG_1887\" width=\"300\" height=\"225\" \/><\/a> <a href=\"https:\/\/sites.ffkarate.fr\/bourgognefranchecomte\/wp-content\/uploads\/sites\/114\/2018\/10\/IMG_1892.jpg\"><img decoding=\"async\" class=\"alignnone size-medium wp-image-1375\" src=\"https:\/\/sites.ffkarate.fr\/bourgognefranchecomte\/wp-content\/uploads\/sites\/114\/2018\/10\/IMG_1892-300x225.jpg\" alt=\"IMG_1892\" width=\"300\" height=\"225\" \/><\/a> <a href=\"https:\/\/sites.ffkarate.fr\/bourgognefranchecomte\/wp-content\/uploads\/sites\/114\/2018\/10\/IMG_1915.jpg\"><img decoding=\"async\" class=\"alignnone size-medium wp-image-1376\" src=\"https:\/\/sites.ffkarate.fr\/bourgognefranchecomte\/wp-content\/uploads\/sites\/114\/2018\/10\/IMG_1915-300x225.jpg\" alt=\"IMG_1915\" width=\"300\" height=\"225\" \/><\/a> <a href=\"https:\/\/sites.ffkarate.fr\/bourgognefranchecomte\/wp-content\/uploads\/sites\/114\/2018\/10\/IMG_1930.jpg\"><img decoding=\"async\" class=\"alignnone size-medium wp-image-1377\" src=\"https:\/\/sites.ffkarate.fr\/bourgognefranchecomte\/wp-content\/uploads\/sites\/114\/2018\/10\/IMG_1930-300x225.jpg\" alt=\"IMG_1930\" width=\"300\" height=\"225\" \/><\/a> <a href=\"https:\/\/sites.ffkarate.fr\/bourgognefranchecomte\/wp-content\/uploads\/sites\/109\/2018\/10\/IMG_1935.jpg\"><img decoding=\"async\" class=\"alignnone size-medium wp-image-1378\" src=\"https:\/\/sites.ffkarate.fr\/bourgognefranchecomte\/wp-content\/uploads\/sites\/109\/2018\/10\/IMG_1935-300x225.jpg\" alt=\"IMG_1935\" width=\"300\" height=\"225\" \/><\/a> <a href=\"https:\/\/sites.ffkarate.fr\/bourgognefranchecomte\/wp-content\/uploads\/sites\/109\/2018\/10\/IMG_1937.jpg\"><img decoding=\"async\" class=\"alignnone size-medium wp-image-1379\" src=\"https:\/\/sites.ffkarate.fr\/bourgognefranchecomte\/wp-content\/uploads\/sites\/109\/2018\/10\/IMG_1937-300x225.jpg\" alt=\"IMG_1937\" width=\"300\" height=\"225\" \/><\/a>[\/vc_column_text][\/vc_column][\/vc_row]<\/p>\n<\/div>","protected":false},"excerpt":{"rendered":"<p>[vc_row][vc_column][vc_column_text]Une trentaine de participants, dont de nombreux Francs-Comtois qui avaient fait le d\u00e9placement jusqu&rsquo;au Dojo Alain le Hetet, ont particip\u00e9 ce samedi 20 octobre au stage Karat\u00e9 Mix anim\u00e9 par Lo\u00efc Marty, 4\u00e8me Dan. Trois heures d&rsquo;entra\u00eenement intense dans une ambiance tr\u00e8s chaleureuse. Une belle r\u00e9ussite pour l&rsquo;ouverture de la saison 2018-2019 ! [\/vc_column_text][\/vc_column][\/vc_row]<\/p>\n","protected":false},"author":178,"featured_media":0,"parent":0,"menu_order":0,"comment_status":"closed","ping_status":"closed","template":"","meta":{"footnotes":""},"class_list":["post-1361","page","type-page","status-publish","hentry"],"_links":{"self":[{"href":"https:\/\/sites.ffkarate.fr\/bourgognefranchecomte\/wp-json\/wp\/v2\/pages\/1361","targetHints":{"allow":["GET"]}}],"collection":[{"href":"https:\/\/sites.ffkarate.fr\/bourgognefranchecomte\/wp-json\/wp\/v2\/pages"}],"about":[{"href":"https:\/\/sites.ffkarate.fr\/bourgognefranchecomte\/wp-json\/wp\/v2\/types\/page"}],"author":[{"embeddable":true,"href":"https:\/\/sites.ffkarate.fr\/bourgognefranchecomte\/wp-json\/wp\/v2\/users\/178"}],"replies":[{"embeddable":true,"href":"https:\/\/sites.ffkarate.fr\/bourgognefranchecomte\/wp-json\/wp\/v2\/comments?post=1361"}],"version-history":[{"count":0,"href":"https:\/\/sites.ffkarate.fr\/bourgognefranchecomte\/wp-json\/wp\/v2\/pages\/1361\/revisions"}],"wp:attachment":[{"href":"https:\/\/sites.ffkarate.fr\/bourgognefranchecomte\/wp-json\/wp\/v2\/media?parent=1361"}],"curies":[{"name":"wp","href":"https:\/\/api.w.org\/{rel}","templated":true}]}}