{"id":4,"date":"2021-05-07T15:35:17","date_gmt":"2021-05-07T13:35:17","guid":{"rendered":"https:\/\/sites.ffkarate.fr\/bourgognefranchecomte\/?page_id=4"},"modified":"2025-07-15T15:23:57","modified_gmt":"2025-07-15T13:23:57","slug":"presentation","status":"publish","type":"page","link":"https:\/\/sites.ffkarate.fr\/bourgognefranchecomte\/presentation\/","title":{"rendered":"Pr\u00e9sentation"},"content":{"rendered":"<div class=\"wpb-content-wrapper\"><p>[vc_row full_width=\u00a0\u00bbstretch_row_content\u00a0\u00bb bg_grey=\u00a0\u00bb1&Prime;][vc_column width=\u00a0\u00bb1\/4&Prime;][ffk_peoplecard image=\u00a0\u00bb496&Prime; title=\u00a0\u00bbV\u00e9ronique PARISOT\u00a0\u00bb subtitle=\u00a0\u00bbPr\u00e9sidente\u00a0\u00bb description=\u00a0\u00bbEmail : Liguebfckarate@gmail.com\u00a0\u00bb][\/vc_column][vc_column width=\u00a0\u00bb3\/4&Prime;][vc_column_text]<\/p>\n<blockquote><p><em>Bienvenue sur le site officiel de la Ligue de Bourgogne-Franche-Comt\u00e9 de karat\u00e9 !<\/em><\/p>\n<p><em>Vous trouverez sur ce site toute l\u2019actualit\u00e9 du karat\u00e9 et de ses disciplines associ\u00e9es :<\/em><br \/>\n<em>le calendrier des diff\u00e9rentes comp\u00e9titions, les passages de grade, stages et autres manifestations, mais aussi toutes les informations et documents n\u00e9cessaires aux dirigeants de club ainsi qu\u2019aux licenci\u00e9s.<\/em><\/p>\n<p><em>Bonne visite. <\/em><\/p>\n<p><strong>La Pr\u00e9sidente de la Ligue de Bourgogne Franche Comt\u00e9<br \/>\n<\/strong><\/p><\/blockquote>\n<p>[\/vc_column_text][\/vc_column][\/vc_row][vc_row][vc_column][vc_empty_space height=\u00a0\u00bb40&Prime;][vc_row_inner][vc_column_inner][vc_column_text]<\/p>\n<h3 class=\"entry-title\" style=\"text-align: center\"><strong><span style=\"color: #1423a0\">COMIT\u00c9 DIRECTEUR<\/span><\/strong><\/h3>\n<h6 style=\"text-align: center\">OLYMPIADE 2024-2028<\/h6>\n<p>[\/vc_column_text][\/vc_column_inner][\/vc_row_inner][vc_row_inner equal_height=\u00a0\u00bbyes\u00a0\u00bb css=\u00a0\u00bb.vc_custom_1617006214271{border-bottom-width: 10px !important;}\u00a0\u00bb][vc_column_inner][ffk_peoplecard title=\u00a0\u00bbRaymond RAVASSAUD\u00a0\u00bb subtitle=\u00a0\u00bbPRESIDENT HONORAIRE\u00a0\u00bb description=\u00a0\u00bbMail : raymondravassaud@gmail.com\u00a0\u00bb image=\u00a0\u00bb523&Prime;][\/vc_column_inner][\/vc_row_inner][vc_row_inner equal_height=\u00a0\u00bbyes\u00a0\u00bb css=\u00a0\u00bb.vc_custom_1617006214271{border-bottom-width: 10px !important;}\u00a0\u00bb][vc_column_inner width=\u00a0\u00bb1\/3&Prime;][ffk_peoplecard title=\u00a0\u00bbJacques ROBERT\u00a0\u00bb subtitle=\u00a0\u00bbVICE-PR\u00c9SIDENT\u00a0\u00bb image=\u00a0\u00bb526&Prime; description=\u00a0\u00bbMail : jacquot89@laposte.net\u00a0\u00bb][\/vc_column_inner][vc_column_inner width=\u00a0\u00bb1\/3&Prime;][ffk_peoplecard image=\u00a0\u00bb505&Prime; title=\u00a0\u00bbRaymond PETIJEAN\u00a0\u00bb subtitle=\u00a0\u00bbVice Pr\u00e9sident\u00a0\u00bb description=\u00a0\u00bbMail : raymond.petitjean@wanadoo.fr\u00a0\u00bb][\/vc_column_inner][vc_column_inner width=\u00a0\u00bb1\/3&Prime;][ffk_peoplecard title=\u00a0\u00bbPatrick GARCIA\u00a0\u00bb subtitle=\u00a0\u00bbVICE PRESIDENT\u00a0\u00bb description=\u00a0\u00bbMail : garciapatrick25@free.fr\u00a0\u00bb image=\u00a0\u00bb4951&Prime;][\/vc_column_inner][\/vc_row_inner][vc_row_inner][vc_column_inner width=\u00a0\u00bb1\/2&Prime;][ffk_peoplecard image=\u00a0\u00bb2337&Prime; title=\u00a0\u00bbRolant DUCROT\u00a0\u00bb subtitle=\u00a0\u00bbSecr\u00e9taire g\u00e9n\u00e9ral et Pr\u00e9sident du CDK de la Ni\u00e8vre\u00a0\u00bb description=\u00a0\u00bbMail : roland.ducrot@orange.fr\u00a0\u00bb][\/vc_column_inner][vc_column_inner width=\u00a0\u00bb1\/2&Prime;][ffk_peoplecard title=\u00a0\u00bbMansour ZOBERI\u00a0\u00bb subtitle=\u00a0\u00bbTr\u00e9sorier g\u00e9n\u00e9ral ET PRESIDENT DU CDK DE LA SAONE ET LOIRE\u00a0\u00bb description=\u00a0\u00bbMail : mansourzoberi@gmail.com\u00a0\u00bb image=\u00a0\u00bb510&Prime;][\/vc_column_inner][\/vc_row_inner][vc_row_inner][vc_column_inner width=\u00a0\u00bb1\/3&Prime;][ffk_peoplecard title=\u00a0\u00bbGilles VENET\u00a0\u00bb subtitle=\u00a0\u00bbSecr\u00e9taire adjoint et Pr\u00e9sident du CDK de l&rsquo;Yonne\u00a0\u00bb description=\u00a0\u00bbMail : venetgilles@orange.fr\u00a0\u00bb image=\u00a0\u00bb2407&Prime;][\/vc_column_inner][vc_column_inner width=\u00a0\u00bb1\/3&Prime;][ffk_peoplecard title=\u00a0\u00bbFranck CHEVALLIER\u00a0\u00bb image=\u00a0\u00bb2602&Prime; description=\u00a0\u00bbMail : franck.delta@free.fr\u00a0\u00bb subtitle=\u00a0\u00bbSecr\u00e9taire adjoint\u00a0\u00bb][\/vc_column_inner][vc_column_inner width=\u00a0\u00bb1\/3&Prime;][ffk_peoplecard title=\u00a0\u00bbChantal MAURIS\u00a0\u00bb subtitle=\u00a0\u00bbTr\u00e9sori\u00e8re ADJOINTE et PRESIDENTE DU CDK DE LA HAUTE SAONE\u00a0\u00bb description=\u00a0\u00bbMail : maurischantal@msn.com\u00a0\u00bb image=\u00a0\u00bb7&Prime;][\/vc_column_inner][\/vc_row_inner][vc_empty_space height=\u00a0\u00bb40&Prime;][\/vc_column][\/vc_row][vc_row][vc_column][vc_empty_space height=\u00a0\u00bb40&Prime;][vc_row_inner][vc_column_inner][vc_column_text]<\/p>\n<h3 class=\"entry-title\" style=\"text-align: center\"><strong><span style=\"color: #1423a0\">COMIT\u00c9 DIRECTEUR<\/span><\/strong><\/h3>\n<h6 style=\"text-align: center\">OLYMPIADE 2024-2028<\/h6>\n<p>[\/vc_column_text][\/vc_column_inner][\/vc_row_inner][vc_row_inner css=\u00a0\u00bb.vc_custom_1617006214271{border-bottom-width: 10px !important;}\u00a0\u00bb][vc_column_inner width=\u00a0\u00bb1\/3&Prime;][ffk_peoplecard title=\u00a0\u00bbClaire Dubois\u00a0\u00bb description=\u00a0\u00bbMail : claire.dubs750@gmail.com\u00a0\u00bb image=\u00a0\u00bb4954&Prime;][\/vc_column_inner][vc_column_inner width=\u00a0\u00bb1\/3&Prime;][ffk_peoplecard title=\u00a0\u00bbRaphaele Jeannet\u00a0\u00bb description=\u00a0\u00bbMail : raphaele.jeannet@laposte.net\u00a0\u00bb][\/vc_column_inner][vc_column_inner width=\u00a0\u00bb1\/3&Prime;][ffk_peoplecard image=\u00a0\u00bb4955&Prime; title=\u00a0\u00bbFr\u00e9d\u00e9rique Mouzer\u00a0\u00bb description=\u00a0\u00bbMail : fRmouzer@gmail.com\u00a0\u00bb][\/vc_column_inner][\/vc_row_inner][vc_empty_space height=\u00a0\u00bb40&Prime;][\/vc_column][\/vc_row][vc_row][vc_column][vc_column_text]<\/p>\n<h3 class=\"entry-title\" style=\"text-align: center\"><strong><span style=\"color: #1423a0\">ETR<\/span><\/strong><\/h3>\n<h6 style=\"text-align: center\">2024-2028<\/h6>\n<p>[\/vc_column_text][ffk_peoplecard title=\u00a0\u00bbBruno SOUMENAT\u00a0\u00bb subtitle=\u00a0\u00bbDirecteur Technique R\u00e9gional\u00a0\u00bb description=\u00a0\u00bbMail : soumenat.bruno@sfr.fr\u00a0\u00bb image=\u00a0\u00bb4903&Prime;][vc_row_inner][vc_column_inner width=\u00a0\u00bb1\/2&Prime;][ffk_peoplecard title=\u00a0\u00bbMohamed AKCHA\u00a0\u00bb subtitle=\u00a0\u00bbEntra\u00eeneur R\u00e9gional Combat\u00a0\u00bb description=\u00a0\u00bbMail : moakcha@yahoo.fr\u00a0\u00bb image=\u00a0\u00bb4897&Prime;][\/vc_column_inner][vc_column_inner width=\u00a0\u00bb1\/2&Prime;][ffk_peoplecard title=\u00a0\u00bbJean-Marc PHOMMAVONG\u00a0\u00bb subtitle=\u00a0\u00bbEntra\u00eeneur R\u00e9gional kata\u00a0\u00bb description=\u00a0\u00bbMail : jmphommavong@gmail.com\u00a0\u00bb image=\u00a0\u00bb4899&Prime;][\/vc_column_inner][\/vc_row_inner][vc_row_inner][vc_column_inner width=\u00a0\u00bb1\/3&Prime;][ffk_peoplecard title=\u00a0\u00bbArnaud DUFOUR\u00a0\u00bb subtitle=\u00a0\u00bbResponsable R\u00e9gional de l&rsquo;arbitrage\u00a0\u00bb description=\u00a0\u00bbMail : dufour.arnaud@gmail.com\u00a0\u00bb image=\u00a0\u00bb4900&Prime;][\/vc_column_inner][vc_column_inner width=\u00a0\u00bb1\/3&Prime;][ffk_peoplecard title=\u00a0\u00bbJean Marc DUCATEZ\u00a0\u00bb description=\u00a0\u00bbMail : jmducatez21@gmail.com\u00a0\u00bb image=\u00a0\u00bb4974&Prime; subtitle=\u00a0\u00bbRESPONSABLE DES GRADES\u00a0\u00bb][\/vc_column_inner][vc_column_inner width=\u00a0\u00bb1\/3&Prime;][ffk_peoplecard title=\u00a0\u00bbJerome CLAUDIN\u00a0\u00bb description=\u00a0\u00bbMail : jeromeetvalerie.claudin@sfr.fr\u00a0\u00bb image=\u00a0\u00bb4972&Prime; subtitle=\u00a0\u00bbRESPONSABLE REGIONAL KARATE CONTACT\u00a0\u00bb][\/vc_column_inner][\/vc_row_inner][vc_row_inner][vc_column_inner width=\u00a0\u00bb1\/3&Prime;][ffk_peoplecard title=\u00a0\u00bbFabien PAUMIER\u00a0\u00bb subtitle=\u00a0\u00bbRESPONSABLE REGIONAL KRAV MAGA\u00a0\u00bb description=\u00a0\u00bbMail : paumierfabien@yahoo.fr\u00a0\u00bb][\/vc_column_inner][vc_column_inner width=\u00a0\u00bb1\/3&Prime;][ffk_peoplecard title=\u00a0\u00bbMagatte SECK\u00a0\u00bb description=\u00a0\u00bbMail : magatteseck@live.fr\u00a0\u00bb subtitle=\u00a0\u00bbRESPONSABLE REGIONAL BODY KARATE\u00a0\u00bb image=\u00a0\u00bb5216&Prime;][\/vc_column_inner][vc_column_inner width=\u00a0\u00bb1\/3&Prime;][ffk_peoplecard title=\u00a0\u00bbRaphaele JEANNET\u00a0\u00bb description=\u00a0\u00bbMail : raphaele.jeannet@laposte.net\u00a0\u00bb subtitle=\u00a0\u00bbRESPONSABLE REGIONAL YOSEIKAN BUDO\u00a0\u00bb][\/vc_column_inner][\/vc_row_inner][vc_row_inner][vc_column_inner width=\u00a0\u00bb1\/2&Prime;][ffk_peoplecard title=\u00a0\u00bbCedric COURTY\u00a0\u00bb subtitle=\u00a0\u00bbRESPONSABLE REGIONAL DES GRADES KARATE MIX\u00a0\u00bb description=\u00a0\u00bbMail : ced.courty@hotmail.fr\u00a0\u00bb][\/vc_column_inner][vc_column_inner width=\u00a0\u00bb1\/2&Prime;][ffk_peoplecard title=\u00a0\u00bbBernard PETEUIL\u00a0\u00bb description=\u00a0\u00bbMail : peteuilb@orange.fr\u00a0\u00bb subtitle=\u00a0\u00bbRESPONSABLE DES GRADES YOSEIKAN BUDO\u00a0\u00bb image=\u00a0\u00bb5218&Prime;][\/vc_column_inner][\/vc_row_inner][vc_row_inner][vc_column_inner width=\u00a0\u00bb1\/2&Prime;][ffk_peoplecard title=\u00a0\u00bbPatrick BEAUBERNARD\u00a0\u00bb subtitle=\u00a0\u00bbRESPONSABLE REGIONAL DE L&rsquo;ARBITRAGE YOSEIKAN BUDO\u00a0\u00bb image=\u00a0\u00bb5217&Prime; description=\u00a0\u00bbMail : beaubernard.patrick@neuf.fr\u00a0\u00bb][\/vc_column_inner][vc_column_inner width=\u00a0\u00bb1\/2&Prime;][ffk_peoplecard title=\u00a0\u00bbMarc CHIBANI\u00a0\u00bb description=\u00a0\u00bbMail : marc.chibani@free.fr\u00a0\u00bb image=\u00a0\u00bb5721&Prime; subtitle=\u00a0\u00bbResponsable r\u00e9gional arbitrage KRAV MAGA\u00a0\u00bb][\/vc_column_inner][\/vc_row_inner][vc_empty_space height=\u00a0\u00bb40&Prime;][vc_column_text]<\/p>\n<h3 class=\"entry-title\" style=\"text-align: center\"><strong><span style=\"color: #1423a0\">Experts R\u00e9gionaux<\/span><\/strong><\/h3>\n<h6 style=\"text-align: center\">2024-2025<\/h6>\n<p>[\/vc_column_text][vc_row_inner][vc_column_inner width=\u00a0\u00bb1\/2&Prime;][ffk_peoplecard title=\u00a0\u00bbPierre BRUNET\u00a0\u00bb subtitle=\u00a0\u00bb7 DAN\u00a0\u00bb description=\u00a0\u00bbKarat\u00e9 traditionnel et karat\u00e9 sant\u00e9\u00a0\u00bb image=\u00a0\u00bb4901&Prime;][\/vc_column_inner][vc_column_inner width=\u00a0\u00bb1\/2&Prime;][ffk_peoplecard title=\u00a0\u00bbAntonio FOIS\u00a0\u00bb subtitle=\u00a0\u00bb7 DAN\u00a0\u00bb description=\u00a0\u00bbKarat\u00e9 traditionnel\u00a0\u00bb image=\u00a0\u00bb4975&Prime;][\/vc_column_inner][\/vc_row_inner][vc_row_inner][vc_column_inner width=\u00a0\u00bb1\/3&Prime;][ffk_peoplecard title=\u00a0\u00bbYannick HUG\u00a0\u00bb subtitle=\u00a0\u00bb6 DAN\u00a0\u00bb description=\u00a0\u00bbKarat\u00e9 Mix\u00a0\u00bb image=\u00a0\u00bb4976&Prime;][\/vc_column_inner][vc_column_inner width=\u00a0\u00bb1\/3&Prime;][ffk_peoplecard title=\u00a0\u00bbJerome CLAUDIN\u00a0\u00bb subtitle=\u00a0\u00bb6 DAN\u00a0\u00bb description=\u00a0\u00bbKarat\u00e9 contact\u00a0\u00bb image=\u00a0\u00bb4972&Prime;][\/vc_column_inner][vc_column_inner width=\u00a0\u00bb1\/3&Prime;][ffk_peoplecard title=\u00a0\u00bbPierre KRALJEVIC\u00a0\u00bb subtitle=\u00a0\u00bb7 DAN\u00a0\u00bb description=\u00a0\u00bbKarat\u00e9 traditionnel\u00a0\u00bb image=\u00a0\u00bb4977&Prime;][\/vc_column_inner][\/vc_row_inner][vc_empty_space height=\u00a0\u00bb40&Prime;][\/vc_column][\/vc_row][vc_row][vc_column][vc_column_text]<\/p>\n<h5>Pour toute question, merci de nous adresser un message en pr\u00e9cisant votre demande.<\/h5>\n<p>[\/vc_column_text]<script type=\"text\/javascript\">\n\/* <![CDATA[ *\/\nvar gform;gform||(document.addEventListener(\"gform_main_scripts_loaded\",function(){gform.scriptsLoaded=!0}),document.addEventListener(\"gform\/theme\/scripts_loaded\",function(){gform.themeScriptsLoaded=!0}),window.addEventListener(\"DOMContentLoaded\",function(){gform.domLoaded=!0}),gform={domLoaded:!1,scriptsLoaded:!1,themeScriptsLoaded:!1,isFormEditor:()=>\"function\"==typeof InitializeEditor,callIfLoaded:function(o){return!(!gform.domLoaded||!gform.scriptsLoaded||!gform.themeScriptsLoaded&&!gform.isFormEditor()||(gform.isFormEditor()&&console.warn(\"The use of gform.initializeOnLoaded() is deprecated in the form editor context and will be removed in Gravity Forms 3.1.\"),o(),0))},initializeOnLoaded:function(o){gform.callIfLoaded(o)||(document.addEventListener(\"gform_main_scripts_loaded\",()=>{gform.scriptsLoaded=!0,gform.callIfLoaded(o)}),document.addEventListener(\"gform\/theme\/scripts_loaded\",()=>{gform.themeScriptsLoaded=!0,gform.callIfLoaded(o)}),window.addEventListener(\"DOMContentLoaded\",()=>{gform.domLoaded=!0,gform.callIfLoaded(o)}))},hooks:{action:{},filter:{}},addAction:function(o,r,e,t){gform.addHook(\"action\",o,r,e,t)},addFilter:function(o,r,e,t){gform.addHook(\"filter\",o,r,e,t)},doAction:function(o){gform.doHook(\"action\",o,arguments)},applyFilters:function(o){return gform.doHook(\"filter\",o,arguments)},removeAction:function(o,r){gform.removeHook(\"action\",o,r)},removeFilter:function(o,r,e){gform.removeHook(\"filter\",o,r,e)},addHook:function(o,r,e,t,n){null==gform.hooks[o][r]&&(gform.hooks[o][r]=[]);var d=gform.hooks[o][r];null==n&&(n=r+\"_\"+d.length),gform.hooks[o][r].push({tag:n,callable:e,priority:t=null==t?10:t})},doHook:function(r,o,e){var t;if(e=Array.prototype.slice.call(e,1),null!=gform.hooks[r][o]&&((o=gform.hooks[r][o]).sort(function(o,r){return o.priority-r.priority}),o.forEach(function(o){\"function\"!=typeof(t=o.callable)&&(t=window[t]),\"action\"==r?t.apply(null,e):e[0]=t.apply(null,e)})),\"filter\"==r)return e[0]},removeHook:function(o,r,t,n){var e;null!=gform.hooks[o][r]&&(e=(e=gform.hooks[o][r]).filter(function(o,r,e){return!!(null!=n&&n!=o.tag||null!=t&&t!=o.priority)}),gform.hooks[o][r]=e)}});\n\/* ]]> *\/\n<\/script>\n\n                <div class='gf_browser_gecko gform_wrapper gform_legacy_markup_wrapper gform-theme--no-framework' data-form-theme='legacy' data-form-index='0' id='gform_wrapper_1' ><form method='post' enctype='multipart\/form-data'  id='gform_1'  action='\/bourgognefranchecomte\/wp-json\/wp\/v2\/pages\/4' data-formid='1' novalidate>\n                        <div class='gform-body gform_body'><ul id='gform_fields_1' class='gform_fields top_label form_sublabel_below description_below validation_below'><li id=\"field_1_1\" class=\"gfield gfield--type-name field_sublabel_below gfield--no-description field_description_below field_validation_below gfield_visibility_visible\"  ><label class='gfield_label gform-field-label gfield_label_before_complex' >Identit\u00e9<\/label><div class='ginput_complex ginput_container ginput_container--name no_prefix has_first_name no_middle_name has_last_name no_suffix gf_name_has_2 ginput_container_name gform-grid-row' id='input_1_1'>\n                            \n                            <span id='input_1_1_3_container' class='name_first gform-grid-col gform-grid-col--size-auto' >\n                                                    <input type='text' name='input_1.3' id='input_1_1_3' value=''   aria-required='false'     \/>\n                                                    <label for='input_1_1_3' class='gform-field-label gform-field-label--type-sub '>Pr\u00e9nom<\/label>\n                                                <\/span>\n                            \n                            <span id='input_1_1_6_container' class='name_last gform-grid-col gform-grid-col--size-auto' >\n                                                    <input type='text' name='input_1.6' id='input_1_1_6' value=''   aria-required='false'     \/>\n                                                    <label for='input_1_1_6' class='gform-field-label gform-field-label--type-sub '>Nom<\/label>\n                                                <\/span>\n                            \n                        <\/div><\/li><li id=\"field_1_2\" class=\"gfield gfield--type-email gfield_contains_required field_sublabel_below gfield--no-description field_description_below field_validation_below gfield_visibility_visible\"  ><label class='gfield_label gform-field-label' for='input_1_2'>E-mail<span class=\"gfield_required\"><span class=\"gfield_required gfield_required_asterisk\">*<\/span><\/span><\/label><div class='ginput_container ginput_container_email'>\n                            <input name='input_2' id='input_1_2' type='email' value='' class='medium'    aria-required=\"true\" aria-invalid=\"false\"  \/>\n                        <\/div><\/li><li id=\"field_1_3\" class=\"gfield gfield--type-textarea field_sublabel_below gfield--no-description field_description_below field_validation_below gfield_visibility_visible\"  ><label class='gfield_label gform-field-label' for='input_1_3'>Votre message<\/label><div class='ginput_container ginput_container_textarea'><textarea name='input_3' id='input_1_3' class='textarea medium'      aria-invalid=\"false\"   rows='10' cols='50'><\/textarea><\/div><\/li><\/ul><\/div>\n        <div class='gform-footer gform_footer top_label'> <input type='submit' id='gform_submit_button_1' class='gform_button button' onclick='gform.submission.handleButtonClick(this);' data-submission-type='submit' value='Envoyer'  \/> \n            <input type='hidden' class='gform_hidden' name='gform_submission_method' data-js='gform_submission_method_1' value='postback' \/>\n            <input type='hidden' class='gform_hidden' name='gform_theme' data-js='gform_theme_1' id='gform_theme_1' value='legacy' \/>\n            <input type='hidden' class='gform_hidden' name='gform_style_settings' data-js='gform_style_settings_1' id='gform_style_settings_1' value='[]' \/>\n            <input type='hidden' class='gform_hidden' name='is_submit_1' value='1' \/>\n            <input type='hidden' class='gform_hidden' name='gform_submit' value='1' \/>\n            \n            <input type='hidden' class='gform_hidden' name='gform_currency' data-currency='EUR' value='rwmwE6jBxQm007gmrhRz6MkDolXrqlxROk\/or732bZ4YBRPZnGdGc52DSSHzL3QaZUuRYVk6Er16QORiLzg\/Tf0Fpe3N4voNYnqelSlpbx9WBYY=' \/>\n            <input type='hidden' class='gform_hidden' name='gform_unique_id' value='' \/>\n            <input type='hidden' class='gform_hidden' name='state_1' value='WyJbXSIsIjU3NDUxNjFlOWEyZjczODJmMTVlZDFkZGExMWE5Y2QxIl0=' \/>\n            <input type='hidden' autocomplete='off' class='gform_hidden' name='gform_target_page_number_1' id='gform_target_page_number_1' value='0' \/>\n            <input type='hidden' autocomplete='off' class='gform_hidden' name='gform_source_page_number_1' id='gform_source_page_number_1' value='1' \/>\n            <input type='hidden' name='gform_field_values' value='' \/>\n            \n        <\/div>\n                        <input\n                    class=\"apbct_special_field apbct_email_id__gravity_form\"\n                    name=\"apbct__email_id__gravity_form\"\n                    aria-label=\"apbct__label_id__gravity_form\"\n                    type=\"text\" size=\"30\" maxlength=\"200\" autocomplete=\"off\"\n                    value=\"\"\n                \/><\/form>\n                        <\/div><script type=\"text\/javascript\">\n\/* <![CDATA[ *\/\n gform.initializeOnLoaded( function() {gformInitSpinner( 1, 'https:\/\/sites.ffkarate.fr\/bourgognefranchecomte\/wp-content\/plugins\/gravityforms\/images\/spinner.svg', true );jQuery('#gform_ajax_frame_1').on('load',function(){var contents = jQuery(this).contents().find('*').html();var is_postback = contents.indexOf('GF_AJAX_POSTBACK') >= 0;if(!is_postback){return;}var form_content = jQuery(this).contents().find('#gform_wrapper_1');var is_confirmation = jQuery(this).contents().find('#gform_confirmation_wrapper_1').length > 0;var is_redirect = contents.indexOf('gformRedirect(){') >= 0;var is_form = form_content.length > 0 && ! is_redirect && ! is_confirmation;var mt = parseInt(jQuery('html').css('margin-top'), 10) + parseInt(jQuery('body').css('margin-top'), 10) + 100;if(is_form){jQuery('#gform_wrapper_1').html(form_content.html());if(form_content.hasClass('gform_validation_error')){jQuery('#gform_wrapper_1').addClass('gform_validation_error');} else {jQuery('#gform_wrapper_1').removeClass('gform_validation_error');}setTimeout( function() { \/* delay the scroll by 50 milliseconds to fix a bug in chrome *\/  }, 50 );if(window['gformInitDatepicker']) {gformInitDatepicker();}if(window['gformInitPriceFields']) {gformInitPriceFields();}var current_page = jQuery('#gform_source_page_number_1').val();gformInitSpinner( 1, 'https:\/\/sites.ffkarate.fr\/bourgognefranchecomte\/wp-content\/plugins\/gravityforms\/images\/spinner.svg', true );jQuery(document).trigger('gform_page_loaded', [1, current_page]);window['gf_submitting_1'] = false;}else if(!is_redirect){var confirmation_content = jQuery(this).contents().find('.GF_AJAX_POSTBACK').html();if(!confirmation_content){confirmation_content = contents;}jQuery('#gform_wrapper_1').replaceWith(confirmation_content);jQuery(document).trigger('gform_confirmation_loaded', [1]);window['gf_submitting_1'] = false;wp.a11y.speak(jQuery('#gform_confirmation_message_1').text());}else{jQuery('#gform_1').append(contents);if(window['gformRedirect']) {gformRedirect();}}jQuery(document).trigger(\"gform_pre_post_render\", [{ formId: \"1\", currentPage: \"current_page\", abort: function() { this.preventDefault(); } }]);        if (event && event.defaultPrevented) {                return;        }        const gformWrapperDiv = document.getElementById( \"gform_wrapper_1\" );        if ( gformWrapperDiv ) {            const visibilitySpan = document.createElement( \"span\" );            visibilitySpan.id = \"gform_visibility_test_1\";            gformWrapperDiv.insertAdjacentElement( \"afterend\", visibilitySpan );        }        const visibilityTestDiv = document.getElementById( \"gform_visibility_test_1\" );        let postRenderFired = false;        function triggerPostRender() {            if ( postRenderFired ) {                return;            }            postRenderFired = true;            gform.core.triggerPostRenderEvents( 1, current_page );            if ( visibilityTestDiv ) {                visibilityTestDiv.parentNode.removeChild( visibilityTestDiv );            }        }        function debounce( func, wait, immediate ) {            var timeout;            return function() {                var context = this, args = arguments;                var later = function() {                    timeout = null;                    if ( !immediate ) func.apply( context, args );                };                var callNow = immediate && !timeout;                clearTimeout( timeout );                timeout = setTimeout( later, wait );                if ( callNow ) func.apply( context, args );            };        }        const debouncedTriggerPostRender = debounce( function() {            triggerPostRender();        }, 200 );        if ( visibilityTestDiv && visibilityTestDiv.offsetParent === null ) {            const observer = new MutationObserver( ( mutations ) => {                mutations.forEach( ( mutation ) => {                    if ( mutation.type === 'attributes' && visibilityTestDiv.offsetParent !== null ) {                        debouncedTriggerPostRender();                        observer.disconnect();                    }                });            });            observer.observe( document.body, {                attributes: true,                childList: false,                subtree: true,                attributeFilter: [ 'style', 'class' ],            });        } else {            triggerPostRender();        }    } );} ); \n\/* ]]> *\/\n<\/script>\n[vc_empty_space height=\u00a0\u00bb40&Prime;][\/vc_column][\/vc_row][vc_row][vc_column bg_grey=\u00a0\u00bb1&Prime;][vc_column_text]Dojo Alain le Hetet<br \/>\nRue Sacha Distel<br \/>\n21800 Chevigny Saint Sauveur<br \/>\nEmail: liguebfckarate@gmail.com[\/vc_column_text][\/vc_column][\/vc_row][vc_row][vc_column][vc_empty_space height=\u00a0\u00bb40&Prime;][\/vc_column][\/vc_row]<\/p>\n<\/div>","protected":false},"excerpt":{"rendered":"<p>[vc_row full_width=\u00a0\u00bbstretch_row_content\u00a0\u00bb bg_grey=\u00a0\u00bb1&Prime;][vc_column width=\u00a0\u00bb1\/4&Prime;][ffk_peoplecard image=\u00a0\u00bb496&Prime; title=\u00a0\u00bbV\u00e9ronique PARISOT\u00a0\u00bb subtitle=\u00a0\u00bbPr\u00e9sidente\u00a0\u00bb description=\u00a0\u00bbEmail : Liguebfckarate@gmail.com\u00a0\u00bb][\/vc_column][vc_column width=\u00a0\u00bb3\/4&Prime;][vc_column_text] Bienvenue sur le site officiel de la Ligue de Bourgogne-Franche-Comt\u00e9 de karat\u00e9 ! Vous trouverez sur ce site toute l\u2019actualit\u00e9 du karat\u00e9 et de ses disciplines associ\u00e9es : le calendrier des diff\u00e9rentes comp\u00e9titions, les passages de grade, stages et autres manifestations, mais aussi [&hellip;]<\/p>\n","protected":false},"author":1,"featured_media":0,"parent":0,"menu_order":0,"comment_status":"closed","ping_status":"closed","template":"page-fullwidth.php","meta":{"footnotes":""},"class_list":["post-4","page","type-page","status-publish","hentry"],"_links":{"self":[{"href":"https:\/\/sites.ffkarate.fr\/bourgognefranchecomte\/wp-json\/wp\/v2\/pages\/4","targetHints":{"allow":["GET"]}}],"collection":[{"href":"https:\/\/sites.ffkarate.fr\/bourgognefranchecomte\/wp-json\/wp\/v2\/pages"}],"about":[{"href":"https:\/\/sites.ffkarate.fr\/bourgognefranchecomte\/wp-json\/wp\/v2\/types\/page"}],"author":[{"embeddable":true,"href":"https:\/\/sites.ffkarate.fr\/bourgognefranchecomte\/wp-json\/wp\/v2\/users\/1"}],"replies":[{"embeddable":true,"href":"https:\/\/sites.ffkarate.fr\/bourgognefranchecomte\/wp-json\/wp\/v2\/comments?post=4"}],"version-history":[{"count":13,"href":"https:\/\/sites.ffkarate.fr\/bourgognefranchecomte\/wp-json\/wp\/v2\/pages\/4\/revisions"}],"predecessor-version":[{"id":5755,"href":"https:\/\/sites.ffkarate.fr\/bourgognefranchecomte\/wp-json\/wp\/v2\/pages\/4\/revisions\/5755"}],"wp:attachment":[{"href":"https:\/\/sites.ffkarate.fr\/bourgognefranchecomte\/wp-json\/wp\/v2\/media?parent=4"}],"curies":[{"name":"wp","href":"https:\/\/api.w.org\/{rel}","templated":true}]}}