{"id":27,"date":"2021-05-07T15:56:14","date_gmt":"2021-05-07T13:56:14","guid":{"rendered":"https:\/\/sites.ffkarate.fr\/calvados\/?page_id=27"},"modified":"2025-09-27T22:10:19","modified_gmt":"2025-09-27T20:10:19","slug":"formations","status":"publish","type":"page","link":"https:\/\/sites.ffkarate.fr\/calvados\/formations\/","title":{"rendered":"Formations"},"content":{"rendered":"<div class=\"wpb-content-wrapper\"><p>[vc_row][vc_column][vc_single_image image=\u00a0\u00bb587&Prime; img_size=\u00a0\u00bbfull\u00a0\u00bb add_caption=\u00a0\u00bbyes\u00a0\u00bb][vc_empty_space height=\u00a0\u00bb10&Prime;][\/vc_column][\/vc_row][vc_row gap=\u00a0\u00bb15&Prime;][vc_column css_animation=\u00a0\u00bbnone\u00a0\u00bb][vc_column_text]<\/p>\n<h4>Responsable d\u00e9partemental formation<\/h4>\n<p>Bernard RENAY<\/p>\n<p>Le CDK14 organise\u00a0 les formations AFA, DAF et DIF<\/p>\n<p>Une formation PSC1 est organis\u00e9e le 22 novembre 2025 pour simplifier la\u00a0 vie des candidats<\/p>\n<p>Toutes les inscriptions (PSC1, AFA, DAF, DIF) se font uniquement sur SIKADA<\/p>\n<p><strong><a href=\"https:\/\/www.sikada.fr\/SiKadaIns\/AppLib_Login.aspx?ReturnUrl=%2fSiKadaIns%2fAppMain.aspx\" target=\"_blank\" rel=\"noopener\">LIEN D&rsquo;INSCRIPTION<\/a><\/strong><\/p>\n<h4>Dates de formation 2025 \/ 2026 pour le d\u00e9partement du Calvados :<\/h4>\n<p>La formation DIF se d\u00e9roulera <strong>les 10 et 11 janvier 2026 et 7 et 8 mars 2026<\/strong>.<\/p>\n<p>La formation DAF se d\u00e9roulera <strong>les 10 et 11 janvier 2026<\/strong><\/p>\n<p>Evaluation finale des DIF et DAF <strong>le 2 mai 2026<\/strong><\/p>\n<p>La formation AFA :\u00a0 2 possibilit\u00e9s cette ann\u00e9es<\/p>\n<ul>\n<li>Le CDK organise une formation <strong>le 29 novembre 2025<\/strong><\/li>\n<li>\n<div class=\"x_elementToProof\" data-olk-copy-source=\"MessageBody\">Petite nouveaut\u00e9 pour cette saison : l&rsquo;AFA se rapproche des clubs.<\/div>\n<div class=\"x_elementToProof\">Pour les clubs ayant plusieurs candidats (jeunes coll\u00e9giens\/lyc\u00e9ens), nous allons tester une nouvelle formule :<\/div>\n<div class=\"x_elementToProof\">Le responsable se d\u00e9placera dans les clubs sur 2 apr\u00e8s midi pour dispenser le contenu de la formation. 2h de th\u00e9orie suivies de 2h de mise en situation avec les cours existants. Les jeunes seront ainsi plus en confiance, \u00e9voluant \u00ab\u00a0\u00e0 domicile\u00a0\u00bb, et cela facilitera le c\u00f4t\u00e9 logistique.<\/div>\n<\/li>\n<\/ul>\n<p><a href=\"https:\/\/sites.ffkarate.fr\/calvados\/wp-content\/uploads\/sites\/31\/2023\/10\/la-filiere-de-formation-de-la-FFKDA-1.pdf\" target=\"_blank\" rel=\"noopener\">la filiere de formation de la FFKDA-1<\/a>[\/vc_column_text][vc_column_text]<\/p>\n<h3><b>\u00a0ACTIVITE PHYSIQUE ADAPTEE APRES CANCER<\/b><\/h3>\n<p>4 professeurs dans le Calvados ont d\u00e9j\u00e0 suivi les formations du r\u00e9seau Onco Basse Normandie et dispensent des cours adapt\u00e9s dans leurs clubs (Gilles Leblond \u00e0 Vassy , Thierry Pr\u00e9aux et Am\u00e9lie Buczkowicz \u00e0 Douvres\u00a0 et Philippe B\u00e9nard \u00e0 Blangy-Pont l&rsquo;Ev\u00e8que).<\/p>\n<p>Cette formation tr\u00e8s bien faite est enti\u00e8rement gratuite. Attention, elle est limit\u00e9e \u00e0 40 personnes. Les sessions ont lieu alternativement \u00e0 Caen et \u00e0 Rouen<\/p>\n<p>Vous trouverez ci-joint un bulletin d&rsquo;inscription pour la prochaine session<\/p>\n<p><strong><a href=\"https:\/\/imapac.fr\/formations\/\" target=\"_blank\" rel=\"noopener\">https:\/\/imapac.fr\/formations\/<\/a><\/strong><\/p>\n<p>Thierry Pr\u00e9aux, qui est le responsable de la commission sport-sant\u00e9 au sein du comit\u00e9 directeur fera partie cette ann\u00e9e des formateurs, et il se tient \u00e0 votre enti\u00e8re disposition pour tout renseignement : <a href=\"mailto:espritkaratedouvres@gmail.com\" target=\"_blank\" rel=\"noopener noreferrer\">espritkaratedouvres@gmail.com<\/a><\/p>\n<p>Vous trouverez ci-dessous t\u00e9moignage d&rsquo;un professeur form\u00e9 :<\/p>\n<p><a href=\"https:\/\/youtu.be\/IKanCb-Uu9A\" target=\"_blank\" rel=\"noopener\">https:\/\/youtu.be\/IKanCb-Uu9A<\/a><\/p>\n<h3><\/h3>\n<h3><b>ACTIVITE PHYSIQUE ET OBESITE<\/b><\/h3>\n<div>\n<p>Suite \u00e0 plusieurs demandes, le Comit\u00e9 directeur a organis\u00e9 en 2017-2018 une formation sur la prise en charge de l&rsquo;ob\u00e9sit\u00e9 dans nos cours de sport. Cette formation tr\u00e8s enrichissante a eu lieu au CSN d&rsquo;Houlgate.<\/p>\n<p>Si vous \u00eates int\u00e9ress\u00e9s par une telle formation, merci de me le faire savoir rapidement ( cdk14@live.fr )\u00a0 en m&rsquo;indiquant vos disponibilit\u00e9s , vos souhaits en terme de temps de formation (nombre de jours, cons\u00e9cutifs ou non) et les questions que vous souhaitez voir traiter. Cel\u00e0 me permettra de constituer un groupe (il faut environ 8 personnes et \u00e9tablir un cahier des charges pour les formateurs (programme, dates, &#8230;)<\/p>\n<\/div>\n<p>[\/vc_column_text][\/vc_column][\/vc_row][vc_row gap=\u00a0\u00bb15&Prime;][vc_column css_animation=\u00a0\u00bbnone\u00a0\u00bb][\/vc_column][\/vc_row][vc_row][vc_column][ffk_postgrid category=\u00a0\u00bb26&Prime;][\/vc_column][\/vc_row]<\/p>\n<\/div>","protected":false},"excerpt":{"rendered":"<p>La formation AFA\/DAF pour le d\u00e9partement de la Gironde se d\u00e9roulera les 09 et 10\/01\/2021 au Gymnase \u00e0 VERAC (33).<\/p>\n","protected":false},"author":1,"featured_media":0,"parent":0,"menu_order":0,"comment_status":"closed","ping_status":"closed","template":"","meta":{"footnotes":""},"class_list":["post-27","page","type-page","status-publish","hentry"],"_links":{"self":[{"href":"https:\/\/sites.ffkarate.fr\/calvados\/wp-json\/wp\/v2\/pages\/27","targetHints":{"allow":["GET"]}}],"collection":[{"href":"https:\/\/sites.ffkarate.fr\/calvados\/wp-json\/wp\/v2\/pages"}],"about":[{"href":"https:\/\/sites.ffkarate.fr\/calvados\/wp-json\/wp\/v2\/types\/page"}],"author":[{"embeddable":true,"href":"https:\/\/sites.ffkarate.fr\/calvados\/wp-json\/wp\/v2\/users\/1"}],"replies":[{"embeddable":true,"href":"https:\/\/sites.ffkarate.fr\/calvados\/wp-json\/wp\/v2\/comments?post=27"}],"version-history":[{"count":11,"href":"https:\/\/sites.ffkarate.fr\/calvados\/wp-json\/wp\/v2\/pages\/27\/revisions"}],"predecessor-version":[{"id":6140,"href":"https:\/\/sites.ffkarate.fr\/calvados\/wp-json\/wp\/v2\/pages\/27\/revisions\/6140"}],"wp:attachment":[{"href":"https:\/\/sites.ffkarate.fr\/calvados\/wp-json\/wp\/v2\/media?parent=27"}],"curies":[{"name":"wp","href":"https:\/\/api.w.org\/{rel}","templated":true}]}}