{"id":1809,"date":"2021-06-04T17:13:46","date_gmt":"2021-06-04T15:13:46","guid":{"rendered":"https:\/\/sites.ffkarate.fr\/cdkcotesdarmor\/?page_id=1809"},"modified":"2021-06-04T18:18:34","modified_gmt":"2021-06-04T16:18:34","slug":"krav-maga","status":"publish","type":"page","link":"https:\/\/sites.ffkarate.fr\/cdkcotesdarmor\/krav-maga\/","title":{"rendered":"KRAV MAGA"},"content":{"rendered":"<div class=\"wpb-content-wrapper\"><p>[vc_row][vc_column][vc_video link=\u00a0\u00bbhttps:\/\/youtu.be\/eHBvsVcG2gY\u00a0\u00bb][vc_column_text]<strong>KRAV MAGA<\/strong> :<\/p>\n<p>Le Krav Maga est une <strong>discipline de combat simple, directe, efficace<\/strong>, et accessible \u00e0 toutes les cat\u00e9gories de population. Elle met l\u2019accent sur la gestion du combat, l\u2019analyse de l\u2019environnement, et la pr\u00e9servation de soi en toute circonstance et se compose de deux parties principales :<\/p>\n<ul>\n<li>Le self-d\u00e9fense qui en est la charpente, et qui rassemble des techniques vari\u00e9es permettant de se d\u00e9fendre contre une grande vari\u00e9t\u00e9 d\u2019attaques, arm\u00e9es ou non et de venir rapidement \u00e0 bout d\u2019un ou plusieurs assaillants.<\/li>\n<li>Le combat corps \u00e0 corps qui constitue une phase plus avanc\u00e9e du Krav Maga, et inclut la dimension psychologique du combat (g\u00e9rer le stress, travail \u00e0 plusieurs, les armes\u2026)<\/li>\n<\/ul>\n<p>Elle conna\u00eet aujourd\u2019hui sur la sc\u00e8ne internationale un vif engouement aupr\u00e8s du grand public dans sa version civile.<\/p>\n<p>[\/vc_column_text][\/vc_column][\/vc_row]<\/p>\n<\/div>","protected":false},"excerpt":{"rendered":"<p>[vc_row][vc_column][vc_video link=\u00a0\u00bbhttps:\/\/youtu.be\/eHBvsVcG2gY\u00a0\u00bb][vc_column_text]KRAV MAGA : Le Krav Maga est une discipline de combat simple, directe, efficace, et accessible \u00e0 toutes les cat\u00e9gories de population. Elle met l\u2019accent sur la gestion du combat, l\u2019analyse de l\u2019environnement, et la pr\u00e9servation de soi en toute circonstance et se compose de deux parties principales : Le self-d\u00e9fense qui en est [&hellip;]<\/p>\n","protected":false},"author":64,"featured_media":0,"parent":0,"menu_order":0,"comment_status":"closed","ping_status":"closed","template":"","meta":{"footnotes":""},"class_list":["post-1809","page","type-page","status-publish","hentry"],"_links":{"self":[{"href":"https:\/\/sites.ffkarate.fr\/cdkcotesdarmor\/wp-json\/wp\/v2\/pages\/1809","targetHints":{"allow":["GET"]}}],"collection":[{"href":"https:\/\/sites.ffkarate.fr\/cdkcotesdarmor\/wp-json\/wp\/v2\/pages"}],"about":[{"href":"https:\/\/sites.ffkarate.fr\/cdkcotesdarmor\/wp-json\/wp\/v2\/types\/page"}],"author":[{"embeddable":true,"href":"https:\/\/sites.ffkarate.fr\/cdkcotesdarmor\/wp-json\/wp\/v2\/users\/64"}],"replies":[{"embeddable":true,"href":"https:\/\/sites.ffkarate.fr\/cdkcotesdarmor\/wp-json\/wp\/v2\/comments?post=1809"}],"version-history":[{"count":6,"href":"https:\/\/sites.ffkarate.fr\/cdkcotesdarmor\/wp-json\/wp\/v2\/pages\/1809\/revisions"}],"predecessor-version":[{"id":1843,"href":"https:\/\/sites.ffkarate.fr\/cdkcotesdarmor\/wp-json\/wp\/v2\/pages\/1809\/revisions\/1843"}],"wp:attachment":[{"href":"https:\/\/sites.ffkarate.fr\/cdkcotesdarmor\/wp-json\/wp\/v2\/media?parent=1809"}],"curies":[{"name":"wp","href":"https:\/\/api.w.org\/{rel}","templated":true}]}}