{"id":2100,"date":"2021-10-19T14:26:39","date_gmt":"2021-10-19T12:26:39","guid":{"rendered":"https:\/\/sites.ffkarate.fr\/cdkdafinistere29\/?page_id=2100"},"modified":"2021-10-19T14:26:39","modified_gmt":"2021-10-19T12:26:39","slug":"inscriptions-1er-2eme-3eme-et-4eme-dan","status":"publish","type":"page","link":"https:\/\/sites.ffkarate.fr\/cdkdafinistere29\/inscriptions-1er-2eme-3eme-et-4eme-dan\/","title":{"rendered":"Inscriptions 1er &#8211; 2\u00e8me &#8211; 3\u00e8me et 4\u00e8me Dan"},"content":{"rendered":"<div class=\"wpb-content-wrapper\"><p>[vc_row][vc_column][vc_column_text]<img decoding=\"async\" class=\"alignnone size-medium wp-image-2089\" src=\"https:\/\/sites.ffkarate.fr\/cdkdafinistere29\/wp-content\/uploads\/sites\/45\/2021\/10\/Fiche-inscription-grade-2021-22-212x300.jpg\" alt=\"\" width=\"212\" height=\"300\" srcset=\"https:\/\/sites.ffkarate.fr\/cdkdafinistere29\/wp-content\/uploads\/sites\/45\/2021\/10\/Fiche-inscription-grade-2021-22-212x300.jpg 212w, https:\/\/sites.ffkarate.fr\/cdkdafinistere29\/wp-content\/uploads\/sites\/45\/2021\/10\/Fiche-inscription-grade-2021-22-724x1024.jpg 724w, https:\/\/sites.ffkarate.fr\/cdkdafinistere29\/wp-content\/uploads\/sites\/45\/2021\/10\/Fiche-inscription-grade-2021-22-768x1086.jpg 768w, https:\/\/sites.ffkarate.fr\/cdkdafinistere29\/wp-content\/uploads\/sites\/45\/2021\/10\/Fiche-inscription-grade-2021-22-1086x1536.jpg 1086w, https:\/\/sites.ffkarate.fr\/cdkdafinistere29\/wp-content\/uploads\/sites\/45\/2021\/10\/Fiche-inscription-grade-2021-22.jpg 1240w\" sizes=\"(max-width: 212px) 100vw, 212px\" \/>[\/vc_column_text][\/vc_column][\/vc_row]<\/p>\n<\/div>","protected":false},"excerpt":{"rendered":"<p>[vc_row][vc_column][vc_column_text][\/vc_column_text][\/vc_column][\/vc_row]<\/p>\n","protected":false},"author":77,"featured_media":0,"parent":0,"menu_order":0,"comment_status":"closed","ping_status":"closed","template":"","meta":{"footnotes":""},"class_list":["post-2100","page","type-page","status-publish","hentry"],"_links":{"self":[{"href":"https:\/\/sites.ffkarate.fr\/cdkdafinistere29\/wp-json\/wp\/v2\/pages\/2100","targetHints":{"allow":["GET"]}}],"collection":[{"href":"https:\/\/sites.ffkarate.fr\/cdkdafinistere29\/wp-json\/wp\/v2\/pages"}],"about":[{"href":"https:\/\/sites.ffkarate.fr\/cdkdafinistere29\/wp-json\/wp\/v2\/types\/page"}],"author":[{"embeddable":true,"href":"https:\/\/sites.ffkarate.fr\/cdkdafinistere29\/wp-json\/wp\/v2\/users\/77"}],"replies":[{"embeddable":true,"href":"https:\/\/sites.ffkarate.fr\/cdkdafinistere29\/wp-json\/wp\/v2\/comments?post=2100"}],"version-history":[{"count":1,"href":"https:\/\/sites.ffkarate.fr\/cdkdafinistere29\/wp-json\/wp\/v2\/pages\/2100\/revisions"}],"predecessor-version":[{"id":2102,"href":"https:\/\/sites.ffkarate.fr\/cdkdafinistere29\/wp-json\/wp\/v2\/pages\/2100\/revisions\/2102"}],"wp:attachment":[{"href":"https:\/\/sites.ffkarate.fr\/cdkdafinistere29\/wp-json\/wp\/v2\/media?parent=2100"}],"curies":[{"name":"wp","href":"https:\/\/api.w.org\/{rel}","templated":true}]}}