{"id":2264,"date":"2022-03-31T21:04:40","date_gmt":"2022-03-31T19:04:40","guid":{"rendered":"https:\/\/sites.ffkarate.fr\/cdkdafinistere29\/?page_id=2264"},"modified":"2024-08-23T13:05:10","modified_gmt":"2024-08-23T11:05:10","slug":"formation-afa-2","status":"publish","type":"page","link":"https:\/\/sites.ffkarate.fr\/cdkdafinistere29\/formation-afa-2\/","title":{"rendered":"Formation AFA"},"content":{"rendered":"<div class=\"wpb-content-wrapper\"><p>[vc_row][vc_column][vc_column_text]<a href=\"https:\/\/www.ffkarate.fr\/espace-licencies\/formations\/attestation-federale-assistant-afa\/\" target=\"_blank\" rel=\"noopener\">https:\/\/www.ffkarate.fr\/espace-licencies\/formations\/attestation-federale-assistant-afa\/<\/a><\/p>\n<p><a href=\"https:\/\/sites.ffkarate.fr\/cdkdafinistere29\/espace-documentaires\/\">https:\/\/sites.ffkarate.fr\/cdkdafinistere29\/espace-documentaires\/<\/a><\/p>\n<p>&nbsp;<\/p>\n<p>Date limite de d\u00e9p\u00f4t de dossier le 11 septembre 2024<\/p>\n<p>&nbsp;<\/p>\n<p>\u00c0 renvoyer \u00e0 :<\/p>\n<div>nicolas_segard@hotmail.fr ou nicolas.segard@intradef.gouv.fr<\/div>\n<div><\/div>\n<div>Ou<\/div>\n<div><\/div>\n<div>Segard Nicolas 35 venelle illien ar Gwen 29470 Plougastel Daoulas<\/div>\n<div><\/div>\n<div>lieu :<\/div>\n<div>Dojo Roz Avel\u00a0\u00a0\u00a0 Boulevard Louison Bobet \u00a0\u00a0 29470 Plougastel<\/div>\n<div>Salle de r\u00e9union Complexe Avel sport Rue Colette Besson 29470 Plougastel<\/div>\n<div><\/div>\n<div>horaire de principe :\u00a0 date \u00e0 d\u00e9finir automne 2024<\/div>\n<div><\/div>\n<div>\u00a0\u00a0\u00a0\u00a0\u00a0\u00a0\u00a0\u00a0\u00a0\u00a0\u00a0\u00a0\u00a0\u00a0\u00a0\u00a0\u00a0\u00a0\u00a0\u00a0\u00a0\u00a0\u00a0\u00a0\u00a0\u00a0\u00a0\u00a0\u00a0\u00a0 \u00a0 \u00a0\u00a0 \u00a0\u00a0 <span id=\"page9R_mcid49\" class=\"markedContent\"><span dir=\"ltr\" role=\"presentation\">8H<\/span><\/span><span id=\"page9R_mcid50\" class=\"markedContent\"><\/span><span id=\"page9R_mcid51\" class=\"markedContent\"><\/span><span id=\"page9R_mcid52\" class=\"markedContent\"><\/span><span id=\"page9R_mcid53\" class=\"markedContent\"> <span dir=\"ltr\" role=\"presentation\">ACCUEIL<\/span><\/span><span id=\"page9R_mcid54\" class=\"markedContent\"><\/span><span id=\"page9R_mcid55\" class=\"markedContent\"><\/span><\/div>\n<div><span id=\"page9R_mcid55\" class=\"markedContent\"><br role=\"presentation\" \/><span dir=\"ltr\" role=\"presentation\">\u00a0\u00a0\u00a0\u00a0\u00a0\u00a0\u00a0\u00a0\u00a0\u00a0\u00a0\u00a0\u00a0\u00a0\u00a0\u00a0\u00a0\u00a0\u00a0\u00a0\u00a0\u00a0\u00a0\u00a0\u00a0\u00a0\u00a0\u00a0\u00a0\u00a0\u00a0 \u00a0\u00a0 \u00a0\u00a0\u00a0 8H30 12H30<\/span><\/span><span id=\"page9R_mcid56\" class=\"markedContent\"><\/span><span id=\"page9R_mcid57\" class=\"markedContent\"><\/span><span id=\"page9R_mcid58\" class=\"markedContent\"><\/span><span id=\"page9R_mcid59\" class=\"markedContent\"> <span dir=\"ltr\" role=\"presentation\">FORMATION EN SALLE<\/span><\/span><span id=\"page9R_mcid60\" class=\"markedContent\"> <span dir=\"ltr\" role=\"presentation\">\u00c0<\/span><\/span><span id=\"page9R_mcid61\" class=\"markedContent\"><\/span><span id=\"page9R_mcid62\" class=\"markedContent\"> <span dir=\"ltr\" role=\"presentation\">AVEL SPORT \u00c0<\/span><\/span><span id=\"page9R_mcid63\" class=\"markedContent\"><\/span><span id=\"page9R_mcid64\" class=\"markedContent\"> <span dir=\"ltr\" role=\"presentation\">PLOUGASTEL<\/span><\/span><span id=\"page9R_mcid65\" class=\"markedContent\"><\/span><span id=\"page9R_mcid66\" class=\"markedContent\"><\/span><\/div>\n<div><\/div>\n<div><span id=\"page9R_mcid66\" class=\"markedContent\">\u00a0\u00a0\u00a0\u00a0\u00a0\u00a0\u00a0\u00a0\u00a0\u00a0\u00a0\u00a0\u00a0\u00a0\u00a0\u00a0\u00a0\u00a0\u00a0\u00a0\u00a0\u00a0\u00a0\u00a0\u00a0\u00a0\u00a0\u00a0\u00a0\u00a0\u00a0\u00a0 \u00a0 \u00a0\u00a0 <span dir=\"ltr\" role=\"presentation\">14H 18H<\/span><\/span><span id=\"page9R_mcid67\" class=\"markedContent\"><\/span><span id=\"page9R_mcid68\" class=\"markedContent\"><\/span><span id=\"page9R_mcid69\" class=\"markedContent\"> <span dir=\"ltr\" role=\"presentation\">FORMATION AU DOJO \/ \u00c9<\/span><\/span><span id=\"page9R_mcid70\" class=\"markedContent\"><span dir=\"ltr\" role=\"presentation\">VALUATION FORMATIVE<\/span><\/span><\/div>\n<div><\/div>\n<p>[\/vc_column_text][\/vc_column][\/vc_row]<\/p>\n<\/div>","protected":false},"excerpt":{"rendered":"<p>[vc_row][vc_column][vc_column_text]https:\/\/www.ffkarate.fr\/espace-licencies\/formations\/attestation-federale-assistant-afa\/ https:\/\/sites.ffkarate.fr\/cdkdafinistere29\/espace-documentaires\/ &nbsp; Date limite de d\u00e9p\u00f4t de dossier le 11 septembre 2024 &nbsp; \u00c0 renvoyer \u00e0 : nicolas_segard@hotmail.fr ou nicolas.segard@intradef.gouv.fr Ou Segard Nicolas 35 venelle illien ar Gwen 29470 Plougastel Daoulas lieu : Dojo Roz Avel\u00a0\u00a0\u00a0 Boulevard Louison Bobet \u00a0\u00a0 29470 Plougastel Salle de r\u00e9union Complexe Avel sport Rue Colette Besson 29470 Plougastel horaire [&hellip;]<\/p>\n","protected":false},"author":77,"featured_media":0,"parent":0,"menu_order":0,"comment_status":"closed","ping_status":"closed","template":"","meta":{"footnotes":""},"class_list":["post-2264","page","type-page","status-publish","hentry"],"_links":{"self":[{"href":"https:\/\/sites.ffkarate.fr\/cdkdafinistere29\/wp-json\/wp\/v2\/pages\/2264","targetHints":{"allow":["GET"]}}],"collection":[{"href":"https:\/\/sites.ffkarate.fr\/cdkdafinistere29\/wp-json\/wp\/v2\/pages"}],"about":[{"href":"https:\/\/sites.ffkarate.fr\/cdkdafinistere29\/wp-json\/wp\/v2\/types\/page"}],"author":[{"embeddable":true,"href":"https:\/\/sites.ffkarate.fr\/cdkdafinistere29\/wp-json\/wp\/v2\/users\/77"}],"replies":[{"embeddable":true,"href":"https:\/\/sites.ffkarate.fr\/cdkdafinistere29\/wp-json\/wp\/v2\/comments?post=2264"}],"version-history":[{"count":10,"href":"https:\/\/sites.ffkarate.fr\/cdkdafinistere29\/wp-json\/wp\/v2\/pages\/2264\/revisions"}],"predecessor-version":[{"id":2723,"href":"https:\/\/sites.ffkarate.fr\/cdkdafinistere29\/wp-json\/wp\/v2\/pages\/2264\/revisions\/2723"}],"wp:attachment":[{"href":"https:\/\/sites.ffkarate.fr\/cdkdafinistere29\/wp-json\/wp\/v2\/media?parent=2264"}],"curies":[{"name":"wp","href":"https:\/\/api.w.org\/{rel}","templated":true}]}}