{"id":360,"date":"2015-12-11T14:42:08","date_gmt":"2015-12-11T13:42:08","guid":{"rendered":"https:\/\/sites.ffkarate.fr\/cdkdafinistere29\/?page_id=360"},"modified":"2015-12-11T14:42:08","modified_gmt":"2015-12-11T13:42:08","slug":"arbitrage","status":"publish","type":"page","link":"https:\/\/sites.ffkarate.fr\/cdkdafinistere29\/arbitrage\/","title":{"rendered":"Arbitrage"},"content":{"rendered":"<div class=\"wpb-content-wrapper\"><p>[vc_row][vc_column][vc_column_text]<a href=\"https:\/\/sites.ffkarate.fr\/cdkdafinistere29\/wp-content\/uploads\/sites\/45\/2015\/12\/DSC02534.jpg\"><img decoding=\"async\" class=\"alignnone size-medium wp-image-934\" src=\"https:\/\/sites.ffkarate.fr\/cdkdafinistere29\/wp-content\/uploads\/sites\/45\/2015\/12\/DSC02534-300x200.jpg\" alt=\"DSC02534\" width=\"300\" height=\"200\" \/><\/a><\/p>\n<p>Les arbitres du Finist\u00e8re lors de l&rsquo; Open du Finist\u00e8re &#8211; 1er mai 2016<\/p>\n<p>&nbsp;<\/p>\n<p>&nbsp;<\/p>\n<p>A partir de benjamin, entrez dans la formation \u00e0 l\u2019arbitrage : cette \u00ab\u00e9cole de la vie\u00bb permet de rassembler tous ceux qui sont d\u00e9sireux de vivre cette exp\u00e9rience passionnante et de garantir un arbitrage qui se doit d&rsquo;\u00eatre digne de l\u2019investissement de tous les comp\u00e9titeurs, entraineurs, professeurs et dirigeants.<\/p>\n<p>Rejoignez-nous !!!<\/p>\n<p>Karat\u00e9 : Jean Pierre QUINQUIS<br \/>\njpquinquis@wanadoo.fr<\/p>\n<p>Disciplines Associ\u00e9es : Carole Bo Ram AUTRET<br \/>\npandora.seon@gmail.com[\/vc_column_text][\/vc_column][\/vc_row]<\/p>\n<\/div>","protected":false},"excerpt":{"rendered":"<p>[vc_row][vc_column][vc_column_text] Les arbitres du Finist\u00e8re lors de l&rsquo; Open du Finist\u00e8re &#8211; 1er mai 2016 &nbsp; &nbsp; A partir de benjamin, entrez dans la formation \u00e0 l\u2019arbitrage : cette \u00ab\u00e9cole de la vie\u00bb permet de rassembler tous ceux qui sont d\u00e9sireux de vivre cette exp\u00e9rience passionnante et de garantir un arbitrage qui se doit d&rsquo;\u00eatre [&hellip;]<\/p>\n","protected":false},"author":76,"featured_media":0,"parent":0,"menu_order":0,"comment_status":"closed","ping_status":"closed","template":"","meta":{"footnotes":""},"class_list":["post-360","page","type-page","status-publish","hentry"],"_links":{"self":[{"href":"https:\/\/sites.ffkarate.fr\/cdkdafinistere29\/wp-json\/wp\/v2\/pages\/360","targetHints":{"allow":["GET"]}}],"collection":[{"href":"https:\/\/sites.ffkarate.fr\/cdkdafinistere29\/wp-json\/wp\/v2\/pages"}],"about":[{"href":"https:\/\/sites.ffkarate.fr\/cdkdafinistere29\/wp-json\/wp\/v2\/types\/page"}],"author":[{"embeddable":true,"href":"https:\/\/sites.ffkarate.fr\/cdkdafinistere29\/wp-json\/wp\/v2\/users\/76"}],"replies":[{"embeddable":true,"href":"https:\/\/sites.ffkarate.fr\/cdkdafinistere29\/wp-json\/wp\/v2\/comments?post=360"}],"version-history":[{"count":0,"href":"https:\/\/sites.ffkarate.fr\/cdkdafinistere29\/wp-json\/wp\/v2\/pages\/360\/revisions"}],"wp:attachment":[{"href":"https:\/\/sites.ffkarate.fr\/cdkdafinistere29\/wp-json\/wp\/v2\/media?parent=360"}],"curies":[{"name":"wp","href":"https:\/\/api.w.org\/{rel}","templated":true}]}}