{"id":400,"date":"2015-12-14T16:20:13","date_gmt":"2015-12-14T15:20:13","guid":{"rendered":"https:\/\/sites.ffkarate.fr\/cdkdafinistere29\/?page_id=400"},"modified":"2015-12-14T16:20:13","modified_gmt":"2015-12-14T15:20:13","slug":"resultats-competitions","status":"publish","type":"page","link":"https:\/\/sites.ffkarate.fr\/cdkdafinistere29\/resultats-competitions\/","title":{"rendered":"Cr\u00e9dits"},"content":{"rendered":"<div class=\"wpb-content-wrapper\"><p>[vc_row][vc_column][vc_column_text]<strong>Production<\/strong><br \/>\nF\u00e9d\u00e9ration Fran\u00e7aise de Karat\u00e9 et Disciplines Associ\u00e9es<\/p>\n<p><strong>Design et ergonomie<\/strong><br \/>\nMediascop<\/p>\n<p><em>Tous les textes, infographies et les photos reproduites sont prot\u00e9g\u00e9es par des droits de propri\u00e9t\u00e9 intellectuelle.<\/em><\/p>\n<p><em>Par cons\u00e9quent, aucun de ces \u00e9l\u00e9ments ne peut \u00eatre reproduit, modifi\u00e9, rediffus\u00e9, exploit\u00e9 commercialement ou r\u00e9utilis\u00e9 de quelque mani\u00e8re que ce soit sans l\u2019accord pr\u00e9alable \u00e9crit de l\u2019entit\u00e9 responsable du site internet (Ligue, Comit\u00e9 d\u00e9partemental, etc.).<\/em>[\/vc_column_text][\/vc_column][\/vc_row]<\/p>\n<\/div>","protected":false},"excerpt":{"rendered":"<p>[vc_row][vc_column][vc_column_text]Production F\u00e9d\u00e9ration Fran\u00e7aise de Karat\u00e9 et Disciplines Associ\u00e9es Design et ergonomie Mediascop Tous les textes, infographies et les photos reproduites sont prot\u00e9g\u00e9es par des droits de propri\u00e9t\u00e9 intellectuelle. Par cons\u00e9quent, aucun de ces \u00e9l\u00e9ments ne peut \u00eatre reproduit, modifi\u00e9, rediffus\u00e9, exploit\u00e9 commercialement ou r\u00e9utilis\u00e9 de quelque mani\u00e8re que ce soit sans l\u2019accord pr\u00e9alable \u00e9crit de [&hellip;]<\/p>\n","protected":false},"author":76,"featured_media":0,"parent":0,"menu_order":0,"comment_status":"closed","ping_status":"closed","template":"","meta":{"footnotes":""},"class_list":["post-400","page","type-page","status-publish","hentry"],"_links":{"self":[{"href":"https:\/\/sites.ffkarate.fr\/cdkdafinistere29\/wp-json\/wp\/v2\/pages\/400","targetHints":{"allow":["GET"]}}],"collection":[{"href":"https:\/\/sites.ffkarate.fr\/cdkdafinistere29\/wp-json\/wp\/v2\/pages"}],"about":[{"href":"https:\/\/sites.ffkarate.fr\/cdkdafinistere29\/wp-json\/wp\/v2\/types\/page"}],"author":[{"embeddable":true,"href":"https:\/\/sites.ffkarate.fr\/cdkdafinistere29\/wp-json\/wp\/v2\/users\/76"}],"replies":[{"embeddable":true,"href":"https:\/\/sites.ffkarate.fr\/cdkdafinistere29\/wp-json\/wp\/v2\/comments?post=400"}],"version-history":[{"count":0,"href":"https:\/\/sites.ffkarate.fr\/cdkdafinistere29\/wp-json\/wp\/v2\/pages\/400\/revisions"}],"wp:attachment":[{"href":"https:\/\/sites.ffkarate.fr\/cdkdafinistere29\/wp-json\/wp\/v2\/media?parent=400"}],"curies":[{"name":"wp","href":"https:\/\/api.w.org\/{rel}","templated":true}]}}