{"id":1277,"date":"2015-01-08T11:32:45","date_gmt":"2015-01-08T11:32:45","guid":{"rendered":"https:\/\/sites.ffkarate.fr\/testclone\/?page_id=55"},"modified":"2024-09-10T22:08:41","modified_gmt":"2024-09-10T20:08:41","slug":"commissions-techniques","status":"publish","type":"page","link":"https:\/\/sites.ffkarate.fr\/cdkvar83\/commissions-techniques\/","title":{"rendered":"COMMISSIONS DEPARTEMENTALES"},"content":{"rendered":"<div class=\"wpb-content-wrapper\"><p>[vc_row][vc_column][vc_column_text]<\/p>\n<h2>\u00a0<strong>Comit\u00e9 D\u00e9partemental\u00a0du VAR de Karat\u00e9 et D.A.\u00a0\u00a0\u00a0\u00a0 \u00a0<\/strong><\/h2>\n<p style=\"text-align: center\"><strong>Commission Disciplines Associ\u00e9es<\/strong><\/p>\n<p style=\"text-align: center\"><strong>KRAV MAGA,AMV,AMC,AMSEA<\/strong><\/p>\n<p style=\"text-align: center\"><strong>Responsable Francois Truffaut <\/strong>Elu au poste r\u00e9serv\u00e9 DA<\/p>\n<table>\n<tbody>\n<tr>\n<td colspan=\"2\" width=\"768\"><strong>KRAV MAGA\u00a0\u00a0 <\/strong>R\u00e9f\u00e9rente avec la commission sportive pour programmation Anais FAYARD.<\/td>\n<\/tr>\n<tr>\n<td width=\"363\">Responsable arbitrage<\/td>\n<td width=\"404\">Philippe MAPU Arbitre National<\/td>\n<\/tr>\n<tr>\n<td width=\"363\">Stages techniques et grades<\/td>\n<td width=\"404\">Robert CIACERI<\/td>\n<\/tr>\n<tr>\n<td colspan=\"2\" width=\"768\"><strong>AMV <\/strong><\/td>\n<\/tr>\n<tr>\n<td width=\"363\">Responsable arbitrage<\/td>\n<td width=\"404\">Maximilien CARTELLE arbitre NationalAnthony BERTOLUCCI adjoint<\/td>\n<\/tr>\n<tr>\n<td width=\"363\">Stages techniques et grades<\/td>\n<td width=\"404\">Brice CLEMENT<\/td>\n<\/tr>\n<tr>\n<td colspan=\"2\" width=\"768\"><strong>AMC<\/strong><\/td>\n<\/tr>\n<tr>\n<td width=\"363\">Responsable arbitrage<\/td>\n<td width=\"404\">AZOUZ Alaaedine\u00a0 Responsable National<\/td>\n<\/tr>\n<tr>\n<td width=\"363\">Stages techniques et grades<\/td>\n<td width=\"404\">MINISCALCO Laurent<\/td>\n<\/tr>\n<tr>\n<td colspan=\"2\" width=\"768\"><strong>AMSEA <\/strong><\/td>\n<\/tr>\n<tr>\n<td width=\"363\">Responsable arbitrage<\/td>\n<td width=\"404\">Jacques CREMIEUX\u00a0 Arbitre National<\/td>\n<\/tr>\n<tr>\n<td width=\"363\">Stages techniques et grades<\/td>\n<td width=\"404\">Thomas ROUSSEL entraineur NationalDidier GARCIA commission Nationale<\/p>\n<p>Jean-Yves GOUPSY<\/td>\n<\/tr>\n<\/tbody>\n<\/table>\n<p>&nbsp;<\/p>\n<table>\n<tbody>\n<tr>\n<td width=\"363\">BODY KARATE<\/td>\n<td width=\"402\"><strong>Julien PAUL<\/strong><strong>Marjorie PERELLO<\/strong><\/td>\n<\/tr>\n<\/tbody>\n<\/table>\n<p><strong>\u00a0<\/strong><\/p>\n<table>\n<tbody>\n<tr>\n<td width=\"363\"><strong>KOBUDO<\/strong>Responsable arbitrage<\/td>\n<td width=\"404\"><strong>Jacques CREMIEUX\u00a0<\/strong>Arbitre National<\/td>\n<\/tr>\n<tr>\n<td width=\"363\">Stages techniques et pr\u00e9paration comp\u00e9tition<\/td>\n<td width=\"404\"><strong>Didier DUTHE <\/strong><\/td>\n<\/tr>\n<\/tbody>\n<\/table>\n<p>&nbsp;<\/p>\n<table>\n<tbody>\n<tr>\n<td width=\"363\"><strong>KARATE JUTSU<\/strong>Karate D\u00e9fense Training<\/td>\n<td width=\"402\"><strong>Gianni BRIGANTI <\/strong><strong>G\u00e9rald CHIARO<\/strong><\/td>\n<\/tr>\n<tr>\n<td width=\"363\"><strong>KARATE MIX\u00a0<\/strong><\/td>\n<td width=\"402\"><strong>Ludovic RALLO <\/strong><\/p>\n<p><strong>Alexandre BOUDERBANE<\/strong><\/td>\n<\/tr>\n<\/tbody>\n<\/table>\n<p>&nbsp;<\/p>\n<table>\n<tbody>\n<tr>\n<td width=\"363\"><strong>FULL et LIGHT CONTACT<\/strong><\/td>\n<td width=\"404\"><strong>Mohammed MESSADAOUI\u00a0 commission Nationale FC<\/strong><\/td>\n<\/tr>\n<\/tbody>\n<\/table>\n<p>&nbsp;<\/p>\n<table>\n<tbody>\n<tr>\n<td width=\"363\"><strong>KEMPO BUDO <\/strong><strong>\u00a0<\/strong><\/td>\n<td width=\"404\"><strong>G\u00e9rard OLIVIER <\/strong><strong>Jean Yves BIDAUT<\/strong><\/td>\n<\/tr>\n<\/tbody>\n<\/table>\n<p><strong>\u00a0<\/strong><strong>COMMISSIONS DEPARTEMENTALES et ZID <\/strong><\/p>\n<p>Les commissions suivantes sont propos\u00e9es \u00a0en conformit\u00e9 avec le plan de d\u00e9veloppement F\u00e9d\u00e9ral :<\/p>\n<table>\n<tbody>\n<tr>\n<td colspan=\"3\" width=\"768\">\u00a0<strong>Commission Sportive Organisations Comp\u00e9titions<\/strong><\/td>\n<\/tr>\n<tr>\n<td width=\"384\">\u00a0 <strong>\u00e9lue \u00a0CD<\/strong><\/td>\n<td colspan=\"2\" width=\"384\">Simone BRAZILLIER<\/p>\n<p>Christelle HELLEC<\/td>\n<\/tr>\n<tr>\n<td width=\"384\">\u00a0 <strong>table de gestion Informatique<\/strong><\/td>\n<td colspan=\"2\" width=\"384\">Corinne ROSADINI<\/td>\n<\/tr>\n<tr>\n<td width=\"384\">Equipe Organisation<\/p>\n<p>&nbsp;<\/p>\n<p>ZID contr\u00f4le<\/td>\n<td colspan=\"2\" width=\"384\">Jean louis VISCIONE<\/p>\n<p>Dimitri MOELLO<\/p>\n<p>Enzo VISCIONE<\/p>\n<p>Cyril TOQUES<\/p>\n<p>Fabio VISCIONE<\/p>\n<p>&nbsp;<\/td>\n<\/tr>\n<tr>\n<td colspan=\"3\" width=\"768\">Renforc\u00e9e par Equipe locale et \u00e9quipe Administrative\u00a0:<strong>En fonction du lieu de la Comp\u00e9tition, du niveau\u00a0 D\u00e9partement ou ZID<\/strong><\/td>\n<\/tr>\n<tr>\n<td colspan=\"2\" width=\"765\"><strong>Regroupement Comp\u00e9titeurs KATA et KUMITE\u00a0<\/strong><strong style=\"font-family: inherit;font-size: inherit\">en lien avec le HAUT NIVEAU LIGUE PACA<br \/>\n<\/strong><\/td>\n<td width=\"3\"><\/td>\n<\/tr>\n<tr>\n<td colspan=\"2\" width=\"765\"><strong>Intervenants sur les sites retenus avec convention\u00a0<\/strong><strong>Draguignan La Garde\u00a0 et sainte maxime<\/strong><\/td>\n<td width=\"3\"><\/td>\n<\/tr>\n<tr>\n<td width=\"252\"><\/td>\n<td width=\"212\"><\/td>\n<td width=\"3\"><\/td>\n<\/tr>\n<\/tbody>\n<\/table>\n<p>&nbsp;<\/p>\n<table>\n<tbody>\n<tr>\n<td colspan=\"2\" width=\"768\"><strong>Commission Communication et D\u00e9veloppement\u00a0 \u00a0<\/strong><\/td>\n<\/tr>\n<tr>\n<td width=\"384\">\u00a0 <strong>Elu\u00a0 du CD<\/strong><\/td>\n<td width=\"384\">Laurent VIDALAntonella DE PASTORE<\/td>\n<\/tr>\n<tr>\n<td width=\"384\">\u00a0 <strong>\u00a0<\/strong><\/td>\n<td width=\"384\">Guy BERGER<\/td>\n<\/tr>\n<tr>\n<td colspan=\"2\" width=\"768\"><strong>Mise en place d\u2019animations de masse\u00a0 pour les publics et Pratiquants non Comp\u00e9titeurs<\/strong><\/td>\n<\/tr>\n<\/tbody>\n<\/table>\n<p>&nbsp;<\/p>\n<table>\n<tbody>\n<tr>\n<td colspan=\"2\" width=\"768\">\u00a0<strong>Commission F\u00e9minine<\/strong><\/td>\n<\/tr>\n<tr>\n<td width=\"384\">\u00a0 <strong>Elues\u00a0 du CD<\/strong><\/td>\n<td width=\"384\">\u00a0Florence PIOPPA,Antonella DE PASTORE<\/td>\n<\/tr>\n<tr>\n<td width=\"384\">\u00a0 <strong>\u00a0membres<\/strong><\/td>\n<td width=\"384\">C\u00e9cile LIMIER,Sandra DUFOUR<\/td>\n<\/tr>\n<tr>\n<td colspan=\"2\" width=\"768\"><strong>Mise en place du projet F\u00e9minin ffk<\/strong><\/td>\n<\/tr>\n<\/tbody>\n<\/table>\n<p>&nbsp;<\/p>\n<table>\n<tbody>\n<tr>\n<td colspan=\"2\" width=\"768\">\u00a0<strong>Commission Enfants Jeunes et Scolaires<\/strong><\/td>\n<\/tr>\n<tr>\n<td width=\"384\">\u00a0 <strong>Elues\u00a0 du CD<\/strong><\/p>\n<table style=\"height: 51px\" width=\"373\">\n<tbody>\n<tr>\n<td width=\"384\"><\/td>\n<\/tr>\n<\/tbody>\n<\/table>\n<\/td>\n<td width=\"384\"><\/td>\n<\/tr>\n<tr>\n<td width=\"384\">\u00a0 <strong>\u00a0membres<\/strong><\/td>\n<td width=\"384\">Alexandre BOUDERBANE,S\u00e9bastien DRUBIGNY<\/td>\n<\/tr>\n<tr>\n<td colspan=\"2\" width=\"768\"><strong>Mise en place d\u2019animations jeunes, am\u00e9lioration des comp\u00e9titions Enfants D\u00e9veloppement karat\u00e9 UNSS<\/strong><\/td>\n<\/tr>\n<\/tbody>\n<\/table>\n<p>&nbsp;<\/p>\n<table>\n<tbody>\n<tr>\n<td colspan=\"2\" width=\"768\">\u00a0<strong>Commission PARAKARATE SANTE et VETERANS<\/strong><\/td>\n<\/tr>\n<tr>\n<td width=\"384\">\u00a0 <strong>Elues\u00a0 du CD<\/strong><\/td>\n<td width=\"384\"><\/td>\n<\/tr>\n<tr>\n<td width=\"384\">\u00a0 <strong>\u00a0membres<\/strong><\/td>\n<td width=\"384\">\u00a0Francis DRUBIGNY<\/p>\n<p>Ludovic RALLO<\/p>\n<p>Philippe BOUVIER<\/p>\n<p>&nbsp;<\/td>\n<\/tr>\n<tr>\n<td colspan=\"2\" width=\"768\"><strong>Mise en place du projet F\u00e9d\u00e9ral<\/strong><\/td>\n<\/tr>\n<\/tbody>\n<\/table>\n<p><strong>\u00a0<\/strong>[\/vc_column_text][\/vc_column][\/vc_row]<\/p>\n<\/div>","protected":false},"excerpt":{"rendered":"<p>[vc_row][vc_column][vc_column_text] \u00a0Comit\u00e9 D\u00e9partemental\u00a0du VAR de Karat\u00e9 et D.A.\u00a0\u00a0\u00a0\u00a0 \u00a0 Commission Disciplines Associ\u00e9es KRAV MAGA,AMV,AMC,AMSEA Responsable Francois Truffaut Elu au poste r\u00e9serv\u00e9 DA KRAV MAGA\u00a0\u00a0 R\u00e9f\u00e9rente avec la commission sportive pour programmation Anais FAYARD. Responsable arbitrage Philippe MAPU Arbitre National Stages techniques et grades Robert CIACERI AMV Responsable arbitrage Maximilien CARTELLE arbitre NationalAnthony BERTOLUCCI adjoint Stages [&hellip;]<\/p>\n","protected":false},"author":20,"featured_media":0,"parent":0,"menu_order":0,"comment_status":"closed","ping_status":"closed","template":"","meta":{"footnotes":""},"class_list":["post-1277","page","type-page","status-publish","hentry"],"_links":{"self":[{"href":"https:\/\/sites.ffkarate.fr\/cdkvar83\/wp-json\/wp\/v2\/pages\/1277","targetHints":{"allow":["GET"]}}],"collection":[{"href":"https:\/\/sites.ffkarate.fr\/cdkvar83\/wp-json\/wp\/v2\/pages"}],"about":[{"href":"https:\/\/sites.ffkarate.fr\/cdkvar83\/wp-json\/wp\/v2\/types\/page"}],"author":[{"embeddable":true,"href":"https:\/\/sites.ffkarate.fr\/cdkvar83\/wp-json\/wp\/v2\/users\/20"}],"replies":[{"embeddable":true,"href":"https:\/\/sites.ffkarate.fr\/cdkvar83\/wp-json\/wp\/v2\/comments?post=1277"}],"version-history":[{"count":1,"href":"https:\/\/sites.ffkarate.fr\/cdkvar83\/wp-json\/wp\/v2\/pages\/1277\/revisions"}],"predecessor-version":[{"id":1766,"href":"https:\/\/sites.ffkarate.fr\/cdkvar83\/wp-json\/wp\/v2\/pages\/1277\/revisions\/1766"}],"wp:attachment":[{"href":"https:\/\/sites.ffkarate.fr\/cdkvar83\/wp-json\/wp\/v2\/media?parent=1277"}],"curies":[{"name":"wp","href":"https:\/\/api.w.org\/{rel}","templated":true}]}}