{"id":1375,"date":"2021-06-18T11:43:17","date_gmt":"2021-06-18T09:43:17","guid":{"rendered":"https:\/\/sites.ffkarate.fr\/cdkvar83\/?page_id=1375"},"modified":"2025-02-24T16:11:02","modified_gmt":"2025-02-24T15:11:02","slug":"disciplines-associees","status":"publish","type":"page","link":"https:\/\/sites.ffkarate.fr\/cdkvar83\/disciplines-associees\/","title":{"rendered":"Disciplines associ\u00e9es"},"content":{"rendered":"<div class=\"wpb-content-wrapper\"><p>[vc_row][vc_column][vc_column_text]<\/p>\n<h2>KRAV MAGA<\/h2>\n<ul>\n<li><strong>R\u00e9f\u00e9rente avec la commission sportive pour programmation<\/strong><\/li>\n<li>Fran\u00e7ois TRUFFAUT<\/li>\n<li><strong>Responsable arbitrage<\/strong><br \/>\nPhilippe MAPU Arbitre National<\/li>\n<li><strong>Responsable CODG\u00a0 grades<\/strong><br \/>\nEric COUDRAY<\/li>\n<\/ul>\n<p>[\/vc_column_text][\/vc_column][\/vc_row][vc_row][vc_column][vc_column_text]<\/p>\n<h2>Arts Martiaux Vietnamiens<\/h2>\n<ul>\n<li><strong>Responsable arbitrage\u00a0<\/strong><br \/>\nvoir r\u00e9f\u00e9rent LIGUE PACA<\/li>\n<\/ul>\n<ul>\n<li><strong>Stages techniques et grades<\/strong><\/li>\n<li>SIDNEY M&rsquo;RIVOILLY<\/li>\n<\/ul>\n<p>[\/vc_column_text][\/vc_column][\/vc_row][vc_row][vc_column][vc_column_text]<\/p>\n<h2>Arts Martiaux Chinois<\/h2>\n<ul>\n<li><strong>Responsable arbitrage\u00a0<\/strong><br \/>\nSelon le niveau de comp\u00e9tition<\/li>\n<li><strong>Stages techniques et grades<\/strong><br \/>\nBARUZZI Fran\u00e7ois<\/li>\n<\/ul>\n<p>[\/vc_column_text][\/vc_column][\/vc_row][vc_row][vc_column][vc_column_text]<\/p>\n<h2>Arts Martiaux du Sud Est Asiatique<\/h2>\n<ul>\n<li><strong>Responsable arbitrage\u00a0 \u00a0 \u00a0<\/strong><br \/>\nJacques CREMIEUX\u00a0 Arbitre National<\/li>\n<li><strong>Stages techniques et grades<\/strong><br \/>\nThomas ROUSSEL entraineur National<br \/>\nDidier GARCIA commission Nationale<\/li>\n<\/ul>\n<p>[\/vc_column_text][\/vc_column][\/vc_row][vc_row][vc_column][vc_column_text]<\/p>\n<h2>Body\u00a0 Karat\u00e9<\/h2>\n<p>Julien PAUL<br \/>\nMarjorie PERELLO[\/vc_column_text][\/vc_column][\/vc_row][vc_row][vc_column][vc_column_text]<\/p>\n<h2>KOBUDO<\/h2>\n<ul>\n<li><strong>Responsable arbitrage<\/strong><br \/>\nJacques CREMIEUX &#8211; Arbitre National<\/li>\n<li><strong>Stages techniques et pr\u00e9paration comp\u00e9tition<\/strong><br \/>\nDidier DUTHE<\/li>\n<\/ul>\n<p>[\/vc_column_text][\/vc_column][\/vc_row][vc_row][vc_column][\/vc_column][\/vc_row][vc_row][vc_column][vc_column_text]<\/p>\n<h2><strong>KARATE JUTSU Karate D\u00e9fense Training<\/strong><\/h2>\n<p>Gianni BRIGANTI<br \/>\nG\u00e9rald CHIARO[\/vc_column_text][\/vc_column][\/vc_row][vc_row][vc_column][vc_column_text]<\/p>\n<h2><strong>KARATE MIX<\/strong><\/h2>\n<p>&nbsp;<\/p>\n<p>voir r\u00e9f\u00e9rent LIGUE PACA[\/vc_column_text][\/vc_column][\/vc_row][vc_row][vc_column][vc_column_text]<\/p>\n<h2>FULL et LIGHT CONTACT<\/h2>\n<p>Mohammed MESSADAOUI\u00a0 &#8211; commission Nationale FC[\/vc_column_text][vc_column_text]<\/p>\n<h2>KEMPO BUDO<\/h2>\n<p>G\u00e9rard OLIVIER<br \/>\nJean Yves BIDAUT[\/vc_column_text][\/vc_column][\/vc_row]<\/p>\n<\/div>","protected":false},"excerpt":{"rendered":"<p>[vc_row][vc_column][vc_column_text] KRAV MAGA R\u00e9f\u00e9rente avec la commission sportive pour programmation Fran\u00e7ois TRUFFAUT Responsable arbitrage Philippe MAPU Arbitre National Responsable CODG\u00a0 grades Eric COUDRAY [\/vc_column_text][\/vc_column][\/vc_row][vc_row][vc_column][vc_column_text] Arts Martiaux Vietnamiens Responsable arbitrage\u00a0 voir r\u00e9f\u00e9rent LIGUE PACA Stages techniques et grades SIDNEY M&rsquo;RIVOILLY [\/vc_column_text][\/vc_column][\/vc_row][vc_row][vc_column][vc_column_text] Arts Martiaux Chinois Responsable arbitrage\u00a0 Selon le niveau de comp\u00e9tition Stages techniques et grades BARUZZI [&hellip;]<\/p>\n","protected":false},"author":151,"featured_media":0,"parent":0,"menu_order":0,"comment_status":"closed","ping_status":"closed","template":"","meta":{"footnotes":""},"class_list":["post-1375","page","type-page","status-publish","hentry"],"_links":{"self":[{"href":"https:\/\/sites.ffkarate.fr\/cdkvar83\/wp-json\/wp\/v2\/pages\/1375","targetHints":{"allow":["GET"]}}],"collection":[{"href":"https:\/\/sites.ffkarate.fr\/cdkvar83\/wp-json\/wp\/v2\/pages"}],"about":[{"href":"https:\/\/sites.ffkarate.fr\/cdkvar83\/wp-json\/wp\/v2\/types\/page"}],"author":[{"embeddable":true,"href":"https:\/\/sites.ffkarate.fr\/cdkvar83\/wp-json\/wp\/v2\/users\/151"}],"replies":[{"embeddable":true,"href":"https:\/\/sites.ffkarate.fr\/cdkvar83\/wp-json\/wp\/v2\/comments?post=1375"}],"version-history":[{"count":10,"href":"https:\/\/sites.ffkarate.fr\/cdkvar83\/wp-json\/wp\/v2\/pages\/1375\/revisions"}],"predecessor-version":[{"id":1903,"href":"https:\/\/sites.ffkarate.fr\/cdkvar83\/wp-json\/wp\/v2\/pages\/1375\/revisions\/1903"}],"wp:attachment":[{"href":"https:\/\/sites.ffkarate.fr\/cdkvar83\/wp-json\/wp\/v2\/media?parent=1375"}],"curies":[{"name":"wp","href":"https:\/\/api.w.org\/{rel}","templated":true}]}}