{"id":2892,"date":"2015-01-08T11:33:29","date_gmt":"2015-01-08T11:33:29","guid":{"rendered":"https:\/\/sites.ffkarate.fr\/testclone\/?page_id=59"},"modified":"2021-05-28T15:40:30","modified_gmt":"2021-05-28T13:40:30","slug":"stages-2","status":"publish","type":"page","link":"https:\/\/sites.ffkarate.fr\/charente\/stages-2\/","title":{"rendered":"Stages"},"content":{"rendered":"<div class=\"wpb-content-wrapper\"><p>[vc_row][vc_column][vc_column_text]Veuillez cliquez sur le type de stage qui vous int\u00e9resse. Si nous avons les informations, nous n&rsquo;h\u00e9siterons pas \u00e0 ins\u00e9rer l&rsquo;affiche ou le lien qui nous sera communiqu\u00e9.<\/p>\n<p><a href=\"https:\/\/sites.ffkarate.fr\/charente\/stages-departementaux\/\" target=\"_blank\" rel=\"noopener\">Stages D\u00e9partementaux<\/a><\/p>\n<p><a href=\"https:\/\/sites.ffkarate.fr\/charente\/stages-ligue-et-zid\/\" target=\"_blank\" rel=\"noopener\">Stages Ligue, ZID et clubs autres d\u00e9partements ZID<\/a><\/p>\n<p><a href=\"https:\/\/sites.ffkarate.fr\/charente\/stages-clubs\/\" target=\"_blank\" rel=\"noopener\">Stages clubs du d\u00e9partement<\/a>[\/vc_column_text][\/vc_column][\/vc_row]<\/p>\n<\/div>","protected":false},"excerpt":{"rendered":"<p>[vc_row][vc_column][vc_column_text]Veuillez cliquez sur le type de stage qui vous int\u00e9resse. Si nous avons les informations, nous n&rsquo;h\u00e9siterons pas \u00e0 ins\u00e9rer l&rsquo;affiche ou le lien qui nous sera communiqu\u00e9. Stages D\u00e9partementaux Stages Ligue, ZID et clubs autres d\u00e9partements ZID Stages clubs du d\u00e9partement[\/vc_column_text][\/vc_column][\/vc_row]<\/p>\n","protected":false},"author":20,"featured_media":0,"parent":0,"menu_order":0,"comment_status":"closed","ping_status":"closed","template":"","meta":{"footnotes":""},"class_list":["post-2892","page","type-page","status-publish","hentry"],"_links":{"self":[{"href":"https:\/\/sites.ffkarate.fr\/charente\/wp-json\/wp\/v2\/pages\/2892","targetHints":{"allow":["GET"]}}],"collection":[{"href":"https:\/\/sites.ffkarate.fr\/charente\/wp-json\/wp\/v2\/pages"}],"about":[{"href":"https:\/\/sites.ffkarate.fr\/charente\/wp-json\/wp\/v2\/types\/page"}],"author":[{"embeddable":true,"href":"https:\/\/sites.ffkarate.fr\/charente\/wp-json\/wp\/v2\/users\/20"}],"replies":[{"embeddable":true,"href":"https:\/\/sites.ffkarate.fr\/charente\/wp-json\/wp\/v2\/comments?post=2892"}],"version-history":[{"count":1,"href":"https:\/\/sites.ffkarate.fr\/charente\/wp-json\/wp\/v2\/pages\/2892\/revisions"}],"predecessor-version":[{"id":2936,"href":"https:\/\/sites.ffkarate.fr\/charente\/wp-json\/wp\/v2\/pages\/2892\/revisions\/2936"}],"wp:attachment":[{"href":"https:\/\/sites.ffkarate.fr\/charente\/wp-json\/wp\/v2\/media?parent=2892"}],"curies":[{"name":"wp","href":"https:\/\/api.w.org\/{rel}","templated":true}]}}