{"id":54,"date":"2015-01-08T11:32:34","date_gmt":"2015-01-08T11:32:34","guid":{"rendered":"https:\/\/sites.ffkarate.fr\/testclone\/?page_id=54"},"modified":"2024-11-10T16:44:57","modified_gmt":"2024-11-10T15:44:57","slug":"disciplines-associees","status":"publish","type":"page","link":"https:\/\/sites.ffkarate.fr\/charente\/disciplines-associees\/","title":{"rendered":"Disciplines associ\u00e9es"},"content":{"rendered":"<div class=\"wpb-content-wrapper\"><p>[vc_row][vc_column][vc_column_text]<\/p>\n<ul class=\"trombi-list-top\">\n<li><a href=\"https:\/\/sites.ffkarate.fr\/charente\/wp-content\/uploads\/sites\/32\/2017\/02\/Georges.jpg\"><img decoding=\"async\" class=\"alignnone wp-image-770\" src=\"https:\/\/sites.ffkarate.fr\/charente\/wp-content\/uploads\/sites\/32\/2017\/02\/Georges.jpg\" alt=\"\" width=\"100\" height=\"100\" \/><\/a>\n<div class=\"title\">Georges M\u00c9CHAIN<\/div>\n<div class=\"desc\">Vovinam Viet Vo Dao<\/div>\n<div class=\"function\">Disciplines Associ\u00e9es<\/div>\n<\/li>\n<li><a href=\"https:\/\/sites.ffkarate.fr\/charente\/wp-content\/uploads\/sites\/99\/2017\/02\/Dominique-Fesquet.jpg\"><img decoding=\"async\" class=\"alignnone wp-image-3491\" src=\"https:\/\/sites.ffkarate.fr\/charente\/wp-content\/uploads\/sites\/32\/2024\/11\/Screenshot_20241105_170839_Google-287x300.jpg\" alt=\"\" width=\"100\" height=\"104\" srcset=\"https:\/\/sites.ffkarate.fr\/charente\/wp-content\/uploads\/sites\/32\/2024\/11\/Screenshot_20241105_170839_Google-287x300.jpg 287w, https:\/\/sites.ffkarate.fr\/charente\/wp-content\/uploads\/sites\/32\/2024\/11\/Screenshot_20241105_170839_Google-981x1024.jpg 981w, https:\/\/sites.ffkarate.fr\/charente\/wp-content\/uploads\/sites\/32\/2024\/11\/Screenshot_20241105_170839_Google-768x802.jpg 768w, https:\/\/sites.ffkarate.fr\/charente\/wp-content\/uploads\/sites\/32\/2024\/11\/Screenshot_20241105_170839_Google-1472x1536.jpg 1472w, https:\/\/sites.ffkarate.fr\/charente\/wp-content\/uploads\/sites\/32\/2024\/11\/Screenshot_20241105_170839_Google-1962x2048.jpg 1962w\" sizes=\"(max-width: 100px) 100vw, 100px\" \/><\/a>\n<div class=\"title\">Dominique FESQUET<\/div>\n<div class=\"desc\">Thanh Long Viet Vo Dao<\/div>\n<div class=\"function\">AMV<\/div>\n<\/li>\n<\/ul>\n<h2 style=\"text-align: center;\"><span style=\"text-decoration: underline;\"><span style=\"color: #0000ff; text-decoration: underline;\">Arts Martiaux Vietnamiens<\/span><\/span><\/h2>\n<h2>Dans la grande famille des Arts Martiaux Vietnamiens, on distingue en Charente :<\/h2>\n<p>Le Thanh Long Viet\u00a0 Vo\u00a0Dao et le Vovinam Viet Vo Dao<\/p>\n<p><strong>AMV Traditionnels<\/strong><\/p>\n<p>Viet Vo Dao et\u00a0 Vo Co \u00a0Truyen sont\u00a0des termes d\u00e9signant l\u2019ensemble des Arts Martiaux Vietnamiens dits Traditionnels (AMVT), qu&rsquo;on dissocie habituellement du Vovinam Viet Vo Dao, comme cela se fait aussi au Viet Nam. Viet Vo Dao et Vo Co \u00a0Truyen sont compos\u00e9s d\u2019une multitude de styles diff\u00e9rents appel\u00e9s \u00ab\u00a0Mon phai \u00bb. Chaque style ou chaque \u00e9cole\u00a0pr\u00e9serve ses techniques \u00e0 travers des quyen (enchainements codifi\u00e9s) qui lui sont propres.<\/p>\n<p>En Charente, c&rsquo;est le Vie Vo Dao style Thanh Long, \u00e9cole Truong Son qui est repr\u00e9sent\u00e9, \u00e0 Balzac, R\u00e9parsac et Ch\u00e2teaubernard.<\/p>\n<p>En France, l\u2019arr\u00eat\u00e9 minist\u00e9riel du 15 d\u00e9cembre 2008 accorde \u00e0 la F\u00e9d\u00e9ration Fran\u00e7aise de Karat\u00e9 et Disciplines Associ\u00e9es la d\u00e9l\u00e9gation pour l\u2019organisation et le d\u00e9veloppement des Arts Martiaux Vietnamiens. En cons\u00e9quence l\u2019article L.212-5 du Code du Sport est applicable.<\/p>\n<p><strong>Vovinam Viet Vo Dao<\/strong><\/p>\n<p>\u2026\u2026\u2026\u2026\u2026\u2026\u2026\u2026\u2026\u2026\u2026..<\/p>\n<h2 style=\"text-align: center;\"><span style=\"text-decoration: underline;\"><span style=\"color: #0000ff; text-decoration: underline;\">Wushu \/ Arts Martiaux Chinois<\/span><\/span><\/h2>\n<p>Le wushu d\u00e9signe collectivement tous les arts martiaux chinois sans distinction particuli\u00e8re de style ou de forme. \u00bb<\/p>\n<p>Cette d\u00e9finition figurant dans les statuts de la f\u00e9d\u00e9ration europ\u00e9enne de wushu (EWUF) signifie que les arts martiaux chinois rassemblent une grande vari\u00e9t\u00e9 de pratiques au sein d\u2019une identit\u00e9 historique et culturelle.<\/p>\n<p>Les formes d\u2019expression comp\u00e9titive (\u00ab\u00a0comp\u00e9titive wushu\u00a0\u00bb) et traditionnelle (\u00ab\u00a0traditionnal wushu\u00a0\u00bb) font partie du wushu :<\/p>\n<p>les formes de combat comme le sanda (boxe pied-poing et lutte) ou le shua\u00ef-jiao (lutte chinoise),<br \/>\nles styles \u00ab externes \u00bb (shaolin, hung-gar, tang-lang, wing-tsun, etc.),<br \/>\nles styles \u00ab internes \u00bb (taiji-quan, bagua-zhang, xing-yi-quan, etc.),<br \/>\nle qi-gong (m\u00e9thodes de sant\u00e9 ou de bien-\u00eatre).<br \/>\nLe patrimoine technique du wushu est donc immense, et cette richesse permet de proposer des activit\u00e9s adapt\u00e9es aux motivations de chacun.<\/p>\n<p>&nbsp;<\/p>\n<p><strong><em><u>LES DISCIPLINES ASSOCI\u00c9ES<\/u><\/em><\/strong><\/p>\n<p>NIHON TAI JITSU\u00a0\/ YOSEIKAN BUDO \/ PENCAK SILAT \/ NIHON KENPO \/ VIET VO DAO \/ VOVINAM \/ WUSHU \/ ARTS MARTIAUX DU SUD-EST ASIATIQUE \/ KRAV-MAGA \/ FULL CONTACT\/SHORINJI KEMPO<\/p>\n<p><span style=\"text-decoration: underline;\"><strong>LES HAUTS GRAD\u00c9S\u00a0DU D\u00c9PARTEMENT<\/strong><\/span><\/p>\n<p><span style=\"text-decoration: underline;\">AMV<\/span><\/p>\n<p>Georges M\u00c9CHAIN, 6\u00e8me \u0111\u1eb3ng<br \/>\nFr\u00e9d\u00e9ric DAUPHIN &#8211; M\u00c9CHAIN, 6\u00e8me \u0111\u1eb3ng<br \/>\nDominique FESQUET, 6\u00e8me \u0111\u1eb3ng[\/vc_column_text][\/vc_column][\/vc_row]<\/p>\n<\/div>","protected":false},"excerpt":{"rendered":"<p>[vc_row][vc_column][vc_column_text] Georges M\u00c9CHAIN Vovinam Viet Vo Dao Disciplines Associ\u00e9es Dominique FESQUET Thanh Long Viet Vo Dao AMV Arts Martiaux Vietnamiens Dans la grande famille des Arts Martiaux Vietnamiens, on distingue en Charente : Le Thanh Long Viet\u00a0 Vo\u00a0Dao et le Vovinam Viet Vo Dao AMV Traditionnels Viet Vo Dao et\u00a0 Vo Co \u00a0Truyen sont\u00a0des termes [&hellip;]<\/p>\n","protected":false},"author":20,"featured_media":0,"parent":0,"menu_order":0,"comment_status":"closed","ping_status":"closed","template":"","meta":{"footnotes":""},"class_list":["post-54","page","type-page","status-publish","hentry"],"_links":{"self":[{"href":"https:\/\/sites.ffkarate.fr\/charente\/wp-json\/wp\/v2\/pages\/54","targetHints":{"allow":["GET"]}}],"collection":[{"href":"https:\/\/sites.ffkarate.fr\/charente\/wp-json\/wp\/v2\/pages"}],"about":[{"href":"https:\/\/sites.ffkarate.fr\/charente\/wp-json\/wp\/v2\/types\/page"}],"author":[{"embeddable":true,"href":"https:\/\/sites.ffkarate.fr\/charente\/wp-json\/wp\/v2\/users\/20"}],"replies":[{"embeddable":true,"href":"https:\/\/sites.ffkarate.fr\/charente\/wp-json\/wp\/v2\/comments?post=54"}],"version-history":[{"count":6,"href":"https:\/\/sites.ffkarate.fr\/charente\/wp-json\/wp\/v2\/pages\/54\/revisions"}],"predecessor-version":[{"id":3516,"href":"https:\/\/sites.ffkarate.fr\/charente\/wp-json\/wp\/v2\/pages\/54\/revisions\/3516"}],"wp:attachment":[{"href":"https:\/\/sites.ffkarate.fr\/charente\/wp-json\/wp\/v2\/media?parent=54"}],"curies":[{"name":"wp","href":"https:\/\/api.w.org\/{rel}","templated":true}]}}