{"id":868,"date":"2017-01-23T13:38:44","date_gmt":"2017-01-23T12:38:44","guid":{"rendered":"https:\/\/sites.ffkarate.fr\/charentemaritime\/?page_id=868"},"modified":"2017-01-23T13:38:44","modified_gmt":"2017-01-23T12:38:44","slug":"adresses-des-clubs","status":"publish","type":"page","link":"https:\/\/sites.ffkarate.fr\/charentemaritime\/adresses-des-clubs\/","title":{"rendered":"ADRESSES DES CLUBS"},"content":{"rendered":"<div class=\"wpb-content-wrapper\"><p>[vc_row][vc_column][vc_column_text]<\/p>\n<h2><span style=\"color: #ff0000\"><strong>Pour des raisons \u00e9videntes de s\u00e9curit\u00e9 et conform\u00e9ment au RGPD, les adresses des clubs sont consultables sur le site f\u00e9d\u00e9ral, avec ce lien.<\/strong><\/span><\/h2>\n<p><a href=\"https:\/\/www.ffkarate.fr\/espace-licencies\/recherche-clubs\/\" target=\"_blank\" rel=\"noopener\">Lien site adresse des clubs<\/a><\/p>\n<p>&nbsp;<\/p>\n<p>&nbsp;<\/p>\n<p><!--more--><\/p>\n<p>&nbsp;[\/vc_column_text][\/vc_column][\/vc_row]<\/p>\n<\/div>","protected":false},"excerpt":{"rendered":"<p>[vc_row][vc_column][vc_column_text] Pour des raisons \u00e9videntes de s\u00e9curit\u00e9 et conform\u00e9ment au RGPD, les adresses des clubs sont consultables sur le site f\u00e9d\u00e9ral, avec ce lien. Lien site adresse des clubs &nbsp; &nbsp;<\/p>\n","protected":false},"author":59,"featured_media":0,"parent":0,"menu_order":0,"comment_status":"closed","ping_status":"closed","template":"","meta":{"footnotes":""},"class_list":["post-868","page","type-page","status-publish","hentry"],"_links":{"self":[{"href":"https:\/\/sites.ffkarate.fr\/charentemaritime\/wp-json\/wp\/v2\/pages\/868","targetHints":{"allow":["GET"]}}],"collection":[{"href":"https:\/\/sites.ffkarate.fr\/charentemaritime\/wp-json\/wp\/v2\/pages"}],"about":[{"href":"https:\/\/sites.ffkarate.fr\/charentemaritime\/wp-json\/wp\/v2\/types\/page"}],"author":[{"embeddable":true,"href":"https:\/\/sites.ffkarate.fr\/charentemaritime\/wp-json\/wp\/v2\/users\/59"}],"replies":[{"embeddable":true,"href":"https:\/\/sites.ffkarate.fr\/charentemaritime\/wp-json\/wp\/v2\/comments?post=868"}],"version-history":[{"count":0,"href":"https:\/\/sites.ffkarate.fr\/charentemaritime\/wp-json\/wp\/v2\/pages\/868\/revisions"}],"wp:attachment":[{"href":"https:\/\/sites.ffkarate.fr\/charentemaritime\/wp-json\/wp\/v2\/media?parent=868"}],"curies":[{"name":"wp","href":"https:\/\/api.w.org\/{rel}","templated":true}]}}