{"id":1590,"date":"2025-08-17T14:44:37","date_gmt":"2025-08-17T12:44:37","guid":{"rendered":"https:\/\/sites.ffkarate.fr\/cher\/?page_id=1590"},"modified":"2025-08-17T15:00:54","modified_gmt":"2025-08-17T13:00:54","slug":"commission-arbitrage","status":"publish","type":"page","link":"https:\/\/sites.ffkarate.fr\/cher\/commissions-techniques\/commission-arbitrage\/","title":{"rendered":"Commission arbitrage"},"content":{"rendered":"<div class=\"wpb-content-wrapper\"><p>[vc_row][vc_column][ffk_peoplecard image=\u00a0\u00bb1548&Prime; title=\u00a0\u00bbFran\u00e7ois BARTHES\u00a0\u00bb subtitle=\u00a0\u00bbResponsable D\u00e9partemental de l&rsquo;Arbitrage\u00a0\u00bb description=\u00a0\u00bbEmail : arbitrage.cdk18@gmail.com\u00a0\u00bb][\/vc_column][\/vc_row][vc_row][vc_column][vc_column_text]<strong>1. NOMINATION<\/strong><\/p>\n<p>Sur proposition du DTD, le DTN nomme le responsable d\u00e9partemental de l\u2019arbitrage.<\/p>\n<p>Le DTN nomme le responsable d\u00e9partemental de l\u2019arbitrage, apr\u00e8s avis du responsable national de l\u2019arbitrage.<\/p>\n<p>Le responsable d\u00e9partemental de l\u2019arbitrage est licenci\u00e9 \u00e0 la f\u00e9d\u00e9ration. Il est au minimum arbitre de ligue.<\/p>\n<p>Le responsable d\u00e9partemental de l\u2019arbitrage est plac\u00e9 sous l\u2019autorit\u00e9 du DTN.<\/p>\n<p>Le DTN peut mettre fin \u00e0 la mission du responsable d\u00e9partemental de l\u2019arbitrage soit de sa propre initiative, soit \u00e0 la demande motiv\u00e9e du DTD.<\/p>\n<p>&nbsp;<\/p>\n<p><strong>2. ROLE ET MISSIONS<\/strong><\/p>\n<p>Le responsable d\u00e9partemental de l\u2019arbitrage accomplit ses missions en liaison avec le DTD.<\/p>\n<p>En conformit\u00e9 avec la r\u00e9glementation de l\u2019arbitrage :<\/p>\n<ul>\n<li style=\"list-style-type: none\">\n<ul>\n<li>Il organise les sessions d\u00e9partementales de formation et d\u2019examen d\u2019arbitrage ;<\/li>\n<li>Il compose le jury de chaque session et en assure la coordination ;<\/li>\n<li>Il transmet dans les meilleurs d\u00e9lais, les r\u00e9sultats au DTD et en informe le pr\u00e9sident du comit\u00e9 d\u00e9partemental ;<\/li>\n<li>Il veille \u00e0 l\u2019actualisation des connaissances des arbitres d\u00e9j\u00e0 dipl\u00f4m\u00e9s ;<\/li>\n<li>Il choisit les juges et arbitres pour les comp\u00e9titions d\u00e9partementales ;<\/li>\n<li>Il organise l\u2019arbitrage lors des manifestations d\u00e9partementales, en veillant \u00e0 la s\u00e9curit\u00e9 des comp\u00e9titeurs, dans le respect des r\u00e8glements en vigueur.<\/li>\n<\/ul>\n<\/li>\n<\/ul>\n<p>Il \u00e9met un avis sur la liste des arbitres d\u00e9partementaux susceptibles d\u2019\u00eatre promus au niveau r\u00e9gional.<\/p>\n<p>Sur convocation du responsable r\u00e9gional de l\u2019arbitrage, il participe \u00e0 toute r\u00e9union, \u00e0 l\u2019occasion de laquelle sont pr\u00e9cis\u00e9es les directives concernant l\u2019arbitrage.<\/p>\n<p>Pour remplir ses missions, le responsable d\u00e9partemental de l\u2019arbitrage dispose des moyens administratifs qui sont mis \u00e0 sa disposition par le comit\u00e9 d\u00e9partemental.<\/p>\n<p>Il pr\u00e9sente \u00e0 la fin de chaque saison sportive au DTD, au responsable de la commission nationale d\u2019arbitrage, le rapport g\u00e9n\u00e9ral de ses activit\u00e9s et le cas \u00e9ch\u00e9ant les difficult\u00e9s rencontr\u00e9es dans l\u2019accomplissement de ses missions.[\/vc_column_text][\/vc_column][\/vc_row]<\/p>\n<\/div>","protected":false},"excerpt":{"rendered":"<p>[vc_row][vc_column][ffk_peoplecard image=\u00a0\u00bb1548&Prime; title=\u00a0\u00bbFran\u00e7ois BARTHES\u00a0\u00bb subtitle=\u00a0\u00bbResponsable D\u00e9partemental de l&rsquo;Arbitrage\u00a0\u00bb description=\u00a0\u00bbEmail : arbitrage.cdk18@gmail.com\u00a0\u00bb][\/vc_column][\/vc_row][vc_row][vc_column][vc_column_text]1. NOMINATION Sur proposition du DTD, le DTN nomme le responsable d\u00e9partemental de l\u2019arbitrage. Le DTN nomme le responsable d\u00e9partemental de l\u2019arbitrage, apr\u00e8s avis du responsable national de l\u2019arbitrage. Le responsable d\u00e9partemental de l\u2019arbitrage est licenci\u00e9 \u00e0 la f\u00e9d\u00e9ration. Il est au minimum arbitre de [&hellip;]<\/p>\n","protected":false},"author":197,"featured_media":0,"parent":1422,"menu_order":0,"comment_status":"closed","ping_status":"closed","template":"","meta":{"footnotes":""},"class_list":["post-1590","page","type-page","status-publish","hentry"],"_links":{"self":[{"href":"https:\/\/sites.ffkarate.fr\/cher\/wp-json\/wp\/v2\/pages\/1590","targetHints":{"allow":["GET"]}}],"collection":[{"href":"https:\/\/sites.ffkarate.fr\/cher\/wp-json\/wp\/v2\/pages"}],"about":[{"href":"https:\/\/sites.ffkarate.fr\/cher\/wp-json\/wp\/v2\/types\/page"}],"author":[{"embeddable":true,"href":"https:\/\/sites.ffkarate.fr\/cher\/wp-json\/wp\/v2\/users\/197"}],"replies":[{"embeddable":true,"href":"https:\/\/sites.ffkarate.fr\/cher\/wp-json\/wp\/v2\/comments?post=1590"}],"version-history":[{"count":3,"href":"https:\/\/sites.ffkarate.fr\/cher\/wp-json\/wp\/v2\/pages\/1590\/revisions"}],"predecessor-version":[{"id":1602,"href":"https:\/\/sites.ffkarate.fr\/cher\/wp-json\/wp\/v2\/pages\/1590\/revisions\/1602"}],"up":[{"embeddable":true,"href":"https:\/\/sites.ffkarate.fr\/cher\/wp-json\/wp\/v2\/pages\/1422"}],"wp:attachment":[{"href":"https:\/\/sites.ffkarate.fr\/cher\/wp-json\/wp\/v2\/media?parent=1590"}],"curies":[{"name":"wp","href":"https:\/\/api.w.org\/{rel}","templated":true}]}}