{"id":1136,"date":"2016-12-27T23:04:35","date_gmt":"2016-12-27T22:04:35","guid":{"rendered":"https:\/\/sites.ffkarate.fr\/comitemoselle\/?page_id=1136"},"modified":"2016-12-27T23:04:35","modified_gmt":"2016-12-27T22:04:35","slug":"arbitrage-2","status":"publish","type":"page","link":"https:\/\/sites.ffkarate.fr\/comitemoselle\/arbitrage-2\/","title":{"rendered":"Arbitrage"},"content":{"rendered":"<div class=\"wpb-content-wrapper\"><p>[vc_row][vc_column][vc_column_text]<\/p>\n<h2>Commission d&rsquo;arbitrage<\/h2>\n<p>La commission d&rsquo;arbitrage est pilot\u00e9e par M. Zouine Khalid. Elle est en charge de la formation des stagiaires et arbitres d\u00e9partementaux, ainsi que de la mise en place et de la coordination du r\u00e8glement d&rsquo;arbitrage f\u00e9d\u00e9ral lors des comp\u00e9titions.<\/p>\n<p><img decoding=\"async\" class=\"aligncenter size-full wp-image-1142\" src=\"https:\/\/sites.ffkarate.fr\/comitemoselle\/wp-content\/uploads\/sites\/79\/2016\/12\/IMG_0869.jpg\" alt=\"img_0869\" width=\"548\" height=\"365\" \/><\/p>\n<h2>Ecole de jeunes arbitres mosellans<\/h2>\n<p>La comit\u00e9 de Moselle a cr\u00e9\u00e9 en septembre 2016 une \u00e9cole de jeunes arbitres encadr\u00e9e par M. Wolter Arthur. Son r\u00f4le est de sensibiliser les plus jeunes (d\u00e8s 10 ans) \u00e0 l&rsquo;arbitrage et les accompagner dans les premi\u00e8res \u00e9tapes de formation.<\/p>\n<h2>L&rsquo;arbitrage mosellan en 2019-2020<\/h2>\n<p>Le comit\u00e9 de Moselle compte \u00e0 ce jour <strong>7 <\/strong><strong>\u00a0arbitres nationaux<\/strong>, <strong>8<\/strong><strong>\u00a0arbitres r\u00e9gionaux, 4 arbitres d\u00e9partementaux et\u00a0<\/strong><strong>32<\/strong><strong>\u00a0jeunes arbitres.<\/strong>[\/vc_column_text][\/vc_column][\/vc_row]<\/p>\n<\/div>","protected":false},"excerpt":{"rendered":"<p>[vc_row][vc_column][vc_column_text] Commission d&rsquo;arbitrage La commission d&rsquo;arbitrage est pilot\u00e9e par M. Zouine Khalid. Elle est en charge de la formation des stagiaires et arbitres d\u00e9partementaux, ainsi que de la mise en place et de la coordination du r\u00e8glement d&rsquo;arbitrage f\u00e9d\u00e9ral lors des comp\u00e9titions. Ecole de jeunes arbitres mosellans La comit\u00e9 de Moselle a cr\u00e9\u00e9 en septembre [&hellip;]<\/p>\n","protected":false},"author":26,"featured_media":0,"parent":0,"menu_order":0,"comment_status":"closed","ping_status":"closed","template":"","meta":{"footnotes":""},"class_list":["post-1136","page","type-page","status-publish","hentry"],"_links":{"self":[{"href":"https:\/\/sites.ffkarate.fr\/comitemoselle\/wp-json\/wp\/v2\/pages\/1136","targetHints":{"allow":["GET"]}}],"collection":[{"href":"https:\/\/sites.ffkarate.fr\/comitemoselle\/wp-json\/wp\/v2\/pages"}],"about":[{"href":"https:\/\/sites.ffkarate.fr\/comitemoselle\/wp-json\/wp\/v2\/types\/page"}],"author":[{"embeddable":true,"href":"https:\/\/sites.ffkarate.fr\/comitemoselle\/wp-json\/wp\/v2\/users\/26"}],"replies":[{"embeddable":true,"href":"https:\/\/sites.ffkarate.fr\/comitemoselle\/wp-json\/wp\/v2\/comments?post=1136"}],"version-history":[{"count":0,"href":"https:\/\/sites.ffkarate.fr\/comitemoselle\/wp-json\/wp\/v2\/pages\/1136\/revisions"}],"wp:attachment":[{"href":"https:\/\/sites.ffkarate.fr\/comitemoselle\/wp-json\/wp\/v2\/media?parent=1136"}],"curies":[{"name":"wp","href":"https:\/\/api.w.org\/{rel}","templated":true}]}}