{"id":40,"date":"2021-05-10T09:45:12","date_gmt":"2021-05-10T07:45:12","guid":{"rendered":"https:\/\/sites.ffkarate.fr\/comitemoselle\/?page_id=40"},"modified":"2026-03-09T14:51:43","modified_gmt":"2026-03-09T13:51:43","slug":"equipe-technique","status":"publish","type":"page","link":"https:\/\/sites.ffkarate.fr\/comitemoselle\/equipe-technique\/","title":{"rendered":"Equipe technique d\u00e9partementale"},"content":{"rendered":"<div class=\"wpb-content-wrapper\"><p>[vc_row][vc_column][vc_row_inner][vc_column_inner][ffk_peoplecard title=\u00a0\u00bbJoy KLEIN\u00a0\u00bb subtitle=\u00a0\u00bbDirectrice Technique D\u00e9partementale\u00a0\u00bb description=\u00a0\u00bbGarante des directives nationales, de la politique sportive et du d\u00e9veloppement d\u00e9partemental. Responsable en charge de l&rsquo;ETD.\u00a0\u00bb image=\u00a0\u00bb2194&Prime;][vc_empty_space][\/vc_column_inner][\/vc_row_inner][vc_row_inner][vc_column_inner width=\u00a0\u00bb1\/3&Prime;][ffk_peoplecard subtitle=\u00a0\u00bbResponsable des grades\u00a0\u00bb description=\u00a0\u00bbResponsable de l&rsquo;organisation des examens de grades, en liaison avec la CSDGE\u00a0\u00bb image=\u00a0\u00bb1951&Prime;][\/vc_column_inner][vc_column_inner width=\u00a0\u00bb1\/3&Prime;][ffk_peoplecard title=\u00a0\u00bbFabrice GRESSANI\u00a0\u00bb subtitle=\u00a0\u00bbResponsable de l&rsquo;arbitrage\u00a0\u00bb description=\u00a0\u00bbResponsable de la commission d&rsquo;arbitrage et de la formation des arbitres d\u00e9partementaux, en conformit\u00e9 avec la r\u00e9glementation f\u00e9d\u00e9rale.\u00a0\u00bb image=\u00a0\u00bb2419&Prime;][\/vc_column_inner][vc_column_inner width=\u00a0\u00bb1\/3&Prime;][ffk_peoplecard title=\u00a0\u00bbAur\u00e9lien TARGA\u00a0\u00bb subtitle=\u00a0\u00bbResponsable des formations\u00a0\u00bb description=\u00a0\u00bbResponsable des formations AFA, DAF et DIF, en conformit\u00e9 avec la r\u00e9glementation f\u00e9d\u00e9rale.\u00a0\u00bb image=\u00a0\u00bb2420&Prime;][\/vc_column_inner][\/vc_row_inner][\/vc_column][\/vc_row]<\/p>\n<\/div>","protected":false},"excerpt":{"rendered":"<p>[vc_row][vc_column][vc_row_inner][vc_column_inner][ffk_peoplecard title=\u00a0\u00bbJoy KLEIN\u00a0\u00bb subtitle=\u00a0\u00bbDirectrice Technique D\u00e9partementale\u00a0\u00bb description=\u00a0\u00bbGarante des directives nationales, de la politique sportive et du d\u00e9veloppement d\u00e9partemental. Responsable en charge de l&rsquo;ETD.\u00a0\u00bb image=\u00a0\u00bb2194&Prime;][vc_empty_space][\/vc_column_inner][\/vc_row_inner][vc_row_inner][vc_column_inner width=\u00a0\u00bb1\/3&Prime;][ffk_peoplecard subtitle=\u00a0\u00bbResponsable des grades\u00a0\u00bb description=\u00a0\u00bbResponsable de l&rsquo;organisation des examens de grades, en liaison avec la CSDGE\u00a0\u00bb image=\u00a0\u00bb1951&Prime;][\/vc_column_inner][vc_column_inner width=\u00a0\u00bb1\/3&Prime;][ffk_peoplecard title=\u00a0\u00bbFabrice GRESSANI\u00a0\u00bb subtitle=\u00a0\u00bbResponsable de l&rsquo;arbitrage\u00a0\u00bb description=\u00a0\u00bbResponsable de la commission d&rsquo;arbitrage et de la [&hellip;]<\/p>\n","protected":false},"author":1,"featured_media":0,"parent":0,"menu_order":0,"comment_status":"closed","ping_status":"closed","template":"","meta":{"footnotes":""},"class_list":["post-40","page","type-page","status-publish","hentry"],"_links":{"self":[{"href":"https:\/\/sites.ffkarate.fr\/comitemoselle\/wp-json\/wp\/v2\/pages\/40","targetHints":{"allow":["GET"]}}],"collection":[{"href":"https:\/\/sites.ffkarate.fr\/comitemoselle\/wp-json\/wp\/v2\/pages"}],"about":[{"href":"https:\/\/sites.ffkarate.fr\/comitemoselle\/wp-json\/wp\/v2\/types\/page"}],"author":[{"embeddable":true,"href":"https:\/\/sites.ffkarate.fr\/comitemoselle\/wp-json\/wp\/v2\/users\/1"}],"replies":[{"embeddable":true,"href":"https:\/\/sites.ffkarate.fr\/comitemoselle\/wp-json\/wp\/v2\/comments?post=40"}],"version-history":[{"count":13,"href":"https:\/\/sites.ffkarate.fr\/comitemoselle\/wp-json\/wp\/v2\/pages\/40\/revisions"}],"predecessor-version":[{"id":2820,"href":"https:\/\/sites.ffkarate.fr\/comitemoselle\/wp-json\/wp\/v2\/pages\/40\/revisions\/2820"}],"wp:attachment":[{"href":"https:\/\/sites.ffkarate.fr\/comitemoselle\/wp-json\/wp\/v2\/media?parent=40"}],"curies":[{"name":"wp","href":"https:\/\/api.w.org\/{rel}","templated":true}]}}