{"id":20,"date":"2021-05-07T15:51:07","date_gmt":"2021-05-07T13:51:07","guid":{"rendered":"https:\/\/sites.ffkarate.fr\/cotedor\/?page_id=20"},"modified":"2025-02-01T21:27:12","modified_gmt":"2025-02-01T20:27:12","slug":"trouverunclub","status":"publish","type":"page","link":"https:\/\/sites.ffkarate.fr\/cotedor\/trouverunclub\/","title":{"rendered":"Trouver un club"},"content":{"rendered":"<div class=\"wpb-content-wrapper\"><p>[vc_row content_placement=\u00a0\u00bbmiddle\u00a0\u00bb][vc_column width=\u00a0\u00bb4\/6&Prime;][\/vc_column][vc_column width=\u00a0\u00bb2\/6&Prime;][\/vc_column][\/vc_row][vc_row content_placement=\u00a0\u00bbmiddle\u00a0\u00bb][vc_column bg_grey=\u00a0\u00bb1&Prime;][vc_row_inner content_placement=\u00a0\u00bbmiddle\u00a0\u00bb][vc_column_inner width=\u00a0\u00bb2\/6&Prime;][vc_empty_space height=\u00a0\u00bb5px\u00a0\u00bb][vc_column_text]<\/p>\n<h3><span style=\"color: #000000\"><strong>Comit\u00e9 C\u00f4te-d&rsquo;Or FFK<\/strong><\/span><\/h3>\n<p>[\/vc_column_text][vc_column_text]Riche de plus de <strong><span style=\"color: #dc2d5a\">2000 adh\u00e9rents<\/span><\/strong> dans notre d\u00e9partement, membre du Comit\u00e9 D\u00e9partemental Olympique et Sportif, le Karat\u00e9 et ses Disciplines Associ\u00e9es sont inscrits pleinement dans le mouvement sportif C\u00f4te-d\u2019Orien.<\/p>\n<p>Plus de <span style=\"color: #1423a0\"><strong>30 clubs<\/strong><\/span> affili\u00e9s \u00e0 la F\u00e9d\u00e9ration Fran\u00e7aise de Karat\u00e9 vous attendent en C\u00f4te-d\u2019Or et auront le plaisir de vous accueillir dans les meilleures conditions. <em>(retrouvez la liste si dessous)<\/em>[\/vc_column_text][vc_empty_space height=\u00a0\u00bb5px\u00a0\u00bb][\/vc_column_inner][vc_column_inner width=\u00a0\u00bb4\/6&Prime;][vc_single_image image=\u00a0\u00bb5263&Prime;][\/vc_column_inner][\/vc_row_inner][\/vc_column][\/vc_row][vc_row][vc_column][vc_empty_space][\/vc_column][\/vc_row][vc_row][vc_column][vc_tta_tabs][vc_tta_section title=\u00a0\u00bbKarat\u00e9\u00a0\u00bb tab_id=\u00a0\u00bb1621894125858-5515ff93-a753&Prime;][vc_row_inner][vc_column_inner width=\u00a0\u00bb1\/4&Prime;][vc_single_image image=\u00a0\u00bb5186&Prime;][\/vc_column_inner][vc_column_inner width=\u00a0\u00bb3\/4&Prime;][vc_empty_space][vc_column_text]D\u00e9couvrez les clubs pratiquant le <strong>Karat\u00e9<\/strong> et ses d\u00e9clinaisons (<strong>K. Full Contact \/ Body Karat\u00e9\/Karat\u00e9 D\u00e9fense Training&#8230;<\/strong>) dans le d\u00e9partement de la C\u00f4te-d&rsquo;Or.[\/vc_column_text][ffk_button link=\u00a0\u00bburl:https%3A%2F%2Fsites.ffkarate.fr%2Fcotedor%2Fnos-disciplines%2F|title:En%20savoir%20plus%20sur%20nos%20Disciplines%20!\u00a0\u00bb][\/vc_column_inner][\/vc_row_inner][\/vc_tta_section][vc_tta_section title=\u00a0\u00bbArts Martiaux Vietnamiens\u00a0\u00bb tab_id=\u00a0\u00bb1621894126413-aa13af5b-08f7&Prime;][vc_row_inner][vc_column_inner width=\u00a0\u00bb1\/4&Prime;][vc_single_image image=\u00a0\u00bb67&Prime;][\/vc_column_inner][vc_column_inner width=\u00a0\u00bb3\/4&Prime;][vc_empty_space][vc_column_text]D\u00e9couvrez les clubs pratiquant les <strong>Arts Martiaux Vietnamiens<\/strong> dans le d\u00e9partement de la C\u00f4te d&rsquo;Or.[\/vc_column_text][ffk_button link=\u00a0\u00bburl:https%3A%2F%2Fsites.ffkarate.fr%2Fcotedor%2Fnos-disciplines%2Farts-martiaux-vietnamiens%2F|title:En%20savoir%20plus%20sur%20les%20Arts%20Martiaux%20Vietnamiens%20!\u00a0\u00bb][\/vc_column_inner][\/vc_row_inner][\/vc_tta_section][vc_tta_section title=\u00a0\u00bbKrav-Maga\u00a0\u00bb tab_id=\u00a0\u00bb1621894202816-91ff5ae2-1ec6&Prime;][vc_row_inner][vc_column_inner width=\u00a0\u00bb1\/4&Prime;][vc_single_image image=\u00a0\u00bb68&Prime;][\/vc_column_inner][vc_column_inner width=\u00a0\u00bb3\/4&Prime;][vc_empty_space][vc_column_text]D\u00e9couvrez les clubs pratiquant le <strong>Krav-Maga<\/strong>\u00a0dans le d\u00e9partement de la C\u00f4te d&rsquo;Or.[\/vc_column_text][ffk_button link=\u00a0\u00bburl:https%3A%2F%2Fsites.ffkarate.fr%2Fcotedor%2Fnos-disciplines%2Fkrav-maga%2F|title:En%20savoir%20plus%20sur%20le%20Krav-Maga%20!\u00a0\u00bb][\/vc_column_inner][\/vc_row_inner][\/vc_tta_section][vc_tta_section title=\u00a0\u00bbYoseikan Budo\u00a0\u00bb tab_id=\u00a0\u00bb1621894225099-11f198b9-c119&Prime;][vc_row_inner][vc_column_inner width=\u00a0\u00bb1\/4&Prime;][vc_single_image image=\u00a0\u00bb69&Prime;][\/vc_column_inner][vc_column_inner width=\u00a0\u00bb3\/4&Prime;][vc_empty_space][vc_column_text]D\u00e9couvrez les clubs pratiquant le <strong>Yoseikan Budo<\/strong>\u00a0dans le d\u00e9partement de la C\u00f4te d&rsquo;Or.[\/vc_column_text][ffk_button link=\u00a0\u00bburl:https%3A%2F%2Fsites.ffkarate.fr%2Fcotedor%2Fnos-disciplines%2Fyoseikan-budo%2F|title:En%20savoir%20plus%20sur%20le%20Yoseikan%20Budo%20!\u00a0\u00bb][\/vc_column_inner][\/vc_row_inner][\/vc_tta_section][vc_tta_section title=\u00a0\u00bbWushu\u00a0\u00bb tab_id=\u00a0\u00bb1621894240061-a2a91031-9a46&Prime;][vc_row_inner][vc_column_inner width=\u00a0\u00bb1\/4&Prime;][vc_single_image image=\u00a0\u00bb70&Prime;][\/vc_column_inner][vc_column_inner width=\u00a0\u00bb3\/4&Prime;][vc_empty_space][vc_column_text]D\u00e9couvrez les clubs pratiquant les <strong>Wushu &#8211; Arts Martiaux Chinois<\/strong> dans le d\u00e9partement de la C\u00f4te d&rsquo;Or.[\/vc_column_text][ffk_button link=\u00a0\u00bburl:https%3A%2F%2Fsites.ffkarate.fr%2Fcotedor%2Fnos-disciplines%2Fwushu-arts-martiaux-chinois%2F|title:En%20savoir%20plus%20sur%20le%20Wushu%20!\u00a0\u00bb][\/vc_column_inner][\/vc_row_inner][\/vc_tta_section][\/vc_tta_tabs][\/vc_column][\/vc_row][vc_row][vc_column][ffk_clubs][\/vc_column][\/vc_row][vc_row full_width=\u00a0\u00bbstretch_row_content\u00a0\u00bb][vc_column bg_grey=\u00a0\u00bb1&Prime;][vc_row_inner content_placement=\u00a0\u00bbmiddle\u00a0\u00bb][vc_column_inner width=\u00a0\u00bb2\/3&Prime;][vc_column_text]<\/p>\n<h3>Suivez-nous sur nos R\u00e9seaux Sociaux !<\/h3>\n<p>[\/vc_column_text][\/vc_column_inner][vc_column_inner width=\u00a0\u00bb1\/3&Prime;][vc_column_text]<\/p>\n<p style=\"text-align: left\"><a href=\"https:\/\/www.facebook.com\/cdkarate21\" target=\"_blank\" rel=\"noopener\"><img decoding=\"async\" class=\"alignnone size-full wp-image-3655 alignright\" src=\"https:\/\/sites.ffkarate.fr\/cotedor\/wp-content\/uploads\/sites\/34\/2021\/05\/icone-facebook.png\" alt=\"\" width=\"40\" height=\"40\" \/><\/a> \u00a0<a href=\"https:\/\/www.instagram.com\/cdkarate21\/\" target=\"_blank\" rel=\"noopener\"><img decoding=\"async\" class=\"size-full wp-image-3656 alignright\" src=\"https:\/\/sites.ffkarate.fr\/cotedor\/wp-content\/uploads\/sites\/34\/2021\/05\/icone-instagram.png\" alt=\"\" width=\"40\" height=\"40\" \/><\/a> \u00a0<a href=\"https:\/\/twitter.com\/cdkarate21\" target=\"_blank\" rel=\"noopener\"><img decoding=\"async\" class=\"size-full wp-image-3656 alignright\" src=\"https:\/\/sites.ffkarate.fr\/cotedor\/wp-content\/uploads\/sites\/34\/2021\/05\/icone-twitter.png\" alt=\"\" width=\"40\" height=\"40\" \/><\/a> \u00a0<a href=\"https:\/\/www.linkedin.com\/company\/71505895\/admin\/\" target=\"_blank\" rel=\"noopener\"><img decoding=\"async\" class=\"size-full wp-image-3657 alignright\" src=\"https:\/\/sites.ffkarate.fr\/cotedor\/wp-content\/uploads\/sites\/34\/2021\/05\/icone-linkedin.png\" alt=\"\" width=\"40\" height=\"40\" \/><\/a>\u00a0 <a href=\"https:\/\/www.youtube.com\/channel\/UCxM6xMngU_qSPKXYC8mYErQ\" target=\"_blank\" rel=\"noopener\"><img decoding=\"async\" class=\"size-full wp-image-3658 alignright\" src=\"https:\/\/sites.ffkarate.fr\/cotedor\/wp-content\/uploads\/sites\/34\/2021\/05\/icone-youtube.png\" alt=\"\" width=\"40\" height=\"40\" \/><\/a><\/p>\n<p>[\/vc_column_text][\/vc_column_inner][\/vc_row_inner][\/vc_column][\/vc_row]<\/p>\n<\/div>","protected":false},"excerpt":{"rendered":"<p>Retrouvez plus de 30 clubs affili\u00e9s \u00e0 la F\u00e9d\u00e9ration Fran\u00e7aise de Karat\u00e9 en C\u00f4te-d\u2019Or.<\/p>\n","protected":false},"author":47,"featured_media":6757,"parent":0,"menu_order":0,"comment_status":"closed","ping_status":"closed","template":"page-fullwidth.php","meta":{"footnotes":""},"class_list":["post-20","page","type-page","status-publish","hentry"],"_links":{"self":[{"href":"https:\/\/sites.ffkarate.fr\/cotedor\/wp-json\/wp\/v2\/pages\/20","targetHints":{"allow":["GET"]}}],"collection":[{"href":"https:\/\/sites.ffkarate.fr\/cotedor\/wp-json\/wp\/v2\/pages"}],"about":[{"href":"https:\/\/sites.ffkarate.fr\/cotedor\/wp-json\/wp\/v2\/types\/page"}],"author":[{"embeddable":true,"href":"https:\/\/sites.ffkarate.fr\/cotedor\/wp-json\/wp\/v2\/users\/47"}],"replies":[{"embeddable":true,"href":"https:\/\/sites.ffkarate.fr\/cotedor\/wp-json\/wp\/v2\/comments?post=20"}],"version-history":[{"count":10,"href":"https:\/\/sites.ffkarate.fr\/cotedor\/wp-json\/wp\/v2\/pages\/20\/revisions"}],"predecessor-version":[{"id":6762,"href":"https:\/\/sites.ffkarate.fr\/cotedor\/wp-json\/wp\/v2\/pages\/20\/revisions\/6762"}],"wp:featuredmedia":[{"embeddable":true,"href":"https:\/\/sites.ffkarate.fr\/cotedor\/wp-json\/wp\/v2\/media\/6757"}],"wp:attachment":[{"href":"https:\/\/sites.ffkarate.fr\/cotedor\/wp-json\/wp\/v2\/media?parent=20"}],"curies":[{"name":"wp","href":"https:\/\/api.w.org\/{rel}","templated":true}]}}